{"id":3311,"date":"2023-09-04T09:54:08","date_gmt":"2023-09-04T08:54:08","guid":{"rendered":"https:\/\/ecodry.ch\/?page_id=3311"},"modified":"2023-09-04T13:18:26","modified_gmt":"2023-09-04T12:18:26","slug":"schimmel-im-keller","status":"publish","type":"page","link":"https:\/\/ecodry.ch\/it\/muffa-nel-seminterrato\/","title":{"rendered":"Muffa in cantina"},"content":{"rendered":"<h1>Muffa in cantina<\/h1>\n<h4>Infestazione da muffa in cantina: cause, sintomi, prevenzione e rimozione<\/h4>\n<p>Le cantine vecchie, ma anche quelle nuove, presentano spesso tracce di muffa, che si manifestano in un'ampia variet\u00e0 di livelli di contaminazione. Per quanto riguarda le muffe, ne esistono di diversi tipi. Lo spettro dei colori \u00e8 ampio. La muffa bianca \u00e8 molto comune, ma anche quella verde, gialla e nera \u00e8 spesso presente nelle cantine.<\/p>\n<p>Cause della muffa e del problema negli scantinati<br \/>A questo punto si possono evidenziare tre cause principali, entrambe basate su problemi di umidit\u00e0 o umidit\u00e0 eccessiva. L'acqua che penetra nel seminterrato \u00e8 una delle cause, l'altra \u00e8 un'umidit\u00e0 relativa troppo elevata e infine l'umidit\u00e0 residua nei muri dovuta a un'asciugatura insufficiente dell'edificio.<\/p>\n<p>Anche una sola delle cause di umidit\u00e0 sopra citate pu\u00f2 portare a danni da umidit\u00e0 come odori di muffa e muffa. Tutte le cause combinate sono particolarmente pericolose e difficili da tenere sotto controllo. Se l'odore di muffa e la muffa vengono ignorati, a lungo andare possono portare al deterioramento del tessuto edilizio (decadimento dei muri). Il fatto che la maggior parte degli scantinati sia a tenuta d'aria e non abbia n\u00e9 finestre n\u00e9 ventilazione aggrava il problema dell'umidit\u00e0.<\/p>\n<p>Se l'umidit\u00e0 penetra nel locale cantina attraverso le pareti o il pavimento a causa di un tessuto edilizio insufficiente o danneggiato, l'umidit\u00e0 crea il terreno di coltura ideale per la muffa. Se non c'\u00e8 una barriera antiumidit\u00e0 (nelle case costruite prima del 1970), il cosiddetto effetto capillare fa s\u00ec che le pareti della casa assorbano l'acqua dal pavimento. Se si immerge una zolletta di zucchero per un quarto nel caff\u00e8, quest'ultimo sale verso l'alto contro la forza di gravit\u00e0: si tratta della cosiddetta azione capillare, che spesso \u00e8 la causa dei problemi di umidit\u00e0 in cantina.<\/p>\n<p>In caso di danni da acqua in cantina, ad esempio a causa della rottura di un tubo, \u00e8 necessario intervenire immediatamente. Per asciugare l'acqua \u00e8 necessario noleggiare asciugatrici o deumidificatori da cantiere, dispositivi di deumidificazione particolarmente potenti e robusti per asciugare pi\u00f9 rapidamente i danni causati dall'acqua e prevenire ulteriori danni da umidit\u00e0.<\/p>\n<h2>Prevenzione della muffa poco costosa<\/h2>\n<p>La soluzione pi\u00f9 economica e a lungo termine per i problemi di umidit\u00e0 in cantina \u00e8 l'utilizzo di un deumidificatore per cantine affidabile, come il modello <a href=\"https:\/\/ecodry.ch\/it\/deumidificatore-ecodry-425\/\">ecodry 425 <\/a>o il <a href=\"https:\/\/ecodry.ch\/it\/deumidificatore-ecodry-cavemaster\/\">ecodry CaveMaster<\/a>. \u00c8 dotato della necessaria funzione di autoavviamento, ha una lavorazione di alta qualit\u00e0 (durata), dispone di 10 livelli di funzionamento e convince per l'estrema efficienza energetica e la silenziosit\u00e0.<\/p>\n<p><em>Suggerimento:<\/em> Impostare l'ecodry 425 sul livello di funzionamento n. 6, non appena l'umidit\u00e0 relativa supera le 60%, il deumidificatore entra in funzione per abbassare l'umidit\u00e0 a 60%. L'umidit\u00e0 relativa di 60% corrisponde all'umidit\u00e0 ottimale del seminterrato, in queste condizioni non si possono sviluppare n\u00e9 l'odore di muffa n\u00e9 la muffa.<\/p>\n<figure>\n\t\t\t\t\t\t\t\t\t\t\t<a href=\"https:\/\/ecodry.ch\/it\/deumidificatore-ecodry-425\/\"><br \/>\n\t\t\t\t\t\t\t<img decoding=\"async\" width=\"800\" height=\"800\" src=\"https:\/\/ecodry.ch\/wp-content\/uploads\/2023\/08\/ecodry-425.jpg\" alt=\"ecodry 425, ideale per combattere la muffa in cantina\" loading=\"lazy\" srcset=\"https:\/\/ecodry.ch\/wp-content\/uploads\/2023\/08\/ecodry-425.jpg 800w, https:\/\/ecodry.ch\/wp-content\/uploads\/2023\/08\/ecodry-425-300x300.jpg 300w, https:\/\/ecodry.ch\/wp-content\/uploads\/2023\/08\/ecodry-425-150x150.jpg 150w, https:\/\/ecodry.ch\/wp-content\/uploads\/2023\/08\/ecodry-425-768x768.jpg 768w\" sizes=\"auto, (max-width: 800px) 100vw, 800px\" \/>\t\t\t\t\t\t\t\t<\/a><figcaption>ecodry 425<\/figcaption><\/figure>\n<h4>Come si riconosce la muffa in cantina?<\/h4>\n<p>La muffa \u00e8 spesso la causa dell'odore di muffa che dalla cantina si diffonde in tutta la casa. Le macchie possono essere notate anche visivamente sulle pareti della cantina. Queste possono avere una grande variet\u00e0 di colori e dimensioni, a seconda del tipo e dell'intensit\u00e0 dell'infestazione. Oltre alle pareti della cantina, la muffa pu\u00f2 infestare anche oggetti e mobili. Va notato che nell'aria possono essere presenti spore di muffa non ancora visibili.<\/p>\n<h4>Eliminare la muffa in cantina<\/h4>\n<p>Per rimuovere la muffa nel seminterrato, si pu\u00f2 usare un antimuffa per le infestazioni leggere. Dopo aver rimosso l'infestazione di muffa, l'umidit\u00e0 relativa deve essere mantenuta al di sotto di 60%, in modo da privare la muffa del suo terreno di coltura.<\/p>\n<h4>L'aria umida e calda si raffredda sulle pareti della cantina<\/h4>\n<p>Attenzione: arieggiare pu\u00f2 essere controproducente. Il problema e il pericolo maggiore dell'arieggiamento in estate e in autunno \u00e8 che pu\u00f2 portare ancora pi\u00f9 umidit\u00e0 all'interno della casa. Poich\u00e9 l'aria esterna \u00e8 pi\u00f9 calda e pu\u00f2 assorbire pi\u00f9 umidit\u00e0, si raffredda all'interno della cantina e pu\u00f2 trasportare meno acqua di prima.<\/p>\n<p>In questo modo l'acqua non viene condotta all'esterno, ma all'interno della cantina. Questo comporta un aumento del rischio di muffa, soprattutto perch\u00e9 le persone pensano di fare qualcosa contro l'eccessiva umidit\u00e0 e sono meno propense ad aspettarsi che la muffa cresca. Per questo motivo, in estate bisogna fare attenzione ad arieggiare solo al mattino o alla sera, quando fuori \u00e8 pi\u00f9 fresco. Altrimenti, tenere le finestre chiuse e controllare l'umidit\u00e0 relativa in modo che non superi i 60%. In tal caso, \u00e8 necessario utilizzare un deumidificatore.<\/p>\n<p>\t\t\t<a href=\"https:\/\/ecofort.ch\/de\/luftentfeuchter\/311-ecodry-425.html\" target=\"_blank\" rel=\"noopener\"><br \/>\n\t\t\t\t\t\tecodry 425 in negozio<br \/>\n\t\t\t\t\t<\/a><br \/>\n\t\t\t<a href=\"https:\/\/ecofort.ch\/de\/luftentfeuchter\/3226-ecodry-cavemaster.html\" target=\"_blank\" rel=\"noopener\"><br \/>\n\t\t\t\t\t\tecodry CaveMaster in negozio<br \/>\n\t\t\t\t\t<\/a><\/p>","protected":false},"excerpt":{"rendered":"<p>Schimmel im Keller Schimmelbefall im Keller: Ursache, Symptome, Pr\u00e4vention und Beseitigung Alte, aber auch neue Keller weisen oft Spuren von Schimmel auf, die in verschiedensten Belastungsstufen zutage treten. Bez\u00fcglich des Schimmelpilzes gibt es verschiedene Arten. Das Farbspektrum ist breit gef\u00e4chert. Sehr h\u00e4ufig ist der weisse Schimmel, aber auch gr\u00fcner, gelber und schwarzer Schimmelpilz wird oft [&hellip;]<\/p>\n","protected":false},"author":4,"featured_media":0,"parent":0,"menu_order":0,"comment_status":"closed","ping_status":"closed","template":"","meta":{"inline_featured_image":false,"footnotes":""},"class_list":["post-3311","page","type-page","status-publish","hentry"],"_links":{"self":[{"href":"https:\/\/ecodry.ch\/it\/wp-json\/wp\/v2\/pages\/3311","targetHints":{"allow":["GET"]}}],"collection":[{"href":"https:\/\/ecodry.ch\/it\/wp-json\/wp\/v2\/pages"}],"about":[{"href":"https:\/\/ecodry.ch\/it\/wp-json\/wp\/v2\/types\/page"}],"author":[{"embeddable":true,"href":"https:\/\/ecodry.ch\/it\/wp-json\/wp\/v2\/users\/4"}],"replies":[{"embeddable":true,"href":"https:\/\/ecodry.ch\/it\/wp-json\/wp\/v2\/comments?post=3311"}],"version-history":[{"count":19,"href":"https:\/\/ecodry.ch\/it\/wp-json\/wp\/v2\/pages\/3311\/revisions"}],"predecessor-version":[{"id":3354,"href":"https:\/\/ecodry.ch\/it\/wp-json\/wp\/v2\/pages\/3311\/revisions\/3354"}],"wp:attachment":[{"href":"https:\/\/ecodry.ch\/it\/wp-json\/wp\/v2\/media?parent=3311"}],"curies":[{"name":"wp","href":"https:\/\/api.w.org\/{rel}","templated":true}]}}