{"id":3225,"date":"2023-08-28T10:37:05","date_gmt":"2023-08-28T09:37:05","guid":{"rendered":"https:\/\/staging.ecodry.ch\/?page_id=3225"},"modified":"2023-09-07T13:33:53","modified_gmt":"2023-09-07T12:33:53","slug":"ecodry-cavemaster-luftentfeuchter","status":"publish","type":"page","link":"https:\/\/ecodry.ch\/it\/deumidificatore-ecodry-cavemaster\/","title":{"rendered":"deumidificatore ecodry CaveMaster"},"content":{"rendered":"<h1>ecodry CaveMaster<\/h1>\n<h2>Deumidificatore di fascia alta<\/h2>\n<p>Il <em>ecodry CaveMaster<\/em> convince con una qualit\u00e0 senza compromessi per la durata, abbinata a un'efficienza senza pari per un funzionamento continuo ed economico. La migliore qualit\u00e0 \u00e8 garantita dall'uso di componenti di altissima qualit\u00e0, dalla tecnologia moderna e dalla volont\u00e0 di perfezione.<\/p>\n<p>L'innovativa modalit\u00e0 Auto consente un funzionamento particolarmente semplice. Basta premere il pulsante Auto e il deumidificatore regola l'umidit\u00e0 ottimale in modo particolarmente economico.<\/p>\n<p>\t\t\t\t\t\t\t\t\t\t\t\t\t\t\t<img decoding=\"async\" width=\"768\" height=\"512\" src=\"https:\/\/ecodry.ch\/wp-content\/uploads\/2023\/08\/ecodry_cavemaster_lifestyle_fam_1500x1000-1-768x512.webp\" alt=\"deumidificatore ecodry CaveMaster in tre colori\" loading=\"lazy\" srcset=\"https:\/\/ecodry.ch\/wp-content\/uploads\/2023\/08\/ecodry_cavemaster_lifestyle_fam_1500x1000-1-768x512.webp 768w, https:\/\/ecodry.ch\/wp-content\/uploads\/2023\/08\/ecodry_cavemaster_lifestyle_fam_1500x1000-1-300x200.webp 300w, https:\/\/ecodry.ch\/wp-content\/uploads\/2023\/08\/ecodry_cavemaster_lifestyle_fam_1500x1000-1-1024x683.webp 1024w, https:\/\/ecodry.ch\/wp-content\/uploads\/2023\/08\/ecodry_cavemaster_lifestyle_fam_1500x1000-1.webp 1500w\" sizes=\"auto, (max-width: 768px) 100vw, 768px\" \/>\t\t\t\t\t\t\t\t\t\t\t\t\t\t\t<\/p>\n<ul>\n<li>\n\t\t\t\t\t\t\t\t\t\tDisponibile in tre colori\n\t\t\t\t\t\t\t\t\t<\/li>\n<li>\n\t\t\t\t\t\t\t\t\t\tCon maniglie e robuste rotelle\n\t\t\t\t\t\t\t\t\t<\/li>\n<li>\n\t\t\t\t\t\t\t\t\t\tAlloggiamento in metallo extra-robusto\n\t\t\t\t\t\t\t\t\t<\/li>\n<li>\n\t\t\t\t\t\t\t\t\t\tTelecomando Wi-Fi\n\t\t\t\t\t\t\t\t\t<\/li>\n<\/ul>\n<p>\t\t\t\t\t\t\t\t\t\t\t\t\t\t\t<img decoding=\"async\" width=\"1500\" height=\"1000\" src=\"https:\/\/ecodry.ch\/wp-content\/uploads\/2023\/08\/ecodry_cavemaster_lifestyle8_banner_1500x1000.webp\" alt=\"\" loading=\"lazy\" srcset=\"https:\/\/ecodry.ch\/wp-content\/uploads\/2023\/08\/ecodry_cavemaster_lifestyle8_banner_1500x1000.webp 1500w, https:\/\/ecodry.ch\/wp-content\/uploads\/2023\/08\/ecodry_cavemaster_lifestyle8_banner_1500x1000-300x200.webp 300w, https:\/\/ecodry.ch\/wp-content\/uploads\/2023\/08\/ecodry_cavemaster_lifestyle8_banner_1500x1000-1024x683.webp 1024w, https:\/\/ecodry.ch\/wp-content\/uploads\/2023\/08\/ecodry_cavemaster_lifestyle8_banner_1500x1000-768x512.webp 768w\" sizes=\"auto, (max-width: 1500px) 100vw, 1500px\" \/><br \/>\n\t\t\t\t\t\tDownload di dati tecnici<br \/>\n\t\t\t\t\t\tDati tecnici<\/p>\n<table>\n<thead>\n<tr>\n<th>ecodry CaveMaster<\/th>\n<th>\u00a0<\/th>\n<\/tr>\n<\/thead>\n<tbody>\n<tr>\n<td>Capacit\u00e0 di deumidificazione<\/td>\n<td>25 litri in 24 ore a 30 \u00b0C e umidit\u00e0 relativa 80%<\/td>\n<\/tr>\n<tr>\n<td>Max. Dimensione della camera<\/td>\n<td>100 m\u00b2 \/ 250 m\u00b3<\/td>\n<\/tr>\n<tr>\n<td>Colore<\/td>\n<td>Blu Zaffiro, Grigio Antracite, Bianco Oyster<\/td>\n<\/tr>\n<tr>\n<td>Consumo di energia<\/td>\n<td>255 W a 30 \u00b0C e 80% r. F.<\/td>\n<\/tr>\n<tr>\n<td>Circolazione dell'aria<\/td>\n<td>215 m\u00b3 \/ h<\/td>\n<\/tr>\n<tr>\n<td>Rumore di funzionamento<\/td>\n<td>50 dB(A)<\/td>\n<\/tr>\n<tr>\n<td>Serbatoio dell'acqua<\/td>\n<td>6 litri<\/td>\n<\/tr>\n<tr>\n<td>Refrigerante<\/td>\n<td>R290<\/td>\n<\/tr>\n<tr>\n<td>Temperatura ambiente<\/td>\n<td>5 - 35 \u00b0C<\/td>\n<\/tr>\n<tr>\n<td>Dimensioni H x L x P<\/td>\n<td>535 x 390 x 320 mm<\/td>\n<\/tr>\n<tr>\n<td>Peso<\/td>\n<td>20,5 kg<\/td>\n<\/tr>\n<tr>\n<td>Garanzia<\/td>\n<td>3 anni<\/td>\n<\/tr>\n<\/tbody>\n<\/table>\n<p>\t\t\t\tScaricamento<\/p>\n<ul>\n<li>\n\t\t\t\t\t\t\t\t\t\t\t<a href=\"\/wp-content\/uploads\/2023\/08\/ecodry-CaveMaster-Manual_WEB.pdf\"><br \/>\n\t\t\t\t\t\t\t\t\t\tIstruzioni<br \/>\n\t\t\t\t\t\t\t\t\t\t\t<\/a>\n\t\t\t\t\t\t\t\t\t<\/li>\n<\/ul>\n<ul>\n<li>\n\t\t\t\t\t\t\t\t\t\t\t<a href=\"\/wp-content\/uploads\/2023\/08\/ecodry-CaveMaster-Manual_WEB.pdf\"><br \/>\n\t\t\t\t\t\t\t\t\t\tIstruzioni<br \/>\n\t\t\t\t\t\t\t\t\t\t\t<\/a>\n\t\t\t\t\t\t\t\t\t<\/li>\n<\/ul>\n<table>\n<thead>\n<tr>\n<th>ecodry CaveMaster<\/th>\n<th>\u00a0<\/th>\n<\/tr>\n<\/thead>\n<tbody>\n<tr>\n<td>Capacit\u00e0 di deumidificazione<\/td>\n<td>25 litri in 24 ore a 30 \u00b0C e umidit\u00e0 relativa 80%<\/td>\n<\/tr>\n<tr>\n<td>Max. Dimensione della camera<\/td>\n<td>100 m\u00b2 \/ 250 m\u00b3<\/td>\n<\/tr>\n<tr>\n<td>Colore<\/td>\n<td>Blu Zaffiro, Grigio Antracite, Bianco Oyster<\/td>\n<\/tr>\n<tr>\n<td>Consumo di energia<\/td>\n<td>255 W a 30 \u00b0C e 80% r. F.<\/td>\n<\/tr>\n<tr>\n<td>Circolazione dell'aria<\/td>\n<td>215 m\u00b3 \/ h<\/td>\n<\/tr>\n<tr>\n<td>Rumore di funzionamento<\/td>\n<td>50 dB(A)<\/td>\n<\/tr>\n<tr>\n<td>Serbatoio dell'acqua<\/td>\n<td>6 litri<\/td>\n<\/tr>\n<tr>\n<td>Refrigerante<\/td>\n<td>R290<\/td>\n<\/tr>\n<tr>\n<td>Temperatura ambiente<\/td>\n<td>5 - 35 \u00b0C<\/td>\n<\/tr>\n<tr>\n<td>Dimensioni H x L x P<\/td>\n<td>535 x 390 x 320 mm<\/td>\n<\/tr>\n<tr>\n<td>Peso<\/td>\n<td>20,5 kg<\/td>\n<\/tr>\n<tr>\n<td>Garanzia<\/td>\n<td>3 anni<\/td>\n<\/tr>\n<\/tbody>\n<\/table>\n<ul>\n<li>\n\t\t\t\t\t\t\t\t\t\t\t<a href=\"\/wp-content\/uploads\/2023\/08\/ecodry-CaveMaster-Manual_WEB.pdf\"><br \/>\n\t\t\t\t\t\t\t\t\t\tIstruzioni<br \/>\n\t\t\t\t\t\t\t\t\t\t\t<\/a>\n\t\t\t\t\t\t\t\t\t<\/li>\n<\/ul>\n<ul>\n<li>\n\t\t\t\t\t\t\t\t\t\t\t<a href=\"\/wp-content\/uploads\/2023\/08\/ecodry-CaveMaster-Manual_WEB.pdf\"><br \/>\n\t\t\t\t\t\t\t\t\t\tIstruzioni<br \/>\n\t\t\t\t\t\t\t\t\t\t\t<\/a>\n\t\t\t\t\t\t\t\t\t<\/li>\n<\/ul>\n<p>\t\t\t<a href=\"https:\/\/ecofort.ch\/de\/luftentfeuchter\/3226-ecodry-cavemaster.html\" target=\"_blank\" rel=\"noopener\"><br \/>\n\t\t\t\t\t\tMaggiori informazioni nel negozio<br \/>\n\t\t\t\t\t<\/a><br \/>\n\t\t\t<a href=\"https:\/\/ecofort.ch\/de\/luftentfeuchter\/3226-ecodry-cavemaster.html\" target=\"_blank\" rel=\"noopener\"><br \/>\n\t\t\t\t\t\tMaggiori informazioni nel negozio<br \/>\n\t\t\t\t\t<\/a><\/p>","protected":false},"excerpt":{"rendered":"<p>ecodry CaveMaster High-End Luftentfeuchter Der ecodry CaveMaster \u00fcberzeugt durch kompromisslose Qualit\u00e4t f\u00fcr Langlebigkeit gepaart mit unerreichter Effizienz f\u00fcr den sparsamen Dauerbetrieb. Beste Qualit\u00e4t wird garantiert durch Verwendung hochwertigster Komponenten, moderner Technologie sowie Wille zur Perfektion. Der innovative Auto-Modus erm\u00f6glicht einen besonders einfachen Betrieb. Ein Knopfdruck auf die Auto-Taste reicht aus und der Entfeuchter reguliert die [&hellip;]<\/p>\n","protected":false},"author":4,"featured_media":0,"parent":0,"menu_order":0,"comment_status":"closed","ping_status":"closed","template":"","meta":{"inline_featured_image":false,"footnotes":""},"class_list":["post-3225","page","type-page","status-publish","hentry"],"_links":{"self":[{"href":"https:\/\/ecodry.ch\/it\/wp-json\/wp\/v2\/pages\/3225","targetHints":{"allow":["GET"]}}],"collection":[{"href":"https:\/\/ecodry.ch\/it\/wp-json\/wp\/v2\/pages"}],"about":[{"href":"https:\/\/ecodry.ch\/it\/wp-json\/wp\/v2\/types\/page"}],"author":[{"embeddable":true,"href":"https:\/\/ecodry.ch\/it\/wp-json\/wp\/v2\/users\/4"}],"replies":[{"embeddable":true,"href":"https:\/\/ecodry.ch\/it\/wp-json\/wp\/v2\/comments?post=3225"}],"version-history":[{"count":31,"href":"https:\/\/ecodry.ch\/it\/wp-json\/wp\/v2\/pages\/3225\/revisions"}],"predecessor-version":[{"id":3370,"href":"https:\/\/ecodry.ch\/it\/wp-json\/wp\/v2\/pages\/3225\/revisions\/3370"}],"wp:attachment":[{"href":"https:\/\/ecodry.ch\/it\/wp-json\/wp\/v2\/media?parent=3225"}],"curies":[{"name":"wp","href":"https:\/\/api.w.org\/{rel}","templated":true}]}}