{"id":3175,"date":"2023-08-17T13:50:26","date_gmt":"2023-08-17T12:50:26","guid":{"rendered":"https:\/\/staging.ecodry.ch\/?page_id=3175"},"modified":"2023-08-17T13:50:59","modified_gmt":"2023-08-17T12:50:59","slug":"datenschutzerklaerung","status":"publish","type":"page","link":"https:\/\/ecodry.ch\/it\/dichiarazione-sulla-protezione-dei-dati\/","title":{"rendered":"Informativa sulla privacy"},"content":{"rendered":"<style>\/*! elementor - v3.15.0 - 09-08-2023 *\/\n.elementor-column .elementor-spacer-inner{height:var(--spacer-size)}.e-con{--container-widget-width:100%}.e-con-inner>.elementor-widget-spacer,.e-con>.elementor-widget-spacer{width:var(--container-widget-width,var(--spacer-size));--align-self:var(--container-widget-align-self,initial);--flex-shrink:0}.e-con-inner>.elementor-widget-spacer>.elementor-widget-container,.e-con-inner>.elementor-widget-spacer>.elementor-widget-container>.elementor-spacer,.e-con>.elementor-widget-spacer>.elementor-widget-container,.e-con>.elementor-widget-spacer>.elementor-widget-container>.elementor-spacer{height:100%}.e-con-inner>.elementor-widget-spacer>.elementor-widget-container>.elementor-spacer>.elementor-spacer-inner,.e-con>.elementor-widget-spacer>.elementor-widget-container>.elementor-spacer>.elementor-spacer-inner{height:var(--container-widget-height,var(--spacer-size))}<\/style>\n<h1>Informativa sulla privacy<\/h1>\n<p>Prendiamo molto sul serio la protezione dei vostri dati personali e ci atteniamo rigorosamente alle norme della legge sulla protezione dei dati. Su questo sito web i dati personali vengono raccolti solo nella misura tecnicamente necessaria. In nessun caso i dati raccolti saranno venduti o trasmessi a terzi per altri motivi.<br \/>\nLa seguente dichiarazione fornisce una panoramica di come garantiamo questa protezione e di quali tipi di dati vengono raccolti per quale scopo.<\/p>\n<h4>Trattamento dei dati in questa pagina<\/h4>\n<p>Le seguenti informazioni, che il vostro browser ci trasmette, vengono memorizzate nei file di log del server:<\/p>\n<ul>\n<li>Tipo\/versione del browser<\/li>\n<li>Sistema operativo utilizzato<\/li>\n<li>URL di riferimento (la pagina visitata in precedenza)<\/li>\n<li>Nome host del computer di accesso (indirizzo IP)<\/li>\n<li>Ora della richiesta del server<\/li>\n<\/ul>\n<h4>Quali dati vengono raccolti?<\/h4>\n<p>Quando visitate questo sito web, potete fornirci due tipi di informazioni: Informazioni personali che utilizziamo per elaborare ordini o richieste di informazioni e informazioni sul sito web (ad es. durata e frequenza delle visite, preferenze di lingua e paese, tipo di browser, ecc. Utilizziamo Google Analytics per creare statistiche anonime sul sito web.<br \/>\nCome la maggior parte dei siti web, utilizziamo una tecnologia standard chiamata \u201ecookie\u201c (vedere \u201eCosa sono i cookie?\u201c di seguito) e i dati di log del server per raccogliere informazioni sul comportamento anonimo dei visitatori sui nostri siti web. I dati raccolti tramite il server possono includere Data e ora delle visite, siti web visitati, tempo trascorso sui nostri siti web, nonch\u00e9 fonti di accesso e frequenza di rimbalzo.<\/p>\n<h4>Cosa sono i biscotti?<\/h4>\n<p>Un cookie \u00e8 un documento di testo molto piccolo che contiene un'identificazione unica ma anonima. I cookie sono oggi un prerequisito per il corretto funzionamento di molti siti web e negozi online. Un cookie NON pu\u00f2 trasmettere altri dati dal vostro disco rigido (nemmeno i virus).<\/p>\n<h4>Analisi web con Google (Universal) Analytics<\/h4>\n<p>Questo sito web utilizza Google (Universal) Analytics, un servizio di analisi web fornito da Google, Inc (www.google.ch). Google (Universal) Analytics utilizza metodi che consentono un'analisi dell'utilizzo del sito web da parte dell'utente, come i cosiddetti \"cookie\", file di testo che vengono memorizzati sul computer dell'utente. Le informazioni generate sull'utilizzo di questo sito web vengono solitamente trasmesse a un server di Google negli Stati Uniti e l\u00ec memorizzate. Attivando l'anonimizzazione dell'IP su questo sito web, l'indirizzo IP viene abbreviato prima della trasmissione all'interno degli Stati membri dell'Unione europea o in altri Stati contraenti dell'Accordo sullo Spazio economico europeo. Solo in casi eccezionali l'indirizzo IP completo viene trasmesso a un server di Google negli Stati Uniti e l\u00ec abbreviato. L'indirizzo IP anonimo trasmesso dal vostro browser nell'ambito di Google Analytics non viene unito ad altri dati di Google. Potete impedire il rilevamento dei dati generati dal cookie e relativi al vostro utilizzo del sito web (compreso il vostro indirizzo IP) da parte di Google e l'elaborazione di questi dati da parte di Google scaricando e installando il plug-in del browser disponibile al seguente link: Componente aggiuntivo del browser per\u00a0<a href=\"https:\/\/tools.google.com\/dlpage\/gaoptout?hl=de\" target=\"_blank\" rel=\"noopener\">Disattivazione di Google Analytics<\/a><\/p>","protected":false},"excerpt":{"rendered":"<p>Datenschutz&shy;erkl\u00e4rung Wir nehmen den Schutz Ihrer pers\u00f6nlichen Daten sehr ernst und halten uns strikt an die Regeln der Datenschutzgesetze. Personenbezogene Daten werden auf dieser Webseite nur im technisch notwendigen Umfang erhoben. In keinem Fall werden die erhobenen Daten verkauft oder aus anderen Gr\u00fcnden an Dritte weitergegeben. Die nachfolgende Erkl\u00e4rung gibt Ihnen einen \u00dcberblick dar\u00fcber, wie [&hellip;]<\/p>\n","protected":false},"author":4,"featured_media":0,"parent":0,"menu_order":0,"comment_status":"closed","ping_status":"closed","template":"","meta":{"inline_featured_image":false,"footnotes":""},"class_list":["post-3175","page","type-page","status-publish","hentry"],"_links":{"self":[{"href":"https:\/\/ecodry.ch\/it\/wp-json\/wp\/v2\/pages\/3175","targetHints":{"allow":["GET"]}}],"collection":[{"href":"https:\/\/ecodry.ch\/it\/wp-json\/wp\/v2\/pages"}],"about":[{"href":"https:\/\/ecodry.ch\/it\/wp-json\/wp\/v2\/types\/page"}],"author":[{"embeddable":true,"href":"https:\/\/ecodry.ch\/it\/wp-json\/wp\/v2\/users\/4"}],"replies":[{"embeddable":true,"href":"https:\/\/ecodry.ch\/it\/wp-json\/wp\/v2\/comments?post=3175"}],"version-history":[{"count":4,"href":"https:\/\/ecodry.ch\/it\/wp-json\/wp\/v2\/pages\/3175\/revisions"}],"predecessor-version":[{"id":3179,"href":"https:\/\/ecodry.ch\/it\/wp-json\/wp\/v2\/pages\/3175\/revisions\/3179"}],"wp:attachment":[{"href":"https:\/\/ecodry.ch\/it\/wp-json\/wp\/v2\/media?parent=3175"}],"curies":[{"name":"wp","href":"https:\/\/api.w.org\/{rel}","templated":true}]}}