{"id":3025,"date":"2023-08-16T08:34:29","date_gmt":"2023-08-16T07:34:29","guid":{"rendered":"https:\/\/staging.ecodry.ch\/?page_id=3025"},"modified":"2023-08-22T16:45:20","modified_gmt":"2023-08-22T15:45:20","slug":"ecodry-dsh-steckdosenhygrostat","status":"publish","type":"page","link":"https:\/\/ecodry.ch\/it\/ecodry-dsh-presa-igrostato\/","title":{"rendered":"Igrostato a bicchiere ecodry DSH"},"content":{"rendered":"<h1>ecodry DSH<\/h1>\n<h2>Igrostato a zoccolo<\/h2>\n<p>Tutti <em>ecodry <\/em>I deumidificatori sono gi\u00e0 dotati di un igrostato integrato. Se necessario, l'umidit\u00e0 relativa target desiderata pu\u00f2 essere impostata con il tasto <em>ecodry DSH<\/em> essere inseriti con maggiore precisione in passi da 1%.<\/p>\n<p>Un'altra applicazione utile \u00e8 quella in cui la misurazione dell'umidit\u00e0 ambientale non deve avvenire sul deumidificatore stesso, ma tramite un cavo di prolunga in un altro punto.<\/p>\n<p>Il&nbsp;<em>ecodry DSH<\/em>&nbsp;\u00e8 dotato di una batteria di riserva che consente di mantenere le impostazioni anche in caso di interruzione dell'alimentazione o quando non viene utilizzato.<\/p>\n<p><img decoding=\"async\" width=\"698\" height=\"698\" src=\"https:\/\/ecodry.ch\/wp-content\/uploads\/2023\/08\/ecodry-dsh-front-1_698x698.webp\" alt=\"igrostato ecodry DSH per la presa di corrente\" loading=\"lazy\" srcset=\"https:\/\/ecodry.ch\/wp-content\/uploads\/2023\/08\/ecodry-dsh-front-1_698x698.webp 698w, https:\/\/ecodry.ch\/wp-content\/uploads\/2023\/08\/ecodry-dsh-front-1_698x698-300x300.webp 300w, https:\/\/ecodry.ch\/wp-content\/uploads\/2023\/08\/ecodry-dsh-front-1_698x698-150x150.webp 150w\" sizes=\"auto, (max-width: 698px) 100vw, 698px\"><\/p>\n<ul>\n<li>\n\t\t\t\t\t\t\t\t\t\tRegolazione digitale dell'umidit\u00e0<\/li>\n<li>\n\t\t\t\t\t\t\t\t\t\tPer deumidificatori e umidificatori<\/li>\n<li>\n\t\t\t\t\t\t\t\t\t\tFunzionamento semplice<\/li>\n<\/ul>\n<p>Download di dati tecnici<br \/>\nDati tecnici<\/p>\n<table>\n<thead>\n<tr>\n<th>ecodry DSH<\/th>\n<th>&nbsp;<\/th>\n<\/tr>\n<\/thead>\n<tbody>\n<tr>\n<td>Campo di misura<\/td>\n<td>30% a 90% Umidit\u00e0 relativa<\/td>\n<\/tr>\n<tr>\n<td>Gradazione<\/td>\n<td>1%<\/td>\n<\/tr>\n<tr>\n<td>Accuratezza della misurazione<\/td>\n<td>+\/- 5%<\/td>\n<\/tr>\n<tr>\n<td>Intervallo di misurazione<\/td>\n<td>ogni 10 secondi<\/td>\n<\/tr>\n<tr>\n<td>Temperatura di esercizio<\/td>\n<td>Da 5 \u00b0C a 40 \u00b0C<\/td>\n<\/tr>\n<tr>\n<td>Collegamento di alimentazione<\/td>\n<td>230 V \/ 50 Hz<\/td>\n<\/tr>\n<tr>\n<td>Massimo. Potenza<\/td>\n<td>16 A \/ 3680 Watt<\/td>\n<\/tr>\n<tr>\n<td>Garanzia<\/td>\n<td>2 anni<\/td>\n<\/tr>\n<\/tbody>\n<\/table>\n<p>Scaricamento<\/p>\n<ul>\n<li>\n\t\t\t\t\t\t\t\t\t\t\t<a href=\"\/wp-content\/uploads\/2023\/08\/ecodry-dsh-manual-d-f-i_3-update-19.07.2018.pdf\"><br \/>\nIstruzioni<br \/>\n<\/a><\/li>\n<\/ul>\n<ul>\n<li>\n\t\t\t\t\t\t\t\t\t\t\t<a href=\"\/wp-content\/uploads\/2023\/08\/ecodry-dsh-manual-d-f-i_3-update-19.07.2018.pdf\"><br \/>\nIstruzioni<br \/>\n<\/a><\/li>\n<\/ul>\n<table>\n<thead>\n<tr>\n<th>ecodry DSH<\/th>\n<th>&nbsp;<\/th>\n<\/tr>\n<\/thead>\n<tbody>\n<tr>\n<td>Campo di misura<\/td>\n<td>30% a 90% Umidit\u00e0 relativa<\/td>\n<\/tr>\n<tr>\n<td>Gradazione<\/td>\n<td>1%<\/td>\n<\/tr>\n<tr>\n<td>Accuratezza della misurazione<\/td>\n<td>+\/- 5%<\/td>\n<\/tr>\n<tr>\n<td>Intervallo di misurazione<\/td>\n<td>ogni 10 secondi<\/td>\n<\/tr>\n<tr>\n<td>Temperatura di esercizio<\/td>\n<td>Da 5 \u00b0C a 40 \u00b0C<\/td>\n<\/tr>\n<tr>\n<td>Collegamento di alimentazione<\/td>\n<td>230 V \/ 50 Hz<\/td>\n<\/tr>\n<tr>\n<td>Massimo. Potenza<\/td>\n<td>16 A \/ 3680 Watt<\/td>\n<\/tr>\n<tr>\n<td>Garanzia<\/td>\n<td>2 anni<\/td>\n<\/tr>\n<\/tbody>\n<\/table>\n<ul>\n<li>\n\t\t\t\t\t\t\t\t\t\t\t<a href=\"\/wp-content\/uploads\/2023\/08\/ecodry-dsh-manual-d-f-i_3-update-19.07.2018.pdf\"><br \/>\nIstruzioni<br \/>\n<\/a><\/li>\n<\/ul>\n<ul>\n<li>\n\t\t\t\t\t\t\t\t\t\t\t<a href=\"\/wp-content\/uploads\/2023\/08\/ecodry-dsh-manual-d-f-i_3-update-19.07.2018.pdf\"><br \/>\nIstruzioni<br \/>\n<\/a><\/li>\n<\/ul>\n<p><a href=\"https:\/\/ecofort.ch\/de\/hygrometer-hygrostate\/314-ecodry-dsh-hygrostat.html\" target=\"_blank\" rel=\"noopener\"><br \/>\nMaggiori informazioni nel negozio<br \/>\n<\/a><br \/>\n<a href=\"https:\/\/ecofort.ch\/de\/hygrometer-hygrostate\/314-ecodry-dsh-hygrostat.html\" target=\"_blank\" rel=\"noopener\"><br \/>\nMaggiori informazioni nel negozio<br \/>\n<\/a><\/p>","protected":false},"excerpt":{"rendered":"<p>ecodry DSH Steckdosen-Hygrostat Alle ecodry Luftentfeuchter verf\u00fcgen schon \u00fcber einen integrierten Hygrostat. Falls n\u00f6tig, kann die gew\u00fcnschte relative Soll-Feuchtigkeit mit dem ecodry DSH genauer in 1%-Schritten eingegeben werden. Ein anderer sinnvoller Verwendungszweck ist, wenn die Messung der Raumfeuchtigkeit nicht beim Entfeuchtungsger\u00e4t selbst, sondern via Verl\u00e4ngerungskabel an einem anderen Ort erfolgen sollte. Der&nbsp;ecodry DSH&nbsp;verf\u00fcgt \u00fcber eine [&hellip;]<\/p>\n","protected":false},"author":4,"featured_media":2867,"parent":0,"menu_order":0,"comment_status":"closed","ping_status":"closed","template":"","meta":{"inline_featured_image":false,"footnotes":""},"class_list":["post-3025","page","type-page","status-publish","has-post-thumbnail","hentry"],"_links":{"self":[{"href":"https:\/\/ecodry.ch\/it\/wp-json\/wp\/v2\/pages\/3025","targetHints":{"allow":["GET"]}}],"collection":[{"href":"https:\/\/ecodry.ch\/it\/wp-json\/wp\/v2\/pages"}],"about":[{"href":"https:\/\/ecodry.ch\/it\/wp-json\/wp\/v2\/types\/page"}],"author":[{"embeddable":true,"href":"https:\/\/ecodry.ch\/it\/wp-json\/wp\/v2\/users\/4"}],"replies":[{"embeddable":true,"href":"https:\/\/ecodry.ch\/it\/wp-json\/wp\/v2\/comments?post=3025"}],"version-history":[{"count":14,"href":"https:\/\/ecodry.ch\/it\/wp-json\/wp\/v2\/pages\/3025\/revisions"}],"predecessor-version":[{"id":3212,"href":"https:\/\/ecodry.ch\/it\/wp-json\/wp\/v2\/pages\/3025\/revisions\/3212"}],"wp:featuredmedia":[{"embeddable":true,"href":"https:\/\/ecodry.ch\/it\/wp-json\/wp\/v2\/media\/2867"}],"wp:attachment":[{"href":"https:\/\/ecodry.ch\/it\/wp-json\/wp\/v2\/media?parent=3025"}],"curies":[{"name":"wp","href":"https:\/\/api.w.org\/{rel}","templated":true}]}}