{"id":2985,"date":"2023-08-15T13:37:13","date_gmt":"2023-08-15T12:37:13","guid":{"rendered":"https:\/\/staging.ecodry.ch\/?page_id=2985"},"modified":"2023-11-08T10:40:06","modified_gmt":"2023-11-08T09:40:06","slug":"ecodry-pro-bautrockner","status":"publish","type":"page","link":"https:\/\/ecodry.ch\/it\/essiccatore-per-edifici-ecodry-pro\/","title":{"rendered":"Essiccatore ecodry Pro per l'edilizia"},"content":{"rendered":"<h1>Essiccatore ecodry Pro per l'edilizia<\/h1>\n<h2>Innovazione e qualit\u00e0 fin nei minimi dettagli<\/h2>\n<p>Il\u00a0<em>ecodry Pro 35C e 55C\u00a0<\/em>sono essiccatori da costruzione che soddisfano tutti i requisiti di un'attivit\u00e0 professionale: Sono compatti e impilabili, il che consente di risparmiare un'enorme quantit\u00e0 di spazio nel magazzino e nel furgone di consegna. \u00c8 sufficiente un solo addetto per installare l'essiccatore senza alcuno sforzo, dopodich\u00e9 il funzionamento \u00e8 autonomo grazie alla pompa integrata 100 % e al contatore di ore di funzionamento integrato, che consente di leggere facilmente i costi di esercizio premendo un pulsante.<\/p>\n<figure>\n\t\t\t\t\t\t\t\t\t\t\t<a href=\"https:\/\/www.hornbach.ch\/de\/s\/ecodry\" target=\"_blank\" rel=\"noopener\"><br \/>\n\t\t\t\t\t\t\t<img decoding=\"async\" width=\"800\" height=\"134\" src=\"https:\/\/ecodry.ch\/wp-content\/uploads\/2023\/11\/2560px-Hornbach_Logo_black.svg-1024x171.png\" alt=\"ecodry Pro a Hornbach, verifica disponibilit\u00e0\" loading=\"lazy\" srcset=\"https:\/\/ecodry.ch\/wp-content\/uploads\/2023\/11\/2560px-Hornbach_Logo_black.svg-1024x171.png 1024w, https:\/\/ecodry.ch\/wp-content\/uploads\/2023\/11\/2560px-Hornbach_Logo_black.svg-300x50.png 300w, https:\/\/ecodry.ch\/wp-content\/uploads\/2023\/11\/2560px-Hornbach_Logo_black.svg-768x128.png 768w, https:\/\/ecodry.ch\/wp-content\/uploads\/2023\/11\/2560px-Hornbach_Logo_black.svg-1536x256.png 1536w, https:\/\/ecodry.ch\/wp-content\/uploads\/2023\/11\/2560px-Hornbach_Logo_black.svg-2048x342.png 2048w, https:\/\/ecodry.ch\/wp-content\/uploads\/2023\/11\/2560px-Hornbach_Logo_black.svg-18x3.png 18w\" sizes=\"auto, (max-width: 800px) 100vw, 800px\" \/>\t\t\t\t\t\t\t\t<\/a><figcaption>Ora da Hornbach online e nei negozi<\/figcaption><\/figure>\n<p>\t\t\t<a href=\"https:\/\/www.hornbach.ch\/de\/s\/ecodry\" target=\"_blank\" rel=\"noopener\"><br \/>\n\t\t\t\t\t\tVerifica la disponibilit\u00e0 ora<br \/>\n\t\t\t\t\t<\/a><br \/>\n\t\t\t\t\t\t\t\t\t\t\t\t\t\t\t<img decoding=\"async\" width=\"800\" height=\"800\" src=\"https:\/\/ecodry.ch\/wp-content\/uploads\/2023\/08\/ecodry-pro_35-55c_stapelbar_2_1000x1000.webp\" alt=\"ecodry Pro 35C e 55C impilati\" loading=\"lazy\" srcset=\"https:\/\/ecodry.ch\/wp-content\/uploads\/2023\/08\/ecodry-pro_35-55c_stapelbar_2_1000x1000.webp 1000w, https:\/\/ecodry.ch\/wp-content\/uploads\/2023\/08\/ecodry-pro_35-55c_stapelbar_2_1000x1000-300x300.webp 300w, https:\/\/ecodry.ch\/wp-content\/uploads\/2023\/08\/ecodry-pro_35-55c_stapelbar_2_1000x1000-150x150.webp 150w, https:\/\/ecodry.ch\/wp-content\/uploads\/2023\/08\/ecodry-pro_35-55c_stapelbar_2_1000x1000-768x768.webp 768w\" sizes=\"auto, (max-width: 800px) 100vw, 800px\" \/>\t\t\t\t\t\t\t\t\t\t\t\t\t\t\t<\/p>\n<ul>\n<li>\n\t\t\t\t\t\t\t\t\t\tUltra-compatto e robusto\n\t\t\t\t\t\t\t\t\t<\/li>\n<li>\n\t\t\t\t\t\t\t\t\t\tConservazione e trasporto salvaspazio\n\t\t\t\t\t\t\t\t\t<\/li>\n<li>\n\t\t\t\t\t\t\t\t\t\tScarico diretto con pompa integrata\n\t\t\t\t\t\t\t\t\t<\/li>\n<li>\n\t\t\t\t\t\t\t\t\t\tControllo ad alta tecnologia con contatore delle ore di funzionamento\n\t\t\t\t\t\t\t\t\t<\/li>\n<li>\n\t\t\t\t\t\t\t\t\t\tSbrinamento a gas caldo\n\t\t\t\t\t\t\t\t\t<\/li>\n<\/ul>\n<p>Sempre per uso privato, il\u00a0<em>ecodry Pro\u00a0<\/em>interessante. I proprietari di case possono, ad esempio, mantenere grandi cantine o garage a un livello di umidit\u00e0 ideale in ogni momento senza dover mai svuotare il serbatoio dell'acqua. Basta posizionarlo, portare all'esterno il tubo flessibile in dotazione e accenderlo: il deumidificatore far\u00e0 il resto, in modo completamente autonomo.<\/p>\n<p>\t\t\t\t\t\t\t\t\t\t\t\t\t\t\t<img decoding=\"async\" width=\"1500\" height=\"1000\" src=\"https:\/\/ecodry.ch\/wp-content\/uploads\/2023\/08\/ecodry-pro-35-55c_front_1500x1000.webp\" alt=\"\" loading=\"lazy\" srcset=\"https:\/\/ecodry.ch\/wp-content\/uploads\/2023\/08\/ecodry-pro-35-55c_front_1500x1000.webp 1500w, https:\/\/ecodry.ch\/wp-content\/uploads\/2023\/08\/ecodry-pro-35-55c_front_1500x1000-300x200.webp 300w, https:\/\/ecodry.ch\/wp-content\/uploads\/2023\/08\/ecodry-pro-35-55c_front_1500x1000-1024x683.webp 1024w, https:\/\/ecodry.ch\/wp-content\/uploads\/2023\/08\/ecodry-pro-35-55c_front_1500x1000-768x512.webp 768w\" sizes=\"auto, (max-width: 1500px) 100vw, 1500px\" \/><br \/>\n\t\t\t\t\t\t\t<button id=\"e-n-tabs-title-2071\" aria-selected=\"true\" data-tab-index=\"1\" role=\"tab\" tabindex=\"0\" aria-controls=\"e-n-tab-content-2071\" style=\"--n-tabs-title-order: 1;\"><br \/>\n\t\t\t\t\tDati tecnici<br \/>\n\t\t\t<\/button><br \/>\n\t\t\t\t\t<button id=\"e-n-tabs-title-2072\" aria-selected=\"false\" data-tab-index=\"2\" role=\"tab\" tabindex=\"-1\" aria-controls=\"e-n-tab-content-2072\" style=\"--n-tabs-title-order: 2;\"><br \/>\n\t\t\t\t\tScaricamento<br \/>\n\t\t\t<\/button><\/p>\n<table>\n<thead>\n<tr>\n<th><\/th>\n<th>ecodry Pro 35C<\/th>\n<th>ecodry Pro 55C<\/th>\n<\/tr>\n<\/thead>\n<tbody>\n<tr>\n<td>Capacit\u00e0 di deumidificazione<\/td>\n<td>35 litri in 24 ore a 30 \u00b0C e umidit\u00e0 relativa 80%<\/td>\n<td>55 litri in 24 ore a 30 \u00b0C e umidit\u00e0 relativa 80%<\/td>\n<\/tr>\n<tr>\n<td>Corrente nominale<\/td>\n<td>2.1 A<\/td>\n<td>2.6 A<\/td>\n<\/tr>\n<tr>\n<td>Consumo di energia<\/td>\n<td>475 Watt<\/td>\n<td>580 Watt<\/td>\n<\/tr>\n<tr>\n<td>Circolazione dell'aria<\/td>\n<td>330 m\u00b3 \/ h<\/td>\n<td>420 m\u00b3 \/ h<\/td>\n<\/tr>\n<tr>\n<td>Rumore di funzionamento<\/td>\n<td>50 dB(A)<\/td>\n<td>55 dB(A)<\/td>\n<\/tr>\n<tr>\n<td>Refrigerante<\/td>\n<td>R290 \/ 0,135 kg<\/td>\n<td>R290 \/ 0,2 kg<\/td>\n<\/tr>\n<tr>\n<td>Temperatura ambiente<\/td>\n<td>1 - 38 \u00b0C<\/td>\n<td>1 - 38 \u00b0C<\/td>\n<\/tr>\n<tr>\n<td>Classe di protezione<\/td>\n<td>IPX4 (resistente agli spruzzi)<\/td>\n<td>IPX4 (resistente agli spruzzi)<\/td>\n<\/tr>\n<tr>\n<td>Dimensioni H x L x P<\/td>\n<td>310 x 370 x 500 mm<\/td>\n<td>345 x 450 x 560 mm<\/td>\n<\/tr>\n<tr>\n<td>Peso<\/td>\n<td>22 kg<\/td>\n<td>29,2 kg<\/td>\n<\/tr>\n<tr>\n<td>Garanzia<\/td>\n<td>3 anni<\/td>\n<td>3 anni<\/td>\n<\/tr>\n<\/tbody>\n<\/table>\n<ul>\n<li>\n\t\t\t\t\t\t\t\t\t\t\t<a href=\"\/wp-content\/uploads\/2023\/08\/ecodry-Pro-35C-55C-Manual-CH.pdf\"><br \/>\n\t\t\t\t\t\t\t\t\t\tIstruzioni<br \/>\n\t\t\t\t\t\t\t\t\t\t\t<\/a>\n\t\t\t\t\t\t\t\t\t<\/li>\n<\/ul>\n<ul>\n<li>\n\t\t\t\t\t\t\t\t\t\t\t<a href=\"\/wp-content\/uploads\/2023\/08\/ecodry-Pro-35C-55C-Manual-CH.pdf\"><br \/>\n\t\t\t\t\t\t\t\t\t\tIstruzioni<br \/>\n\t\t\t\t\t\t\t\t\t\t\t<\/a>\n\t\t\t\t\t\t\t\t\t<\/li>\n<\/ul>\n<table>\n<thead>\n<tr>\n<th><\/th>\n<th>ecodry Pro 35C<\/th>\n<th>ecodry Pro 55C<\/th>\n<\/tr>\n<\/thead>\n<tbody>\n<tr>\n<td>Capacit\u00e0 di deumidificazione<\/td>\n<td>35 litri in 24 ore a 30 \u00b0C e umidit\u00e0 relativa 80%<\/td>\n<td>55 litri in 24 ore a 30 \u00b0C e umidit\u00e0 relativa 80%<\/td>\n<\/tr>\n<tr>\n<td>Corrente nominale<\/td>\n<td>2.1 A<\/td>\n<td>2.6 A<\/td>\n<\/tr>\n<tr>\n<td>Consumo di energia<\/td>\n<td>475 Watt<\/td>\n<td>580 Watt<\/td>\n<\/tr>\n<tr>\n<td>Circolazione dell'aria<\/td>\n<td>330 m\u00b3 \/ h<\/td>\n<td>420 m\u00b3 \/ h<\/td>\n<\/tr>\n<tr>\n<td>Rumore di funzionamento<\/td>\n<td>50 dB(A)<\/td>\n<td>55 dB(A)<\/td>\n<\/tr>\n<tr>\n<td>Refrigerante<\/td>\n<td>R290 \/ 0,135 kg<\/td>\n<td>R290 \/ 0,2 kg<\/td>\n<\/tr>\n<tr>\n<td>Temperatura ambiente<\/td>\n<td>1 - 38 \u00b0C<\/td>\n<td>1 - 38 \u00b0C<\/td>\n<\/tr>\n<tr>\n<td>Classe di protezione<\/td>\n<td>IPX4 (resistente agli spruzzi)<\/td>\n<td>IPX4 (resistente agli spruzzi)<\/td>\n<\/tr>\n<tr>\n<td>Dimensioni H x L x P<\/td>\n<td>310 x 370 x 500 mm<\/td>\n<td>345 x 450 x 560 mm<\/td>\n<\/tr>\n<tr>\n<td>Peso<\/td>\n<td>22 kg<\/td>\n<td>29,2 kg<\/td>\n<\/tr>\n<tr>\n<td>Garanzia<\/td>\n<td>3 anni<\/td>\n<td>3 anni<\/td>\n<\/tr>\n<\/tbody>\n<\/table>\n<ul>\n<li>\n\t\t\t\t\t\t\t\t\t\t\t<a href=\"\/wp-content\/uploads\/2023\/08\/ecodry-Pro-35C-55C-Manual-CH.pdf\"><br \/>\n\t\t\t\t\t\t\t\t\t\tIstruzioni<br \/>\n\t\t\t\t\t\t\t\t\t\t\t<\/a>\n\t\t\t\t\t\t\t\t\t<\/li>\n<\/ul>\n<ul>\n<li>\n\t\t\t\t\t\t\t\t\t\t\t<a href=\"\/wp-content\/uploads\/2023\/08\/ecodry-Pro-35C-55C-Manual-CH.pdf\"><br \/>\n\t\t\t\t\t\t\t\t\t\tIstruzioni<br \/>\n\t\t\t\t\t\t\t\t\t\t\t<\/a>\n\t\t\t\t\t\t\t\t\t<\/li>\n<\/ul>\n<p>\t\t\t<a href=\"https:\/\/ecofort.ch\/de\/bautrockner\/2862-ecodry-pro-35c.html\" target=\"_blank\" rel=\"noopener\"><br \/>\n\t\t\t\t\t\tecodry Pro 35C in negozio<br \/>\n\t\t\t\t\t<\/a><br \/>\n\t\t\t<a href=\"https:\/\/ecofort.ch\/de\/bautrockner\/2863-ecodry-pro-55c.html\" target=\"_blank\" rel=\"noopener\"><br \/>\n\t\t\t\t\t\tecodry Pro 55C in negozio<br \/>\n\t\t\t\t\t<\/a><br \/>\n\t\t\t<a href=\"https:\/\/ecofort.ch\/de\/bautrockner\/2862-ecodry-pro-35c.html\" target=\"_blank\" rel=\"noopener\"><br \/>\n\t\t\t\t\t\tecodry 35C in negozio<br \/>\n\t\t\t\t\t<\/a><br \/>\n\t\t\t<a href=\"https:\/\/ecofort.ch\/de\/bautrockner\/2863-ecodry-pro-55c.html\" target=\"_blank\" rel=\"noopener\"><br \/>\n\t\t\t\t\t\tecodry 55C in negozio<br \/>\n\t\t\t\t\t<\/a><\/p>","protected":false},"excerpt":{"rendered":"<p>ecodry Pro Bautrockner Innovation &#038; Qualit\u00e4t bis ins kleinste Detail Die\u00a0ecodry Pro 35C &amp; 55C\u00a0sind Bautrockner, die jegliche Anforderungen eines professionellen Betriebs erf\u00fcllen: Sie sind kompakt und stapelbar, was im Lager sowie im Lieferwagen enorm viel Platz spart. Ein Angestellter reicht aus, um den Trockner ohne M\u00fche zu installieren, wonach der Betrieb dank integrierter Pumpe [&hellip;]<\/p>\n","protected":false},"author":4,"featured_media":2882,"parent":0,"menu_order":0,"comment_status":"closed","ping_status":"closed","template":"","meta":{"inline_featured_image":false,"footnotes":""},"class_list":["post-2985","page","type-page","status-publish","has-post-thumbnail","hentry"],"_links":{"self":[{"href":"https:\/\/ecodry.ch\/it\/wp-json\/wp\/v2\/pages\/2985","targetHints":{"allow":["GET"]}}],"collection":[{"href":"https:\/\/ecodry.ch\/it\/wp-json\/wp\/v2\/pages"}],"about":[{"href":"https:\/\/ecodry.ch\/it\/wp-json\/wp\/v2\/types\/page"}],"author":[{"embeddable":true,"href":"https:\/\/ecodry.ch\/it\/wp-json\/wp\/v2\/users\/4"}],"replies":[{"embeddable":true,"href":"https:\/\/ecodry.ch\/it\/wp-json\/wp\/v2\/comments?post=2985"}],"version-history":[{"count":50,"href":"https:\/\/ecodry.ch\/it\/wp-json\/wp\/v2\/pages\/2985\/revisions"}],"predecessor-version":[{"id":3397,"href":"https:\/\/ecodry.ch\/it\/wp-json\/wp\/v2\/pages\/2985\/revisions\/3397"}],"wp:featuredmedia":[{"embeddable":true,"href":"https:\/\/ecodry.ch\/it\/wp-json\/wp\/v2\/media\/2882"}],"wp:attachment":[{"href":"https:\/\/ecodry.ch\/it\/wp-json\/wp\/v2\/media?parent=2985"}],"curies":[{"name":"wp","href":"https:\/\/api.w.org\/{rel}","templated":true}]}}