{"id":2966,"date":"2023-08-15T11:22:50","date_gmt":"2023-08-15T10:22:50","guid":{"rendered":"https:\/\/staging.ecodry.ch\/?page_id=2966"},"modified":"2023-11-30T12:29:53","modified_gmt":"2023-11-30T11:29:53","slug":"ecodry-neptun-waschetrockner","status":"publish","type":"page","link":"https:\/\/ecodry.ch\/it\/lavasciuga-ecodry-neptun\/","title":{"rendered":"deumidificatore ecodry Neptun"},"content":{"rendered":"<h1>ecodry Neptun<\/h1>\n<h2>Deumidificatore e asciugatrice<\/h2>\n<p><em>ecodry Neptun<\/em> \u00e8 adatto alla deumidificazione e all'asciugatura della biancheria nelle case unifamiliari. Previene gli odori di muffa in tutto il seminterrato (diversi locali cantina aperti) e allo stesso tempo protegge l'inventario, i mobili e le pareti dai danni dell'umidit\u00e0. \u00c8 ideale anche per deumidificare i parcheggi per proteggere le auto d'epoca e classiche.<\/p>\n<p>Grazie alle sue potenti prestazioni, al flusso d'aria ottimizzato e all'intelligente funzione di asciugatrice, Neptun \u00e8 ideale anche come asciugatrice delicata ed economica per le famiglie monofamiliari.<\/p>\n<p>\t\t\t\t\t\t\t\t\t\t\t\t\t\t\t<img decoding=\"async\" width=\"800\" height=\"800\" src=\"https:\/\/ecodry.ch\/wp-content\/uploads\/2023\/08\/ecodry_neptun_angle_1500x1500-1024x1024.webp\" alt=\"deumidificatore e asciugatrice ecodry Neptun\" loading=\"lazy\" srcset=\"https:\/\/ecodry.ch\/wp-content\/uploads\/2023\/08\/ecodry_neptun_angle_1500x1500-1024x1024.webp 1024w, https:\/\/ecodry.ch\/wp-content\/uploads\/2023\/08\/ecodry_neptun_angle_1500x1500-300x300.webp 300w, https:\/\/ecodry.ch\/wp-content\/uploads\/2023\/08\/ecodry_neptun_angle_1500x1500-150x150.webp 150w, https:\/\/ecodry.ch\/wp-content\/uploads\/2023\/08\/ecodry_neptun_angle_1500x1500-768x769.webp 768w, https:\/\/ecodry.ch\/wp-content\/uploads\/2023\/08\/ecodry_neptun_angle_1500x1500.webp 1500w\" sizes=\"auto, (max-width: 800px) 100vw, 800px\" \/>\t\t\t\t\t\t\t\t\t\t\t\t\t\t\t<\/p>\n<ul>\n<li>\n\t\t\t\t\t\t\t\t\t\tecodry SMART Control con display a LED\n\t\t\t\t\t\t\t\t\t<\/li>\n<li>\n\t\t\t\t\t\t\t\t\t\tFunzione asciugatrice efficiente e delicata\n\t\t\t\t\t\t\t\t\t<\/li>\n<li>\n\t\t\t\t\t\t\t\t\t\tCon maniglie e robuste rotelle\n\t\t\t\t\t\t\t\t\t<\/li>\n<li>\n\t\t\t\t\t\t\t\t\t\tFunzionamento semplice\n\t\t\t\t\t\t\t\t\t<\/li>\n<\/ul>\n<figure><img decoding=\"async\" src=\"https:\/\/ecodry.ch\/wp-content\/uploads\/2023\/08\/ecodry-neptun_laundry7_1500x1000.webp\" alt=\"ecodry Neptun in una lavanderia\" \/><\/figure>\n<figure><img decoding=\"async\" src=\"https:\/\/ecodry.ch\/wp-content\/uploads\/2023\/11\/ecodry-neptun_laundry1_1500x1000.webp\" alt=\"ecodry-neptun_laundry1_1500x1000\" \/><\/figure>\n<figure><img decoding=\"async\" src=\"https:\/\/ecodry.ch\/wp-content\/uploads\/2023\/11\/ecodry-neptun_panel-close-up_1500x1000.webp\" alt=\"ecodry-neptun_panel-close-up_1500x1000\" \/><\/figure>\n<figure><img decoding=\"async\" src=\"https:\/\/ecodry.ch\/wp-content\/uploads\/2023\/11\/ecodry-neptun-ruby-red_luxury-cars1_1500x1000.webp\" alt=\"ecodry Nettuno con Ferrari e Porsche\" \/><\/figure>\n<figure><img decoding=\"async\" src=\"https:\/\/ecodry.ch\/wp-content\/uploads\/2023\/11\/ecodry-neptun-ruby-red-healed_luxury-cars8_1500x1000.webp\" alt=\"ecodry Nettuno con Porsche rossa\" \/><\/figure>\n<p>\t\t\t\t\t\t\t<button id=\"e-n-tabs-title-1571\" aria-selected=\"true\" data-tab-index=\"1\" role=\"tab\" tabindex=\"0\" aria-controls=\"e-n-tab-content-1571\" style=\"--n-tabs-title-order: 1;\"><br \/>\n\t\t\t\t\tDati tecnici<br \/>\n\t\t\t<\/button><br \/>\n\t\t\t\t\t<button id=\"e-n-tabs-title-1572\" aria-selected=\"false\" data-tab-index=\"2\" role=\"tab\" tabindex=\"-1\" aria-controls=\"e-n-tab-content-1572\" style=\"--n-tabs-title-order: 2;\"><br \/>\n\t\t\t\t\tScaricamento<br \/>\n\t\t\t<\/button><\/p>\n<table>\n<thead>\n<tr>\n<th>ecodry Neptun<\/th>\n<th>\u00a0<\/th>\n<\/tr>\n<\/thead>\n<tbody>\n<tr>\n<td>Capacit\u00e0 di deumidificazione<\/td>\n<td>30 litri in 24 ore a 30 \u00b0C e umidit\u00e0 relativa 80%<\/td>\n<\/tr>\n<tr>\n<td>Max. Dimensione della camera<\/td>\n<td>135 m\u00b2 \/ 400 m\u00b3<\/td>\n<\/tr>\n<tr>\n<td>Colore<\/td>\n<td>Bianco crema \/ Rosso rubino<\/td>\n<\/tr>\n<tr>\n<td>Consumo di energia<\/td>\n<td>315 - 480 watt<\/td>\n<\/tr>\n<tr>\n<td>Circolazione dell'aria<\/td>\n<td>180 - 260 m\u00b3 \/ h<\/td>\n<\/tr>\n<tr>\n<td>Rumore di funzionamento<\/td>\n<td>44 - 48 dB(A)<\/td>\n<\/tr>\n<tr>\n<td>Serbatoio dell'acqua<\/td>\n<td>6 litri<\/td>\n<\/tr>\n<tr>\n<td>Refrigerante<\/td>\n<td>R290<\/td>\n<\/tr>\n<tr>\n<td>Temperatura ambiente<\/td>\n<td>5 - 35 \u00b0C<\/td>\n<\/tr>\n<tr>\n<td>Classe di protezione<\/td>\n<td>IPX1 (protezione contro la caduta verticale di acqua)<\/td>\n<\/tr>\n<tr>\n<td>Dimensioni H x L x P<\/td>\n<td>600 x 387 x 342 mm<\/td>\n<\/tr>\n<tr>\n<td>Peso<\/td>\n<td>26,8 kg<\/td>\n<\/tr>\n<tr>\n<td>Garanzia<\/td>\n<td>3 anni<\/td>\n<\/tr>\n<\/tbody>\n<\/table>\n<ul>\n<li>\n\t\t\t\t\t\t\t\t\t\t\t<a href=\"\/wp-content\/uploads\/2023\/08\/ecodry-Neptun-Manual_WEB.pdf\"><br \/>\n\t\t\t\t\t\t\t\t\t\tIstruzioni<br \/>\n\t\t\t\t\t\t\t\t\t\t\t<\/a>\n\t\t\t\t\t\t\t\t\t<\/li>\n<\/ul>\n<ul>\n<li>\n\t\t\t\t\t\t\t\t\t\t\t<a href=\"\/wp-content\/uploads\/2023\/08\/ecodry-Neptun-Manual_WEB.pdf\"><br \/>\n\t\t\t\t\t\t\t\t\t\tIstruzioni<br \/>\n\t\t\t\t\t\t\t\t\t\t\t<\/a>\n\t\t\t\t\t\t\t\t\t<\/li>\n<\/ul>\n<table>\n<thead>\n<tr>\n<th>ecodry Neptun<\/th>\n<th>\u00a0<\/th>\n<\/tr>\n<\/thead>\n<tbody>\n<tr>\n<td>Capacit\u00e0 di deumidificazione<\/td>\n<td>30 litri in 24 ore a 30 \u00b0C e umidit\u00e0 relativa 80%<\/td>\n<\/tr>\n<tr>\n<td>Max. Dimensione della camera<\/td>\n<td>135 m\u00b2 \/ 400 m\u00b3<\/td>\n<\/tr>\n<tr>\n<td>Colore<\/td>\n<td>Bianco crema \/ Rosso rubino<\/td>\n<\/tr>\n<tr>\n<td>Consumo di energia<\/td>\n<td>315 - 480 watt<\/td>\n<\/tr>\n<tr>\n<td>Circolazione dell'aria<\/td>\n<td>180 - 260 m\u00b3 \/ h<\/td>\n<\/tr>\n<tr>\n<td>Rumore di funzionamento<\/td>\n<td>44 - 48 dB(A)<\/td>\n<\/tr>\n<tr>\n<td>Serbatoio dell'acqua<\/td>\n<td>6 litri<\/td>\n<\/tr>\n<tr>\n<td>Refrigerante<\/td>\n<td>R290<\/td>\n<\/tr>\n<tr>\n<td>Temperatura ambiente<\/td>\n<td>5 - 35 \u00b0C<\/td>\n<\/tr>\n<tr>\n<td>Classe di protezione<\/td>\n<td>IPX1 (protezione contro la caduta verticale di acqua)<\/td>\n<\/tr>\n<tr>\n<td>Dimensioni H x L x P<\/td>\n<td>600 x 387 x 342 mm<\/td>\n<\/tr>\n<tr>\n<td>Peso<\/td>\n<td>26,8 kg<\/td>\n<\/tr>\n<tr>\n<td>Garanzia<\/td>\n<td>3 anni<\/td>\n<\/tr>\n<\/tbody>\n<\/table>\n<ul>\n<li>\n\t\t\t\t\t\t\t\t\t\t\t<a href=\"\/wp-content\/uploads\/2023\/08\/ecodry-Neptun-Manual_WEB.pdf\"><br \/>\n\t\t\t\t\t\t\t\t\t\tIstruzioni<br \/>\n\t\t\t\t\t\t\t\t\t\t\t<\/a>\n\t\t\t\t\t\t\t\t\t<\/li>\n<\/ul>\n<ul>\n<li>\n\t\t\t\t\t\t\t\t\t\t\t<a href=\"\/wp-content\/uploads\/2023\/08\/ecodry-Neptun-Manual_WEB.pdf\"><br \/>\n\t\t\t\t\t\t\t\t\t\tIstruzioni<br \/>\n\t\t\t\t\t\t\t\t\t\t\t<\/a>\n\t\t\t\t\t\t\t\t\t<\/li>\n<\/ul>\n<p>\t\t\t<a href=\"https:\/\/ecofort.ch\/de\/luftentfeuchter\/2988-ecodry-neptun.html\" target=\"_blank\" rel=\"noopener\"><br \/>\n\t\t\t\t\t\tMaggiori informazioni nel negozio<br \/>\n\t\t\t\t\t<\/a><br \/>\n\t\t\t<a href=\"https:\/\/ecofort.ch\/de\/luftentfeuchter\/2988-ecodry-neptun.html\" target=\"_blank\" rel=\"noopener\"><br \/>\n\t\t\t\t\t\tMaggiori informazioni nel negozio<br \/>\n\t\t\t\t\t<\/a><\/p>","protected":false},"excerpt":{"rendered":"<p>ecodry Neptun Luftentfeuchter &#038; W\u00e4schetrockner ecodry Neptun eignet sich f\u00fcr die Entfeuchtung und die W\u00e4schetrocknung in Einfamilienhaushalten. Im ganzen Untergeschoss (mehrere, offene Kellerr\u00e4ume) verhindert er Muffgeruch und sch\u00fctzt gleichzeitig Inventar, M\u00f6bel und Mauern vor Feuchtigkeitssch\u00e4den. F\u00fcr die Entfeuchtung von Einstellpl\u00e4tzen, um Ihre Old- und Youngtimer zu sch\u00fctzen, ist er ebenfalls optimal. Wegen seiner starken Leistung, [&hellip;]<\/p>\n","protected":false},"author":4,"featured_media":2881,"parent":0,"menu_order":0,"comment_status":"closed","ping_status":"closed","template":"","meta":{"inline_featured_image":false,"footnotes":""},"class_list":["post-2966","page","type-page","status-publish","has-post-thumbnail","hentry"],"_links":{"self":[{"href":"https:\/\/ecodry.ch\/it\/wp-json\/wp\/v2\/pages\/2966","targetHints":{"allow":["GET"]}}],"collection":[{"href":"https:\/\/ecodry.ch\/it\/wp-json\/wp\/v2\/pages"}],"about":[{"href":"https:\/\/ecodry.ch\/it\/wp-json\/wp\/v2\/types\/page"}],"author":[{"embeddable":true,"href":"https:\/\/ecodry.ch\/it\/wp-json\/wp\/v2\/users\/4"}],"replies":[{"embeddable":true,"href":"https:\/\/ecodry.ch\/it\/wp-json\/wp\/v2\/comments?post=2966"}],"version-history":[{"count":30,"href":"https:\/\/ecodry.ch\/it\/wp-json\/wp\/v2\/pages\/2966\/revisions"}],"predecessor-version":[{"id":3410,"href":"https:\/\/ecodry.ch\/it\/wp-json\/wp\/v2\/pages\/2966\/revisions\/3410"}],"wp:featuredmedia":[{"embeddable":true,"href":"https:\/\/ecodry.ch\/it\/wp-json\/wp\/v2\/media\/2881"}],"wp:attachment":[{"href":"https:\/\/ecodry.ch\/it\/wp-json\/wp\/v2\/media?parent=2966"}],"curies":[{"name":"wp","href":"https:\/\/api.w.org\/{rel}","templated":true}]}}