{"id":2949,"date":"2023-08-15T10:17:18","date_gmt":"2023-08-15T09:17:18","guid":{"rendered":"https:\/\/staging.ecodry.ch\/?page_id=2949"},"modified":"2023-08-22T16:29:41","modified_gmt":"2023-08-22T15:29:41","slug":"ecodry-925-raumluft-waschetrockner","status":"publish","type":"page","link":"https:\/\/ecodry.ch\/it\/ecodry-925-lavasciuga-ad-aria-ambiente\/","title":{"rendered":"deumidificatore ecodry 925"},"content":{"rendered":"<h1>ecodry 925<\/h1>\n<h2>Deumidificatore e asciugatrice d'aria per ambienti<\/h2>\n<p>L'utilizzo di componenti di qualit\u00e0 ad alte prestazioni, nonch\u00e9 la lavorazione di alta qualit\u00e0 e l'ingegneria ecologica fanno s\u00ec che il <em>ecodry 925<\/em>\u00a0all'asciugatrice economica e di lunga durata - extra robusta e mobile.<\/p>\n<p>Affidabilit\u00e0, precisione, lavorazione di alta qualit\u00e0 e durata caratterizzano il mobile\u00a0<em>ecodry<\/em> Aria ambiente Lavanderia asciugatrice spenta.<\/p>\n<p>\t\t\t\t\t\t\t\t\t\t\t\t\t\t\t<img decoding=\"async\" width=\"800\" height=\"800\" src=\"https:\/\/ecodry.ch\/wp-content\/uploads\/2023\/08\/ecodry-925-mobiler-waschetrockner_1.jpg\" alt=\"asciugatrice ecodry 925 room air\" loading=\"lazy\" srcset=\"https:\/\/ecodry.ch\/wp-content\/uploads\/2023\/08\/ecodry-925-mobiler-waschetrockner_1.jpg 800w, https:\/\/ecodry.ch\/wp-content\/uploads\/2023\/08\/ecodry-925-mobiler-waschetrockner_1-300x300.jpg 300w, https:\/\/ecodry.ch\/wp-content\/uploads\/2023\/08\/ecodry-925-mobiler-waschetrockner_1-150x150.jpg 150w, https:\/\/ecodry.ch\/wp-content\/uploads\/2023\/08\/ecodry-925-mobiler-waschetrockner_1-768x768.jpg 768w\" sizes=\"auto, (max-width: 800px) 100vw, 800px\" \/>\t\t\t\t\t\t\t\t\t\t\t\t\t\t\t<\/p>\n<ul>\n<li>\n\t\t\t\t\t\t\t\t\t\tAsciugatura flessibile della biancheria\n\t\t\t\t\t\t\t\t\t<\/li>\n<li>\n\t\t\t\t\t\t\t\t\t\tCon maniglie e robuste rotelle\n\t\t\t\t\t\t\t\t\t<\/li>\n<li>\n\t\t\t\t\t\t\t\t\t\tAlloggiamento in metallo extra-robusto\n\t\t\t\t\t\t\t\t\t<\/li>\n<li>\n\t\t\t\t\t\t\t\t\t\tFunzionamento semplice\n\t\t\t\t\t\t\t\t\t<\/li>\n<\/ul>\n<p>\t\t\t\t\t\t\t\t\t\t\t\t\t\t\t<img decoding=\"async\" width=\"1500\" height=\"1000\" src=\"https:\/\/ecodry.ch\/wp-content\/uploads\/2023\/08\/ecodry-925_lifestyle_keller_1500x1000.webp\" alt=\"ecodry 925 in una cantina per biciclette\" loading=\"lazy\" srcset=\"https:\/\/ecodry.ch\/wp-content\/uploads\/2023\/08\/ecodry-925_lifestyle_keller_1500x1000.webp 1500w, https:\/\/ecodry.ch\/wp-content\/uploads\/2023\/08\/ecodry-925_lifestyle_keller_1500x1000-300x200.webp 300w, https:\/\/ecodry.ch\/wp-content\/uploads\/2023\/08\/ecodry-925_lifestyle_keller_1500x1000-1024x683.webp 1024w, https:\/\/ecodry.ch\/wp-content\/uploads\/2023\/08\/ecodry-925_lifestyle_keller_1500x1000-768x512.webp 768w\" sizes=\"auto, (max-width: 1500px) 100vw, 1500px\" \/><br \/>\n\t\t\t\t\t\tDownload di dati tecnici<br \/>\n\t\t\t\t\t\tDati tecnici<\/p>\n<table>\n<thead>\n<tr>\n<th>ecodry 925<\/th>\n<th>\u00a0<\/th>\n<\/tr>\n<\/thead>\n<tbody>\n<tr>\n<td>Capacit\u00e0 di deumidificazione<\/td>\n<td>45,6 litri in 24 ore a 30 \u00b0C e umidit\u00e0 relativa 80%<\/td>\n<\/tr>\n<tr>\n<td>Max. Dimensione della camera<\/td>\n<td>200 m\u00b2 \/ 600 m\u00b3<\/td>\n<\/tr>\n<tr>\n<td>Colore<\/td>\n<td>Antracite<\/td>\n<\/tr>\n<tr>\n<td>Consumo di energia<\/td>\n<td>680 W a 25 \u00b0C e 65% r. F.<br \/>770 W a 30 \u00b0C e 80% r. F.<\/td>\n<\/tr>\n<tr>\n<td>Circolazione dell'aria<\/td>\n<td>600 m\u00b3 \/ h<\/td>\n<\/tr>\n<tr>\n<td>Rumore di funzionamento<\/td>\n<td>77 dB(A)<\/td>\n<\/tr>\n<tr>\n<td>Serbatoio dell'acqua<\/td>\n<td>12 litri<\/td>\n<\/tr>\n<tr>\n<td>Refrigerante<\/td>\n<td>R1234yf<\/td>\n<\/tr>\n<tr>\n<td>Temperatura ambiente<\/td>\n<td>5 - 35 \u00b0C<\/td>\n<\/tr>\n<tr>\n<td>Classe di protezione<\/td>\n<td>IPX1 (protezione contro la caduta verticale di acqua)<\/td>\n<\/tr>\n<tr>\n<td>Dimensioni H x L x P<\/td>\n<td>587 x 617 x 388 mm<\/td>\n<\/tr>\n<tr>\n<td>Peso<\/td>\n<td>32,8 kg<\/td>\n<\/tr>\n<tr>\n<td>Garanzia<\/td>\n<td>3 anni<\/td>\n<\/tr>\n<\/tbody>\n<\/table>\n<p>\t\t\t\tScaricamento<\/p>\n<ul>\n<li>\n\t\t\t\t\t\t\t\t\t\t\t<a href=\"\/wp-content\/uploads\/2023\/08\/ecodry_925_manual-R1234yf.pdf\"><br \/>\n\t\t\t\t\t\t\t\t\t\tIstruzioni<br \/>\n\t\t\t\t\t\t\t\t\t\t\t<\/a>\n\t\t\t\t\t\t\t\t\t<\/li>\n<\/ul>\n<ul>\n<li>\n\t\t\t\t\t\t\t\t\t\t\t<a href=\"\/wp-content\/uploads\/2023\/08\/ecodry_925_manual-R1234yf.pdf\"><br \/>\n\t\t\t\t\t\t\t\t\t\tIstruzioni<br \/>\n\t\t\t\t\t\t\t\t\t\t\t<\/a>\n\t\t\t\t\t\t\t\t\t<\/li>\n<\/ul>\n<table>\n<thead>\n<tr>\n<th>ecodry 925<\/th>\n<th>\u00a0<\/th>\n<\/tr>\n<\/thead>\n<tbody>\n<tr>\n<td>Capacit\u00e0 di deumidificazione<\/td>\n<td>45,6 litri in 24 ore a 30 \u00b0C e umidit\u00e0 relativa 80%<\/td>\n<\/tr>\n<tr>\n<td>Max. Dimensione della camera<\/td>\n<td>200 m\u00b2 \/ 600 m\u00b3<\/td>\n<\/tr>\n<tr>\n<td>Colore<\/td>\n<td>Antracite<\/td>\n<\/tr>\n<tr>\n<td>Consumo di energia<\/td>\n<td>680 W a 25 \u00b0C e 65% r. F.<br \/>770 W a 30 \u00b0C e 80% r. F.<\/td>\n<\/tr>\n<tr>\n<td>Circolazione dell'aria<\/td>\n<td>600 m\u00b3 \/ h<\/td>\n<\/tr>\n<tr>\n<td>Rumore di funzionamento<\/td>\n<td>77 dB(A)<\/td>\n<\/tr>\n<tr>\n<td>Serbatoio dell'acqua<\/td>\n<td>12 litri<\/td>\n<\/tr>\n<tr>\n<td>Refrigerante<\/td>\n<td>R1234yf<\/td>\n<\/tr>\n<tr>\n<td>Temperatura ambiente<\/td>\n<td>5 - 35 \u00b0C<\/td>\n<\/tr>\n<tr>\n<td>Classe di protezione<\/td>\n<td>IPX1 (protezione contro la caduta verticale di acqua)<\/td>\n<\/tr>\n<tr>\n<td>Dimensioni H x L x P<\/td>\n<td>587 x 617 x 388 mm<\/td>\n<\/tr>\n<tr>\n<td>Peso<\/td>\n<td>32,8 kg<\/td>\n<\/tr>\n<tr>\n<td>Garanzia<\/td>\n<td>3 anni<\/td>\n<\/tr>\n<\/tbody>\n<\/table>\n<ul>\n<li>\n\t\t\t\t\t\t\t\t\t\t\t<a href=\"\/wp-content\/uploads\/2023\/08\/ecodry_925_manual-R1234yf.pdf\"><br \/>\n\t\t\t\t\t\t\t\t\t\tIstruzioni<br \/>\n\t\t\t\t\t\t\t\t\t\t\t<\/a>\n\t\t\t\t\t\t\t\t\t<\/li>\n<\/ul>\n<ul>\n<li>\n\t\t\t\t\t\t\t\t\t\t\t<a href=\"\/wp-content\/uploads\/2023\/08\/ecodry_925_manual-R1234yf.pdf\"><br \/>\n\t\t\t\t\t\t\t\t\t\tIstruzioni<br \/>\n\t\t\t\t\t\t\t\t\t\t\t<\/a>\n\t\t\t\t\t\t\t\t\t<\/li>\n<\/ul>\n<p>\t\t\t<a href=\"https:\/\/ecofort.ch\/de\/luftentfeuchter\/377-ecodry-925-mobiler-waschetrockner.html\" target=\"_blank\" rel=\"noopener\"><br \/>\n\t\t\t\t\t\tMaggiori informazioni nel negozio<br \/>\n\t\t\t\t\t<\/a><br \/>\n\t\t\t<a href=\"https:\/\/ecofort.ch\/de\/luftentfeuchter\/377-ecodry-925-mobiler-waschetrockner.html\" target=\"_blank\" rel=\"noopener\"><br \/>\n\t\t\t\t\t\tMaggiori informazioni nel negozio<br \/>\n\t\t\t\t\t<\/a><\/p>","protected":false},"excerpt":{"rendered":"<p>ecodry 925 Luftentfeuchter &#038; Raumluft W\u00e4schetrockner Der Einsatz von leistungsf\u00e4higen Qualit\u00e4tskomponenten, sowie die hochwertige Verarbeitung und das ecodry Engineering machen den ecodry 925\u00a0zum langlebigen und sparsamen W\u00e4schetrockner \u2013 extra stark und mobil. Zuverl\u00e4ssigkeit, Pr\u00e4zision, hochwertige Verarbeitung und Langlebigkeit zeichnen den fahrbaren\u00a0ecodry Raumluft W\u00e4schetrockner aus. Flexible W\u00e4schetrocknung Mit Handgriffen und robusten Rollen Extra-robustes Metallgeh\u00e4use Simple Bedienung [&hellip;]<\/p>\n","protected":false},"author":4,"featured_media":2950,"parent":0,"menu_order":0,"comment_status":"closed","ping_status":"closed","template":"","meta":{"inline_featured_image":false,"footnotes":""},"class_list":["post-2949","page","type-page","status-publish","has-post-thumbnail","hentry"],"_links":{"self":[{"href":"https:\/\/ecodry.ch\/it\/wp-json\/wp\/v2\/pages\/2949","targetHints":{"allow":["GET"]}}],"collection":[{"href":"https:\/\/ecodry.ch\/it\/wp-json\/wp\/v2\/pages"}],"about":[{"href":"https:\/\/ecodry.ch\/it\/wp-json\/wp\/v2\/types\/page"}],"author":[{"embeddable":true,"href":"https:\/\/ecodry.ch\/it\/wp-json\/wp\/v2\/users\/4"}],"replies":[{"embeddable":true,"href":"https:\/\/ecodry.ch\/it\/wp-json\/wp\/v2\/comments?post=2949"}],"version-history":[{"count":26,"href":"https:\/\/ecodry.ch\/it\/wp-json\/wp\/v2\/pages\/2949\/revisions"}],"predecessor-version":[{"id":3202,"href":"https:\/\/ecodry.ch\/it\/wp-json\/wp\/v2\/pages\/2949\/revisions\/3202"}],"wp:featuredmedia":[{"embeddable":true,"href":"https:\/\/ecodry.ch\/it\/wp-json\/wp\/v2\/media\/2950"}],"wp:attachment":[{"href":"https:\/\/ecodry.ch\/it\/wp-json\/wp\/v2\/media?parent=2949"}],"curies":[{"name":"wp","href":"https:\/\/api.w.org\/{rel}","templated":true}]}}