{"id":2930,"date":"2023-08-15T08:24:12","date_gmt":"2023-08-15T07:24:12","guid":{"rendered":"https:\/\/staging.ecodry.ch\/?page_id=2930"},"modified":"2023-08-23T09:20:44","modified_gmt":"2023-08-23T08:20:44","slug":"ecodry-625-luftentfeuchter","status":"publish","type":"page","link":"https:\/\/ecodry.ch\/it\/deumidificatore-ecodry-625\/","title":{"rendered":"deumidificatore ecodry 625"},"content":{"rendered":"<h1>ecodry 625<\/h1>\n<h2>Deumidificatore e asciugatrice<\/h2>\n<p><strong>ecodry 625 - il deumidificatore di alta qualit\u00e0 per una deumidificazione efficiente degli ambienti e un'asciugatura rapida e delicata della biancheria<\/strong><\/p>\n<p>Una caratteristica eccezionale \u00e8 il flusso d'aria ottimizzato. L'aria umida viene aspirata nella parte anteriore ed espulsa nella parte superiore quando \u00e8 asciutta. In questo modo si accelera il processo di asciugatura e si risparmia spazio.<\/p>\n<p>L'utilizzo di componenti di qualit\u00e0, la lavorazione di pregio e la tecnologia pi\u00f9 avanzata fanno s\u00ec che il&nbsp;<em>ecodry 625<\/em>&nbsp;al deumidificatore economico e di lunga durata.<\/p>\n<p><img decoding=\"async\" width=\"800\" height=\"784\" src=\"https:\/\/ecodry.ch\/wp-content\/uploads\/2023\/08\/ecodry-625_814x798.webp\" alt=\"deumidificatore e asciugatrice ecodry 625\" loading=\"lazy\" srcset=\"https:\/\/ecodry.ch\/wp-content\/uploads\/2023\/08\/ecodry-625_814x798.webp 814w, https:\/\/ecodry.ch\/wp-content\/uploads\/2023\/08\/ecodry-625_814x798-300x294.webp 300w, https:\/\/ecodry.ch\/wp-content\/uploads\/2023\/08\/ecodry-625_814x798-768x753.webp 768w\" sizes=\"auto, (max-width: 800px) 100vw, 800px\"><\/p>\n<ul>\n<li>\n\t\t\t\t\t\t\t\t\t\tAccelerazione dell'asciugatura del bucato<\/li>\n<li>\n\t\t\t\t\t\t\t\t\t\tCon maniglie e robuste rotelle<\/li>\n<li>\n\t\t\t\t\t\t\t\t\t\tAlloggiamento in metallo extra-robusto<\/li>\n<li>\n\t\t\t\t\t\t\t\t\t\tFunzionamento semplice<\/li>\n<\/ul>\n<p><img decoding=\"async\" width=\"800\" height=\"534\" src=\"https:\/\/ecodry.ch\/wp-content\/uploads\/2023\/08\/ecodry-625_lifestyle_keller_1500x1000-1024x683.webp\" alt=\"ecodry 625 in una cantina moderna\" loading=\"lazy\" srcset=\"https:\/\/ecodry.ch\/wp-content\/uploads\/2023\/08\/ecodry-625_lifestyle_keller_1500x1000-1024x683.webp 1024w, https:\/\/ecodry.ch\/wp-content\/uploads\/2023\/08\/ecodry-625_lifestyle_keller_1500x1000-300x200.webp 300w, https:\/\/ecodry.ch\/wp-content\/uploads\/2023\/08\/ecodry-625_lifestyle_keller_1500x1000-768x512.webp 768w, https:\/\/ecodry.ch\/wp-content\/uploads\/2023\/08\/ecodry-625_lifestyle_keller_1500x1000.webp 1500w\" sizes=\"auto, (max-width: 800px) 100vw, 800px\"><br \/>\nDownload di dati tecnici<br \/>\nDati tecnici<\/p>\n<table>\n<thead>\n<tr>\n<th>ecodry 625<\/th>\n<th>&nbsp;<\/th>\n<\/tr>\n<\/thead>\n<tbody>\n<tr>\n<td>Capacit\u00e0 di deumidificazione<\/td>\n<td>27,6 litri in 24 ore a 30 \u00b0C e umidit\u00e0 relativa 80%<\/td>\n<\/tr>\n<tr>\n<td>Max. Dimensione della camera<\/td>\n<td>135 m\u00b2 \/ 400 m\u00b3<\/td>\n<\/tr>\n<tr>\n<td>Colore<\/td>\n<td>Antracite<\/td>\n<\/tr>\n<tr>\n<td>Consumo di energia<\/td>\n<td>292 W a 25 \u00b0C e 65% r. F.<br \/>\n350 W a 30 \u00b0C e 80% r. F.<\/td>\n<\/tr>\n<tr>\n<td>Circolazione dell'aria<\/td>\n<td>300 m\u00b3 \/ h<\/td>\n<\/tr>\n<tr>\n<td>Rumore di funzionamento<\/td>\n<td>54 dB(A)<\/td>\n<\/tr>\n<tr>\n<td>Serbatoio dell'acqua<\/td>\n<td>6 litri<\/td>\n<\/tr>\n<tr>\n<td>Refrigerante<\/td>\n<td>R290<\/td>\n<\/tr>\n<tr>\n<td>Temperatura ambiente<\/td>\n<td>5 - 35 \u00b0C<\/td>\n<\/tr>\n<tr>\n<td>Classe di protezione<\/td>\n<td>IPX1 (protezione contro la caduta verticale di acqua)<\/td>\n<\/tr>\n<tr>\n<td>Dimensioni H x L x P<\/td>\n<td>555 x 382 x 398 mm<\/td>\n<\/tr>\n<tr>\n<td>Peso<\/td>\n<td>28,7 kg<\/td>\n<\/tr>\n<tr>\n<td>Garanzia<\/td>\n<td>3 anni<\/td>\n<\/tr>\n<\/tbody>\n<\/table>\n<p>Scaricamento<\/p>\n<ul>\n<li>\n\t\t\t\t\t\t\t\t\t\t\t<a href=\"\/wp-content\/uploads\/2023\/08\/Anleitung_ecodry625_D-E-I-F-R290.pdf\"><br \/>\nIstruzioni<br \/>\n<\/a><\/li>\n<\/ul>\n<ul>\n<li>\n\t\t\t\t\t\t\t\t\t\t\t<a href=\"\/wp-content\/uploads\/2023\/08\/Anleitung_ecodry625_D-E-I-F-R290.pdf\"><br \/>\nIstruzioni<br \/>\n<\/a><\/li>\n<\/ul>\n<table>\n<thead>\n<tr>\n<th>ecodry 625<\/th>\n<th>&nbsp;<\/th>\n<\/tr>\n<\/thead>\n<tbody>\n<tr>\n<td>Capacit\u00e0 di deumidificazione<\/td>\n<td>27,6 litri in 24 ore a 30 \u00b0C e umidit\u00e0 relativa 80%<\/td>\n<\/tr>\n<tr>\n<td>Max. Dimensione della camera<\/td>\n<td>135 m\u00b2 \/ 400 m\u00b3<\/td>\n<\/tr>\n<tr>\n<td>Colore<\/td>\n<td>Antracite<\/td>\n<\/tr>\n<tr>\n<td>Consumo di energia<\/td>\n<td>292 W a 25 \u00b0C e 65% r. F.<br \/>\n350 W a 30 \u00b0C e 80% r. F.<\/td>\n<\/tr>\n<tr>\n<td>Circolazione dell'aria<\/td>\n<td>300 m\u00b3 \/ h<\/td>\n<\/tr>\n<tr>\n<td>Rumore di funzionamento<\/td>\n<td>54 dB(A)<\/td>\n<\/tr>\n<tr>\n<td>Serbatoio dell'acqua<\/td>\n<td>6 litri<\/td>\n<\/tr>\n<tr>\n<td>Refrigerante<\/td>\n<td>R290<\/td>\n<\/tr>\n<tr>\n<td>Temperatura ambiente<\/td>\n<td>5 - 35 \u00b0C<\/td>\n<\/tr>\n<tr>\n<td>Classe di protezione<\/td>\n<td>IPX1 (protezione contro la caduta verticale di acqua)<\/td>\n<\/tr>\n<tr>\n<td>Dimensioni H x L x P<\/td>\n<td>555 x 382 x 398 mm<\/td>\n<\/tr>\n<tr>\n<td>Peso<\/td>\n<td>28,7 kg<\/td>\n<\/tr>\n<tr>\n<td>Garanzia<\/td>\n<td>3 anni<\/td>\n<\/tr>\n<\/tbody>\n<\/table>\n<ul>\n<li>\n\t\t\t\t\t\t\t\t\t\t\t<a href=\"\/wp-content\/uploads\/2023\/08\/Anleitung_ecodry625_D-E-I-F-R290.pdf\"><br \/>\nIstruzioni<br \/>\n<\/a><\/li>\n<\/ul>\n<ul>\n<li>\n\t\t\t\t\t\t\t\t\t\t\t<a href=\"\/wp-content\/uploads\/2023\/08\/Anleitung_ecodry625_D-E-I-F-R290.pdf\"><br \/>\nIstruzioni<br \/>\n<\/a><\/li>\n<\/ul>\n<p><a href=\"https:\/\/ecofort.ch\/de\/luftentfeuchter\/368-ecodry-625.html\" target=\"_blank\" rel=\"noopener\"><br \/>\nMaggiori informazioni nel negozio<br \/>\n<\/a><br \/>\n<a href=\"https:\/\/ecofort.ch\/de\/luftentfeuchter\/368-ecodry-625.html\" target=\"_blank\" rel=\"noopener\"><br \/>\nMaggiori informazioni nel negozio<br \/>\n<\/a><\/p>","protected":false},"excerpt":{"rendered":"<p>ecodry 625 Luftentfeuchter &amp; W\u00e4schetrockner ecodry 625 \u2013 der qualitativ hochwertige Luftentfeuchter f\u00fcr effiziente Raumentfeuchtung und schnelle, schonende W\u00e4schetrocknung Herausragendes Merkmal ist die optimierte Luftf\u00fchrung. Die feuchte Luft wird vorne angesaugt und an der Oberseite getrocknet wieder ausgestossen.&nbsp;Dies erm\u00f6glicht eine beschleunigte W\u00e4schetrocknung und Platzeinsparung. Der Einsatz von Qualit\u00e4tskomponenten, sowie die hochwertige Verarbeitung und die neueste [&hellip;]<\/p>\n","protected":false},"author":4,"featured_media":2931,"parent":0,"menu_order":0,"comment_status":"closed","ping_status":"closed","template":"","meta":{"inline_featured_image":false,"footnotes":""},"class_list":["post-2930","page","type-page","status-publish","has-post-thumbnail","hentry"],"_links":{"self":[{"href":"https:\/\/ecodry.ch\/it\/wp-json\/wp\/v2\/pages\/2930","targetHints":{"allow":["GET"]}}],"collection":[{"href":"https:\/\/ecodry.ch\/it\/wp-json\/wp\/v2\/pages"}],"about":[{"href":"https:\/\/ecodry.ch\/it\/wp-json\/wp\/v2\/types\/page"}],"author":[{"embeddable":true,"href":"https:\/\/ecodry.ch\/it\/wp-json\/wp\/v2\/users\/4"}],"replies":[{"embeddable":true,"href":"https:\/\/ecodry.ch\/it\/wp-json\/wp\/v2\/comments?post=2930"}],"version-history":[{"count":11,"href":"https:\/\/ecodry.ch\/it\/wp-json\/wp\/v2\/pages\/2930\/revisions"}],"predecessor-version":[{"id":3214,"href":"https:\/\/ecodry.ch\/it\/wp-json\/wp\/v2\/pages\/2930\/revisions\/3214"}],"wp:featuredmedia":[{"embeddable":true,"href":"https:\/\/ecodry.ch\/it\/wp-json\/wp\/v2\/media\/2931"}],"wp:attachment":[{"href":"https:\/\/ecodry.ch\/it\/wp-json\/wp\/v2\/media?parent=2930"}],"curies":[{"name":"wp","href":"https:\/\/api.w.org\/{rel}","templated":true}]}}