{"id":2913,"date":"2023-08-14T15:55:29","date_gmt":"2023-08-14T14:55:29","guid":{"rendered":"https:\/\/staging.ecodry.ch\/?page_id=2913"},"modified":"2023-08-28T16:43:34","modified_gmt":"2023-08-28T15:43:34","slug":"ecodry-425-luftentfeuchter","status":"publish","type":"page","link":"https:\/\/ecodry.ch\/it\/deumidificatore-ecodry-425\/","title":{"rendered":"Deumidificatore ecodry 425"},"content":{"rendered":"<h1>ecodry 425<\/h1>\n<h2>Deumidificatore<\/h2>\n<p style=\"text-align: left;\"><em>ecodry 425<\/em>\u00a0\u00e8 la garanzia di affidabilit\u00e0 ed efficienza\u00a0<strong>Deumidificatore per cantine umide<\/strong>,\u00a0<strong>Garage<\/strong>,\u00a0<strong>Campo<\/strong>\u00a0e\u00a0<strong>Archivio<\/strong>. Ideale per proteggere le scorte dai danni dell'umidit\u00e0 e per prevenire gli odori di muffa, la muffa e la ruggine.<\/p>\n<p style=\"text-align: left;\">Il\u00a0<em>ecodry 425<\/em>\u00a0convince accanto al\u00a0<strong>efficienza energetica al top<\/strong>\u00a0attraverso il\u00a0<strong>dimensioni compatte<\/strong>,\u00a0<strong>peso ridotto<\/strong>, il <strong>Mobilit\u00e0<\/strong>\u00a0e il\u00a0<strong>rumore di funzionamento silenzioso<\/strong>.<\/p>\n<p style=\"text-align: left;\">L'utilizzo di componenti di qualit\u00e0, la lavorazione di pregio e l'impiego di tecnologie all'avanguardia fanno s\u00ec che il\u00a0<em>ecodry 425<\/em>\u00a0al deumidificatore economico e di lunga durata.<\/p>\n<p>\t\t\t\t\t\t\t\t\t\t\t\t\t\t\t<img decoding=\"async\" width=\"800\" height=\"534\" src=\"https:\/\/ecodry.ch\/wp-content\/uploads\/2023\/08\/ecodry_425_all_colors_2_1500x1000-1024x683.webp\" alt=\"ecodry 425 tre colori\" loading=\"lazy\" srcset=\"https:\/\/ecodry.ch\/wp-content\/uploads\/2023\/08\/ecodry_425_all_colors_2_1500x1000-1024x683.webp 1024w, https:\/\/ecodry.ch\/wp-content\/uploads\/2023\/08\/ecodry_425_all_colors_2_1500x1000-300x200.webp 300w, https:\/\/ecodry.ch\/wp-content\/uploads\/2023\/08\/ecodry_425_all_colors_2_1500x1000-768x512.webp 768w, https:\/\/ecodry.ch\/wp-content\/uploads\/2023\/08\/ecodry_425_all_colors_2_1500x1000.webp 1500w\" sizes=\"auto, (max-width: 800px) 100vw, 800px\" \/>\t\t\t\t\t\t\t\t\t\t\t\t\t\t\t<\/p>\n<ul>\n<li>\n\t\t\t\t\t\t\t\t\t\tDisponibile in tre colori\n\t\t\t\t\t\t\t\t\t<\/li>\n<li>\n\t\t\t\t\t\t\t\t\t\tCon maniglie e robuste rotelle\n\t\t\t\t\t\t\t\t\t<\/li>\n<li>\n\t\t\t\t\t\t\t\t\t\tAlloggiamento in metallo extra-robusto\n\t\t\t\t\t\t\t\t\t<\/li>\n<li>\n\t\t\t\t\t\t\t\t\t\tFunzionamento semplice\n\t\t\t\t\t\t\t\t\t<\/li>\n<\/ul>\n<p>\t\t\t\t\t\t\t\t\t\t\t\t\t\t\t<img decoding=\"async\" width=\"1500\" height=\"1000\" src=\"https:\/\/ecodry.ch\/wp-content\/uploads\/2023\/08\/ecodry-425_lifestyle_keller_top-angle_1500x1000.webp\" alt=\"ecodry 425 in una cantina moderna\" loading=\"lazy\" srcset=\"https:\/\/ecodry.ch\/wp-content\/uploads\/2023\/08\/ecodry-425_lifestyle_keller_top-angle_1500x1000.webp 1500w, https:\/\/ecodry.ch\/wp-content\/uploads\/2023\/08\/ecodry-425_lifestyle_keller_top-angle_1500x1000-300x200.webp 300w, https:\/\/ecodry.ch\/wp-content\/uploads\/2023\/08\/ecodry-425_lifestyle_keller_top-angle_1500x1000-1024x683.webp 1024w, https:\/\/ecodry.ch\/wp-content\/uploads\/2023\/08\/ecodry-425_lifestyle_keller_top-angle_1500x1000-768x512.webp 768w\" sizes=\"auto, (max-width: 1500px) 100vw, 1500px\" \/><br \/>\n\t\t\t\t\t\tDownload di dati tecnici<br \/>\n\t\t\t\t\t\tDati tecnici<\/p>\n<table>\n<thead>\n<tr>\n<th>ecodry 425<\/th>\n<th>\u00a0<\/th>\n<\/tr>\n<\/thead>\n<tbody>\n<tr>\n<td>Capacit\u00e0 di deumidificazione<\/td>\n<td>21,8 litri in 24 ore a 30 \u00b0C e umidit\u00e0 relativa 80%<\/td>\n<\/tr>\n<tr>\n<td>Max. Dimensione della camera<\/td>\n<td>100 m\u00b2 \/ 250 m\u00b3<\/td>\n<\/tr>\n<tr>\n<td>Colore<\/td>\n<td>Verde originale, bianco limitato, antracite limitato<\/td>\n<\/tr>\n<tr>\n<td>Consumo di energia<\/td>\n<td>250 W a 27 \u00b0C e 60% r. F.<br \/>281 W a 30 \u00b0C e 80% r. F.<\/td>\n<\/tr>\n<tr>\n<td>Circolazione dell'aria<\/td>\n<td>200 m\u00b3 \/ h<\/td>\n<\/tr>\n<tr>\n<td>Rumore di funzionamento<\/td>\n<td>50 dB(A)<\/td>\n<\/tr>\n<tr>\n<td>Serbatoio dell'acqua<\/td>\n<td>6 litri<\/td>\n<\/tr>\n<tr>\n<td>Refrigerante<\/td>\n<td>R290<\/td>\n<\/tr>\n<tr>\n<td>Temperatura ambiente<\/td>\n<td>5 - 35 \u00b0C<\/td>\n<\/tr>\n<tr>\n<td>Classe di protezione<\/td>\n<td>IPX1 (protezione contro la caduta verticale di acqua)<\/td>\n<\/tr>\n<tr>\n<td>Dimensioni H x L x P<\/td>\n<td>535 x 400 x 340 mm<\/td>\n<\/tr>\n<tr>\n<td>Peso<\/td>\n<td>17,4 kg<\/td>\n<\/tr>\n<tr>\n<td>Garanzia<\/td>\n<td>3 anni<\/td>\n<\/tr>\n<\/tbody>\n<\/table>\n<p>\t\t\t\tScaricamento<\/p>\n<ul>\n<li>\n\t\t\t\t\t\t\t\t\t\t\t<a href=\"\/wp-content\/uploads\/2023\/08\/ecodry_425_manuale_DE_FR_IT_IT.pdf\"><br \/>\n\t\t\t\t\t\t\t\t\t\tIstruzioni<br \/>\n\t\t\t\t\t\t\t\t\t\t\t<\/a>\n\t\t\t\t\t\t\t\t\t<\/li>\n<\/ul>\n<ul>\n<li>\n\t\t\t\t\t\t\t\t\t\t\t<a href=\"\/wp-content\/uploads\/2023\/08\/ecodry_425_manuale_DE_FR_IT_IT.pdf\"><br \/>\n\t\t\t\t\t\t\t\t\t\tIstruzioni<br \/>\n\t\t\t\t\t\t\t\t\t\t\t<\/a>\n\t\t\t\t\t\t\t\t\t<\/li>\n<\/ul>\n<table>\n<thead>\n<tr>\n<th>ecodry 425<\/th>\n<th>\u00a0<\/th>\n<\/tr>\n<\/thead>\n<tbody>\n<tr>\n<td>Capacit\u00e0 di deumidificazione<\/td>\n<td>21,8 litri in 24 ore a 30 \u00b0C e umidit\u00e0 relativa 80%<\/td>\n<\/tr>\n<tr>\n<td>Max. Dimensione della camera<\/td>\n<td>100 m\u00b2 \/ 250 m\u00b3<\/td>\n<\/tr>\n<tr>\n<td>Colore<\/td>\n<td>Verde originale, bianco limitato, antracite limitato<\/td>\n<\/tr>\n<tr>\n<td>Consumo di energia<\/td>\n<td>250 W a 27 \u00b0C e 60% r. F.<br \/>281 W a 30 \u00b0C e 80% r. F.<\/td>\n<\/tr>\n<tr>\n<td>Circolazione dell'aria<\/td>\n<td>200 m\u00b3 \/ h<\/td>\n<\/tr>\n<tr>\n<td>Rumore di funzionamento<\/td>\n<td>50 dB(A)<\/td>\n<\/tr>\n<tr>\n<td>Serbatoio dell'acqua<\/td>\n<td>6 litri<\/td>\n<\/tr>\n<tr>\n<td>Refrigerante<\/td>\n<td>R290<\/td>\n<\/tr>\n<tr>\n<td>Temperatura ambiente<\/td>\n<td>5 - 35 \u00b0C<\/td>\n<\/tr>\n<tr>\n<td>Classe di protezione<\/td>\n<td>IPX1 (protezione contro la caduta verticale di acqua)<\/td>\n<\/tr>\n<tr>\n<td>Dimensioni H x L x P<\/td>\n<td>535 x 400 x 340 mm<\/td>\n<\/tr>\n<tr>\n<td>Peso<\/td>\n<td>17,4 kg<\/td>\n<\/tr>\n<tr>\n<td>Garanzia<\/td>\n<td>3 anni<\/td>\n<\/tr>\n<\/tbody>\n<\/table>\n<ul>\n<li>\n\t\t\t\t\t\t\t\t\t\t\t<a href=\"\/wp-content\/uploads\/2023\/08\/ecodry_425_manuale_DE_FR_IT_IT.pdf\"><br \/>\n\t\t\t\t\t\t\t\t\t\tIstruzioni<br \/>\n\t\t\t\t\t\t\t\t\t\t\t<\/a>\n\t\t\t\t\t\t\t\t\t<\/li>\n<\/ul>\n<ul>\n<li>\n\t\t\t\t\t\t\t\t\t\t\t<a href=\"\/wp-content\/uploads\/2023\/08\/ecodry_425_manuale_DE_FR_IT_IT.pdf\"><br \/>\n\t\t\t\t\t\t\t\t\t\tIstruzioni<br \/>\n\t\t\t\t\t\t\t\t\t\t\t<\/a>\n\t\t\t\t\t\t\t\t\t<\/li>\n<\/ul>\n<p>\t\t\t<a href=\"https:\/\/ecofort.ch\/de\/luftentfeuchter\/311-ecodry-425.html\" target=\"_blank\" rel=\"noopener\"><br \/>\n\t\t\t\t\t\tMaggiori informazioni nel negozio<br \/>\n\t\t\t\t\t<\/a><br \/>\n\t\t\t<a href=\"https:\/\/ecofort.ch\/de\/luftentfeuchter\/311-ecodry-425.html\" target=\"_blank\" rel=\"noopener\"><br \/>\n\t\t\t\t\t\tMaggiori informazioni nel negozio<br \/>\n\t\t\t\t\t<\/a><\/p>","protected":false},"excerpt":{"rendered":"<p>ecodry 425 Luftentfeuchter ecodry 425\u00a0ist der garantiert zuverl\u00e4ssige und effiziente\u00a0Luftentfeuchter f\u00fcr feuchte Keller,\u00a0Garagen,\u00a0Lager\u00a0und\u00a0Archive. Ideal f\u00fcr zum Schutz des Inventars vor Feuchtigkeitssch\u00e4den, sowie zur Pr\u00e4vention von Muffgeruch, Schimmelpilz und Rost. Der\u00a0ecodry 425\u00a0\u00fcberzeugt neben der\u00a0top Energieeffizienz\u00a0durch die\u00a0kompakte Gr\u00f6sse,\u00a0leichtes Gewicht, der Mobilit\u00e4t\u00a0und dem\u00a0leisen Betriebsger\u00e4usch. Der Einsatz von Qualit\u00e4tskomponenten, sowie die hochwertige Verarbeitung und der Einsatz der neuesten Technologie [&hellip;]<\/p>\n","protected":false},"author":4,"featured_media":2914,"parent":0,"menu_order":0,"comment_status":"closed","ping_status":"closed","template":"","meta":{"inline_featured_image":false,"footnotes":""},"class_list":["post-2913","page","type-page","status-publish","has-post-thumbnail","hentry"],"_links":{"self":[{"href":"https:\/\/ecodry.ch\/it\/wp-json\/wp\/v2\/pages\/2913","targetHints":{"allow":["GET"]}}],"collection":[{"href":"https:\/\/ecodry.ch\/it\/wp-json\/wp\/v2\/pages"}],"about":[{"href":"https:\/\/ecodry.ch\/it\/wp-json\/wp\/v2\/types\/page"}],"author":[{"embeddable":true,"href":"https:\/\/ecodry.ch\/it\/wp-json\/wp\/v2\/users\/4"}],"replies":[{"embeddable":true,"href":"https:\/\/ecodry.ch\/it\/wp-json\/wp\/v2\/comments?post=2913"}],"version-history":[{"count":23,"href":"https:\/\/ecodry.ch\/it\/wp-json\/wp\/v2\/pages\/2913\/revisions"}],"predecessor-version":[{"id":3250,"href":"https:\/\/ecodry.ch\/it\/wp-json\/wp\/v2\/pages\/2913\/revisions\/3250"}],"wp:featuredmedia":[{"embeddable":true,"href":"https:\/\/ecodry.ch\/it\/wp-json\/wp\/v2\/media\/2914"}],"wp:attachment":[{"href":"https:\/\/ecodry.ch\/it\/wp-json\/wp\/v2\/media?parent=2913"}],"curies":[{"name":"wp","href":"https:\/\/api.w.org\/{rel}","templated":true}]}}