{"id":2838,"date":"2023-08-14T09:26:25","date_gmt":"2023-08-14T08:26:25","guid":{"rendered":"https:\/\/staging.ecodry.ch\/?page_id=2838"},"modified":"2024-01-19T16:29:21","modified_gmt":"2024-01-19T15:29:21","slug":"ecodry-luftentfeuchter","status":"publish","type":"page","link":"https:\/\/ecodry.ch\/it\/","title":{"rendered":"deumidificatore ecodry"},"content":{"rendered":"<h1>Deumidificatori ecodry<\/h1>\n<h2>Deumidificatori per cantine, asciugatrici e asciugatrici da cantiere<\/h2>\n<h2>Forte, efficiente e durevole<\/h2>\n<p><em>ecodry<\/em> incarna la perfetta simbiosi tra lusso, prestazioni e sostenibilit\u00e0. Ecco perch\u00e9 lo slogan di ecodry \u00e8:<br \/>\"Massima qualit\u00e0 per le esigenze pi\u00f9 elevate\".<\/p>\n<p><em>deumidificatore ecodry<\/em> \u00e8 sinonimo di prestazioni eccezionali e basso consumo energetico e quindi di elevata efficienza.<\/p>\n<p>\t\t\t\t\t\t\t\t\t\t\t\t\t\t\t<img loading=\"lazy\" decoding=\"async\" width=\"1500\" height=\"1000\" src=\"https:\/\/ecodry.ch\/wp-content\/uploads\/2023\/08\/ecodry-425_lifestyle_keller_1500x1000.webp\" alt=\"deumidificatore ecodry 425 in cantina\" srcset=\"https:\/\/ecodry.ch\/wp-content\/uploads\/2023\/08\/ecodry-425_lifestyle_keller_1500x1000.webp 1500w, https:\/\/ecodry.ch\/wp-content\/uploads\/2023\/08\/ecodry-425_lifestyle_keller_1500x1000-300x200.webp 300w, https:\/\/ecodry.ch\/wp-content\/uploads\/2023\/08\/ecodry-425_lifestyle_keller_1500x1000-1024x683.webp 1024w, https:\/\/ecodry.ch\/wp-content\/uploads\/2023\/08\/ecodry-425_lifestyle_keller_1500x1000-768x512.webp 768w\" sizes=\"auto, (max-width: 1500px) 100vw, 1500px\" \/>\t\t\t\t\t\t\t\t\t\t\t\t\t\t\t<\/p>\n<p style=\"text-align: left;\">Tutti\u00a0<strong><em>ecodry<\/em>\u00a0I deumidificatori superano il requisito minimo per la migliore classe di efficienza energetica A di almeno 45%<\/strong>Questo garantisce un funzionamento molto economico ed efficiente.<\/p>\n<p style=\"text-align: left;\" class=\"translation-block\">Allo stesso tempo, i deumidificatori <em>ecodry<\/em> offrono potenti prestazioni di deumidificazione in funzionamento continuo, per asciugare la biancheria e per asciugare gli edifici.<\/p>\n<p>\t\t\t\t\t\t\t\t\t\t\t\t\t\t\t<img loading=\"lazy\" decoding=\"async\" width=\"800\" height=\"800\" src=\"https:\/\/ecodry.ch\/wp-content\/uploads\/2023\/08\/ecodry_energy_efficiency-1024x1024.jpg\" alt=\"\" srcset=\"https:\/\/ecodry.ch\/wp-content\/uploads\/2023\/08\/ecodry_energy_efficiency-1024x1024.jpg 1024w, https:\/\/ecodry.ch\/wp-content\/uploads\/2023\/08\/ecodry_energy_efficiency-300x300.jpg 300w, https:\/\/ecodry.ch\/wp-content\/uploads\/2023\/08\/ecodry_energy_efficiency-150x150.jpg 150w, https:\/\/ecodry.ch\/wp-content\/uploads\/2023\/08\/ecodry_energy_efficiency-768x768.jpg 768w, https:\/\/ecodry.ch\/wp-content\/uploads\/2023\/08\/ecodry_energy_efficiency.jpg 1500w\" sizes=\"auto, (max-width: 800px) 100vw, 800px\" \/>\t\t\t\t\t\t\t\t\t\t\t\t\t\t\t<\/p>\n<h2>Deumidificatore<\/h2>\n<h2>Deumidificatore<\/h2>\n<h4>Deumidificatore per cantine<\/h4>\n<figure>\n\t\t\t\t\t\t\t\t\t\t\t<a href=\"https:\/\/ecodry.ch\/it\/deumidificatore-ecodry-425\/\"><br \/>\n\t\t\t\t\t\t\t<img loading=\"lazy\" decoding=\"async\" width=\"300\" height=\"300\" src=\"https:\/\/ecodry.ch\/wp-content\/uploads\/2023\/08\/ecodry-425-300x300.jpg\" alt=\"ecodry 425, ideale per combattere la muffa in cantina\" srcset=\"https:\/\/ecodry.ch\/wp-content\/uploads\/2023\/08\/ecodry-425-300x300.jpg 300w, https:\/\/ecodry.ch\/wp-content\/uploads\/2023\/08\/ecodry-425-150x150.jpg 150w, https:\/\/ecodry.ch\/wp-content\/uploads\/2023\/08\/ecodry-425-768x768.jpg 768w, https:\/\/ecodry.ch\/wp-content\/uploads\/2023\/08\/ecodry-425.jpg 800w\" sizes=\"auto, (max-width: 300px) 100vw, 300px\" \/>\t\t\t\t\t\t\t\t<\/a><figcaption>425<\/figcaption><\/figure>\n<figure>\n\t\t\t\t\t\t\t\t\t\t\t<a href=\"https:\/\/ecodry.ch\/it\/deumidificatore-ecodry-cavemaster\/\"><br \/>\n\t\t\t\t\t\t\t<img loading=\"lazy\" decoding=\"async\" width=\"300\" height=\"300\" src=\"https:\/\/ecodry.ch\/wp-content\/uploads\/2023\/08\/ecodry_cavemaster_granite-grey_front_1500x1500-300x300.webp\" alt=\"deumidificatore ecodry CaveMaster\" srcset=\"https:\/\/ecodry.ch\/wp-content\/uploads\/2023\/08\/ecodry_cavemaster_granite-grey_front_1500x1500-300x300.webp 300w, https:\/\/ecodry.ch\/wp-content\/uploads\/2023\/08\/ecodry_cavemaster_granite-grey_front_1500x1500-1024x1024.webp 1024w, https:\/\/ecodry.ch\/wp-content\/uploads\/2023\/08\/ecodry_cavemaster_granite-grey_front_1500x1500-150x150.webp 150w, https:\/\/ecodry.ch\/wp-content\/uploads\/2023\/08\/ecodry_cavemaster_granite-grey_front_1500x1500-768x768.webp 768w, https:\/\/ecodry.ch\/wp-content\/uploads\/2023\/08\/ecodry_cavemaster_granite-grey_front_1500x1500.webp 1500w\" sizes=\"auto, (max-width: 300px) 100vw, 300px\" \/>\t\t\t\t\t\t\t\t<\/a><figcaption>CaveMaster<\/figcaption><\/figure>\n<h4>Asciugatrice<\/h4>\n<figure>\n\t\t\t\t\t\t\t\t\t\t\t<a href=\"https:\/\/ecodry.ch\/it\/lavasciuga-ecodry-neptun\/\"><br \/>\n\t\t\t\t\t\t\t<img loading=\"lazy\" decoding=\"async\" width=\"300\" height=\"300\" src=\"https:\/\/ecodry.ch\/wp-content\/uploads\/2023\/08\/ecodry_neptun_angle_1500x1500-300x300.webp\" alt=\"deumidificatore e asciugatrice ecodry Neptun\" srcset=\"https:\/\/ecodry.ch\/wp-content\/uploads\/2023\/08\/ecodry_neptun_angle_1500x1500-300x300.webp 300w, https:\/\/ecodry.ch\/wp-content\/uploads\/2023\/08\/ecodry_neptun_angle_1500x1500-1024x1024.webp 1024w, https:\/\/ecodry.ch\/wp-content\/uploads\/2023\/08\/ecodry_neptun_angle_1500x1500-150x150.webp 150w, https:\/\/ecodry.ch\/wp-content\/uploads\/2023\/08\/ecodry_neptun_angle_1500x1500-768x769.webp 768w, https:\/\/ecodry.ch\/wp-content\/uploads\/2023\/08\/ecodry_neptun_angle_1500x1500.webp 1500w\" sizes=\"auto, (max-width: 300px) 100vw, 300px\" \/>\t\t\t\t\t\t\t\t<\/a><figcaption>Neptun<\/figcaption><\/figure>\n<figure>\n\t\t\t\t\t\t\t\t\t\t\t<a href=\"https:\/\/ecodry.ch\/it\/deumidificatore-ecodry-625\/\"><br \/>\n\t\t\t\t\t\t\t<img loading=\"lazy\" decoding=\"async\" width=\"300\" height=\"294\" src=\"https:\/\/ecodry.ch\/wp-content\/uploads\/2023\/08\/ecodry-625_814x798-300x294.webp\" alt=\"deumidificatore e asciugatrice ecodry 625\" srcset=\"https:\/\/ecodry.ch\/wp-content\/uploads\/2023\/08\/ecodry-625_814x798-300x294.webp 300w, https:\/\/ecodry.ch\/wp-content\/uploads\/2023\/08\/ecodry-625_814x798-768x753.webp 768w, https:\/\/ecodry.ch\/wp-content\/uploads\/2023\/08\/ecodry-625_814x798.webp 814w\" sizes=\"auto, (max-width: 300px) 100vw, 300px\" \/>\t\t\t\t\t\t\t\t<\/a><figcaption>625<\/figcaption><\/figure>\n<figure>\n\t\t\t\t\t\t\t\t\t\t\t<a href=\"https:\/\/ecodry.ch\/it\/ecodry-925-lavasciuga-ad-aria-ambiente\/\"><br \/>\n\t\t\t\t\t\t\t<img loading=\"lazy\" decoding=\"async\" width=\"300\" height=\"300\" src=\"https:\/\/ecodry.ch\/wp-content\/uploads\/2023\/08\/ecodry-925-mobiler-waschetrockner_1-300x300.jpg\" alt=\"asciugatrice ecodry 925 room air\" srcset=\"https:\/\/ecodry.ch\/wp-content\/uploads\/2023\/08\/ecodry-925-mobiler-waschetrockner_1-300x300.jpg 300w, https:\/\/ecodry.ch\/wp-content\/uploads\/2023\/08\/ecodry-925-mobiler-waschetrockner_1-150x150.jpg 150w, https:\/\/ecodry.ch\/wp-content\/uploads\/2023\/08\/ecodry-925-mobiler-waschetrockner_1-768x768.jpg 768w, https:\/\/ecodry.ch\/wp-content\/uploads\/2023\/08\/ecodry-925-mobiler-waschetrockner_1.jpg 800w\" sizes=\"auto, (max-width: 300px) 100vw, 300px\" \/>\t\t\t\t\t\t\t\t<\/a><figcaption>925<\/figcaption><\/figure>\n<h4>Asciugatrice per edifici<\/h4>\n<figure>\n\t\t\t\t\t\t\t\t\t\t\t<a href=\"https:\/\/ecodry.ch\/it\/essiccatore-per-edifici-ecodry-pro\/\"><br \/>\n\t\t\t\t\t\t\t<img loading=\"lazy\" decoding=\"async\" width=\"300\" height=\"300\" src=\"https:\/\/ecodry.ch\/wp-content\/uploads\/2023\/08\/ecodry_pro_55c_angle_1500x1500-300x300.webp\" alt=\"Essiccatore per edilizia ecodry Pro 55C\" srcset=\"https:\/\/ecodry.ch\/wp-content\/uploads\/2023\/08\/ecodry_pro_55c_angle_1500x1500-300x300.webp 300w, https:\/\/ecodry.ch\/wp-content\/uploads\/2023\/08\/ecodry_pro_55c_angle_1500x1500-1024x1024.webp 1024w, https:\/\/ecodry.ch\/wp-content\/uploads\/2023\/08\/ecodry_pro_55c_angle_1500x1500-150x150.webp 150w, https:\/\/ecodry.ch\/wp-content\/uploads\/2023\/08\/ecodry_pro_55c_angle_1500x1500-768x768.webp 768w, https:\/\/ecodry.ch\/wp-content\/uploads\/2023\/08\/ecodry_pro_55c_angle_1500x1500.webp 1500w\" sizes=\"auto, (max-width: 300px) 100vw, 300px\" \/>\t\t\t\t\t\t\t\t<\/a><figcaption>Pro<\/figcaption><\/figure>\n<p>\t\t\t\t\t\t\t\t\t\t\t\t\t\t\t<img loading=\"lazy\" decoding=\"async\" width=\"1500\" height=\"1000\" src=\"https:\/\/ecodry.ch\/wp-content\/uploads\/2023\/08\/ecodry_cavemaster_lifestyle_fam_1500x1000-1.webp\" alt=\"deumidificatore ecodry CaveMaster in tre colori\" srcset=\"https:\/\/ecodry.ch\/wp-content\/uploads\/2023\/08\/ecodry_cavemaster_lifestyle_fam_1500x1000-1.webp 1500w, https:\/\/ecodry.ch\/wp-content\/uploads\/2023\/08\/ecodry_cavemaster_lifestyle_fam_1500x1000-1-300x200.webp 300w, https:\/\/ecodry.ch\/wp-content\/uploads\/2023\/08\/ecodry_cavemaster_lifestyle_fam_1500x1000-1-1024x683.webp 1024w, https:\/\/ecodry.ch\/wp-content\/uploads\/2023\/08\/ecodry_cavemaster_lifestyle_fam_1500x1000-1-768x512.webp 768w\" sizes=\"auto, (max-width: 1500px) 100vw, 1500px\" \/>\t\t\t\t\t\t\t\t\t\t\t\t\t\t\t<\/p>\n<h2>Accessori<\/h2>\n<h4><a href=\"https:\/\/ecodry.ch\/it\/ecodry-dsh-presa-igrostato\/\">Igrostato<\/a><\/h4>\n<figure>\n\t\t\t\t\t\t\t\t\t\t\t<a href=\"https:\/\/ecodry.ch\/it\/ecodry-dsh-presa-igrostato\/\"><br \/>\n\t\t\t\t\t\t\t<img loading=\"lazy\" decoding=\"async\" width=\"698\" height=\"698\" src=\"https:\/\/ecodry.ch\/wp-content\/uploads\/2023\/08\/ecodry-dsh-front-1_698x698.webp\" alt=\"igrostato ecodry DSH per la presa di corrente\" srcset=\"https:\/\/ecodry.ch\/wp-content\/uploads\/2023\/08\/ecodry-dsh-front-1_698x698.webp 698w, https:\/\/ecodry.ch\/wp-content\/uploads\/2023\/08\/ecodry-dsh-front-1_698x698-300x300.webp 300w, https:\/\/ecodry.ch\/wp-content\/uploads\/2023\/08\/ecodry-dsh-front-1_698x698-150x150.webp 150w\" sizes=\"auto, (max-width: 698px) 100vw, 698px\" \/>\t\t\t\t\t\t\t\t<\/a><figcaption>Monitoraggio dell'umidit\u00e0 esterna<\/figcaption><\/figure>\n<h4><a href=\"https:\/\/ecofort.ch\/de\/766-wasserschlauche\" target=\"_blank\" rel=\"noopener\">Tubi dell'acqua<\/a><\/h4>\n<figure>\n\t\t\t\t\t\t\t\t\t\t\t<a href=\"https:\/\/ecofort.ch\/de\/766-wasserschlauche\" target=\"_blank\" rel=\"noopener\"><br \/>\n\t\t\t\t\t\t\t<img loading=\"lazy\" decoding=\"async\" width=\"800\" height=\"800\" src=\"https:\/\/ecodry.ch\/wp-content\/uploads\/2023\/08\/pvc-kondenswasserschlauch-10mm_white-bg_72dpi_800x800.jpg\" alt=\"\" srcset=\"https:\/\/ecodry.ch\/wp-content\/uploads\/2023\/08\/pvc-kondenswasserschlauch-10mm_white-bg_72dpi_800x800.jpg 800w, https:\/\/ecodry.ch\/wp-content\/uploads\/2023\/08\/pvc-kondenswasserschlauch-10mm_white-bg_72dpi_800x800-300x300.jpg 300w, https:\/\/ecodry.ch\/wp-content\/uploads\/2023\/08\/pvc-kondenswasserschlauch-10mm_white-bg_72dpi_800x800-150x150.jpg 150w, https:\/\/ecodry.ch\/wp-content\/uploads\/2023\/08\/pvc-kondenswasserschlauch-10mm_white-bg_72dpi_800x800-768x768.jpg 768w\" sizes=\"auto, (max-width: 800px) 100vw, 800px\" \/>\t\t\t\t\t\t\t\t<\/a><figcaption>Scarico permanente<\/figcaption><\/figure>\n<h4><a href=\"https:\/\/ecodry.ch\/it\/pompa-ecodry-cavemaster\/\">Pompa dell'acqua<\/a><\/h4>\n<figure>\n\t\t\t\t\t\t\t\t\t\t\t<a href=\"https:\/\/ecodry.ch\/it\/pompa-ecodry-cavemaster\/\"><br \/>\n\t\t\t\t\t\t\t<img loading=\"lazy\" decoding=\"async\" width=\"800\" height=\"800\" src=\"https:\/\/ecodry.ch\/wp-content\/uploads\/2023\/08\/ecodry_cavemaster_pump_side_angle_right_1500x1500-1024x1024.webp\" alt=\"pompa ecodry CaveMaster\" srcset=\"https:\/\/ecodry.ch\/wp-content\/uploads\/2023\/08\/ecodry_cavemaster_pump_side_angle_right_1500x1500-1024x1024.webp 1024w, https:\/\/ecodry.ch\/wp-content\/uploads\/2023\/08\/ecodry_cavemaster_pump_side_angle_right_1500x1500-300x300.webp 300w, https:\/\/ecodry.ch\/wp-content\/uploads\/2023\/08\/ecodry_cavemaster_pump_side_angle_right_1500x1500-150x150.webp 150w, https:\/\/ecodry.ch\/wp-content\/uploads\/2023\/08\/ecodry_cavemaster_pump_side_angle_right_1500x1500-768x768.webp 768w, https:\/\/ecodry.ch\/wp-content\/uploads\/2023\/08\/ecodry_cavemaster_pump_side_angle_right_1500x1500.webp 1500w\" sizes=\"auto, (max-width: 800px) 100vw, 800px\" \/>\t\t\t\t\t\t\t\t<\/a><figcaption>Solo per CaveMaster<\/figcaption><\/figure>\n<h4><a href=\"https:\/\/ecofort.ch\/de\/796-wandhalterungen\" target=\"_blank\" rel=\"noopener\">Staffe a parete<\/a><\/h4>\n<figure>\n\t\t\t\t\t\t\t\t\t\t\t<a href=\"https:\/\/ecofort.ch\/de\/796-wandhalterungen\" target=\"_blank\" rel=\"noopener\"><br \/>\n\t\t\t\t\t\t\t<img loading=\"lazy\" decoding=\"async\" width=\"800\" height=\"800\" src=\"https:\/\/ecodry.ch\/wp-content\/uploads\/2023\/08\/ecodry-625-wandhalterung.jpg\" alt=\"\" srcset=\"https:\/\/ecodry.ch\/wp-content\/uploads\/2023\/08\/ecodry-625-wandhalterung.jpg 800w, https:\/\/ecodry.ch\/wp-content\/uploads\/2023\/08\/ecodry-625-wandhalterung-300x300.jpg 300w, https:\/\/ecodry.ch\/wp-content\/uploads\/2023\/08\/ecodry-625-wandhalterung-150x150.jpg 150w, https:\/\/ecodry.ch\/wp-content\/uploads\/2023\/08\/ecodry-625-wandhalterung-768x768.jpg 768w\" sizes=\"auto, (max-width: 800px) 100vw, 800px\" \/>\t\t\t\t\t\t\t\t<\/a><figcaption>Risparmio di spazio<\/figcaption><\/figure>\n<p>\t\t\t\t\t\t\t<img data-src=\"https:\/\/ecodry.ch\/wp-content\/uploads\/2023\/08\/placeholder-9.png\" alt=\"ecodry Neptun\"><br \/>\n\t\t\t\t\t\t\t\t\t\t<cite>ecodry Neptun<i>\u2605<\/i><i>\u2605<\/i><i>\u2605<\/i><i>\u2605<\/i><i>\u2605<\/i>11.12.2023<\/cite>\t\t\t\t\tPer saperne di pi\u00f9<br \/>\n\t\t\t\t\t\tIl nostro Ecofort Neptun si trova nel nostro garage e funziona perfettamente. Funzionamento semplice e senza complicazioni.<br \/>\n\t\t\t\t\t\t\t<img data-src=\"https:\/\/ecodry.ch\/wp-content\/uploads\/2023\/08\/placeholder-9.png\" alt=\"ecodry Neptun\"><br \/>\n\t\t\t\t\t\t\t\t\t\t<cite>ecodry Neptun<i>\u2605<\/i><i>\u2605<\/i><i>\u2605<\/i><i>\u2605<\/i><i>\u2605<\/i>5.12.2023<\/cite>\t\t\t\t\tPer saperne di pi\u00f9<br \/>\n\t\t\t\t\t\tFa quello che promette (prestazioni). Design chiaro e buona fattura<br \/>\n\t\t\t\t\t\t\t<img data-src=\"https:\/\/ecodry.ch\/wp-content\/uploads\/2023\/08\/placeholder-9.png\" alt=\"ecodry DSH\"><br \/>\n\t\t\t\t\t\t\t\t\t\t<cite>ecodry DSH<i>\u2605<\/i><i>\u2605<\/i><i>\u2605<\/i><i>\u2605<\/i><i>\u2605<\/i>8.10.2023<\/cite>\t\t\t\t\tPer saperne di pi\u00f9<br \/>\n\t\t\t\t\t\tFacile da maneggiare, l'unit\u00e0 \u00e8 molto efficiente. Le rotelle facilitano l'uso mobile.<br \/>\n\t\t\t\t\t\t\t<img data-src=\"https:\/\/ecodry.ch\/wp-content\/uploads\/2023\/08\/placeholder-9.png\" alt=\"ecodry Neptun\"><br \/>\n\t\t\t\t\t\t\t\t\t\t<cite>ecodry Neptun<i>\u2605<\/i><i>\u2605<\/i><i>\u2605<\/i><i>\u2605<\/i><i>\u2605<\/i>29.9.2023<\/cite>\t\t\t\t\tPer saperne di pi\u00f9<br \/>\n\t\t\t\t\t\tSi posiziona nella lavanderia e asciuga il bucato in modo efficiente.<br \/>\n\t\t\t\t\t\t\t<img data-src=\"https:\/\/ecodry.ch\/wp-content\/uploads\/2023\/08\/placeholder-9.png\" alt=\"ecodry 425\"><br \/>\n\t\t\t\t\t\t\t\t\t\t<cite>ecodry 425<i>\u2605<\/i><i>\u2605<\/i><i>\u2605<\/i><i>\u2605<\/i><i>\u2605<\/i>24.7.2023<\/cite>\t\t\t\t\tPer saperne di pi\u00f9<br \/>\n\t\t\t\t\t\tIl prodotto \u00e8 pi\u00f9 rumoroso dell'altro prodotto della concorrenza. Per questo motivo ho tolto una stella. Ma le prestazioni, il funzionamento e la qualit\u00e0 sono al top! Ideale per cantine, garage, lavanderie. Un chiaro consiglio!<br \/>\n\t\t\t\t\t\t\t<img data-src=\"https:\/\/ecodry.ch\/wp-content\/uploads\/2023\/08\/placeholder-3.png\" alt=\"ecodry 625\"><br \/>\n\t\t\t\t\t\t\t\t\t\t<cite>ecodry 625<i>\u2605<\/i><i>\u2605<\/i><i>\u2605<\/i><i>\u2605<\/i><i>\u2605<\/i>1.7.2023<\/cite>\t\t\t\t\tPer saperne di pi\u00f9<br \/>\n\t\t\t\t\t\tFacile da maneggiare, l'unit\u00e0 \u00e8 molto efficiente. Le rotelle facilitano l'uso mobile.<br \/>\n\t\t\t\t\t\t\t<img data-src=\"https:\/\/ecodry.ch\/wp-content\/uploads\/2023\/08\/placeholder.png\" alt=\"ecodry 425\"><br \/>\n\t\t\t\t\t\t\t\t\t\t<cite>ecodry 425<i>\u2605<\/i><i>\u2605<\/i><i>\u2605<\/i><i>\u2605<\/i><i>\u2605<\/i>31.5.2023<\/cite>\t\t\t\t\tPer saperne di pi\u00f9<br \/>\n\t\t\t\t\t\tFunziona perfettamente, come dovrebbe!<br \/>\n\t\t\t\t\t\t\t<img data-src=\"https:\/\/ecodry.ch\/wp-content\/uploads\/2023\/08\/placeholder-1.png\" alt=\"ecodry 425\"><br \/>\n\t\t\t\t\t\t\t\t\t\t<cite>ecodry 425<i>\u2605<\/i><i>\u2605<\/i><i>\u2605<\/i><i>\u2605<\/i><i>\u2605<\/i>4.1.2023<\/cite>\t\t\t\t\tPer saperne di pi\u00f9<br \/>\n\t\t\t\t\t\tMolto buono<br \/>\n\t\t\t\t\t\t\t<img data-src=\"https:\/\/ecodry.ch\/wp-content\/uploads\/2023\/08\/placeholder-2.png\" alt=\"ecodry 425\"><br \/>\n\t\t\t\t\t\t\t\t\t\t<cite>ecodry 425<i>\u2605<\/i><i>\u2605<\/i><i>\u2605<\/i><i>\u2605<\/i><i>\u2605<\/i>29.12.2022<\/cite>\t\t\t\t\tPer saperne di pi\u00f9<br \/>\n\t\t\t\t\t\t???????? top<br \/>\n\t\t\t\t\t\t\t<img data-src=\"https:\/\/ecodry.ch\/wp-content\/plugins\/elementor\/assets\/images\/placeholder.png\" alt=\"ecodry DSH\"><br \/>\n\t\t\t\t\t\t\t\t\t\t<cite>ecodry DSH<i>\u2605<\/i><i>\u2605<\/i><i>\u2605<\/i><i>\u2605<\/i><i>\u2605<\/i>9.5.2022<\/cite>\t\t\t\t\tPer saperne di pi\u00f9<br \/>\n\t\t\t\t\t\tDispositivo molto pratico<br \/>\n\t\t\t\t\t\t\t<img data-src=\"https:\/\/ecodry.ch\/wp-content\/plugins\/elementor\/assets\/images\/placeholder.png\" alt=\"ecodry 6256\"><br \/>\n\t\t\t\t\t\t\t\t\t\t<cite>ecodry 6256<i>\u2605<\/i><i>\u2605<\/i><i>\u2605<\/i><i>\u2605<\/i><i>\u2605<\/i>Markus W., 18.2.2021<\/cite>\t\t\t\t\tPer saperne di pi\u00f9<br \/>\n\t\t\t\t\t\tmaneggevole, mobile e nota nel funzionamento, estremamente veloce nell'asciugare il bucato<br \/>\n\t\t\t\t\t\t\t<img data-src=\"https:\/\/ecodry.ch\/wp-content\/uploads\/2023\/08\/placeholder-5.png\" alt=\"ecodry 625\"><br \/>\n\t\t\t\t\t\t\t\t\t\t<cite>ecodry 625<i>\u2605<\/i><i>\u2605<\/i><i>\u2605<\/i><i>\u2605<\/i><i>\u2605<\/i>20.12.2020<\/cite>\t\t\t\t\tPer saperne di pi\u00f9<br \/>\n\t\t\t\t\t\tL'ecodry 625 \u00e8 molto universale, molto silenzioso e facile da regolare.<br \/>\n\t\t\t\t\t\t\t<img data-src=\"https:\/\/ecodry.ch\/wp-content\/uploads\/2023\/08\/placeholder-8.png\" alt=\"ecodry 625\"><br \/>\n\t\t\t\t\t\t\t\t\t\t<cite>ecodry 625<i>\u2605<\/i><i>\u2605<\/i><i>\u2605<\/i><i>\u2605<\/i><i>\u2605<\/i>Beat C., 09.11.2020<\/cite>\t\t\t\t\tPer saperne di pi\u00f9<br \/>\n\t\t\t\t\t\tUnit\u00e0 efficiente e facile da usare. Sarebbe molto utile un display per l'igrometro (me lo procurer\u00f2 a parte).<br \/>\n\t\t\t\t\t\t\t<img data-src=\"https:\/\/ecodry.ch\/wp-content\/uploads\/2023\/08\/placeholder-6.png\" alt=\"ecodry 925\"><br \/>\n\t\t\t\t\t\t\t\t\t\t<cite>ecodry 925<i>\u2605<\/i><i>\u2605<\/i><i>\u2605<\/i><i>\u2605<\/i><i>\u2605<\/i>28.7.2020<\/cite>\t\t\t\t\tPer saperne di pi\u00f9<br \/>\n\t\t\t\t\t\tTre Ecodry925 deumidificano ora le antiche mura della nostra casa di vacanza (capacit\u00e0 cubica 1500 m3) con grande affidabilit\u00e0 ed efficienza, l'odore di muffa \u00e8 scomparso. Torniamo ogni volta!<br \/>\n\t\t\t\t\t\t\t<img data-src=\"https:\/\/ecodry.ch\/wp-content\/uploads\/2023\/08\/placeholder-7.png\" alt=\"ecodry 925\"><br \/>\n\t\t\t\t\t\t\t\t\t\t<cite>ecodry 925<i>\u2605<\/i><i>\u2605<\/i><i>\u2605<\/i><i>\u2605<\/i><i>\u2605<\/i>Thomas G., 7.3.2019<\/cite>\t\t\t\t\tPer saperne di pi\u00f9<br \/>\n\t\t\t\t\t\tDispositivo professionale. Soddisfa perfettamente il suo scopo.<br \/>\n\t\t\t\t\t\t\t\t\t\t\t\t\t\tPrecedente<br \/>\n\t\t\t\t\t\t\t\t\t\t\t\t\t\tAvanti<br \/>\n\t\t\t<a href=\"https:\/\/ecofort.ch\/de\/696-ecodry\" target=\"_blank\" rel=\"noopener\"><br \/>\n\t\t\t\t\t\tACQUISTO<br \/>\n\t\t\t\t\t<\/a><br \/>\n\t\t\t\t\t\t\t\t\t\t\t\t\t\t\t\t<a href=\"https:\/\/ecofort.ch\/de\/696-ecodry\" target=\"_blank\" rel=\"noopener\"><br \/>\n\t\t\t\t\t\t\t<img loading=\"lazy\" decoding=\"async\" width=\"800\" height=\"534\" src=\"https:\/\/ecodry.ch\/wp-content\/uploads\/2023\/08\/ecodry_classic_line_family_keller_1500x1000-1024x683.webp\" alt=\"Il deumidificatore e l&#039;asciugatrice ecodry Classic Line in una cantina moderna\" srcset=\"https:\/\/ecodry.ch\/wp-content\/uploads\/2023\/08\/ecodry_classic_line_family_keller_1500x1000-1024x683.webp 1024w, https:\/\/ecodry.ch\/wp-content\/uploads\/2023\/08\/ecodry_classic_line_family_keller_1500x1000-300x200.webp 300w, https:\/\/ecodry.ch\/wp-content\/uploads\/2023\/08\/ecodry_classic_line_family_keller_1500x1000-768x512.webp 768w, https:\/\/ecodry.ch\/wp-content\/uploads\/2023\/08\/ecodry_classic_line_family_keller_1500x1000.webp 1500w\" sizes=\"auto, (max-width: 800px) 100vw, 800px\" \/>\t\t\t\t\t\t\t\t<\/a><br \/>\n\t\t\t<a href=\"https:\/\/support.ecofort.ch\/de\/support\/solutions\/6000140717\" target=\"_blank\" rel=\"noopener\"><br \/>\n\t\t\t\t\t\tSOSTEGNO<br \/>\n\t\t\t\t\t<\/a><br \/>\n\t\t\t\t\t\t\t\t\t\t\t\t\t\t\t\t<a href=\"https:\/\/support.ecofort.ch\/de\/support\/solutions\/6000140717\" target=\"_blank\" rel=\"noopener\"><br \/>\n\t\t\t\t\t\t\t<img loading=\"lazy\" decoding=\"async\" width=\"800\" height=\"534\" src=\"https:\/\/ecodry.ch\/wp-content\/uploads\/2023\/08\/ecofort_beratung-kundendienst_ken_1_1500x1000-1024x683.webp\" alt=\"Assistenza clienti ecofort\" srcset=\"https:\/\/ecodry.ch\/wp-content\/uploads\/2023\/08\/ecofort_beratung-kundendienst_ken_1_1500x1000-1024x683.webp 1024w, https:\/\/ecodry.ch\/wp-content\/uploads\/2023\/08\/ecofort_beratung-kundendienst_ken_1_1500x1000-300x200.webp 300w, https:\/\/ecodry.ch\/wp-content\/uploads\/2023\/08\/ecofort_beratung-kundendienst_ken_1_1500x1000-768x512.webp 768w, https:\/\/ecodry.ch\/wp-content\/uploads\/2023\/08\/ecofort_beratung-kundendienst_ken_1_1500x1000.webp 1500w\" sizes=\"auto, (max-width: 800px) 100vw, 800px\" \/>\t\t\t\t\t\t\t\t<\/a><\/p>","protected":false},"excerpt":{"rendered":"<p>ecodry Luft&shy;entfeuchter Kellerentfeuchter, W\u00e4schetrockner &#038; Bautrockner Stark, effizient &#038; langlebig ecodry verk\u00f6rpert die perfekte Symbiose aus Luxus, Leistung und Nachhaltigkeit. Deshalb lautet der ecodry-Slogan:&#171;H\u00f6chste Qualit\u00e4t f\u00fcr h\u00f6chste Anspr\u00fcche&#187;. ecodry Luftentfeuchter steht f\u00fcr herausragende Leistung und niedrigen Energieverbrauch und damit f\u00fcr hohe Effizienz. Alle\u00a0ecodry\u00a0Entfeuchter \u00fcbertreffen die Minimal\u00adanforderung f\u00fcr die beste Energie\u00adeffizienzklasse A um mindestens 45%, so [&hellip;]<\/p>\n","protected":false},"author":4,"featured_media":3120,"parent":0,"menu_order":0,"comment_status":"closed","ping_status":"closed","template":"elementor_header_footer","meta":{"inline_featured_image":false,"footnotes":""},"class_list":["post-2838","page","type-page","status-publish","has-post-thumbnail","hentry"],"_links":{"self":[{"href":"https:\/\/ecodry.ch\/it\/wp-json\/wp\/v2\/pages\/2838","targetHints":{"allow":["GET"]}}],"collection":[{"href":"https:\/\/ecodry.ch\/it\/wp-json\/wp\/v2\/pages"}],"about":[{"href":"https:\/\/ecodry.ch\/it\/wp-json\/wp\/v2\/types\/page"}],"author":[{"embeddable":true,"href":"https:\/\/ecodry.ch\/it\/wp-json\/wp\/v2\/users\/4"}],"replies":[{"embeddable":true,"href":"https:\/\/ecodry.ch\/it\/wp-json\/wp\/v2\/comments?post=2838"}],"version-history":[{"count":125,"href":"https:\/\/ecodry.ch\/it\/wp-json\/wp\/v2\/pages\/2838\/revisions"}],"predecessor-version":[{"id":3436,"href":"https:\/\/ecodry.ch\/it\/wp-json\/wp\/v2\/pages\/2838\/revisions\/3436"}],"wp:featuredmedia":[{"embeddable":true,"href":"https:\/\/ecodry.ch\/it\/wp-json\/wp\/v2\/media\/3120"}],"wp:attachment":[{"href":"https:\/\/ecodry.ch\/it\/wp-json\/wp\/v2\/media?parent=2838"}],"curies":[{"name":"wp","href":"https:\/\/api.w.org\/{rel}","templated":true}]}}