{"id":3311,"date":"2023-09-04T09:54:08","date_gmt":"2023-09-04T08:54:08","guid":{"rendered":"https:\/\/ecodry.ch\/?page_id=3311"},"modified":"2023-09-04T13:18:26","modified_gmt":"2023-09-04T12:18:26","slug":"schimmel-im-keller","status":"publish","type":"page","link":"https:\/\/ecodry.ch\/fr\/moisissure-au-caveau\/","title":{"rendered":"Moisissures dans la cave"},"content":{"rendered":"<h1>Moisissures dans la cave<\/h1>\n<h4>Moisissures dans la cave : cause, sympt\u00f4mes, pr\u00e9vention et \u00e9limination<\/h4>\n<p>Les caves anciennes, mais aussi les nouvelles, pr\u00e9sentent souvent des traces de moisissures, qui se manifestent \u00e0 diff\u00e9rents niveaux de pollution. Il existe diff\u00e9rents types de moisissures. Le spectre des couleurs est tr\u00e8s large. La moisissure blanche est tr\u00e8s fr\u00e9quente, mais on observe aussi souvent des moisissures vertes, jaunes et noires dans les caves.<\/p>\n<p>Les causes de la moisissure et le probl\u00e8me des caves<br \/>Trois causes principales peuvent \u00eatre mises en avant ici, toutes deux li\u00e9es \u00e0 des probl\u00e8mes d'humidit\u00e9 ou \u00e0 un taux d'humidit\u00e9 trop \u00e9lev\u00e9. L'eau qui s'infiltre dans la cave en est une, l'autre raison est une humidit\u00e9 relative trop \u00e9lev\u00e9e, et enfin, l'humidit\u00e9 r\u00e9siduelle dans les murs est due \u00e0 un s\u00e9chage insuffisant de la construction.<\/p>\n<p>Une seule de ces causes d'humidit\u00e9 peut entra\u00eener des dommages dus \u00e0 l'humidit\u00e9, tels que l'odeur de moisi et la formation de moisissures. Toutes les causes combin\u00e9es sont particuli\u00e8rement dangereuses et difficiles \u00e0 ma\u00eetriser. Si l'on ignore l'odeur de moisi et les moisissures, cela peut entra\u00eener \u00e0 long terme la d\u00e9t\u00e9rioration de la structure du b\u00e2timent (d\u00e9gradation des murs). Le fait que la plupart des caves soient \u00e9tanches \u00e0 l'air et ne disposent ni de fen\u00eatre ni d'a\u00e9ration ne fait qu'aggraver ce probl\u00e8me d'humidit\u00e9.<\/p>\n<p>Si, en raison d'une structure de construction insuffisante ou endommag\u00e9e, de l'humidit\u00e9 p\u00e9n\u00e8tre dans la cave par les murs ou par le sol, l'humidit\u00e9 cr\u00e9e un terrain id\u00e9al pour la prolif\u00e9ration des moisissures. En l'absence de barri\u00e8re contre l'humidit\u00e9 (pour les maisons construites avant 1970), l'effet dit \"capillaire\" fait que les murs de la maison absorbent l'eau depuis le sol. Si vous plongez un quart d'un morceau de sucre dans votre caf\u00e9, le caf\u00e9 remontera contre la force de gravit\u00e9 - c'est ce qu'on appelle l'effet capillaire, qui est souvent \u00e0 l'origine des probl\u00e8mes d'humidit\u00e9 dans les caves.<\/p>\n<p>S'il s'agit d'un d\u00e9g\u00e2t des eaux dans la cave, d\u00fb par exemple \u00e0 une rupture de canalisation, il faut r\u00e9agir imm\u00e9diatement et correctement. Pour l'ass\u00e8chement, il faut louer des d\u00e9shumidificateurs de chantier, qui sont des appareils de d\u00e9shumidification de l'air particuli\u00e8rement performants et robustes, afin d'ass\u00e9cher plus rapidement les d\u00e9g\u00e2ts d'eau et de pr\u00e9venir d'autres dommages dus \u00e0 l'humidit\u00e9.<\/p>\n<h2>Pr\u00e9vention des moisissures \u00e0 moindre co\u00fbt<\/h2>\n<p>La solution la plus \u00e9conomique \u00e0 long terme pour les probl\u00e8mes d'humidit\u00e9 dans la cave est d'utiliser un d\u00e9shumidificateur de cave fiable, comme le <a href=\"https:\/\/ecodry.ch\/fr\/deshumidificateur-ecodry-425\/\">ecodry 425 <\/a>ou le <a href=\"https:\/\/ecodry.ch\/fr\/deshumidificateur-ecodry-cavemaster\/\">ecodry CaveMaster<\/a>. Celui-ci dispose de la fonction de d\u00e9marrage automatique n\u00e9cessaire, d'une finition de haute qualit\u00e9 (long\u00e9vit\u00e9), de 10 niveaux de fonctionnement et convainc par son fonctionnement extr\u00eamement efficace sur le plan \u00e9nerg\u00e9tique et silencieux.<\/p>\n<p><em>Conseil<\/em> R\u00e9glez l'ecodry 425 sur le niveau de fonctionnement n\u00b06, d\u00e8s que l'humidit\u00e9 relative d\u00e9passe 60%, le d\u00e9shumidificateur se met en marche pour faire redescendre l'humidit\u00e9 \u00e0 60%. 60% d'humidit\u00e9 relative correspond \u00e0 l'humidit\u00e9 optimale de la cave, dans ces conditions, aucune odeur de renferm\u00e9 ou de moisissure ne peut appara\u00eetre.<\/p>\n<figure>\n\t\t\t\t\t\t\t\t\t\t\t<a href=\"https:\/\/ecodry.ch\/fr\/deshumidificateur-ecodry-425\/\"><br \/>\n\t\t\t\t\t\t\t<img decoding=\"async\" width=\"800\" height=\"800\" src=\"https:\/\/ecodry.ch\/wp-content\/uploads\/2023\/08\/ecodry-425.jpg\" alt=\"ecodry 425, id\u00e9al pour lutter contre les moisissures dans les caves\" loading=\"lazy\" srcset=\"https:\/\/ecodry.ch\/wp-content\/uploads\/2023\/08\/ecodry-425.jpg 800w, https:\/\/ecodry.ch\/wp-content\/uploads\/2023\/08\/ecodry-425-300x300.jpg 300w, https:\/\/ecodry.ch\/wp-content\/uploads\/2023\/08\/ecodry-425-150x150.jpg 150w, https:\/\/ecodry.ch\/wp-content\/uploads\/2023\/08\/ecodry-425-768x768.jpg 768w\" sizes=\"auto, (max-width: 800px) 100vw, 800px\" \/>\t\t\t\t\t\t\t\t<\/a><figcaption>ecodry 425<\/figcaption><\/figure>\n<h4>Comment reconna\u00eetre les moisissures dans une cave ?<\/h4>\n<p>La moisissure est souvent \u00e0 l'origine d'une odeur de moisi qui se r\u00e9pand dans la maison depuis la cave. Des taches peuvent \u00e9galement \u00eatre per\u00e7ues visuellement sur les murs de la cave. Celles-ci peuvent avoir les couleurs et les tailles les plus diverses, selon le type et l'intensit\u00e9 de l'infestation. Outre les murs de la cave, les moisissures peuvent \u00e9galement s'attaquer aux objets et aux meubles. Il convient de noter que des spores de moisissures peuvent se trouver dans l'air sans que l'on puisse les percevoir visuellement.<\/p>\n<h4>\u00c9liminer les moisissures dans la cave<\/h4>\n<p>Pour \u00e9liminer les moisissures dans la cave, on peut utiliser un produit anti-moisissure en cas d'attaque l\u00e9g\u00e8re. Une fois la moisissure \u00e9limin\u00e9e, l'humidit\u00e9 relative doit \u00eatre maintenue en dessous de 60% afin de priver la moisissure de son milieu de culture.<\/p>\n<h4>L'air chaud et humide se refroidit sur les murs de la cave<\/h4>\n<p>Attention : a\u00e9rer peut \u00eatre contre-productif. Le plus gros probl\u00e8me et le danger d'a\u00e9rer en \u00e9t\u00e9 et en automne est que l'on risque d'amener encore plus d'humidit\u00e9 \u00e0 l'int\u00e9rieur de la maison. Comme l'air est plus chaud \u00e0 l'ext\u00e9rieur et peut absorber plus d'humidit\u00e9, il se refroidit \u00e0 l'int\u00e9rieur de la cave et peut porter moins d'eau qu'avant.<\/p>\n<p>Il n'y a donc pas d'eau qui sort, mais qui entre dans la cave. Cela entra\u00eene un risque accru de moisissures, surtout parce que l'on pense faire quelque chose contre l'humidit\u00e9 excessive et que l'on s'attend moins \u00e0 des moisissures. Il faut donc veiller \u00e0 n'a\u00e9rer en \u00e9t\u00e9 que le matin ou la nuit, lorsqu'il fait plus frais dehors. Sinon, gardez les fen\u00eatres ferm\u00e9es et contr\u00f4lez l'humidit\u00e9 relative de l'air pour qu'elle ne d\u00e9passe pas 60%. Si c'est le cas, il faut utiliser un d\u00e9shumidificateur.<\/p>\n<p>\t\t\t<a href=\"https:\/\/ecofort.ch\/fr\/deshumidificateur\/311-ecodry-425.html\" target=\"_blank\" rel=\"noopener\"><br \/>\n\t\t\t\t\t\tecodry 425 dans la boutique<br \/>\n\t\t\t\t\t<\/a><br \/>\n\t\t\t<a href=\"https:\/\/ecofort.ch\/fr\/deshumidificateur\/3226-ecodry-cavemaster.html\" target=\"_blank\" rel=\"noopener\"><br \/>\n\t\t\t\t\t\tecodry CaveMaster dans la boutique<br \/>\n\t\t\t\t\t<\/a><\/p>","protected":false},"excerpt":{"rendered":"<p>Schimmel im Keller Schimmelbefall im Keller: Ursache, Symptome, Pr\u00e4vention und Beseitigung Alte, aber auch neue Keller weisen oft Spuren von Schimmel auf, die in verschiedensten Belastungsstufen zutage treten. Bez\u00fcglich des Schimmelpilzes gibt es verschiedene Arten. Das Farbspektrum ist breit gef\u00e4chert. Sehr h\u00e4ufig ist der weisse Schimmel, aber auch gr\u00fcner, gelber und schwarzer Schimmelpilz wird oft [&hellip;]<\/p>\n","protected":false},"author":4,"featured_media":0,"parent":0,"menu_order":0,"comment_status":"closed","ping_status":"closed","template":"","meta":{"inline_featured_image":false,"footnotes":""},"class_list":["post-3311","page","type-page","status-publish","hentry"],"_links":{"self":[{"href":"https:\/\/ecodry.ch\/fr\/wp-json\/wp\/v2\/pages\/3311","targetHints":{"allow":["GET"]}}],"collection":[{"href":"https:\/\/ecodry.ch\/fr\/wp-json\/wp\/v2\/pages"}],"about":[{"href":"https:\/\/ecodry.ch\/fr\/wp-json\/wp\/v2\/types\/page"}],"author":[{"embeddable":true,"href":"https:\/\/ecodry.ch\/fr\/wp-json\/wp\/v2\/users\/4"}],"replies":[{"embeddable":true,"href":"https:\/\/ecodry.ch\/fr\/wp-json\/wp\/v2\/comments?post=3311"}],"version-history":[{"count":19,"href":"https:\/\/ecodry.ch\/fr\/wp-json\/wp\/v2\/pages\/3311\/revisions"}],"predecessor-version":[{"id":3354,"href":"https:\/\/ecodry.ch\/fr\/wp-json\/wp\/v2\/pages\/3311\/revisions\/3354"}],"wp:attachment":[{"href":"https:\/\/ecodry.ch\/fr\/wp-json\/wp\/v2\/media?parent=3311"}],"curies":[{"name":"wp","href":"https:\/\/api.w.org\/{rel}","templated":true}]}}