{"id":3225,"date":"2023-08-28T10:37:05","date_gmt":"2023-08-28T09:37:05","guid":{"rendered":"https:\/\/staging.ecodry.ch\/?page_id=3225"},"modified":"2023-09-07T13:33:53","modified_gmt":"2023-09-07T12:33:53","slug":"ecodry-cavemaster-luftentfeuchter","status":"publish","type":"page","link":"https:\/\/ecodry.ch\/fr\/deshumidificateur-ecodry-cavemaster\/","title":{"rendered":"D\u00e9shumidificateur ecodry CaveMaster"},"content":{"rendered":"<h1>ecodry CaveMaster<\/h1>\n<h2>D\u00e9shumidificateur haut de gamme<\/h2>\n<p>Le site <em>ecodry CaveMaster<\/em> convainc par une qualit\u00e9 sans compromis pour une longue dur\u00e9e de vie associ\u00e9e \u00e0 une efficacit\u00e9 in\u00e9gal\u00e9e pour un fonctionnement \u00e9conomique en continu. La meilleure qualit\u00e9 est garantie par l'utilisation de composants de haute qualit\u00e9, d'une technologie moderne et d'une volont\u00e9 de perfection.<\/p>\n<p>Le mode Auto innovant permet un fonctionnement particuli\u00e8rement simple. Il suffit d'appuyer sur le bouton Auto pour que le d\u00e9shumidificateur r\u00e9gule l'humidit\u00e9 optimale de mani\u00e8re particuli\u00e8rement \u00e9conomique.<\/p>\n<p>\t\t\t\t\t\t\t\t\t\t\t\t\t\t\t<img decoding=\"async\" width=\"768\" height=\"512\" src=\"https:\/\/ecodry.ch\/wp-content\/uploads\/2023\/08\/ecodry_cavemaster_lifestyle_fam_1500x1000-1-768x512.webp\" alt=\"D\u00e9shumidificateur ecodry CaveMaster en trois couleurs\" loading=\"lazy\" srcset=\"https:\/\/ecodry.ch\/wp-content\/uploads\/2023\/08\/ecodry_cavemaster_lifestyle_fam_1500x1000-1-768x512.webp 768w, https:\/\/ecodry.ch\/wp-content\/uploads\/2023\/08\/ecodry_cavemaster_lifestyle_fam_1500x1000-1-300x200.webp 300w, https:\/\/ecodry.ch\/wp-content\/uploads\/2023\/08\/ecodry_cavemaster_lifestyle_fam_1500x1000-1-1024x683.webp 1024w, https:\/\/ecodry.ch\/wp-content\/uploads\/2023\/08\/ecodry_cavemaster_lifestyle_fam_1500x1000-1.webp 1500w\" sizes=\"auto, (max-width: 768px) 100vw, 768px\" \/>\t\t\t\t\t\t\t\t\t\t\t\t\t\t\t<\/p>\n<ul>\n<li>\n\t\t\t\t\t\t\t\t\t\tDisponible en trois couleurs\n\t\t\t\t\t\t\t\t\t<\/li>\n<li>\n\t\t\t\t\t\t\t\t\t\tAvec poign\u00e9es et roulettes robustes\n\t\t\t\t\t\t\t\t\t<\/li>\n<li>\n\t\t\t\t\t\t\t\t\t\tBo\u00eetier m\u00e9tallique extra-robuste\n\t\t\t\t\t\t\t\t\t<\/li>\n<li>\n\t\t\t\t\t\t\t\t\t\tContr\u00f4le \u00e0 distance Wi-Fi\n\t\t\t\t\t\t\t\t\t<\/li>\n<\/ul>\n<p>\t\t\t\t\t\t\t\t\t\t\t\t\t\t\t<img decoding=\"async\" width=\"1500\" height=\"1000\" src=\"https:\/\/ecodry.ch\/wp-content\/uploads\/2023\/08\/ecodry_cavemaster_lifestyle8_banner_1500x1000.webp\" alt=\"\" loading=\"lazy\" srcset=\"https:\/\/ecodry.ch\/wp-content\/uploads\/2023\/08\/ecodry_cavemaster_lifestyle8_banner_1500x1000.webp 1500w, https:\/\/ecodry.ch\/wp-content\/uploads\/2023\/08\/ecodry_cavemaster_lifestyle8_banner_1500x1000-300x200.webp 300w, https:\/\/ecodry.ch\/wp-content\/uploads\/2023\/08\/ecodry_cavemaster_lifestyle8_banner_1500x1000-1024x683.webp 1024w, https:\/\/ecodry.ch\/wp-content\/uploads\/2023\/08\/ecodry_cavemaster_lifestyle8_banner_1500x1000-768x512.webp 768w\" sizes=\"auto, (max-width: 1500px) 100vw, 1500px\" \/><br \/>\n\t\t\t\t\t\tDonn\u00e9es techniques T\u00e9l\u00e9chargements<br \/>\n\t\t\t\t\t\tDonn\u00e9es techniques<\/p>\n<table>\n<thead>\n<tr>\n<th>ecodry CaveMaster<\/th>\n<th>\u00a0<\/th>\n<\/tr>\n<\/thead>\n<tbody>\n<tr>\n<td>Capacit\u00e9 de d\u00e9shumidification<\/td>\n<td>25 litres en 24 heures \u00e0 30 \u00b0C et 80% d'humidit\u00e9 relative<\/td>\n<\/tr>\n<tr>\n<td>Taille max. Taille de la pi\u00e8ce<\/td>\n<td>100 m\u00b2 \/ 250 m\u00b3<\/td>\n<\/tr>\n<tr>\n<td>Couleur<\/td>\n<td>Sapphire Blue, Grey Anthrazite, Oyster White<\/td>\n<\/tr>\n<tr>\n<td>Puissance absorb\u00e9e<\/td>\n<td>255 W \u00e0 30 \u00b0C et 80% r. F.<\/td>\n<\/tr>\n<tr>\n<td>Circulation de l'air<\/td>\n<td>215 m\u00b3 \/ h<\/td>\n<\/tr>\n<tr>\n<td>Bruit de fonctionnement<\/td>\n<td>50 dB(A)<\/td>\n<\/tr>\n<tr>\n<td>R\u00e9servoir d'eau<\/td>\n<td>6 litres<\/td>\n<\/tr>\n<tr>\n<td>R\u00e9frig\u00e9rant<\/td>\n<td>R290<\/td>\n<\/tr>\n<tr>\n<td>Temp\u00e9rature ambiante<\/td>\n<td>5 - 35 \u00b0C<\/td>\n<\/tr>\n<tr>\n<td>Dimensions H x L x P<\/td>\n<td>535 x 390 x 320 mm<\/td>\n<\/tr>\n<tr>\n<td>Poids<\/td>\n<td>20,5 kg<\/td>\n<\/tr>\n<tr>\n<td>Garantie<\/td>\n<td>3 ans<\/td>\n<\/tr>\n<\/tbody>\n<\/table>\n<p>\t\t\t\tT\u00e9l\u00e9chargements<\/p>\n<ul>\n<li>\n\t\t\t\t\t\t\t\t\t\t\t<a href=\"\/wp-content\/uploads\/2023\/08\/ecodry-CaveMaster-Manual_WEB.pdf\"><br \/>\n\t\t\t\t\t\t\t\t\t\tInstructions<br \/>\n\t\t\t\t\t\t\t\t\t\t\t<\/a>\n\t\t\t\t\t\t\t\t\t<\/li>\n<\/ul>\n<ul>\n<li>\n\t\t\t\t\t\t\t\t\t\t\t<a href=\"\/wp-content\/uploads\/2023\/08\/ecodry-CaveMaster-Manual_WEB.pdf\"><br \/>\n\t\t\t\t\t\t\t\t\t\tInstructions<br \/>\n\t\t\t\t\t\t\t\t\t\t\t<\/a>\n\t\t\t\t\t\t\t\t\t<\/li>\n<\/ul>\n<table>\n<thead>\n<tr>\n<th>ecodry CaveMaster<\/th>\n<th>\u00a0<\/th>\n<\/tr>\n<\/thead>\n<tbody>\n<tr>\n<td>Capacit\u00e9 de d\u00e9shumidification<\/td>\n<td>25 litres en 24 heures \u00e0 30 \u00b0C et 80% d'humidit\u00e9 relative<\/td>\n<\/tr>\n<tr>\n<td>Taille max. Taille de la pi\u00e8ce<\/td>\n<td>100 m\u00b2 \/ 250 m\u00b3<\/td>\n<\/tr>\n<tr>\n<td>Couleur<\/td>\n<td>Sapphire Blue, Grey Anthrazite, Oyster White<\/td>\n<\/tr>\n<tr>\n<td>Puissance absorb\u00e9e<\/td>\n<td>255 W \u00e0 30 \u00b0C et 80% r. F.<\/td>\n<\/tr>\n<tr>\n<td>Circulation de l'air<\/td>\n<td>215 m\u00b3 \/ h<\/td>\n<\/tr>\n<tr>\n<td>Bruit de fonctionnement<\/td>\n<td>50 dB(A)<\/td>\n<\/tr>\n<tr>\n<td>R\u00e9servoir d'eau<\/td>\n<td>6 litres<\/td>\n<\/tr>\n<tr>\n<td>R\u00e9frig\u00e9rant<\/td>\n<td>R290<\/td>\n<\/tr>\n<tr>\n<td>Temp\u00e9rature ambiante<\/td>\n<td>5 - 35 \u00b0C<\/td>\n<\/tr>\n<tr>\n<td>Dimensions H x L x P<\/td>\n<td>535 x 390 x 320 mm<\/td>\n<\/tr>\n<tr>\n<td>Poids<\/td>\n<td>20,5 kg<\/td>\n<\/tr>\n<tr>\n<td>Garantie<\/td>\n<td>3 ans<\/td>\n<\/tr>\n<\/tbody>\n<\/table>\n<ul>\n<li>\n\t\t\t\t\t\t\t\t\t\t\t<a href=\"\/wp-content\/uploads\/2023\/08\/ecodry-CaveMaster-Manual_WEB.pdf\"><br \/>\n\t\t\t\t\t\t\t\t\t\tInstructions<br \/>\n\t\t\t\t\t\t\t\t\t\t\t<\/a>\n\t\t\t\t\t\t\t\t\t<\/li>\n<\/ul>\n<ul>\n<li>\n\t\t\t\t\t\t\t\t\t\t\t<a href=\"\/wp-content\/uploads\/2023\/08\/ecodry-CaveMaster-Manual_WEB.pdf\"><br \/>\n\t\t\t\t\t\t\t\t\t\tInstructions<br \/>\n\t\t\t\t\t\t\t\t\t\t\t<\/a>\n\t\t\t\t\t\t\t\t\t<\/li>\n<\/ul>\n<p>\t\t\t<a href=\"https:\/\/ecofort.ch\/fr\/deshumidificateur\/3226-ecodry-cavemaster.html\" target=\"_blank\" rel=\"noopener\"><br \/>\n\t\t\t\t\t\tPlus d'informations dans la boutique<br \/>\n\t\t\t\t\t<\/a><br \/>\n\t\t\t<a href=\"https:\/\/ecofort.ch\/fr\/deshumidificateur\/3226-ecodry-cavemaster.html\" target=\"_blank\" rel=\"noopener\"><br \/>\n\t\t\t\t\t\tPlus d'informations dans la boutique<br \/>\n\t\t\t\t\t<\/a><\/p>","protected":false},"excerpt":{"rendered":"<p>ecodry CaveMaster High-End Luftentfeuchter Der ecodry CaveMaster \u00fcberzeugt durch kompromisslose Qualit\u00e4t f\u00fcr Langlebigkeit gepaart mit unerreichter Effizienz f\u00fcr den sparsamen Dauerbetrieb. Beste Qualit\u00e4t wird garantiert durch Verwendung hochwertigster Komponenten, moderner Technologie sowie Wille zur Perfektion. Der innovative Auto-Modus erm\u00f6glicht einen besonders einfachen Betrieb. Ein Knopfdruck auf die Auto-Taste reicht aus und der Entfeuchter reguliert die [&hellip;]<\/p>\n","protected":false},"author":4,"featured_media":0,"parent":0,"menu_order":0,"comment_status":"closed","ping_status":"closed","template":"","meta":{"inline_featured_image":false,"footnotes":""},"class_list":["post-3225","page","type-page","status-publish","hentry"],"_links":{"self":[{"href":"https:\/\/ecodry.ch\/fr\/wp-json\/wp\/v2\/pages\/3225","targetHints":{"allow":["GET"]}}],"collection":[{"href":"https:\/\/ecodry.ch\/fr\/wp-json\/wp\/v2\/pages"}],"about":[{"href":"https:\/\/ecodry.ch\/fr\/wp-json\/wp\/v2\/types\/page"}],"author":[{"embeddable":true,"href":"https:\/\/ecodry.ch\/fr\/wp-json\/wp\/v2\/users\/4"}],"replies":[{"embeddable":true,"href":"https:\/\/ecodry.ch\/fr\/wp-json\/wp\/v2\/comments?post=3225"}],"version-history":[{"count":31,"href":"https:\/\/ecodry.ch\/fr\/wp-json\/wp\/v2\/pages\/3225\/revisions"}],"predecessor-version":[{"id":3370,"href":"https:\/\/ecodry.ch\/fr\/wp-json\/wp\/v2\/pages\/3225\/revisions\/3370"}],"wp:attachment":[{"href":"https:\/\/ecodry.ch\/fr\/wp-json\/wp\/v2\/media?parent=3225"}],"curies":[{"name":"wp","href":"https:\/\/api.w.org\/{rel}","templated":true}]}}