{"id":3175,"date":"2023-08-17T13:50:26","date_gmt":"2023-08-17T12:50:26","guid":{"rendered":"https:\/\/staging.ecodry.ch\/?page_id=3175"},"modified":"2023-08-17T13:50:59","modified_gmt":"2023-08-17T12:50:59","slug":"datenschutzerklaerung","status":"publish","type":"page","link":"https:\/\/ecodry.ch\/fr\/declaration-de-protection-des-donnees\/","title":{"rendered":"D\u00e9claration de confidentialit\u00e9"},"content":{"rendered":"<style>\/*! elementor - v3.15.0 - 09-08-2023 *\/\n.elementor-column .elementor-spacer-inner{height:var(--spacer-size)}.e-con{--container-widget-width:100%}.e-con-inner>.elementor-widget-spacer,.e-con>.elementor-widget-spacer{width:var(--container-widget-width,var(--spacer-size));--align-self:var(--container-widget-align-self,initial);--flex-shrink:0}.e-con-inner>.elementor-widget-spacer>.elementor-widget-container,.e-con-inner>.elementor-widget-spacer>.elementor-widget-container>.elementor-spacer,.e-con>.elementor-widget-spacer>.elementor-widget-container,.e-con>.elementor-widget-spacer>.elementor-widget-container>.elementor-spacer{height:100%}.e-con-inner>.elementor-widget-spacer>.elementor-widget-container>.elementor-spacer>.elementor-spacer-inner,.e-con>.elementor-widget-spacer>.elementor-widget-container>.elementor-spacer>.elementor-spacer-inner{height:var(--container-widget-height,var(--spacer-size))}<\/style>\n<h1>D\u00e9claration de confidentialit\u00e9<\/h1>\n<p>Nous prenons la protection de vos donn\u00e9es personnelles tr\u00e8s au s\u00e9rieux et respectons strictement les r\u00e8gles de la l\u00e9gislation sur la protection des donn\u00e9es. Les donn\u00e9es personnelles ne sont collect\u00e9es sur ce site que dans la mesure o\u00f9 cela est techniquement n\u00e9cessaire. En aucun cas, les donn\u00e9es collect\u00e9es ne sont vendues ou transmises \u00e0 des tiers pour d'autres raisons.<br \/>\nLa d\u00e9claration suivante vous donne un aper\u00e7u de la mani\u00e8re dont nous garantissons cette protection et quel type de donn\u00e9es sont collect\u00e9es et dans quel but.<\/p>\n<h4>Traitement des donn\u00e9es sur ce site<\/h4>\n<p>Les informations suivantes, que votre navigateur nous transmet, sont enregistr\u00e9es dans les fichiers journaux du serveur :<\/p>\n<ul>\n<li>Type\/version du navigateur<\/li>\n<li>Syst\u00e8me d'exploitation utilis\u00e9<\/li>\n<li>Referrer URL (la page visit\u00e9e pr\u00e9c\u00e9demment)<\/li>\n<li>Nom d'h\u00f4te de l'ordinateur qui acc\u00e8de au site (adresse IP)<\/li>\n<li>Heure de la demande du serveur<\/li>\n<\/ul>\n<h4>Quelles sont les donn\u00e9es collect\u00e9es ?<\/h4>\n<p>Lorsque vous visitez ce site web, vous nous fournissez \u00e9ventuellement deux types d'informations : Les informations personnelles que nous utilisons pour traiter les commandes ou les demandes d'informations et les informations du site web (par exemple, la dur\u00e9e et la fr\u00e9quence des visites, les pr\u00e9f\u00e9rences de langue et de pays, le type de navigateur, etc.) sur une base anonyme. Nous utilisons Google Analytics pour \u00e9tablir des statistiques de site web anonymes.<br \/>\nComme la plupart des sites web, nous utilisons une technologie standard appel\u00e9e \u201ecookies\u201c (voir ci-dessous \u201eQue sont les cookies ?\u201c) et les donn\u00e9es du journal du serveur pour recueillir des informations sur le comportement anonyme des visiteurs sur nos sites web. Les donn\u00e9es collect\u00e9es via le serveur peuvent \u00eatre les suivantes : La date et l'heure des visites, les pages web visit\u00e9es, le temps pass\u00e9 sur nos pages web, ainsi que les sources d'acc\u00e8s et les taux de rebond.<\/p>\n<h4>Que sont les cookies ?<\/h4>\n<p>Un cookie est un tr\u00e8s petit document texte qui porte un identifiant unique mais anonyme. Les cookies sont aujourd'hui une condition pr\u00e9alable au bon fonctionnement de nombreux sites web et boutiques en ligne. Un cookie ne peut PAS transmettre d'autres donn\u00e9es de votre disque dur (pas de virus non plus).<\/p>\n<h4>Analyse web avec Google (Universal) Analytics<\/h4>\n<p>Ce site web utilise Google (Universal) Analytics, un service d'analyse web de Google Inc. (www.google.ch). Google (Universal) Analytics utilise des m\u00e9thodes qui permettent d'analyser votre utilisation du site web, comme par exemple les \"cookies\", des fichiers texte qui sont enregistr\u00e9s sur votre ordinateur. Les informations g\u00e9n\u00e9r\u00e9es sur votre utilisation de ce site web sont g\u00e9n\u00e9ralement transmises \u00e0 un serveur de Google aux \u00c9tats-Unis et y sont enregistr\u00e9es. En activant l'anonymisation IP sur ce site web, l'adresse IP est raccourcie avant d'\u00eatre transmise dans les \u00c9tats membres de l'Union europ\u00e9enne ou dans d'autres \u00c9tats signataires de l'accord sur l'Espace \u00e9conomique europ\u00e9en. Ce n'est que dans des cas exceptionnels que l'adresse IP compl\u00e8te est transmise \u00e0 un serveur de Google aux \u00c9tats-Unis et y est raccourcie. L'adresse IP anonymis\u00e9e transmise par votre navigateur dans le cadre de Google Analytics n'est pas fusionn\u00e9e avec d'autres donn\u00e9es de Google. Vous pouvez emp\u00eacher la saisie par Google des donn\u00e9es g\u00e9n\u00e9r\u00e9es par le cookie et relatives \u00e0 votre utilisation du site web (y compris votre adresse IP) ainsi que le traitement de ces donn\u00e9es par Google en t\u00e9l\u00e9chargeant et en installant le plug-in de navigateur disponible sous le lien suivant : Browser-Add-on pour la\u00a0<a href=\"https:\/\/tools.google.com\/dlpage\/gaoptout?hl=de\" target=\"_blank\" rel=\"noopener\">D\u00e9sactivation de Google Analytics<\/a><\/p>","protected":false},"excerpt":{"rendered":"<p>Datenschutz&shy;erkl\u00e4rung Wir nehmen den Schutz Ihrer pers\u00f6nlichen Daten sehr ernst und halten uns strikt an die Regeln der Datenschutzgesetze. Personenbezogene Daten werden auf dieser Webseite nur im technisch notwendigen Umfang erhoben. In keinem Fall werden die erhobenen Daten verkauft oder aus anderen Gr\u00fcnden an Dritte weitergegeben. Die nachfolgende Erkl\u00e4rung gibt Ihnen einen \u00dcberblick dar\u00fcber, wie [&hellip;]<\/p>\n","protected":false},"author":4,"featured_media":0,"parent":0,"menu_order":0,"comment_status":"closed","ping_status":"closed","template":"","meta":{"inline_featured_image":false,"footnotes":""},"class_list":["post-3175","page","type-page","status-publish","hentry"],"_links":{"self":[{"href":"https:\/\/ecodry.ch\/fr\/wp-json\/wp\/v2\/pages\/3175","targetHints":{"allow":["GET"]}}],"collection":[{"href":"https:\/\/ecodry.ch\/fr\/wp-json\/wp\/v2\/pages"}],"about":[{"href":"https:\/\/ecodry.ch\/fr\/wp-json\/wp\/v2\/types\/page"}],"author":[{"embeddable":true,"href":"https:\/\/ecodry.ch\/fr\/wp-json\/wp\/v2\/users\/4"}],"replies":[{"embeddable":true,"href":"https:\/\/ecodry.ch\/fr\/wp-json\/wp\/v2\/comments?post=3175"}],"version-history":[{"count":4,"href":"https:\/\/ecodry.ch\/fr\/wp-json\/wp\/v2\/pages\/3175\/revisions"}],"predecessor-version":[{"id":3179,"href":"https:\/\/ecodry.ch\/fr\/wp-json\/wp\/v2\/pages\/3175\/revisions\/3179"}],"wp:attachment":[{"href":"https:\/\/ecodry.ch\/fr\/wp-json\/wp\/v2\/media?parent=3175"}],"curies":[{"name":"wp","href":"https:\/\/api.w.org\/{rel}","templated":true}]}}