{"id":3047,"date":"2023-08-16T10:42:43","date_gmt":"2023-08-16T09:42:43","guid":{"rendered":"https:\/\/staging.ecodry.ch\/?page_id=3047"},"modified":"2023-08-31T13:33:39","modified_gmt":"2023-08-31T12:33:39","slug":"ecodry-cavemaster-pumpe","status":"publish","type":"page","link":"https:\/\/ecodry.ch\/fr\/pompe-ecodry-cavemaster\/","title":{"rendered":"Pompe ecodry CaveMaster"},"content":{"rendered":"<h1>Pompe ecodry CaveMaster<\/h1>\n<h2>Int\u00e9grable en option<\/h2>\n<p>Avec la <em>Pompe ecodry CaveMaster<\/em> il est possible de r\u00e9aliser un drainage permanent de l'eau de condensation, m\u00eame sans pente.<\/p>\n<p>L'installation ne requiert pas une grande exp\u00e9rience en mati\u00e8re de bricolage ; elle ne n\u00e9cessite que de simples tournevis et des travaux d'insertion et d'embo\u00eetement.<\/p>\n<p>\t\t\t\t\t\t\t\t\t\t\t\t\t\t\t<img decoding=\"async\" width=\"800\" height=\"800\" src=\"https:\/\/ecodry.ch\/wp-content\/uploads\/2023\/08\/ecodry_cavemaster_pump_side_angle_right_1500x1500-1024x1024.webp\" alt=\"Pompe ecodry CaveMaster\" loading=\"lazy\" srcset=\"https:\/\/ecodry.ch\/wp-content\/uploads\/2023\/08\/ecodry_cavemaster_pump_side_angle_right_1500x1500-1024x1024.webp 1024w, https:\/\/ecodry.ch\/wp-content\/uploads\/2023\/08\/ecodry_cavemaster_pump_side_angle_right_1500x1500-300x300.webp 300w, https:\/\/ecodry.ch\/wp-content\/uploads\/2023\/08\/ecodry_cavemaster_pump_side_angle_right_1500x1500-150x150.webp 150w, https:\/\/ecodry.ch\/wp-content\/uploads\/2023\/08\/ecodry_cavemaster_pump_side_angle_right_1500x1500-768x768.webp 768w, https:\/\/ecodry.ch\/wp-content\/uploads\/2023\/08\/ecodry_cavemaster_pump_side_angle_right_1500x1500.webp 1500w\" sizes=\"auto, (max-width: 800px) 100vw, 800px\" \/>\t\t\t\t\t\t\t\t\t\t\t\t\t\t\t<\/p>\n<ul>\n<li>\n\t\t\t\t\t\t\t\t\t\tPompe l'eau sur une hauteur de 5 m\u00e8tres\n\t\t\t\t\t\t\t\t\t<\/li>\n<li>\n\t\t\t\t\t\t\t\t\t\tUniquement pour les d\u00e9shumidificateurs ecodry CaveMaster\n\t\t\t\t\t\t\t\t\t<\/li>\n<li>\n\t\t\t\t\t\t\t\t\t\tInstallation facile\n\t\t\t\t\t\t\t\t\t<\/li>\n<\/ul>\n<p>\t\t\t\t\t\tDonn\u00e9es techniques T\u00e9l\u00e9chargements<br \/>\n\t\t\t\t\t\tDonn\u00e9es techniques<\/p>\n<table>\n<thead>\n<tr>\n<th>Pompe ecodry CaveMaster<\/th>\n<th>\u00a0<\/th>\n<\/tr>\n<\/thead>\n<tbody>\n<tr>\n<td>Hauteur de refoulement maximale<\/td>\n<td>5 m\u00e8tres<\/td>\n<\/tr>\n<tr>\n<td>Raccordement \u00e9lectrique<\/td>\n<td>100 - 240 V ~ 50\/60 Hz<\/td>\n<\/tr>\n<tr>\n<td>Puissance<\/td>\n<td>23 watts<\/td>\n<\/tr>\n<tr>\n<td>Garantie<\/td>\n<td>2 ans<\/td>\n<\/tr>\n<\/tbody>\n<\/table>\n<p>\t\t\t\tT\u00e9l\u00e9chargements<\/p>\n<ul>\n<li>\n\t\t\t\t\t\t\t\t\t\t\t<a href=\"\/wp-content\/uploads\/2023\/08\/ecodry-CaveMaster-Pump-Manual_WEB.pdf\"><br \/>\n\t\t\t\t\t\t\t\t\t\tInstructions<br \/>\n\t\t\t\t\t\t\t\t\t\t\t<\/a>\n\t\t\t\t\t\t\t\t\t<\/li>\n<\/ul>\n<ul>\n<li>\n\t\t\t\t\t\t\t\t\t\t\t<a href=\"\/wp-content\/uploads\/2023\/08\/ecodry-CaveMaster-Pump-Manual_WEB.pdf\"><br \/>\n\t\t\t\t\t\t\t\t\t\tInstructions<br \/>\n\t\t\t\t\t\t\t\t\t\t\t<\/a>\n\t\t\t\t\t\t\t\t\t<\/li>\n<\/ul>\n<table>\n<thead>\n<tr>\n<th>Pompe ecodry CaveMaster<\/th>\n<th>\u00a0<\/th>\n<\/tr>\n<\/thead>\n<tbody>\n<tr>\n<td>Hauteur de refoulement maximale<\/td>\n<td>5 m\u00e8tres<\/td>\n<\/tr>\n<tr>\n<td>Raccordement \u00e9lectrique<\/td>\n<td>100 - 240 V ~ 50\/60 Hz<\/td>\n<\/tr>\n<tr>\n<td>Puissance<\/td>\n<td>23 watts<\/td>\n<\/tr>\n<tr>\n<td>Garantie<\/td>\n<td>2 ans<\/td>\n<\/tr>\n<\/tbody>\n<\/table>\n<ul>\n<li>\n\t\t\t\t\t\t\t\t\t\t\t<a href=\"\/wp-content\/uploads\/2023\/08\/ecodry-CaveMaster-Pump-Manual_WEB.pdf\"><br \/>\n\t\t\t\t\t\t\t\t\t\tInstructions<br \/>\n\t\t\t\t\t\t\t\t\t\t\t<\/a>\n\t\t\t\t\t\t\t\t\t<\/li>\n<\/ul>\n<ul>\n<li>\n\t\t\t\t\t\t\t\t\t\t\t<a href=\"\/wp-content\/uploads\/2023\/08\/ecodry-CaveMaster-Pump-Manual_WEB.pdf\"><br \/>\n\t\t\t\t\t\t\t\t\t\tInstructions<br \/>\n\t\t\t\t\t\t\t\t\t\t\t<\/a>\n\t\t\t\t\t\t\t\t\t<\/li>\n<\/ul>\n<p>\t\t\t<a href=\"https:\/\/ecofort.ch\/fr\/pompes\/3228-ecodry-cavemaster-pompe.html\" target=\"_blank\" rel=\"noopener\"><br \/>\n\t\t\t\t\t\tPlus d'informations dans la boutique<br \/>\n\t\t\t\t\t<\/a><br \/>\n\t\t\t<a href=\"https:\/\/ecofort.ch\/fr\/pompes\/3228-ecodry-cavemaster-pompe.html\" target=\"_blank\" rel=\"noopener\"><br \/>\n\t\t\t\t\t\tPlus d'informations dans la boutique<br \/>\n\t\t\t\t\t<\/a><\/p>","protected":false},"excerpt":{"rendered":"<p>ecodry CaveMaster Pumpe Optional einbaubar Mit der ecodry CaveMaster Pumpe kann eine Dauerdrainage des Kondenswassers auch ohne Gef\u00e4lle realisiert werden. Der Einbau erfordert keine grosse Handwerker-Erfahrung; es ben\u00f6tigt nur einfache Schraubenzieher sowie Ein- und Aufsteckarbeiten. Pumpt Wasser \u00fcber eine H\u00f6he von 5 Metern Nur f\u00fcr ecodry CaveMaster Luftentfeuchter Einfacher Einbau Technische Daten Downloads Technische Daten [&hellip;]<\/p>\n","protected":false},"author":4,"featured_media":3048,"parent":0,"menu_order":0,"comment_status":"closed","ping_status":"closed","template":"","meta":{"inline_featured_image":false,"footnotes":""},"class_list":["post-3047","page","type-page","status-publish","has-post-thumbnail","hentry"],"_links":{"self":[{"href":"https:\/\/ecodry.ch\/fr\/wp-json\/wp\/v2\/pages\/3047","targetHints":{"allow":["GET"]}}],"collection":[{"href":"https:\/\/ecodry.ch\/fr\/wp-json\/wp\/v2\/pages"}],"about":[{"href":"https:\/\/ecodry.ch\/fr\/wp-json\/wp\/v2\/types\/page"}],"author":[{"embeddable":true,"href":"https:\/\/ecodry.ch\/fr\/wp-json\/wp\/v2\/users\/4"}],"replies":[{"embeddable":true,"href":"https:\/\/ecodry.ch\/fr\/wp-json\/wp\/v2\/comments?post=3047"}],"version-history":[{"count":14,"href":"https:\/\/ecodry.ch\/fr\/wp-json\/wp\/v2\/pages\/3047\/revisions"}],"predecessor-version":[{"id":3292,"href":"https:\/\/ecodry.ch\/fr\/wp-json\/wp\/v2\/pages\/3047\/revisions\/3292"}],"wp:featuredmedia":[{"embeddable":true,"href":"https:\/\/ecodry.ch\/fr\/wp-json\/wp\/v2\/media\/3048"}],"wp:attachment":[{"href":"https:\/\/ecodry.ch\/fr\/wp-json\/wp\/v2\/media?parent=3047"}],"curies":[{"name":"wp","href":"https:\/\/api.w.org\/{rel}","templated":true}]}}