{"id":3025,"date":"2023-08-16T08:34:29","date_gmt":"2023-08-16T07:34:29","guid":{"rendered":"https:\/\/staging.ecodry.ch\/?page_id=3025"},"modified":"2023-08-22T16:45:20","modified_gmt":"2023-08-22T15:45:20","slug":"ecodry-dsh-steckdosenhygrostat","status":"publish","type":"page","link":"https:\/\/ecodry.ch\/fr\/hygrostat-a-prise-ecodry-dsh\/","title":{"rendered":"Hygrostat de prise ecodry DSH"},"content":{"rendered":"<h1>ecodry DSH<\/h1>\n<h2>Hygrostat pour prise de courant<\/h2>\n<p>Tous les <em>ecodry <\/em>Les d\u00e9shumidificateurs d'air disposent d\u00e9j\u00e0 d'un hygrostat int\u00e9gr\u00e9. Si n\u00e9cessaire, il est possible de r\u00e9gler l'humidit\u00e9 relative de consigne souhait\u00e9e \u00e0 l'aide du <em>ecodry DSH<\/em> plus pr\u00e9cis par pas de 1%.<\/p>\n<p>Une autre utilisation judicieuse est lorsque la mesure de l'humidit\u00e9 ambiante ne doit pas \u00eatre effectu\u00e9e sur l'appareil de d\u00e9shumidification lui-m\u00eame, mais \u00e0 un autre endroit via un c\u00e2ble de rallonge.<\/p>\n<p>Le site&nbsp;<em>ecodry DSH<\/em>&nbsp;dispose d'une batterie de secours, ce qui permet de conserver les r\u00e9glages m\u00eame en cas de panne de courant ou de non-utilisation.<\/p>\n<p><img decoding=\"async\" width=\"698\" height=\"698\" src=\"https:\/\/ecodry.ch\/wp-content\/uploads\/2023\/08\/ecodry-dsh-front-1_698x698.webp\" alt=\"ecodry DSH Hygrostat pour la prise de courant\" loading=\"lazy\" srcset=\"https:\/\/ecodry.ch\/wp-content\/uploads\/2023\/08\/ecodry-dsh-front-1_698x698.webp 698w, https:\/\/ecodry.ch\/wp-content\/uploads\/2023\/08\/ecodry-dsh-front-1_698x698-300x300.webp 300w, https:\/\/ecodry.ch\/wp-content\/uploads\/2023\/08\/ecodry-dsh-front-1_698x698-150x150.webp 150w\" sizes=\"auto, (max-width: 698px) 100vw, 698px\"><\/p>\n<ul>\n<li>\n\t\t\t\t\t\t\t\t\t\tR\u00e9gulation num\u00e9rique de l'humidit\u00e9 de l'air<\/li>\n<li>\n\t\t\t\t\t\t\t\t\t\tPour d\u00e9shumidificateurs et humidificateurs d'air<\/li>\n<li>\n\t\t\t\t\t\t\t\t\t\tUtilisation simple<\/li>\n<\/ul>\n<p>Donn\u00e9es techniques T\u00e9l\u00e9chargements<br \/>\nDonn\u00e9es techniques<\/p>\n<table>\n<thead>\n<tr>\n<th>ecodry DSH<\/th>\n<th>&nbsp;<\/th>\n<\/tr>\n<\/thead>\n<tbody>\n<tr>\n<td>Plage de mesure<\/td>\n<td>30% \u00e0 90% Humidit\u00e9 relative<\/td>\n<\/tr>\n<tr>\n<td>Gradation<\/td>\n<td>1%<\/td>\n<\/tr>\n<tr>\n<td>Pr\u00e9cision de mesure<\/td>\n<td>+\/- 5%<\/td>\n<\/tr>\n<tr>\n<td>Intervalle de mesure<\/td>\n<td>toutes les 10 secondes<\/td>\n<\/tr>\n<tr>\n<td>Temp\u00e9rature de fonctionnement<\/td>\n<td>5 \u00b0C \u00e0 40 \u00b0C<\/td>\n<\/tr>\n<tr>\n<td>Raccordement \u00e9lectrique<\/td>\n<td>230 V \/ 50 Hz<\/td>\n<\/tr>\n<tr>\n<td>Puissance max. Puissance<\/td>\n<td>16 A \/ 3680 watts<\/td>\n<\/tr>\n<tr>\n<td>Garantie<\/td>\n<td>2 ans<\/td>\n<\/tr>\n<\/tbody>\n<\/table>\n<p>T\u00e9l\u00e9chargements<\/p>\n<ul>\n<li>\n\t\t\t\t\t\t\t\t\t\t\t<a href=\"\/wp-content\/uploads\/2023\/08\/ecodry-dsh-manual-d-f-i_3-update-19.07.2018.pdf\"><br \/>\nInstructions<br \/>\n<\/a><\/li>\n<\/ul>\n<ul>\n<li>\n\t\t\t\t\t\t\t\t\t\t\t<a href=\"\/wp-content\/uploads\/2023\/08\/ecodry-dsh-manual-d-f-i_3-update-19.07.2018.pdf\"><br \/>\nInstructions<br \/>\n<\/a><\/li>\n<\/ul>\n<table>\n<thead>\n<tr>\n<th>ecodry DSH<\/th>\n<th>&nbsp;<\/th>\n<\/tr>\n<\/thead>\n<tbody>\n<tr>\n<td>Plage de mesure<\/td>\n<td>30% \u00e0 90% Humidit\u00e9 relative<\/td>\n<\/tr>\n<tr>\n<td>Gradation<\/td>\n<td>1%<\/td>\n<\/tr>\n<tr>\n<td>Pr\u00e9cision de mesure<\/td>\n<td>+\/- 5%<\/td>\n<\/tr>\n<tr>\n<td>Intervalle de mesure<\/td>\n<td>toutes les 10 secondes<\/td>\n<\/tr>\n<tr>\n<td>Temp\u00e9rature de fonctionnement<\/td>\n<td>5 \u00b0C \u00e0 40 \u00b0C<\/td>\n<\/tr>\n<tr>\n<td>Raccordement \u00e9lectrique<\/td>\n<td>230 V \/ 50 Hz<\/td>\n<\/tr>\n<tr>\n<td>Puissance max. Puissance<\/td>\n<td>16 A \/ 3680 watts<\/td>\n<\/tr>\n<tr>\n<td>Garantie<\/td>\n<td>2 ans<\/td>\n<\/tr>\n<\/tbody>\n<\/table>\n<ul>\n<li>\n\t\t\t\t\t\t\t\t\t\t\t<a href=\"\/wp-content\/uploads\/2023\/08\/ecodry-dsh-manual-d-f-i_3-update-19.07.2018.pdf\"><br \/>\nInstructions<br \/>\n<\/a><\/li>\n<\/ul>\n<ul>\n<li>\n\t\t\t\t\t\t\t\t\t\t\t<a href=\"\/wp-content\/uploads\/2023\/08\/ecodry-dsh-manual-d-f-i_3-update-19.07.2018.pdf\"><br \/>\nInstructions<br \/>\n<\/a><\/li>\n<\/ul>\n<p><a href=\"https:\/\/ecofort.ch\/fr\/hygrometres-hygrostats\/314-ecodry-dsh-hygrostat.html\" target=\"_blank\" rel=\"noopener\"><br \/>\nPlus d'informations dans la boutique<br \/>\n<\/a><br \/>\n<a href=\"https:\/\/ecofort.ch\/fr\/hygrometres-hygrostats\/314-ecodry-dsh-hygrostat.html\" target=\"_blank\" rel=\"noopener\"><br \/>\nPlus d'informations dans la boutique<br \/>\n<\/a><\/p>","protected":false},"excerpt":{"rendered":"<p>ecodry DSH Steckdosen-Hygrostat Alle ecodry Luftentfeuchter verf\u00fcgen schon \u00fcber einen integrierten Hygrostat. Falls n\u00f6tig, kann die gew\u00fcnschte relative Soll-Feuchtigkeit mit dem ecodry DSH genauer in 1%-Schritten eingegeben werden. Ein anderer sinnvoller Verwendungszweck ist, wenn die Messung der Raumfeuchtigkeit nicht beim Entfeuchtungsger\u00e4t selbst, sondern via Verl\u00e4ngerungskabel an einem anderen Ort erfolgen sollte. Der&nbsp;ecodry DSH&nbsp;verf\u00fcgt \u00fcber eine [&hellip;]<\/p>\n","protected":false},"author":4,"featured_media":2867,"parent":0,"menu_order":0,"comment_status":"closed","ping_status":"closed","template":"","meta":{"inline_featured_image":false,"footnotes":""},"class_list":["post-3025","page","type-page","status-publish","has-post-thumbnail","hentry"],"_links":{"self":[{"href":"https:\/\/ecodry.ch\/fr\/wp-json\/wp\/v2\/pages\/3025","targetHints":{"allow":["GET"]}}],"collection":[{"href":"https:\/\/ecodry.ch\/fr\/wp-json\/wp\/v2\/pages"}],"about":[{"href":"https:\/\/ecodry.ch\/fr\/wp-json\/wp\/v2\/types\/page"}],"author":[{"embeddable":true,"href":"https:\/\/ecodry.ch\/fr\/wp-json\/wp\/v2\/users\/4"}],"replies":[{"embeddable":true,"href":"https:\/\/ecodry.ch\/fr\/wp-json\/wp\/v2\/comments?post=3025"}],"version-history":[{"count":14,"href":"https:\/\/ecodry.ch\/fr\/wp-json\/wp\/v2\/pages\/3025\/revisions"}],"predecessor-version":[{"id":3212,"href":"https:\/\/ecodry.ch\/fr\/wp-json\/wp\/v2\/pages\/3025\/revisions\/3212"}],"wp:featuredmedia":[{"embeddable":true,"href":"https:\/\/ecodry.ch\/fr\/wp-json\/wp\/v2\/media\/2867"}],"wp:attachment":[{"href":"https:\/\/ecodry.ch\/fr\/wp-json\/wp\/v2\/media?parent=3025"}],"curies":[{"name":"wp","href":"https:\/\/api.w.org\/{rel}","templated":true}]}}