{"id":2985,"date":"2023-08-15T13:37:13","date_gmt":"2023-08-15T12:37:13","guid":{"rendered":"https:\/\/staging.ecodry.ch\/?page_id=2985"},"modified":"2023-11-08T10:40:06","modified_gmt":"2023-11-08T09:40:06","slug":"ecodry-pro-bautrockner","status":"publish","type":"page","link":"https:\/\/ecodry.ch\/fr\/ecodry-pro-sechoir-de-chantier\/","title":{"rendered":"S\u00e9choir de chantier ecodry Pro"},"content":{"rendered":"<h1>S\u00e9choir de chantier ecodry Pro<\/h1>\n<h2>Innovation &amp; qualit\u00e9 jusque dans les moindres d\u00e9tails<\/h2>\n<p>Le site\u00a0<em>ecodry Pro 35C &amp; 55C\u00a0<\/em>sont des d\u00e9shumidificateurs de chantier qui r\u00e9pondent \u00e0 toutes les exigences d'une entreprise professionnelle : Ils sont compacts et empilables, ce qui permet de gagner \u00e9norm\u00e9ment de place dans l'entrep\u00f4t et dans la camionnette. Un seul employ\u00e9 suffit pour installer le s\u00e9choir sans effort. Ensuite, le fonctionnement est autonome gr\u00e2ce \u00e0 la pompe int\u00e9gr\u00e9e 100 % et le compteur d'heures de fonctionnement int\u00e9gr\u00e9 permet de lire les co\u00fbts d'exploitation en appuyant simplement sur un bouton.<\/p>\n<figure>\n\t\t\t\t\t\t\t\t\t\t\t<a href=\"https:\/\/www.hornbach.ch\/fr\/s\/ecodry\" target=\"_blank\" rel=\"noopener\"><br \/>\n\t\t\t\t\t\t\t<img decoding=\"async\" width=\"800\" height=\"134\" src=\"https:\/\/ecodry.ch\/wp-content\/uploads\/2023\/11\/2560px-Hornbach_Logo_black.svg-1024x171.png\" alt=\"ecodry Pro chez Hornbach, v\u00e9rifiez la disponibilit\u00e9\" loading=\"lazy\" srcset=\"https:\/\/ecodry.ch\/wp-content\/uploads\/2023\/11\/2560px-Hornbach_Logo_black.svg-1024x171.png 1024w, https:\/\/ecodry.ch\/wp-content\/uploads\/2023\/11\/2560px-Hornbach_Logo_black.svg-300x50.png 300w, https:\/\/ecodry.ch\/wp-content\/uploads\/2023\/11\/2560px-Hornbach_Logo_black.svg-768x128.png 768w, https:\/\/ecodry.ch\/wp-content\/uploads\/2023\/11\/2560px-Hornbach_Logo_black.svg-1536x256.png 1536w, https:\/\/ecodry.ch\/wp-content\/uploads\/2023\/11\/2560px-Hornbach_Logo_black.svg-2048x342.png 2048w, https:\/\/ecodry.ch\/wp-content\/uploads\/2023\/11\/2560px-Hornbach_Logo_black.svg-18x3.png 18w\" sizes=\"auto, (max-width: 800px) 100vw, 800px\" \/>\t\t\t\t\t\t\t\t<\/a><figcaption>Maintenant chez Hornbach en ligne et dans les magasins<\/figcaption><\/figure>\n<p>\t\t\t<a href=\"https:\/\/www.hornbach.ch\/fr\/s\/ecodry\" target=\"_blank\" rel=\"noopener\"><br \/>\n\t\t\t\t\t\tV\u00e9rifier la disponibilit\u00e9 maintenant<br \/>\n\t\t\t\t\t<\/a><br \/>\n\t\t\t\t\t\t\t\t\t\t\t\t\t\t\t<img decoding=\"async\" width=\"800\" height=\"800\" src=\"https:\/\/ecodry.ch\/wp-content\/uploads\/2023\/08\/ecodry-pro_35-55c_stapelbar_2_1000x1000.webp\" alt=\"ecodry Pro 35C &amp; 55C empil\u00e9s\" loading=\"lazy\" srcset=\"https:\/\/ecodry.ch\/wp-content\/uploads\/2023\/08\/ecodry-pro_35-55c_stapelbar_2_1000x1000.webp 1000w, https:\/\/ecodry.ch\/wp-content\/uploads\/2023\/08\/ecodry-pro_35-55c_stapelbar_2_1000x1000-300x300.webp 300w, https:\/\/ecodry.ch\/wp-content\/uploads\/2023\/08\/ecodry-pro_35-55c_stapelbar_2_1000x1000-150x150.webp 150w, https:\/\/ecodry.ch\/wp-content\/uploads\/2023\/08\/ecodry-pro_35-55c_stapelbar_2_1000x1000-768x768.webp 768w\" sizes=\"auto, (max-width: 800px) 100vw, 800px\" \/>\t\t\t\t\t\t\t\t\t\t\t\t\t\t\t<\/p>\n<ul>\n<li>\n\t\t\t\t\t\t\t\t\t\tUltra-compact &amp; robuste\n\t\t\t\t\t\t\t\t\t<\/li>\n<li>\n\t\t\t\t\t\t\t\t\t\tGain de place pour le stockage et le transport\n\t\t\t\t\t\t\t\t\t<\/li>\n<li>\n\t\t\t\t\t\t\t\t\t\t\u00c9coulement direct avec pompe int\u00e9gr\u00e9e\n\t\t\t\t\t\t\t\t\t<\/li>\n<li>\n\t\t\t\t\t\t\t\t\t\tCommande high-tech avec compteur d'heures de fonctionnement\n\t\t\t\t\t\t\t\t\t<\/li>\n<li>\n\t\t\t\t\t\t\t\t\t\tD\u00e9givrage par gaz chaud\n\t\t\t\t\t\t\t\t\t<\/li>\n<\/ul>\n<p>M\u00eame pour un usage priv\u00e9, les\u00a0<em>ecodry Pro\u00a0<\/em>int\u00e9ressant. Les propri\u00e9taires de maisons peuvent par exemple maintenir de grandes caves ou des garages \u00e0 un niveau d'humidit\u00e9 toujours id\u00e9al, sans jamais devoir vider un r\u00e9servoir d'eau. Il suffit de le placer, de sortir le tuyau fourni et de le mettre en marche - le d\u00e9shumidificateur fait ensuite le reste, de mani\u00e8re totalement autonome.<\/p>\n<p>\t\t\t\t\t\t\t\t\t\t\t\t\t\t\t<img decoding=\"async\" width=\"1500\" height=\"1000\" src=\"https:\/\/ecodry.ch\/wp-content\/uploads\/2023\/08\/ecodry-pro-35-55c_front_1500x1000.webp\" alt=\"\" loading=\"lazy\" srcset=\"https:\/\/ecodry.ch\/wp-content\/uploads\/2023\/08\/ecodry-pro-35-55c_front_1500x1000.webp 1500w, https:\/\/ecodry.ch\/wp-content\/uploads\/2023\/08\/ecodry-pro-35-55c_front_1500x1000-300x200.webp 300w, https:\/\/ecodry.ch\/wp-content\/uploads\/2023\/08\/ecodry-pro-35-55c_front_1500x1000-1024x683.webp 1024w, https:\/\/ecodry.ch\/wp-content\/uploads\/2023\/08\/ecodry-pro-35-55c_front_1500x1000-768x512.webp 768w\" sizes=\"auto, (max-width: 1500px) 100vw, 1500px\" \/><br \/>\n\t\t\t\t\t\t\t<button id=\"e-n-tabs-title-2071\" aria-selected=\"true\" data-tab-index=\"1\" role=\"tab\" tabindex=\"0\" aria-controls=\"e-n-tab-content-2071\" style=\"--n-tabs-title-order: 1;\"><br \/>\n\t\t\t\t\tDonn\u00e9es techniques<br \/>\n\t\t\t<\/button><br \/>\n\t\t\t\t\t<button id=\"e-n-tabs-title-2072\" aria-selected=\"false\" data-tab-index=\"2\" role=\"tab\" tabindex=\"-1\" aria-controls=\"e-n-tab-content-2072\" style=\"--n-tabs-title-order: 2;\"><br \/>\n\t\t\t\t\tT\u00e9l\u00e9chargements<br \/>\n\t\t\t<\/button><\/p>\n<table>\n<thead>\n<tr>\n<th><\/th>\n<th>ecodry Pro 35C<\/th>\n<th>ecodry Pro 55C<\/th>\n<\/tr>\n<\/thead>\n<tbody>\n<tr>\n<td>Capacit\u00e9 de d\u00e9shumidification<\/td>\n<td>35 litres en 24 h \u00e0 30 \u00b0C et 80% d'humidit\u00e9 relative<\/td>\n<td>55 litres en 24 heures \u00e0 30 \u00b0C et 80% d'humidit\u00e9 relative<\/td>\n<\/tr>\n<tr>\n<td>Courant nominal<\/td>\n<td>2.1 A<\/td>\n<td>2.6 A<\/td>\n<\/tr>\n<tr>\n<td>Puissance absorb\u00e9e<\/td>\n<td>475 watts<\/td>\n<td>580 watts<\/td>\n<\/tr>\n<tr>\n<td>Circulation de l'air<\/td>\n<td>330 m\u00b3 \/ h<\/td>\n<td>420 m\u00b3 \/ h<\/td>\n<\/tr>\n<tr>\n<td>Bruit de fonctionnement<\/td>\n<td>50 dB(A)<\/td>\n<td>55 dB(A)<\/td>\n<\/tr>\n<tr>\n<td>R\u00e9frig\u00e9rant<\/td>\n<td>R290 \/ 0,135 kg<\/td>\n<td>R290 \/ 0,2 kg<\/td>\n<\/tr>\n<tr>\n<td>Temp\u00e9rature ambiante<\/td>\n<td>1 - 38 \u00b0C<\/td>\n<td>1 - 38 \u00b0C<\/td>\n<\/tr>\n<tr>\n<td>Indice de protection<\/td>\n<td>IPX4 (protection contre les projections d'eau)<\/td>\n<td>IPX4 (protection contre les projections d'eau)<\/td>\n<\/tr>\n<tr>\n<td>Dimensions H x L x P<\/td>\n<td>310 x 370 x 500 mm<\/td>\n<td>345 x 450 x 560 mm<\/td>\n<\/tr>\n<tr>\n<td>Poids<\/td>\n<td>22 kg<\/td>\n<td>29.2 kg<\/td>\n<\/tr>\n<tr>\n<td>Garantie<\/td>\n<td>3 ans<\/td>\n<td>3 ans<\/td>\n<\/tr>\n<\/tbody>\n<\/table>\n<ul>\n<li>\n\t\t\t\t\t\t\t\t\t\t\t<a href=\"\/wp-content\/uploads\/2023\/08\/ecodry-Pro-35C-55C-Manual-CH.pdf\"><br \/>\n\t\t\t\t\t\t\t\t\t\tInstructions<br \/>\n\t\t\t\t\t\t\t\t\t\t\t<\/a>\n\t\t\t\t\t\t\t\t\t<\/li>\n<\/ul>\n<ul>\n<li>\n\t\t\t\t\t\t\t\t\t\t\t<a href=\"\/wp-content\/uploads\/2023\/08\/ecodry-Pro-35C-55C-Manual-CH.pdf\"><br \/>\n\t\t\t\t\t\t\t\t\t\tInstructions<br \/>\n\t\t\t\t\t\t\t\t\t\t\t<\/a>\n\t\t\t\t\t\t\t\t\t<\/li>\n<\/ul>\n<table>\n<thead>\n<tr>\n<th><\/th>\n<th>ecodry Pro 35C<\/th>\n<th>ecodry Pro 55C<\/th>\n<\/tr>\n<\/thead>\n<tbody>\n<tr>\n<td>Capacit\u00e9 de d\u00e9shumidification<\/td>\n<td>35 litres en 24 h \u00e0 30 \u00b0C et 80% d'humidit\u00e9 relative<\/td>\n<td>55 litres en 24 heures \u00e0 30 \u00b0C et 80% d'humidit\u00e9 relative<\/td>\n<\/tr>\n<tr>\n<td>Courant nominal<\/td>\n<td>2.1 A<\/td>\n<td>2.6 A<\/td>\n<\/tr>\n<tr>\n<td>Puissance absorb\u00e9e<\/td>\n<td>475 watts<\/td>\n<td>580 watts<\/td>\n<\/tr>\n<tr>\n<td>Circulation de l'air<\/td>\n<td>330 m\u00b3 \/ h<\/td>\n<td>420 m\u00b3 \/ h<\/td>\n<\/tr>\n<tr>\n<td>Bruit de fonctionnement<\/td>\n<td>50 dB(A)<\/td>\n<td>55 dB(A)<\/td>\n<\/tr>\n<tr>\n<td>R\u00e9frig\u00e9rant<\/td>\n<td>R290 \/ 0,135 kg<\/td>\n<td>R290 \/ 0,2 kg<\/td>\n<\/tr>\n<tr>\n<td>Temp\u00e9rature ambiante<\/td>\n<td>1 - 38 \u00b0C<\/td>\n<td>1 - 38 \u00b0C<\/td>\n<\/tr>\n<tr>\n<td>Indice de protection<\/td>\n<td>IPX4 (protection contre les projections d'eau)<\/td>\n<td>IPX4 (protection contre les projections d'eau)<\/td>\n<\/tr>\n<tr>\n<td>Dimensions H x L x P<\/td>\n<td>310 x 370 x 500 mm<\/td>\n<td>345 x 450 x 560 mm<\/td>\n<\/tr>\n<tr>\n<td>Poids<\/td>\n<td>22 kg<\/td>\n<td>29.2 kg<\/td>\n<\/tr>\n<tr>\n<td>Garantie<\/td>\n<td>3 ans<\/td>\n<td>3 ans<\/td>\n<\/tr>\n<\/tbody>\n<\/table>\n<ul>\n<li>\n\t\t\t\t\t\t\t\t\t\t\t<a href=\"\/wp-content\/uploads\/2023\/08\/ecodry-Pro-35C-55C-Manual-CH.pdf\"><br \/>\n\t\t\t\t\t\t\t\t\t\tInstructions<br \/>\n\t\t\t\t\t\t\t\t\t\t\t<\/a>\n\t\t\t\t\t\t\t\t\t<\/li>\n<\/ul>\n<ul>\n<li>\n\t\t\t\t\t\t\t\t\t\t\t<a href=\"\/wp-content\/uploads\/2023\/08\/ecodry-Pro-35C-55C-Manual-CH.pdf\"><br \/>\n\t\t\t\t\t\t\t\t\t\tInstructions<br \/>\n\t\t\t\t\t\t\t\t\t\t\t<\/a>\n\t\t\t\t\t\t\t\t\t<\/li>\n<\/ul>\n<p>\t\t\t<a href=\"https:\/\/ecofort.ch\/fr\/deshumidificateur-professionnel\/2862-ecodry-pro-35c.html\" target=\"_blank\" rel=\"noopener\"><br \/>\n\t\t\t\t\t\tecodry Pro 35C dans la boutique<br \/>\n\t\t\t\t\t<\/a><br \/>\n\t\t\t<a href=\"https:\/\/ecofort.ch\/fr\/deshumidificateur-professionnel\/2863-ecodry-pro-55c.html\" target=\"_blank\" rel=\"noopener\"><br \/>\n\t\t\t\t\t\tecodry Pro 55C dans la boutique<br \/>\n\t\t\t\t\t<\/a><br \/>\n\t\t\t<a href=\"https:\/\/ecofort.ch\/fr\/deshumidificateur-professionnel\/2862-ecodry-pro-35c.html\" target=\"_blank\" rel=\"noopener\"><br \/>\n\t\t\t\t\t\tecodry 35C dans la boutique<br \/>\n\t\t\t\t\t<\/a><br \/>\n\t\t\t<a href=\"https:\/\/ecofort.ch\/fr\/deshumidificateur-professionnel\/2863-ecodry-pro-55c.html\" target=\"_blank\" rel=\"noopener\"><br \/>\n\t\t\t\t\t\tecodry 55C dans la boutique<br \/>\n\t\t\t\t\t<\/a><\/p>","protected":false},"excerpt":{"rendered":"<p>ecodry Pro Bautrockner Innovation &#038; Qualit\u00e4t bis ins kleinste Detail Die\u00a0ecodry Pro 35C &amp; 55C\u00a0sind Bautrockner, die jegliche Anforderungen eines professionellen Betriebs erf\u00fcllen: Sie sind kompakt und stapelbar, was im Lager sowie im Lieferwagen enorm viel Platz spart. Ein Angestellter reicht aus, um den Trockner ohne M\u00fche zu installieren, wonach der Betrieb dank integrierter Pumpe [&hellip;]<\/p>\n","protected":false},"author":4,"featured_media":2882,"parent":0,"menu_order":0,"comment_status":"closed","ping_status":"closed","template":"","meta":{"inline_featured_image":false,"footnotes":""},"class_list":["post-2985","page","type-page","status-publish","has-post-thumbnail","hentry"],"_links":{"self":[{"href":"https:\/\/ecodry.ch\/fr\/wp-json\/wp\/v2\/pages\/2985","targetHints":{"allow":["GET"]}}],"collection":[{"href":"https:\/\/ecodry.ch\/fr\/wp-json\/wp\/v2\/pages"}],"about":[{"href":"https:\/\/ecodry.ch\/fr\/wp-json\/wp\/v2\/types\/page"}],"author":[{"embeddable":true,"href":"https:\/\/ecodry.ch\/fr\/wp-json\/wp\/v2\/users\/4"}],"replies":[{"embeddable":true,"href":"https:\/\/ecodry.ch\/fr\/wp-json\/wp\/v2\/comments?post=2985"}],"version-history":[{"count":50,"href":"https:\/\/ecodry.ch\/fr\/wp-json\/wp\/v2\/pages\/2985\/revisions"}],"predecessor-version":[{"id":3397,"href":"https:\/\/ecodry.ch\/fr\/wp-json\/wp\/v2\/pages\/2985\/revisions\/3397"}],"wp:featuredmedia":[{"embeddable":true,"href":"https:\/\/ecodry.ch\/fr\/wp-json\/wp\/v2\/media\/2882"}],"wp:attachment":[{"href":"https:\/\/ecodry.ch\/fr\/wp-json\/wp\/v2\/media?parent=2985"}],"curies":[{"name":"wp","href":"https:\/\/api.w.org\/{rel}","templated":true}]}}