{"id":2966,"date":"2023-08-15T11:22:50","date_gmt":"2023-08-15T10:22:50","guid":{"rendered":"https:\/\/staging.ecodry.ch\/?page_id=2966"},"modified":"2023-11-30T12:29:53","modified_gmt":"2023-11-30T11:29:53","slug":"ecodry-neptun-waschetrockner","status":"publish","type":"page","link":"https:\/\/ecodry.ch\/fr\/lave-linge-sechant-ecodry-neptun\/","title":{"rendered":"ecodry Neptun D\u00e9shumidificateur d'air"},"content":{"rendered":"<h1>ecodry Neptun<\/h1>\n<h2>D\u00e9shumidificateurs &amp; s\u00e9choirs \u00e0 linge<\/h2>\n<p><em>ecodry Neptun<\/em> convient \u00e0 la d\u00e9shumidification et au s\u00e9chage du linge dans les m\u00e9nages familiaux. Dans tout le sous-sol (plusieurs caves ouvertes), il emp\u00eache les odeurs de renferm\u00e9 tout en prot\u00e9geant l'inventaire, les meubles et les murs des d\u00e9g\u00e2ts dus \u00e0 l'humidit\u00e9. Il est \u00e9galement optimal pour la d\u00e9shumidification des parkings, afin de prot\u00e9ger vos voitures anciennes et de collection.<\/p>\n<p>Gr\u00e2ce \u00e0 sa puissance, \u00e0 la circulation optimis\u00e9e de l'air et \u00e0 la fonction intelligente de s\u00e9chage du linge, le Neptun est \u00e9galement id\u00e9al pour s\u00e9cher le linge en douceur et de mani\u00e8re \u00e9conomique dans les m\u00e9nages familiaux.<\/p>\n<p>\t\t\t\t\t\t\t\t\t\t\t\t\t\t\t<img decoding=\"async\" width=\"800\" height=\"800\" src=\"https:\/\/ecodry.ch\/wp-content\/uploads\/2023\/08\/ecodry_neptun_angle_1500x1500-1024x1024.webp\" alt=\"ecodry Neptun D\u00e9shumidificateur et s\u00e9choir \u00e0 linge\" loading=\"lazy\" srcset=\"https:\/\/ecodry.ch\/wp-content\/uploads\/2023\/08\/ecodry_neptun_angle_1500x1500-1024x1024.webp 1024w, https:\/\/ecodry.ch\/wp-content\/uploads\/2023\/08\/ecodry_neptun_angle_1500x1500-300x300.webp 300w, https:\/\/ecodry.ch\/wp-content\/uploads\/2023\/08\/ecodry_neptun_angle_1500x1500-150x150.webp 150w, https:\/\/ecodry.ch\/wp-content\/uploads\/2023\/08\/ecodry_neptun_angle_1500x1500-768x769.webp 768w, https:\/\/ecodry.ch\/wp-content\/uploads\/2023\/08\/ecodry_neptun_angle_1500x1500.webp 1500w\" sizes=\"auto, (max-width: 800px) 100vw, 800px\" \/>\t\t\t\t\t\t\t\t\t\t\t\t\t\t\t<\/p>\n<ul>\n<li>\n\t\t\t\t\t\t\t\t\t\tecodry SMART Control avec affichage LED\n\t\t\t\t\t\t\t\t\t<\/li>\n<li>\n\t\t\t\t\t\t\t\t\t\tFonction s\u00e8che-linge efficace et douce\n\t\t\t\t\t\t\t\t\t<\/li>\n<li>\n\t\t\t\t\t\t\t\t\t\tAvec poign\u00e9es et roulettes robustes\n\t\t\t\t\t\t\t\t\t<\/li>\n<li>\n\t\t\t\t\t\t\t\t\t\tUtilisation simple\n\t\t\t\t\t\t\t\t\t<\/li>\n<\/ul>\n<figure><img decoding=\"async\" src=\"https:\/\/ecodry.ch\/wp-content\/uploads\/2023\/08\/ecodry-neptun_laundry7_1500x1000.webp\" alt=\"ecodry Neptun dans une buanderie\" \/><\/figure>\n<figure><img decoding=\"async\" src=\"https:\/\/ecodry.ch\/wp-content\/uploads\/2023\/11\/ecodry-neptun_laundry1_1500x1000.webp\" alt=\"ecodry-neptun_laundry1_1500x1000\" \/><\/figure>\n<figure><img decoding=\"async\" src=\"https:\/\/ecodry.ch\/wp-content\/uploads\/2023\/11\/ecodry-neptun_panel-close-up_1500x1000.webp\" alt=\"ecodry-neptun_panel-close-up_1500x1000\" \/><\/figure>\n<figure><img decoding=\"async\" src=\"https:\/\/ecodry.ch\/wp-content\/uploads\/2023\/11\/ecodry-neptun-ruby-red_luxury-cars1_1500x1000.webp\" alt=\"ecodry Neptun avec Ferrari &amp; Porsche\" \/><\/figure>\n<figure><img decoding=\"async\" src=\"https:\/\/ecodry.ch\/wp-content\/uploads\/2023\/11\/ecodry-neptun-ruby-red-healed_luxury-cars8_1500x1000.webp\" alt=\"ecodry Neptun avec Porsche rouge\" \/><\/figure>\n<p>\t\t\t\t\t\t\t<button id=\"e-n-tabs-title-1571\" aria-selected=\"true\" data-tab-index=\"1\" role=\"tab\" tabindex=\"0\" aria-controls=\"e-n-tab-content-1571\" style=\"--n-tabs-title-order: 1;\"><br \/>\n\t\t\t\t\tDonn\u00e9es techniques<br \/>\n\t\t\t<\/button><br \/>\n\t\t\t\t\t<button id=\"e-n-tabs-title-1572\" aria-selected=\"false\" data-tab-index=\"2\" role=\"tab\" tabindex=\"-1\" aria-controls=\"e-n-tab-content-1572\" style=\"--n-tabs-title-order: 2;\"><br \/>\n\t\t\t\t\tT\u00e9l\u00e9chargements<br \/>\n\t\t\t<\/button><\/p>\n<table>\n<thead>\n<tr>\n<th>ecodry Neptun<\/th>\n<th>\u00a0<\/th>\n<\/tr>\n<\/thead>\n<tbody>\n<tr>\n<td>Capacit\u00e9 de d\u00e9shumidification<\/td>\n<td>30 litres en 24 heures \u00e0 30 \u00b0C et 80% d'humidit\u00e9 relative<\/td>\n<\/tr>\n<tr>\n<td>Taille max. Taille de la pi\u00e8ce<\/td>\n<td>135 m\u00b2 \/ 400 m\u00b3<\/td>\n<\/tr>\n<tr>\n<td>Couleur<\/td>\n<td>Blanc cr\u00e8me \/ Rouge rubis<\/td>\n<\/tr>\n<tr>\n<td>Puissance absorb\u00e9e<\/td>\n<td>315 - 480 watts<\/td>\n<\/tr>\n<tr>\n<td>Circulation de l'air<\/td>\n<td>180 - 260 m\u00b3 \/ h<\/td>\n<\/tr>\n<tr>\n<td>Bruit de fonctionnement<\/td>\n<td>44 - 48 dB(A)<\/td>\n<\/tr>\n<tr>\n<td>R\u00e9servoir d'eau<\/td>\n<td>6 litres<\/td>\n<\/tr>\n<tr>\n<td>R\u00e9frig\u00e9rant<\/td>\n<td>R290<\/td>\n<\/tr>\n<tr>\n<td>Temp\u00e9rature ambiante<\/td>\n<td>5 - 35 \u00b0C<\/td>\n<\/tr>\n<tr>\n<td>Indice de protection<\/td>\n<td>IPX1 (protection contre les chutes verticales de gouttes d'eau)<\/td>\n<\/tr>\n<tr>\n<td>Dimensions H x L x P<\/td>\n<td>600 x 387 x 342 mm<\/td>\n<\/tr>\n<tr>\n<td>Poids<\/td>\n<td>26.8 kg<\/td>\n<\/tr>\n<tr>\n<td>Garantie<\/td>\n<td>3 ans<\/td>\n<\/tr>\n<\/tbody>\n<\/table>\n<ul>\n<li>\n\t\t\t\t\t\t\t\t\t\t\t<a href=\"\/wp-content\/uploads\/2023\/08\/ecodry-Neptun-Manual_WEB.pdf\"><br \/>\n\t\t\t\t\t\t\t\t\t\tInstructions<br \/>\n\t\t\t\t\t\t\t\t\t\t\t<\/a>\n\t\t\t\t\t\t\t\t\t<\/li>\n<\/ul>\n<ul>\n<li>\n\t\t\t\t\t\t\t\t\t\t\t<a href=\"\/wp-content\/uploads\/2023\/08\/ecodry-Neptun-Manual_WEB.pdf\"><br \/>\n\t\t\t\t\t\t\t\t\t\tInstructions<br \/>\n\t\t\t\t\t\t\t\t\t\t\t<\/a>\n\t\t\t\t\t\t\t\t\t<\/li>\n<\/ul>\n<table>\n<thead>\n<tr>\n<th>ecodry Neptun<\/th>\n<th>\u00a0<\/th>\n<\/tr>\n<\/thead>\n<tbody>\n<tr>\n<td>Capacit\u00e9 de d\u00e9shumidification<\/td>\n<td>30 litres en 24 heures \u00e0 30 \u00b0C et 80% d'humidit\u00e9 relative<\/td>\n<\/tr>\n<tr>\n<td>Taille max. Taille de la pi\u00e8ce<\/td>\n<td>135 m\u00b2 \/ 400 m\u00b3<\/td>\n<\/tr>\n<tr>\n<td>Couleur<\/td>\n<td>Blanc cr\u00e8me \/ Rouge rubis<\/td>\n<\/tr>\n<tr>\n<td>Puissance absorb\u00e9e<\/td>\n<td>315 - 480 watts<\/td>\n<\/tr>\n<tr>\n<td>Circulation de l'air<\/td>\n<td>180 - 260 m\u00b3 \/ h<\/td>\n<\/tr>\n<tr>\n<td>Bruit de fonctionnement<\/td>\n<td>44 - 48 dB(A)<\/td>\n<\/tr>\n<tr>\n<td>R\u00e9servoir d'eau<\/td>\n<td>6 litres<\/td>\n<\/tr>\n<tr>\n<td>R\u00e9frig\u00e9rant<\/td>\n<td>R290<\/td>\n<\/tr>\n<tr>\n<td>Temp\u00e9rature ambiante<\/td>\n<td>5 - 35 \u00b0C<\/td>\n<\/tr>\n<tr>\n<td>Indice de protection<\/td>\n<td>IPX1 (protection contre les chutes verticales de gouttes d'eau)<\/td>\n<\/tr>\n<tr>\n<td>Dimensions H x L x P<\/td>\n<td>600 x 387 x 342 mm<\/td>\n<\/tr>\n<tr>\n<td>Poids<\/td>\n<td>26.8 kg<\/td>\n<\/tr>\n<tr>\n<td>Garantie<\/td>\n<td>3 ans<\/td>\n<\/tr>\n<\/tbody>\n<\/table>\n<ul>\n<li>\n\t\t\t\t\t\t\t\t\t\t\t<a href=\"\/wp-content\/uploads\/2023\/08\/ecodry-Neptun-Manual_WEB.pdf\"><br \/>\n\t\t\t\t\t\t\t\t\t\tInstructions<br \/>\n\t\t\t\t\t\t\t\t\t\t\t<\/a>\n\t\t\t\t\t\t\t\t\t<\/li>\n<\/ul>\n<ul>\n<li>\n\t\t\t\t\t\t\t\t\t\t\t<a href=\"\/wp-content\/uploads\/2023\/08\/ecodry-Neptun-Manual_WEB.pdf\"><br \/>\n\t\t\t\t\t\t\t\t\t\tInstructions<br \/>\n\t\t\t\t\t\t\t\t\t\t\t<\/a>\n\t\t\t\t\t\t\t\t\t<\/li>\n<\/ul>\n<p>\t\t\t<a href=\"https:\/\/ecofort.ch\/fr\/deshumidificateur\/2988-ecodry-neptun.html\" target=\"_blank\" rel=\"noopener\"><br \/>\n\t\t\t\t\t\tPlus d'informations dans la boutique<br \/>\n\t\t\t\t\t<\/a><br \/>\n\t\t\t<a href=\"https:\/\/ecofort.ch\/fr\/deshumidificateur\/2988-ecodry-neptun.html\" target=\"_blank\" rel=\"noopener\"><br \/>\n\t\t\t\t\t\tPlus d'informations dans la boutique<br \/>\n\t\t\t\t\t<\/a><\/p>","protected":false},"excerpt":{"rendered":"<p>ecodry Neptun Luftentfeuchter &#038; W\u00e4schetrockner ecodry Neptun eignet sich f\u00fcr die Entfeuchtung und die W\u00e4schetrocknung in Einfamilienhaushalten. Im ganzen Untergeschoss (mehrere, offene Kellerr\u00e4ume) verhindert er Muffgeruch und sch\u00fctzt gleichzeitig Inventar, M\u00f6bel und Mauern vor Feuchtigkeitssch\u00e4den. F\u00fcr die Entfeuchtung von Einstellpl\u00e4tzen, um Ihre Old- und Youngtimer zu sch\u00fctzen, ist er ebenfalls optimal. Wegen seiner starken Leistung, [&hellip;]<\/p>\n","protected":false},"author":4,"featured_media":2881,"parent":0,"menu_order":0,"comment_status":"closed","ping_status":"closed","template":"","meta":{"inline_featured_image":false,"footnotes":""},"class_list":["post-2966","page","type-page","status-publish","has-post-thumbnail","hentry"],"_links":{"self":[{"href":"https:\/\/ecodry.ch\/fr\/wp-json\/wp\/v2\/pages\/2966","targetHints":{"allow":["GET"]}}],"collection":[{"href":"https:\/\/ecodry.ch\/fr\/wp-json\/wp\/v2\/pages"}],"about":[{"href":"https:\/\/ecodry.ch\/fr\/wp-json\/wp\/v2\/types\/page"}],"author":[{"embeddable":true,"href":"https:\/\/ecodry.ch\/fr\/wp-json\/wp\/v2\/users\/4"}],"replies":[{"embeddable":true,"href":"https:\/\/ecodry.ch\/fr\/wp-json\/wp\/v2\/comments?post=2966"}],"version-history":[{"count":30,"href":"https:\/\/ecodry.ch\/fr\/wp-json\/wp\/v2\/pages\/2966\/revisions"}],"predecessor-version":[{"id":3410,"href":"https:\/\/ecodry.ch\/fr\/wp-json\/wp\/v2\/pages\/2966\/revisions\/3410"}],"wp:featuredmedia":[{"embeddable":true,"href":"https:\/\/ecodry.ch\/fr\/wp-json\/wp\/v2\/media\/2881"}],"wp:attachment":[{"href":"https:\/\/ecodry.ch\/fr\/wp-json\/wp\/v2\/media?parent=2966"}],"curies":[{"name":"wp","href":"https:\/\/api.w.org\/{rel}","templated":true}]}}