{"id":2949,"date":"2023-08-15T10:17:18","date_gmt":"2023-08-15T09:17:18","guid":{"rendered":"https:\/\/staging.ecodry.ch\/?page_id=2949"},"modified":"2023-08-22T16:29:41","modified_gmt":"2023-08-22T15:29:41","slug":"ecodry-925-raumluft-waschetrockner","status":"publish","type":"page","link":"https:\/\/ecodry.ch\/fr\/ecodry-925-laveuse-secheuse-a-air-ambiant\/","title":{"rendered":"ecodry 925 D\u00e9shumidificateur d'air"},"content":{"rendered":"<h1>ecodry 925<\/h1>\n<h2>D\u00e9shumidificateurs &amp; S\u00e9choirs \u00e0 air ambiant<\/h2>\n<p>L'utilisation de composants performants de qualit\u00e9, ainsi que la finition de haute qualit\u00e9 et l'ing\u00e9nierie ecodry font du <em>ecodry 925<\/em>\u00a0pour un s\u00e8che-linge durable et \u00e9conomique - extra fort et mobile.<\/p>\n<p>Fiabilit\u00e9, pr\u00e9cision, finition de haute qualit\u00e9 et long\u00e9vit\u00e9 caract\u00e9risent le chariot mobile\u00a0<em>ecodry<\/em> Air ambiant S\u00e8che-linge \u00e9teint.<\/p>\n<p>\t\t\t\t\t\t\t\t\t\t\t\t\t\t\t<img decoding=\"async\" width=\"800\" height=\"800\" src=\"https:\/\/ecodry.ch\/wp-content\/uploads\/2023\/08\/ecodry-925-mobiler-waschetrockner_1.jpg\" alt=\"ecodry 925 S\u00e8che-linge \u00e0 air ambiant\" loading=\"lazy\" srcset=\"https:\/\/ecodry.ch\/wp-content\/uploads\/2023\/08\/ecodry-925-mobiler-waschetrockner_1.jpg 800w, https:\/\/ecodry.ch\/wp-content\/uploads\/2023\/08\/ecodry-925-mobiler-waschetrockner_1-300x300.jpg 300w, https:\/\/ecodry.ch\/wp-content\/uploads\/2023\/08\/ecodry-925-mobiler-waschetrockner_1-150x150.jpg 150w, https:\/\/ecodry.ch\/wp-content\/uploads\/2023\/08\/ecodry-925-mobiler-waschetrockner_1-768x768.jpg 768w\" sizes=\"auto, (max-width: 800px) 100vw, 800px\" \/>\t\t\t\t\t\t\t\t\t\t\t\t\t\t\t<\/p>\n<ul>\n<li>\n\t\t\t\t\t\t\t\t\t\tS\u00e9chage flexible du linge\n\t\t\t\t\t\t\t\t\t<\/li>\n<li>\n\t\t\t\t\t\t\t\t\t\tAvec poign\u00e9es et roulettes robustes\n\t\t\t\t\t\t\t\t\t<\/li>\n<li>\n\t\t\t\t\t\t\t\t\t\tBo\u00eetier m\u00e9tallique extra-robuste\n\t\t\t\t\t\t\t\t\t<\/li>\n<li>\n\t\t\t\t\t\t\t\t\t\tUtilisation simple\n\t\t\t\t\t\t\t\t\t<\/li>\n<\/ul>\n<p>\t\t\t\t\t\t\t\t\t\t\t\t\t\t\t<img decoding=\"async\" width=\"1500\" height=\"1000\" src=\"https:\/\/ecodry.ch\/wp-content\/uploads\/2023\/08\/ecodry-925_lifestyle_keller_1500x1000.webp\" alt=\"ecodry 925 dans une cave \u00e0 v\u00e9los\" loading=\"lazy\" srcset=\"https:\/\/ecodry.ch\/wp-content\/uploads\/2023\/08\/ecodry-925_lifestyle_keller_1500x1000.webp 1500w, https:\/\/ecodry.ch\/wp-content\/uploads\/2023\/08\/ecodry-925_lifestyle_keller_1500x1000-300x200.webp 300w, https:\/\/ecodry.ch\/wp-content\/uploads\/2023\/08\/ecodry-925_lifestyle_keller_1500x1000-1024x683.webp 1024w, https:\/\/ecodry.ch\/wp-content\/uploads\/2023\/08\/ecodry-925_lifestyle_keller_1500x1000-768x512.webp 768w\" sizes=\"auto, (max-width: 1500px) 100vw, 1500px\" \/><br \/>\n\t\t\t\t\t\tDonn\u00e9es techniques T\u00e9l\u00e9chargements<br \/>\n\t\t\t\t\t\tDonn\u00e9es techniques<\/p>\n<table>\n<thead>\n<tr>\n<th>ecodry 925<\/th>\n<th>\u00a0<\/th>\n<\/tr>\n<\/thead>\n<tbody>\n<tr>\n<td>Capacit\u00e9 de d\u00e9shumidification<\/td>\n<td>45,6 litres en 24 h \u00e0 30 \u00b0C et 80% d'humidit\u00e9 relative<\/td>\n<\/tr>\n<tr>\n<td>Taille max. Taille de la pi\u00e8ce<\/td>\n<td>200 m\u00b2 \/ 600 m\u00b3<\/td>\n<\/tr>\n<tr>\n<td>Couleur<\/td>\n<td>Anthracite<\/td>\n<\/tr>\n<tr>\n<td>Puissance absorb\u00e9e<\/td>\n<td>680 W \u00e0 25 \u00b0C et 65% r. F.<br \/>770 W \u00e0 30 \u00b0C et 80% r. F.<\/td>\n<\/tr>\n<tr>\n<td>Circulation de l'air<\/td>\n<td>600 m\u00b3 \/ h<\/td>\n<\/tr>\n<tr>\n<td>Bruit de fonctionnement<\/td>\n<td>77 dB(A)<\/td>\n<\/tr>\n<tr>\n<td>R\u00e9servoir d'eau<\/td>\n<td>12 litres<\/td>\n<\/tr>\n<tr>\n<td>R\u00e9frig\u00e9rant<\/td>\n<td>R1234yf<\/td>\n<\/tr>\n<tr>\n<td>Temp\u00e9rature ambiante<\/td>\n<td>5 - 35 \u00b0C<\/td>\n<\/tr>\n<tr>\n<td>Indice de protection<\/td>\n<td>IPX1 (protection contre les chutes verticales de gouttes d'eau)<\/td>\n<\/tr>\n<tr>\n<td>Dimensions H x L x P<\/td>\n<td>587 x 617 x 388 mm<\/td>\n<\/tr>\n<tr>\n<td>Poids<\/td>\n<td>32.8 kg<\/td>\n<\/tr>\n<tr>\n<td>Garantie<\/td>\n<td>3 ans<\/td>\n<\/tr>\n<\/tbody>\n<\/table>\n<p>\t\t\t\tT\u00e9l\u00e9chargements<\/p>\n<ul>\n<li>\n\t\t\t\t\t\t\t\t\t\t\t<a href=\"\/wp-content\/uploads\/2023\/08\/ecodry_925_manual-R1234yf.pdf\"><br \/>\n\t\t\t\t\t\t\t\t\t\tInstructions<br \/>\n\t\t\t\t\t\t\t\t\t\t\t<\/a>\n\t\t\t\t\t\t\t\t\t<\/li>\n<\/ul>\n<ul>\n<li>\n\t\t\t\t\t\t\t\t\t\t\t<a href=\"\/wp-content\/uploads\/2023\/08\/ecodry_925_manual-R1234yf.pdf\"><br \/>\n\t\t\t\t\t\t\t\t\t\tInstructions<br \/>\n\t\t\t\t\t\t\t\t\t\t\t<\/a>\n\t\t\t\t\t\t\t\t\t<\/li>\n<\/ul>\n<table>\n<thead>\n<tr>\n<th>ecodry 925<\/th>\n<th>\u00a0<\/th>\n<\/tr>\n<\/thead>\n<tbody>\n<tr>\n<td>Capacit\u00e9 de d\u00e9shumidification<\/td>\n<td>45,6 litres en 24 h \u00e0 30 \u00b0C et 80% d'humidit\u00e9 relative<\/td>\n<\/tr>\n<tr>\n<td>Taille max. Taille de la pi\u00e8ce<\/td>\n<td>200 m\u00b2 \/ 600 m\u00b3<\/td>\n<\/tr>\n<tr>\n<td>Couleur<\/td>\n<td>Anthracite<\/td>\n<\/tr>\n<tr>\n<td>Puissance absorb\u00e9e<\/td>\n<td>680 W \u00e0 25 \u00b0C et 65% r. F.<br \/>770 W \u00e0 30 \u00b0C et 80% r. F.<\/td>\n<\/tr>\n<tr>\n<td>Circulation de l'air<\/td>\n<td>600 m\u00b3 \/ h<\/td>\n<\/tr>\n<tr>\n<td>Bruit de fonctionnement<\/td>\n<td>77 dB(A)<\/td>\n<\/tr>\n<tr>\n<td>R\u00e9servoir d'eau<\/td>\n<td>12 litres<\/td>\n<\/tr>\n<tr>\n<td>R\u00e9frig\u00e9rant<\/td>\n<td>R1234yf<\/td>\n<\/tr>\n<tr>\n<td>Temp\u00e9rature ambiante<\/td>\n<td>5 - 35 \u00b0C<\/td>\n<\/tr>\n<tr>\n<td>Indice de protection<\/td>\n<td>IPX1 (protection contre les chutes verticales de gouttes d'eau)<\/td>\n<\/tr>\n<tr>\n<td>Dimensions H x L x P<\/td>\n<td>587 x 617 x 388 mm<\/td>\n<\/tr>\n<tr>\n<td>Poids<\/td>\n<td>32.8 kg<\/td>\n<\/tr>\n<tr>\n<td>Garantie<\/td>\n<td>3 ans<\/td>\n<\/tr>\n<\/tbody>\n<\/table>\n<ul>\n<li>\n\t\t\t\t\t\t\t\t\t\t\t<a href=\"\/wp-content\/uploads\/2023\/08\/ecodry_925_manual-R1234yf.pdf\"><br \/>\n\t\t\t\t\t\t\t\t\t\tInstructions<br \/>\n\t\t\t\t\t\t\t\t\t\t\t<\/a>\n\t\t\t\t\t\t\t\t\t<\/li>\n<\/ul>\n<ul>\n<li>\n\t\t\t\t\t\t\t\t\t\t\t<a href=\"\/wp-content\/uploads\/2023\/08\/ecodry_925_manual-R1234yf.pdf\"><br \/>\n\t\t\t\t\t\t\t\t\t\tInstructions<br \/>\n\t\t\t\t\t\t\t\t\t\t\t<\/a>\n\t\t\t\t\t\t\t\t\t<\/li>\n<\/ul>\n<p>\t\t\t<a href=\"https:\/\/ecofort.ch\/fr\/deshumidificateur\/377-seche-linge-mobile-ecodry-925.html\" target=\"_blank\" rel=\"noopener\"><br \/>\n\t\t\t\t\t\tPlus d'informations dans la boutique<br \/>\n\t\t\t\t\t<\/a><br \/>\n\t\t\t<a href=\"https:\/\/ecofort.ch\/fr\/deshumidificateur\/377-seche-linge-mobile-ecodry-925.html\" target=\"_blank\" rel=\"noopener\"><br \/>\n\t\t\t\t\t\tPlus d'informations dans la boutique<br \/>\n\t\t\t\t\t<\/a><\/p>","protected":false},"excerpt":{"rendered":"<p>ecodry 925 Luftentfeuchter &#038; Raumluft W\u00e4schetrockner Der Einsatz von leistungsf\u00e4higen Qualit\u00e4tskomponenten, sowie die hochwertige Verarbeitung und das ecodry Engineering machen den ecodry 925\u00a0zum langlebigen und sparsamen W\u00e4schetrockner \u2013 extra stark und mobil. Zuverl\u00e4ssigkeit, Pr\u00e4zision, hochwertige Verarbeitung und Langlebigkeit zeichnen den fahrbaren\u00a0ecodry Raumluft W\u00e4schetrockner aus. Flexible W\u00e4schetrocknung Mit Handgriffen und robusten Rollen Extra-robustes Metallgeh\u00e4use Simple Bedienung [&hellip;]<\/p>\n","protected":false},"author":4,"featured_media":2950,"parent":0,"menu_order":0,"comment_status":"closed","ping_status":"closed","template":"","meta":{"inline_featured_image":false,"footnotes":""},"class_list":["post-2949","page","type-page","status-publish","has-post-thumbnail","hentry"],"_links":{"self":[{"href":"https:\/\/ecodry.ch\/fr\/wp-json\/wp\/v2\/pages\/2949","targetHints":{"allow":["GET"]}}],"collection":[{"href":"https:\/\/ecodry.ch\/fr\/wp-json\/wp\/v2\/pages"}],"about":[{"href":"https:\/\/ecodry.ch\/fr\/wp-json\/wp\/v2\/types\/page"}],"author":[{"embeddable":true,"href":"https:\/\/ecodry.ch\/fr\/wp-json\/wp\/v2\/users\/4"}],"replies":[{"embeddable":true,"href":"https:\/\/ecodry.ch\/fr\/wp-json\/wp\/v2\/comments?post=2949"}],"version-history":[{"count":26,"href":"https:\/\/ecodry.ch\/fr\/wp-json\/wp\/v2\/pages\/2949\/revisions"}],"predecessor-version":[{"id":3202,"href":"https:\/\/ecodry.ch\/fr\/wp-json\/wp\/v2\/pages\/2949\/revisions\/3202"}],"wp:featuredmedia":[{"embeddable":true,"href":"https:\/\/ecodry.ch\/fr\/wp-json\/wp\/v2\/media\/2950"}],"wp:attachment":[{"href":"https:\/\/ecodry.ch\/fr\/wp-json\/wp\/v2\/media?parent=2949"}],"curies":[{"name":"wp","href":"https:\/\/api.w.org\/{rel}","templated":true}]}}