{"id":2930,"date":"2023-08-15T08:24:12","date_gmt":"2023-08-15T07:24:12","guid":{"rendered":"https:\/\/staging.ecodry.ch\/?page_id=2930"},"modified":"2023-08-23T09:20:44","modified_gmt":"2023-08-23T08:20:44","slug":"ecodry-625-luftentfeuchter","status":"publish","type":"page","link":"https:\/\/ecodry.ch\/fr\/deshumidificateur-ecodry-625\/","title":{"rendered":"ecodry 625 D\u00e9shumidificateur d'air"},"content":{"rendered":"<h1>ecodry 625<\/h1>\n<h2>D\u00e9shumidificateurs &amp; s\u00e9choirs \u00e0 linge<\/h2>\n<p><strong>ecodry 625 - le d\u00e9shumidificateur de haute qualit\u00e9 pour une d\u00e9shumidification efficace des pi\u00e8ces et un s\u00e9chage rapide et en douceur du linge<\/strong><\/p>\n<p>La caract\u00e9ristique la plus remarquable est le guidage optimis\u00e9 de l'air. L'air humide est aspir\u00e9 \u00e0 l'avant et expuls\u00e9 apr\u00e8s avoir \u00e9t\u00e9 s\u00e9ch\u00e9 sur le dessus. Cela permet d'acc\u00e9l\u00e9rer le s\u00e9chage du linge et de gagner de la place.<\/p>\n<p>L'utilisation de composants de qualit\u00e9, ainsi que la finition haut de gamme et la technologie de pointe font du&nbsp;<em>ecodry 625<\/em>&nbsp;au d\u00e9shumidificateur durable et \u00e9conomique.<\/p>\n<p><img decoding=\"async\" width=\"800\" height=\"784\" src=\"https:\/\/ecodry.ch\/wp-content\/uploads\/2023\/08\/ecodry-625_814x798.webp\" alt=\"ecodry 625 D\u00e9shumidificateur &amp; s\u00e9choir \u00e0 linge\" loading=\"lazy\" srcset=\"https:\/\/ecodry.ch\/wp-content\/uploads\/2023\/08\/ecodry-625_814x798.webp 814w, https:\/\/ecodry.ch\/wp-content\/uploads\/2023\/08\/ecodry-625_814x798-300x294.webp 300w, https:\/\/ecodry.ch\/wp-content\/uploads\/2023\/08\/ecodry-625_814x798-768x753.webp 768w\" sizes=\"auto, (max-width: 800px) 100vw, 800px\"><\/p>\n<ul>\n<li>\n\t\t\t\t\t\t\t\t\t\tAcc\u00e9l\u00e9ration du s\u00e9chage du linge<\/li>\n<li>\n\t\t\t\t\t\t\t\t\t\tAvec poign\u00e9es et roulettes robustes<\/li>\n<li>\n\t\t\t\t\t\t\t\t\t\tBo\u00eetier m\u00e9tallique extra-robuste<\/li>\n<li>\n\t\t\t\t\t\t\t\t\t\tUtilisation simple<\/li>\n<\/ul>\n<p><img decoding=\"async\" width=\"800\" height=\"534\" src=\"https:\/\/ecodry.ch\/wp-content\/uploads\/2023\/08\/ecodry-625_lifestyle_keller_1500x1000-1024x683.webp\" alt=\"ecodry 625 dans une cave moderne\" loading=\"lazy\" srcset=\"https:\/\/ecodry.ch\/wp-content\/uploads\/2023\/08\/ecodry-625_lifestyle_keller_1500x1000-1024x683.webp 1024w, https:\/\/ecodry.ch\/wp-content\/uploads\/2023\/08\/ecodry-625_lifestyle_keller_1500x1000-300x200.webp 300w, https:\/\/ecodry.ch\/wp-content\/uploads\/2023\/08\/ecodry-625_lifestyle_keller_1500x1000-768x512.webp 768w, https:\/\/ecodry.ch\/wp-content\/uploads\/2023\/08\/ecodry-625_lifestyle_keller_1500x1000.webp 1500w\" sizes=\"auto, (max-width: 800px) 100vw, 800px\"><br \/>\nDonn\u00e9es techniques T\u00e9l\u00e9chargements<br \/>\nDonn\u00e9es techniques<\/p>\n<table>\n<thead>\n<tr>\n<th>ecodry 625<\/th>\n<th>&nbsp;<\/th>\n<\/tr>\n<\/thead>\n<tbody>\n<tr>\n<td>Capacit\u00e9 de d\u00e9shumidification<\/td>\n<td>27,6 litres en 24 h \u00e0 30 \u00b0C et 80% d'humidit\u00e9 relative<\/td>\n<\/tr>\n<tr>\n<td>Taille max. Taille de la pi\u00e8ce<\/td>\n<td>135 m\u00b2 \/ 400 m\u00b3<\/td>\n<\/tr>\n<tr>\n<td>Couleur<\/td>\n<td>Anthracite<\/td>\n<\/tr>\n<tr>\n<td>Puissance absorb\u00e9e<\/td>\n<td>292 W \u00e0 25 \u00b0C et 65% r. F.<br \/>\n350 W \u00e0 30 \u00b0C et 80% r. F.<\/td>\n<\/tr>\n<tr>\n<td>Circulation de l'air<\/td>\n<td>300 m\u00b3 \/ h<\/td>\n<\/tr>\n<tr>\n<td>Bruit de fonctionnement<\/td>\n<td>54 dB(A)<\/td>\n<\/tr>\n<tr>\n<td>R\u00e9servoir d'eau<\/td>\n<td>6 litres<\/td>\n<\/tr>\n<tr>\n<td>R\u00e9frig\u00e9rant<\/td>\n<td>R290<\/td>\n<\/tr>\n<tr>\n<td>Temp\u00e9rature ambiante<\/td>\n<td>5 - 35 \u00b0C<\/td>\n<\/tr>\n<tr>\n<td>Indice de protection<\/td>\n<td>IPX1 (protection contre les chutes verticales de gouttes d'eau)<\/td>\n<\/tr>\n<tr>\n<td>Dimensions H x L x P<\/td>\n<td>555 x 382 x 398 mm<\/td>\n<\/tr>\n<tr>\n<td>Poids<\/td>\n<td>28.7 kg<\/td>\n<\/tr>\n<tr>\n<td>Garantie<\/td>\n<td>3 ans<\/td>\n<\/tr>\n<\/tbody>\n<\/table>\n<p>T\u00e9l\u00e9chargements<\/p>\n<ul>\n<li>\n\t\t\t\t\t\t\t\t\t\t\t<a href=\"\/wp-content\/uploads\/2023\/08\/Anleitung_ecodry625_D-E-I-F-R290.pdf\"><br \/>\nInstructions<br \/>\n<\/a><\/li>\n<\/ul>\n<ul>\n<li>\n\t\t\t\t\t\t\t\t\t\t\t<a href=\"\/wp-content\/uploads\/2023\/08\/Anleitung_ecodry625_D-E-I-F-R290.pdf\"><br \/>\nInstructions<br \/>\n<\/a><\/li>\n<\/ul>\n<table>\n<thead>\n<tr>\n<th>ecodry 625<\/th>\n<th>&nbsp;<\/th>\n<\/tr>\n<\/thead>\n<tbody>\n<tr>\n<td>Capacit\u00e9 de d\u00e9shumidification<\/td>\n<td>27,6 litres en 24 h \u00e0 30 \u00b0C et 80% d'humidit\u00e9 relative<\/td>\n<\/tr>\n<tr>\n<td>Taille max. Taille de la pi\u00e8ce<\/td>\n<td>135 m\u00b2 \/ 400 m\u00b3<\/td>\n<\/tr>\n<tr>\n<td>Couleur<\/td>\n<td>Anthracite<\/td>\n<\/tr>\n<tr>\n<td>Puissance absorb\u00e9e<\/td>\n<td>292 W \u00e0 25 \u00b0C et 65% r. F.<br \/>\n350 W \u00e0 30 \u00b0C et 80% r. F.<\/td>\n<\/tr>\n<tr>\n<td>Circulation de l'air<\/td>\n<td>300 m\u00b3 \/ h<\/td>\n<\/tr>\n<tr>\n<td>Bruit de fonctionnement<\/td>\n<td>54 dB(A)<\/td>\n<\/tr>\n<tr>\n<td>R\u00e9servoir d'eau<\/td>\n<td>6 litres<\/td>\n<\/tr>\n<tr>\n<td>R\u00e9frig\u00e9rant<\/td>\n<td>R290<\/td>\n<\/tr>\n<tr>\n<td>Temp\u00e9rature ambiante<\/td>\n<td>5 - 35 \u00b0C<\/td>\n<\/tr>\n<tr>\n<td>Indice de protection<\/td>\n<td>IPX1 (protection contre les chutes verticales de gouttes d'eau)<\/td>\n<\/tr>\n<tr>\n<td>Dimensions H x L x P<\/td>\n<td>555 x 382 x 398 mm<\/td>\n<\/tr>\n<tr>\n<td>Poids<\/td>\n<td>28.7 kg<\/td>\n<\/tr>\n<tr>\n<td>Garantie<\/td>\n<td>3 ans<\/td>\n<\/tr>\n<\/tbody>\n<\/table>\n<ul>\n<li>\n\t\t\t\t\t\t\t\t\t\t\t<a href=\"\/wp-content\/uploads\/2023\/08\/Anleitung_ecodry625_D-E-I-F-R290.pdf\"><br \/>\nInstructions<br \/>\n<\/a><\/li>\n<\/ul>\n<ul>\n<li>\n\t\t\t\t\t\t\t\t\t\t\t<a href=\"\/wp-content\/uploads\/2023\/08\/Anleitung_ecodry625_D-E-I-F-R290.pdf\"><br \/>\nInstructions<br \/>\n<\/a><\/li>\n<\/ul>\n<p><a href=\"https:\/\/ecofort.ch\/fr\/deshumidificateur\/368-ecodry-625.html\" target=\"_blank\" rel=\"noopener\"><br \/>\nPlus d'informations dans la boutique<br \/>\n<\/a><br \/>\n<a href=\"https:\/\/ecofort.ch\/fr\/deshumidificateur\/368-ecodry-625.html\" target=\"_blank\" rel=\"noopener\"><br \/>\nPlus d'informations dans la boutique<br \/>\n<\/a><\/p>","protected":false},"excerpt":{"rendered":"<p>ecodry 625 Luftentfeuchter &amp; W\u00e4schetrockner ecodry 625 \u2013 der qualitativ hochwertige Luftentfeuchter f\u00fcr effiziente Raumentfeuchtung und schnelle, schonende W\u00e4schetrocknung Herausragendes Merkmal ist die optimierte Luftf\u00fchrung. Die feuchte Luft wird vorne angesaugt und an der Oberseite getrocknet wieder ausgestossen.&nbsp;Dies erm\u00f6glicht eine beschleunigte W\u00e4schetrocknung und Platzeinsparung. Der Einsatz von Qualit\u00e4tskomponenten, sowie die hochwertige Verarbeitung und die neueste [&hellip;]<\/p>\n","protected":false},"author":4,"featured_media":2931,"parent":0,"menu_order":0,"comment_status":"closed","ping_status":"closed","template":"","meta":{"inline_featured_image":false,"footnotes":""},"class_list":["post-2930","page","type-page","status-publish","has-post-thumbnail","hentry"],"_links":{"self":[{"href":"https:\/\/ecodry.ch\/fr\/wp-json\/wp\/v2\/pages\/2930","targetHints":{"allow":["GET"]}}],"collection":[{"href":"https:\/\/ecodry.ch\/fr\/wp-json\/wp\/v2\/pages"}],"about":[{"href":"https:\/\/ecodry.ch\/fr\/wp-json\/wp\/v2\/types\/page"}],"author":[{"embeddable":true,"href":"https:\/\/ecodry.ch\/fr\/wp-json\/wp\/v2\/users\/4"}],"replies":[{"embeddable":true,"href":"https:\/\/ecodry.ch\/fr\/wp-json\/wp\/v2\/comments?post=2930"}],"version-history":[{"count":11,"href":"https:\/\/ecodry.ch\/fr\/wp-json\/wp\/v2\/pages\/2930\/revisions"}],"predecessor-version":[{"id":3214,"href":"https:\/\/ecodry.ch\/fr\/wp-json\/wp\/v2\/pages\/2930\/revisions\/3214"}],"wp:featuredmedia":[{"embeddable":true,"href":"https:\/\/ecodry.ch\/fr\/wp-json\/wp\/v2\/media\/2931"}],"wp:attachment":[{"href":"https:\/\/ecodry.ch\/fr\/wp-json\/wp\/v2\/media?parent=2930"}],"curies":[{"name":"wp","href":"https:\/\/api.w.org\/{rel}","templated":true}]}}