{"id":2913,"date":"2023-08-14T15:55:29","date_gmt":"2023-08-14T14:55:29","guid":{"rendered":"https:\/\/staging.ecodry.ch\/?page_id=2913"},"modified":"2023-08-28T16:43:34","modified_gmt":"2023-08-28T15:43:34","slug":"ecodry-425-luftentfeuchter","status":"publish","type":"page","link":"https:\/\/ecodry.ch\/fr\/deshumidificateur-ecodry-425\/","title":{"rendered":"ecodry 425 D\u00e9shumidificateur d'air"},"content":{"rendered":"<h1>ecodry 425<\/h1>\n<h2>D\u00e9shumidificateurs<\/h2>\n<p style=\"text-align: left;\"><em>ecodry 425<\/em>\u00a0est la garantie de fiabilit\u00e9 et d'efficacit\u00e9\u00a0<strong>D\u00e9shumidificateur pour caves humides<\/strong>,\u00a0<strong>Garages<\/strong>,\u00a0<strong>Entrep\u00f4t<\/strong>\u00a0et\u00a0<strong>Archives<\/strong>. Id\u00e9al pour la protection de l'inventaire contre les d\u00e9g\u00e2ts dus \u00e0 l'humidit\u00e9, ainsi que pour la pr\u00e9vention des odeurs de renferm\u00e9, des moisissures et de la rouille.<\/p>\n<p style=\"text-align: left;\">Le site\u00a0<em>ecodry 425<\/em>\u00a0convainc, outre la\u00a0<strong>top efficacit\u00e9 \u00e9nerg\u00e9tique<\/strong>\u00a0par la\u00a0<strong>taille compacte<\/strong>,\u00a0<strong>poids l\u00e9ger<\/strong>, qui <strong>Mobilit\u00e9<\/strong>\u00a0et le\u00a0<strong>un fonctionnement silencieux<\/strong>.<\/p>\n<p style=\"text-align: left;\">L'utilisation de composants de qualit\u00e9, ainsi que la finition haut de gamme et l'utilisation des derni\u00e8res technologies font du\u00a0<em>ecodry 425<\/em>\u00a0au d\u00e9shumidificateur durable et \u00e9conomique.<\/p>\n<p>\t\t\t\t\t\t\t\t\t\t\t\t\t\t\t<img decoding=\"async\" width=\"800\" height=\"534\" src=\"https:\/\/ecodry.ch\/wp-content\/uploads\/2023\/08\/ecodry_425_all_colors_2_1500x1000-1024x683.webp\" alt=\"ecodry 425 trois couleurs\" loading=\"lazy\" srcset=\"https:\/\/ecodry.ch\/wp-content\/uploads\/2023\/08\/ecodry_425_all_colors_2_1500x1000-1024x683.webp 1024w, https:\/\/ecodry.ch\/wp-content\/uploads\/2023\/08\/ecodry_425_all_colors_2_1500x1000-300x200.webp 300w, https:\/\/ecodry.ch\/wp-content\/uploads\/2023\/08\/ecodry_425_all_colors_2_1500x1000-768x512.webp 768w, https:\/\/ecodry.ch\/wp-content\/uploads\/2023\/08\/ecodry_425_all_colors_2_1500x1000.webp 1500w\" sizes=\"auto, (max-width: 800px) 100vw, 800px\" \/>\t\t\t\t\t\t\t\t\t\t\t\t\t\t\t<\/p>\n<ul>\n<li>\n\t\t\t\t\t\t\t\t\t\tDisponible en trois couleurs\n\t\t\t\t\t\t\t\t\t<\/li>\n<li>\n\t\t\t\t\t\t\t\t\t\tAvec poign\u00e9es et roulettes robustes\n\t\t\t\t\t\t\t\t\t<\/li>\n<li>\n\t\t\t\t\t\t\t\t\t\tBo\u00eetier m\u00e9tallique extra-robuste\n\t\t\t\t\t\t\t\t\t<\/li>\n<li>\n\t\t\t\t\t\t\t\t\t\tUtilisation simple\n\t\t\t\t\t\t\t\t\t<\/li>\n<\/ul>\n<p>\t\t\t\t\t\t\t\t\t\t\t\t\t\t\t<img decoding=\"async\" width=\"1500\" height=\"1000\" src=\"https:\/\/ecodry.ch\/wp-content\/uploads\/2023\/08\/ecodry-425_lifestyle_keller_top-angle_1500x1000.webp\" alt=\"ecodry 425 dans une cave moderne\" loading=\"lazy\" srcset=\"https:\/\/ecodry.ch\/wp-content\/uploads\/2023\/08\/ecodry-425_lifestyle_keller_top-angle_1500x1000.webp 1500w, https:\/\/ecodry.ch\/wp-content\/uploads\/2023\/08\/ecodry-425_lifestyle_keller_top-angle_1500x1000-300x200.webp 300w, https:\/\/ecodry.ch\/wp-content\/uploads\/2023\/08\/ecodry-425_lifestyle_keller_top-angle_1500x1000-1024x683.webp 1024w, https:\/\/ecodry.ch\/wp-content\/uploads\/2023\/08\/ecodry-425_lifestyle_keller_top-angle_1500x1000-768x512.webp 768w\" sizes=\"auto, (max-width: 1500px) 100vw, 1500px\" \/><br \/>\n\t\t\t\t\t\tDonn\u00e9es techniques T\u00e9l\u00e9chargements<br \/>\n\t\t\t\t\t\tDonn\u00e9es techniques<\/p>\n<table>\n<thead>\n<tr>\n<th>ecodry 425<\/th>\n<th>\u00a0<\/th>\n<\/tr>\n<\/thead>\n<tbody>\n<tr>\n<td>Capacit\u00e9 de d\u00e9shumidification<\/td>\n<td>21,8 litres en 24 h \u00e0 30 \u00b0C et 80% d'humidit\u00e9 relative<\/td>\n<\/tr>\n<tr>\n<td>Taille max. Taille de la pi\u00e8ce<\/td>\n<td>100 m\u00b2 \/ 250 m\u00b3<\/td>\n<\/tr>\n<tr>\n<td>Couleur<\/td>\n<td>Original Green, Limited White, Limited Anthracite<\/td>\n<\/tr>\n<tr>\n<td>Puissance absorb\u00e9e<\/td>\n<td>250 W \u00e0 27 \u00b0C et 60% r. F.<br \/>281 W \u00e0 30 \u00b0C et 80% r. F.<\/td>\n<\/tr>\n<tr>\n<td>Circulation de l'air<\/td>\n<td>200 m\u00b3 \/ h<\/td>\n<\/tr>\n<tr>\n<td>Bruit de fonctionnement<\/td>\n<td>50 dB(A)<\/td>\n<\/tr>\n<tr>\n<td>R\u00e9servoir d'eau<\/td>\n<td>6 litres<\/td>\n<\/tr>\n<tr>\n<td>R\u00e9frig\u00e9rant<\/td>\n<td>R290<\/td>\n<\/tr>\n<tr>\n<td>Temp\u00e9rature ambiante<\/td>\n<td>5 - 35 \u00b0C<\/td>\n<\/tr>\n<tr>\n<td>Indice de protection<\/td>\n<td>IPX1 (protection contre les chutes verticales de gouttes d'eau)<\/td>\n<\/tr>\n<tr>\n<td>Dimensions H x L x P<\/td>\n<td>535 x 400 x 340 mm<\/td>\n<\/tr>\n<tr>\n<td>Poids<\/td>\n<td>17.4 kg<\/td>\n<\/tr>\n<tr>\n<td>Garantie<\/td>\n<td>3 ans<\/td>\n<\/tr>\n<\/tbody>\n<\/table>\n<p>\t\t\t\tT\u00e9l\u00e9chargements<\/p>\n<ul>\n<li>\n\t\t\t\t\t\t\t\t\t\t\t<a href=\"\/wp-content\/uploads\/2023\/08\/ecodry_425_manual_DE_FR_IT_EN.pdf\"><br \/>\n\t\t\t\t\t\t\t\t\t\tInstructions<br \/>\n\t\t\t\t\t\t\t\t\t\t\t<\/a>\n\t\t\t\t\t\t\t\t\t<\/li>\n<\/ul>\n<ul>\n<li>\n\t\t\t\t\t\t\t\t\t\t\t<a href=\"\/wp-content\/uploads\/2023\/08\/ecodry_425_manual_DE_FR_IT_EN.pdf\"><br \/>\n\t\t\t\t\t\t\t\t\t\tInstructions<br \/>\n\t\t\t\t\t\t\t\t\t\t\t<\/a>\n\t\t\t\t\t\t\t\t\t<\/li>\n<\/ul>\n<table>\n<thead>\n<tr>\n<th>ecodry 425<\/th>\n<th>\u00a0<\/th>\n<\/tr>\n<\/thead>\n<tbody>\n<tr>\n<td>Capacit\u00e9 de d\u00e9shumidification<\/td>\n<td>21,8 litres en 24 h \u00e0 30 \u00b0C et 80% d'humidit\u00e9 relative<\/td>\n<\/tr>\n<tr>\n<td>Taille max. Taille de la pi\u00e8ce<\/td>\n<td>100 m\u00b2 \/ 250 m\u00b3<\/td>\n<\/tr>\n<tr>\n<td>Couleur<\/td>\n<td>Original Green, Limited White, Limited Anthracite<\/td>\n<\/tr>\n<tr>\n<td>Puissance absorb\u00e9e<\/td>\n<td>250 W \u00e0 27 \u00b0C et 60% r. F.<br \/>281 W \u00e0 30 \u00b0C et 80% r. F.<\/td>\n<\/tr>\n<tr>\n<td>Circulation de l'air<\/td>\n<td>200 m\u00b3 \/ h<\/td>\n<\/tr>\n<tr>\n<td>Bruit de fonctionnement<\/td>\n<td>50 dB(A)<\/td>\n<\/tr>\n<tr>\n<td>R\u00e9servoir d'eau<\/td>\n<td>6 litres<\/td>\n<\/tr>\n<tr>\n<td>R\u00e9frig\u00e9rant<\/td>\n<td>R290<\/td>\n<\/tr>\n<tr>\n<td>Temp\u00e9rature ambiante<\/td>\n<td>5 - 35 \u00b0C<\/td>\n<\/tr>\n<tr>\n<td>Indice de protection<\/td>\n<td>IPX1 (protection contre les chutes verticales de gouttes d'eau)<\/td>\n<\/tr>\n<tr>\n<td>Dimensions H x L x P<\/td>\n<td>535 x 400 x 340 mm<\/td>\n<\/tr>\n<tr>\n<td>Poids<\/td>\n<td>17.4 kg<\/td>\n<\/tr>\n<tr>\n<td>Garantie<\/td>\n<td>3 ans<\/td>\n<\/tr>\n<\/tbody>\n<\/table>\n<ul>\n<li>\n\t\t\t\t\t\t\t\t\t\t\t<a href=\"\/wp-content\/uploads\/2023\/08\/ecodry_425_manual_DE_FR_IT_EN.pdf\"><br \/>\n\t\t\t\t\t\t\t\t\t\tInstructions<br \/>\n\t\t\t\t\t\t\t\t\t\t\t<\/a>\n\t\t\t\t\t\t\t\t\t<\/li>\n<\/ul>\n<ul>\n<li>\n\t\t\t\t\t\t\t\t\t\t\t<a href=\"\/wp-content\/uploads\/2023\/08\/ecodry_425_manual_DE_FR_IT_EN.pdf\"><br \/>\n\t\t\t\t\t\t\t\t\t\tInstructions<br \/>\n\t\t\t\t\t\t\t\t\t\t\t<\/a>\n\t\t\t\t\t\t\t\t\t<\/li>\n<\/ul>\n<p>\t\t\t<a href=\"https:\/\/ecofort.ch\/fr\/deshumidificateur\/311-ecodry-425.html\" target=\"_blank\" rel=\"noopener\"><br \/>\n\t\t\t\t\t\tPlus d'informations dans la boutique<br \/>\n\t\t\t\t\t<\/a><br \/>\n\t\t\t<a href=\"https:\/\/ecofort.ch\/fr\/deshumidificateur\/311-ecodry-425.html\" target=\"_blank\" rel=\"noopener\"><br \/>\n\t\t\t\t\t\tPlus d'informations dans la boutique<br \/>\n\t\t\t\t\t<\/a><\/p>","protected":false},"excerpt":{"rendered":"<p>ecodry 425 Luftentfeuchter ecodry 425\u00a0ist der garantiert zuverl\u00e4ssige und effiziente\u00a0Luftentfeuchter f\u00fcr feuchte Keller,\u00a0Garagen,\u00a0Lager\u00a0und\u00a0Archive. Ideal f\u00fcr zum Schutz des Inventars vor Feuchtigkeitssch\u00e4den, sowie zur Pr\u00e4vention von Muffgeruch, Schimmelpilz und Rost. Der\u00a0ecodry 425\u00a0\u00fcberzeugt neben der\u00a0top Energieeffizienz\u00a0durch die\u00a0kompakte Gr\u00f6sse,\u00a0leichtes Gewicht, der Mobilit\u00e4t\u00a0und dem\u00a0leisen Betriebsger\u00e4usch. Der Einsatz von Qualit\u00e4tskomponenten, sowie die hochwertige Verarbeitung und der Einsatz der neuesten Technologie [&hellip;]<\/p>\n","protected":false},"author":4,"featured_media":2914,"parent":0,"menu_order":0,"comment_status":"closed","ping_status":"closed","template":"","meta":{"inline_featured_image":false,"footnotes":""},"class_list":["post-2913","page","type-page","status-publish","has-post-thumbnail","hentry"],"_links":{"self":[{"href":"https:\/\/ecodry.ch\/fr\/wp-json\/wp\/v2\/pages\/2913","targetHints":{"allow":["GET"]}}],"collection":[{"href":"https:\/\/ecodry.ch\/fr\/wp-json\/wp\/v2\/pages"}],"about":[{"href":"https:\/\/ecodry.ch\/fr\/wp-json\/wp\/v2\/types\/page"}],"author":[{"embeddable":true,"href":"https:\/\/ecodry.ch\/fr\/wp-json\/wp\/v2\/users\/4"}],"replies":[{"embeddable":true,"href":"https:\/\/ecodry.ch\/fr\/wp-json\/wp\/v2\/comments?post=2913"}],"version-history":[{"count":23,"href":"https:\/\/ecodry.ch\/fr\/wp-json\/wp\/v2\/pages\/2913\/revisions"}],"predecessor-version":[{"id":3250,"href":"https:\/\/ecodry.ch\/fr\/wp-json\/wp\/v2\/pages\/2913\/revisions\/3250"}],"wp:featuredmedia":[{"embeddable":true,"href":"https:\/\/ecodry.ch\/fr\/wp-json\/wp\/v2\/media\/2914"}],"wp:attachment":[{"href":"https:\/\/ecodry.ch\/fr\/wp-json\/wp\/v2\/media?parent=2913"}],"curies":[{"name":"wp","href":"https:\/\/api.w.org\/{rel}","templated":true}]}}