{"id":2838,"date":"2023-08-14T09:26:25","date_gmt":"2023-08-14T08:26:25","guid":{"rendered":"https:\/\/staging.ecodry.ch\/?page_id=2838"},"modified":"2024-01-19T16:29:21","modified_gmt":"2024-01-19T15:29:21","slug":"ecodry-luftentfeuchter","status":"publish","type":"page","link":"https:\/\/ecodry.ch\/fr\/","title":{"rendered":"ecodry D\u00e9shumidificateur d'air"},"content":{"rendered":"<h1>ecodry d\u00e9shumidificateurs d'air<\/h1>\n<h2>D\u00e9shumidificateurs de cave, s\u00e9choirs \u00e0 linge &amp; s\u00e9choirs de chantier<\/h2>\n<h2>Puissant, efficace &amp; durable<\/h2>\n<p><em>ecodry<\/em> incarne la symbiose parfaite entre luxe, performance et durabilit\u00e9. D'o\u00f9 le slogan ecodry :<br \/>\"La plus haute qualit\u00e9 pour les plus hautes exigences\".<\/p>\n<p><em>ecodry D\u00e9shumidificateur d'air<\/em> est synonyme de performances exceptionnelles et de faible consommation d'\u00e9nergie, et donc de grande efficacit\u00e9.<\/p>\n<p>\t\t\t\t\t\t\t\t\t\t\t\t\t\t\t<img loading=\"lazy\" decoding=\"async\" width=\"1500\" height=\"1000\" src=\"https:\/\/ecodry.ch\/wp-content\/uploads\/2023\/08\/ecodry-425_lifestyle_keller_1500x1000.webp\" alt=\"ecodry 425 D\u00e9shumidificateur d&#039;air dans une cave\" srcset=\"https:\/\/ecodry.ch\/wp-content\/uploads\/2023\/08\/ecodry-425_lifestyle_keller_1500x1000.webp 1500w, https:\/\/ecodry.ch\/wp-content\/uploads\/2023\/08\/ecodry-425_lifestyle_keller_1500x1000-300x200.webp 300w, https:\/\/ecodry.ch\/wp-content\/uploads\/2023\/08\/ecodry-425_lifestyle_keller_1500x1000-1024x683.webp 1024w, https:\/\/ecodry.ch\/wp-content\/uploads\/2023\/08\/ecodry-425_lifestyle_keller_1500x1000-768x512.webp 768w\" sizes=\"auto, (max-width: 1500px) 100vw, 1500px\" \/>\t\t\t\t\t\t\t\t\t\t\t\t\t\t\t<\/p>\n<p style=\"text-align: left;\">Tous les\u00a0<strong><em>ecodry<\/em>\u00a0Les d\u00e9shumidificateurs d\u00e9passent d'au moins 45% l'exigence minimale pour la meilleure classe d'efficacit\u00e9 \u00e9nerg\u00e9tique A<\/strong>Tous les d\u00e9shumidificateurs <em>ecodry<\/em> d\u00e9passent d'au moins 45% l'exigence minimale de la meilleure classe d'efficacit\u00e9 \u00e9nerg\u00e9tique A, ce qui garantit un fonctionnement tr\u00e8s \u00e9conomique et efficace.<\/p>\n<p style=\"text-align: left;\" class=\"translation-block\">En m\u00eame temps, les d\u00e9shumidificateurs <em>ecodry<\/em> offrent une forte capacit\u00e9 de d\u00e9shumidification en fonctionnement continu, pour le s\u00e9chage du linge et pour le s\u00e9chage des constructions.<\/p>\n<p>\t\t\t\t\t\t\t\t\t\t\t\t\t\t\t<img loading=\"lazy\" decoding=\"async\" width=\"800\" height=\"800\" src=\"https:\/\/ecodry.ch\/wp-content\/uploads\/2023\/08\/ecodry_energy_efficiency-1024x1024.jpg\" alt=\"\" srcset=\"https:\/\/ecodry.ch\/wp-content\/uploads\/2023\/08\/ecodry_energy_efficiency-1024x1024.jpg 1024w, https:\/\/ecodry.ch\/wp-content\/uploads\/2023\/08\/ecodry_energy_efficiency-300x300.jpg 300w, https:\/\/ecodry.ch\/wp-content\/uploads\/2023\/08\/ecodry_energy_efficiency-150x150.jpg 150w, https:\/\/ecodry.ch\/wp-content\/uploads\/2023\/08\/ecodry_energy_efficiency-768x768.jpg 768w, https:\/\/ecodry.ch\/wp-content\/uploads\/2023\/08\/ecodry_energy_efficiency.jpg 1500w\" sizes=\"auto, (max-width: 800px) 100vw, 800px\" \/>\t\t\t\t\t\t\t\t\t\t\t\t\t\t\t<\/p>\n<h2>D\u00e9shumidificateurs<\/h2>\n<h2>D\u00e9shumidificateurs<\/h2>\n<h4>D\u00e9shumidificateur de cave<\/h4>\n<figure>\n\t\t\t\t\t\t\t\t\t\t\t<a href=\"https:\/\/ecodry.ch\/fr\/deshumidificateur-ecodry-425\/\"><br \/>\n\t\t\t\t\t\t\t<img loading=\"lazy\" decoding=\"async\" width=\"300\" height=\"300\" src=\"https:\/\/ecodry.ch\/wp-content\/uploads\/2023\/08\/ecodry-425-300x300.jpg\" alt=\"ecodry 425, id\u00e9al pour lutter contre les moisissures dans les caves\" srcset=\"https:\/\/ecodry.ch\/wp-content\/uploads\/2023\/08\/ecodry-425-300x300.jpg 300w, https:\/\/ecodry.ch\/wp-content\/uploads\/2023\/08\/ecodry-425-150x150.jpg 150w, https:\/\/ecodry.ch\/wp-content\/uploads\/2023\/08\/ecodry-425-768x768.jpg 768w, https:\/\/ecodry.ch\/wp-content\/uploads\/2023\/08\/ecodry-425.jpg 800w\" sizes=\"auto, (max-width: 300px) 100vw, 300px\" \/>\t\t\t\t\t\t\t\t<\/a><figcaption>425<\/figcaption><\/figure>\n<figure>\n\t\t\t\t\t\t\t\t\t\t\t<a href=\"https:\/\/ecodry.ch\/fr\/deshumidificateur-ecodry-cavemaster\/\"><br \/>\n\t\t\t\t\t\t\t<img loading=\"lazy\" decoding=\"async\" width=\"300\" height=\"300\" src=\"https:\/\/ecodry.ch\/wp-content\/uploads\/2023\/08\/ecodry_cavemaster_granite-grey_front_1500x1500-300x300.webp\" alt=\"D\u00e9shumidificateur ecodry CaveMaster\" srcset=\"https:\/\/ecodry.ch\/wp-content\/uploads\/2023\/08\/ecodry_cavemaster_granite-grey_front_1500x1500-300x300.webp 300w, https:\/\/ecodry.ch\/wp-content\/uploads\/2023\/08\/ecodry_cavemaster_granite-grey_front_1500x1500-1024x1024.webp 1024w, https:\/\/ecodry.ch\/wp-content\/uploads\/2023\/08\/ecodry_cavemaster_granite-grey_front_1500x1500-150x150.webp 150w, https:\/\/ecodry.ch\/wp-content\/uploads\/2023\/08\/ecodry_cavemaster_granite-grey_front_1500x1500-768x768.webp 768w, https:\/\/ecodry.ch\/wp-content\/uploads\/2023\/08\/ecodry_cavemaster_granite-grey_front_1500x1500.webp 1500w\" sizes=\"auto, (max-width: 300px) 100vw, 300px\" \/>\t\t\t\t\t\t\t\t<\/a><figcaption>CaveMaster<\/figcaption><\/figure>\n<h4>S\u00e8che-linge<\/h4>\n<figure>\n\t\t\t\t\t\t\t\t\t\t\t<a href=\"https:\/\/ecodry.ch\/fr\/lave-linge-sechant-ecodry-neptun\/\"><br \/>\n\t\t\t\t\t\t\t<img loading=\"lazy\" decoding=\"async\" width=\"300\" height=\"300\" src=\"https:\/\/ecodry.ch\/wp-content\/uploads\/2023\/08\/ecodry_neptun_angle_1500x1500-300x300.webp\" alt=\"ecodry Neptun D\u00e9shumidificateur et s\u00e9choir \u00e0 linge\" srcset=\"https:\/\/ecodry.ch\/wp-content\/uploads\/2023\/08\/ecodry_neptun_angle_1500x1500-300x300.webp 300w, https:\/\/ecodry.ch\/wp-content\/uploads\/2023\/08\/ecodry_neptun_angle_1500x1500-1024x1024.webp 1024w, https:\/\/ecodry.ch\/wp-content\/uploads\/2023\/08\/ecodry_neptun_angle_1500x1500-150x150.webp 150w, https:\/\/ecodry.ch\/wp-content\/uploads\/2023\/08\/ecodry_neptun_angle_1500x1500-768x769.webp 768w, https:\/\/ecodry.ch\/wp-content\/uploads\/2023\/08\/ecodry_neptun_angle_1500x1500.webp 1500w\" sizes=\"auto, (max-width: 300px) 100vw, 300px\" \/>\t\t\t\t\t\t\t\t<\/a><figcaption>Neptun<\/figcaption><\/figure>\n<figure>\n\t\t\t\t\t\t\t\t\t\t\t<a href=\"https:\/\/ecodry.ch\/fr\/deshumidificateur-ecodry-625\/\"><br \/>\n\t\t\t\t\t\t\t<img loading=\"lazy\" decoding=\"async\" width=\"300\" height=\"294\" src=\"https:\/\/ecodry.ch\/wp-content\/uploads\/2023\/08\/ecodry-625_814x798-300x294.webp\" alt=\"ecodry 625 D\u00e9shumidificateur &amp; s\u00e9choir \u00e0 linge\" srcset=\"https:\/\/ecodry.ch\/wp-content\/uploads\/2023\/08\/ecodry-625_814x798-300x294.webp 300w, https:\/\/ecodry.ch\/wp-content\/uploads\/2023\/08\/ecodry-625_814x798-768x753.webp 768w, https:\/\/ecodry.ch\/wp-content\/uploads\/2023\/08\/ecodry-625_814x798.webp 814w\" sizes=\"auto, (max-width: 300px) 100vw, 300px\" \/>\t\t\t\t\t\t\t\t<\/a><figcaption>625<\/figcaption><\/figure>\n<figure>\n\t\t\t\t\t\t\t\t\t\t\t<a href=\"https:\/\/ecodry.ch\/fr\/ecodry-925-laveuse-secheuse-a-air-ambiant\/\"><br \/>\n\t\t\t\t\t\t\t<img loading=\"lazy\" decoding=\"async\" width=\"300\" height=\"300\" src=\"https:\/\/ecodry.ch\/wp-content\/uploads\/2023\/08\/ecodry-925-mobiler-waschetrockner_1-300x300.jpg\" alt=\"ecodry 925 S\u00e8che-linge \u00e0 air ambiant\" srcset=\"https:\/\/ecodry.ch\/wp-content\/uploads\/2023\/08\/ecodry-925-mobiler-waschetrockner_1-300x300.jpg 300w, https:\/\/ecodry.ch\/wp-content\/uploads\/2023\/08\/ecodry-925-mobiler-waschetrockner_1-150x150.jpg 150w, https:\/\/ecodry.ch\/wp-content\/uploads\/2023\/08\/ecodry-925-mobiler-waschetrockner_1-768x768.jpg 768w, https:\/\/ecodry.ch\/wp-content\/uploads\/2023\/08\/ecodry-925-mobiler-waschetrockner_1.jpg 800w\" sizes=\"auto, (max-width: 300px) 100vw, 300px\" \/>\t\t\t\t\t\t\t\t<\/a><figcaption>925<\/figcaption><\/figure>\n<h4>S\u00e9choirs de chantier<\/h4>\n<figure>\n\t\t\t\t\t\t\t\t\t\t\t<a href=\"https:\/\/ecodry.ch\/fr\/ecodry-pro-sechoir-de-chantier\/\"><br \/>\n\t\t\t\t\t\t\t<img loading=\"lazy\" decoding=\"async\" width=\"300\" height=\"300\" src=\"https:\/\/ecodry.ch\/wp-content\/uploads\/2023\/08\/ecodry_pro_55c_angle_1500x1500-300x300.webp\" alt=\"ecodry Pro 55C S\u00e9choir de chantier\" srcset=\"https:\/\/ecodry.ch\/wp-content\/uploads\/2023\/08\/ecodry_pro_55c_angle_1500x1500-300x300.webp 300w, https:\/\/ecodry.ch\/wp-content\/uploads\/2023\/08\/ecodry_pro_55c_angle_1500x1500-1024x1024.webp 1024w, https:\/\/ecodry.ch\/wp-content\/uploads\/2023\/08\/ecodry_pro_55c_angle_1500x1500-150x150.webp 150w, https:\/\/ecodry.ch\/wp-content\/uploads\/2023\/08\/ecodry_pro_55c_angle_1500x1500-768x768.webp 768w, https:\/\/ecodry.ch\/wp-content\/uploads\/2023\/08\/ecodry_pro_55c_angle_1500x1500.webp 1500w\" sizes=\"auto, (max-width: 300px) 100vw, 300px\" \/>\t\t\t\t\t\t\t\t<\/a><figcaption>Pro<\/figcaption><\/figure>\n<p>\t\t\t\t\t\t\t\t\t\t\t\t\t\t\t<img loading=\"lazy\" decoding=\"async\" width=\"1500\" height=\"1000\" src=\"https:\/\/ecodry.ch\/wp-content\/uploads\/2023\/08\/ecodry_cavemaster_lifestyle_fam_1500x1000-1.webp\" alt=\"D\u00e9shumidificateur ecodry CaveMaster en trois couleurs\" srcset=\"https:\/\/ecodry.ch\/wp-content\/uploads\/2023\/08\/ecodry_cavemaster_lifestyle_fam_1500x1000-1.webp 1500w, https:\/\/ecodry.ch\/wp-content\/uploads\/2023\/08\/ecodry_cavemaster_lifestyle_fam_1500x1000-1-300x200.webp 300w, https:\/\/ecodry.ch\/wp-content\/uploads\/2023\/08\/ecodry_cavemaster_lifestyle_fam_1500x1000-1-1024x683.webp 1024w, https:\/\/ecodry.ch\/wp-content\/uploads\/2023\/08\/ecodry_cavemaster_lifestyle_fam_1500x1000-1-768x512.webp 768w\" sizes=\"auto, (max-width: 1500px) 100vw, 1500px\" \/>\t\t\t\t\t\t\t\t\t\t\t\t\t\t\t<\/p>\n<h2>Accessoires<\/h2>\n<h4><a href=\"https:\/\/ecodry.ch\/fr\/hygrostat-a-prise-ecodry-dsh\/\">Hygrostat<\/a><\/h4>\n<figure>\n\t\t\t\t\t\t\t\t\t\t\t<a href=\"https:\/\/ecodry.ch\/fr\/hygrostat-a-prise-ecodry-dsh\/\"><br \/>\n\t\t\t\t\t\t\t<img loading=\"lazy\" decoding=\"async\" width=\"698\" height=\"698\" src=\"https:\/\/ecodry.ch\/wp-content\/uploads\/2023\/08\/ecodry-dsh-front-1_698x698.webp\" alt=\"ecodry DSH Hygrostat pour la prise de courant\" srcset=\"https:\/\/ecodry.ch\/wp-content\/uploads\/2023\/08\/ecodry-dsh-front-1_698x698.webp 698w, https:\/\/ecodry.ch\/wp-content\/uploads\/2023\/08\/ecodry-dsh-front-1_698x698-300x300.webp 300w, https:\/\/ecodry.ch\/wp-content\/uploads\/2023\/08\/ecodry-dsh-front-1_698x698-150x150.webp 150w\" sizes=\"auto, (max-width: 698px) 100vw, 698px\" \/>\t\t\t\t\t\t\t\t<\/a><figcaption>Surveillance externe de l'humidit\u00e9<\/figcaption><\/figure>\n<h4><a href=\"https:\/\/ecofort.ch\/fr\/766-accessoires\" target=\"_blank\" rel=\"noopener\">Tuyaux d'eau<\/a><\/h4>\n<figure>\n\t\t\t\t\t\t\t\t\t\t\t<a href=\"https:\/\/ecofort.ch\/fr\/766-accessoires\" target=\"_blank\" rel=\"noopener\"><br \/>\n\t\t\t\t\t\t\t<img loading=\"lazy\" decoding=\"async\" width=\"800\" height=\"800\" src=\"https:\/\/ecodry.ch\/wp-content\/uploads\/2023\/08\/pvc-kondenswasserschlauch-10mm_white-bg_72dpi_800x800.jpg\" alt=\"\" srcset=\"https:\/\/ecodry.ch\/wp-content\/uploads\/2023\/08\/pvc-kondenswasserschlauch-10mm_white-bg_72dpi_800x800.jpg 800w, https:\/\/ecodry.ch\/wp-content\/uploads\/2023\/08\/pvc-kondenswasserschlauch-10mm_white-bg_72dpi_800x800-300x300.jpg 300w, https:\/\/ecodry.ch\/wp-content\/uploads\/2023\/08\/pvc-kondenswasserschlauch-10mm_white-bg_72dpi_800x800-150x150.jpg 150w, https:\/\/ecodry.ch\/wp-content\/uploads\/2023\/08\/pvc-kondenswasserschlauch-10mm_white-bg_72dpi_800x800-768x768.jpg 768w\" sizes=\"auto, (max-width: 800px) 100vw, 800px\" \/>\t\t\t\t\t\t\t\t<\/a><figcaption>D\u00e9bit permanent<\/figcaption><\/figure>\n<h4><a href=\"https:\/\/ecodry.ch\/fr\/pompe-ecodry-cavemaster\/\">Pompe \u00e0 eau<\/a><\/h4>\n<figure>\n\t\t\t\t\t\t\t\t\t\t\t<a href=\"https:\/\/ecodry.ch\/fr\/pompe-ecodry-cavemaster\/\"><br \/>\n\t\t\t\t\t\t\t<img loading=\"lazy\" decoding=\"async\" width=\"800\" height=\"800\" src=\"https:\/\/ecodry.ch\/wp-content\/uploads\/2023\/08\/ecodry_cavemaster_pump_side_angle_right_1500x1500-1024x1024.webp\" alt=\"Pompe ecodry CaveMaster\" srcset=\"https:\/\/ecodry.ch\/wp-content\/uploads\/2023\/08\/ecodry_cavemaster_pump_side_angle_right_1500x1500-1024x1024.webp 1024w, https:\/\/ecodry.ch\/wp-content\/uploads\/2023\/08\/ecodry_cavemaster_pump_side_angle_right_1500x1500-300x300.webp 300w, https:\/\/ecodry.ch\/wp-content\/uploads\/2023\/08\/ecodry_cavemaster_pump_side_angle_right_1500x1500-150x150.webp 150w, https:\/\/ecodry.ch\/wp-content\/uploads\/2023\/08\/ecodry_cavemaster_pump_side_angle_right_1500x1500-768x768.webp 768w, https:\/\/ecodry.ch\/wp-content\/uploads\/2023\/08\/ecodry_cavemaster_pump_side_angle_right_1500x1500.webp 1500w\" sizes=\"auto, (max-width: 800px) 100vw, 800px\" \/>\t\t\t\t\t\t\t\t<\/a><figcaption>Seulement pour CaveMaster<\/figcaption><\/figure>\n<h4><a href=\"https:\/\/ecofort.ch\/fr\/796-fixations-murale\" target=\"_blank\" rel=\"noopener\">Supports muraux<\/a><\/h4>\n<figure>\n\t\t\t\t\t\t\t\t\t\t\t<a href=\"https:\/\/ecofort.ch\/fr\/796-fixations-murale\" target=\"_blank\" rel=\"noopener\"><br \/>\n\t\t\t\t\t\t\t<img loading=\"lazy\" decoding=\"async\" width=\"800\" height=\"800\" src=\"https:\/\/ecodry.ch\/wp-content\/uploads\/2023\/08\/ecodry-625-wandhalterung.jpg\" alt=\"\" srcset=\"https:\/\/ecodry.ch\/wp-content\/uploads\/2023\/08\/ecodry-625-wandhalterung.jpg 800w, https:\/\/ecodry.ch\/wp-content\/uploads\/2023\/08\/ecodry-625-wandhalterung-300x300.jpg 300w, https:\/\/ecodry.ch\/wp-content\/uploads\/2023\/08\/ecodry-625-wandhalterung-150x150.jpg 150w, https:\/\/ecodry.ch\/wp-content\/uploads\/2023\/08\/ecodry-625-wandhalterung-768x768.jpg 768w\" sizes=\"auto, (max-width: 800px) 100vw, 800px\" \/>\t\t\t\t\t\t\t\t<\/a><figcaption>Gain de place<\/figcaption><\/figure>\n<p>\t\t\t\t\t\t\t<img data-src=\"https:\/\/ecodry.ch\/wp-content\/uploads\/2023\/08\/placeholder-9.png\" alt=\"ecodry Neptun\"><br \/>\n\t\t\t\t\t\t\t\t\t\t<cite>ecodry Neptun<i>\u2605<\/i><i>\u2605<\/i><i>\u2605<\/i><i>\u2605<\/i><i>\u2605<\/i>11.12.2023<\/cite>\t\t\t\t\tRead More<br \/>\n\t\t\t\t\t\tNotre Ecofort Neptun se trouve chez nous dans le garage et fonctionne parfaitement. L'utilisation est simple et facile.<br \/>\n\t\t\t\t\t\t\t<img data-src=\"https:\/\/ecodry.ch\/wp-content\/uploads\/2023\/08\/placeholder-9.png\" alt=\"ecodry Neptun\"><br \/>\n\t\t\t\t\t\t\t\t\t\t<cite>ecodry Neptun<i>\u2605<\/i><i>\u2605<\/i><i>\u2605<\/i><i>\u2605<\/i><i>\u2605<\/i>5.12.2023<\/cite>\t\t\t\t\tRead More<br \/>\n\t\t\t\t\t\tTient ses promesses (performance). Design clair et bonne finition<br \/>\n\t\t\t\t\t\t\t<img data-src=\"https:\/\/ecodry.ch\/wp-content\/uploads\/2023\/08\/placeholder-9.png\" alt=\"ecodry DSH\"><br \/>\n\t\t\t\t\t\t\t\t\t\t<cite>ecodry DSH<i>\u2605<\/i><i>\u2605<\/i><i>\u2605<\/i><i>\u2605<\/i><i>\u2605<\/i>8.10.2023<\/cite>\t\t\t\t\tRead More<br \/>\n\t\t\t\t\t\tFacile \u00e0 utiliser, l'appareil est tr\u00e8s efficace. Gr\u00e2ce aux roulettes, l'utilisation mobile est tr\u00e8s simple.<br \/>\n\t\t\t\t\t\t\t<img data-src=\"https:\/\/ecodry.ch\/wp-content\/uploads\/2023\/08\/placeholder-9.png\" alt=\"ecodry Neptun\"><br \/>\n\t\t\t\t\t\t\t\t\t\t<cite>ecodry Neptun<i>\u2605<\/i><i>\u2605<\/i><i>\u2605<\/i><i>\u2605<\/i><i>\u2605<\/i>29.9.2023<\/cite>\t\t\t\t\tRead More<br \/>\n\t\t\t\t\t\tSe trouve dans la buanderie et s\u00e8che efficacement le linge.<br \/>\n\t\t\t\t\t\t\t<img data-src=\"https:\/\/ecodry.ch\/wp-content\/uploads\/2023\/08\/placeholder-9.png\" alt=\"ecodry 425\"><br \/>\n\t\t\t\t\t\t\t\t\t\t<cite>ecodry 425<i>\u2605<\/i><i>\u2605<\/i><i>\u2605<\/i><i>\u2605<\/i><i>\u2605<\/i>24.7.2023<\/cite>\t\t\t\t\tRead More<br \/>\n\t\t\t\t\t\tLe produit est plus bruyant que mon autre produit concurrent. C'est pourquoi j'enl\u00e8ve une \u00e9toile. Mais la performance, l'utilisation et la qualit\u00e9 sont au top ! Id\u00e9al pour les caves, les garages, les buanderies. Une recommandation claire !<br \/>\n\t\t\t\t\t\t\t<img data-src=\"https:\/\/ecodry.ch\/wp-content\/uploads\/2023\/08\/placeholder-3.png\" alt=\"ecodry 625\"><br \/>\n\t\t\t\t\t\t\t\t\t\t<cite>ecodry 625<i>\u2605<\/i><i>\u2605<\/i><i>\u2605<\/i><i>\u2605<\/i><i>\u2605<\/i>1.7.2023<\/cite>\t\t\t\t\tRead More<br \/>\n\t\t\t\t\t\tFacile \u00e0 utiliser, l'appareil est tr\u00e8s efficace. Gr\u00e2ce aux roulettes, l'utilisation mobile est tr\u00e8s simple.<br \/>\n\t\t\t\t\t\t\t<img data-src=\"https:\/\/ecodry.ch\/wp-content\/uploads\/2023\/08\/placeholder.png\" alt=\"ecodry 425\"><br \/>\n\t\t\t\t\t\t\t\t\t\t<cite>ecodry 425<i>\u2605<\/i><i>\u2605<\/i><i>\u2605<\/i><i>\u2605<\/i><i>\u2605<\/i>31.5.2023<\/cite>\t\t\t\t\tRead More<br \/>\n\t\t\t\t\t\tFonctionne parfaitement comme il se doit !<br \/>\n\t\t\t\t\t\t\t<img data-src=\"https:\/\/ecodry.ch\/wp-content\/uploads\/2023\/08\/placeholder-1.png\" alt=\"ecodry 425\"><br \/>\n\t\t\t\t\t\t\t\t\t\t<cite>ecodry 425<i>\u2605<\/i><i>\u2605<\/i><i>\u2605<\/i><i>\u2605<\/i><i>\u2605<\/i>4.1.2023<\/cite>\t\t\t\t\tRead More<br \/>\n\t\t\t\t\t\tTr\u00e8s bon<br \/>\n\t\t\t\t\t\t\t<img data-src=\"https:\/\/ecodry.ch\/wp-content\/uploads\/2023\/08\/placeholder-2.png\" alt=\"ecodry 425\"><br \/>\n\t\t\t\t\t\t\t\t\t\t<cite>ecodry 425<i>\u2605<\/i><i>\u2605<\/i><i>\u2605<\/i><i>\u2605<\/i><i>\u2605<\/i>29.12.2022<\/cite>\t\t\t\t\tRead More<br \/>\n\t\t\t\t\t\t???????? top<br \/>\n\t\t\t\t\t\t\t<img data-src=\"https:\/\/ecodry.ch\/wp-content\/plugins\/elementor\/assets\/images\/placeholder.png\" alt=\"ecodry DSH\"><br \/>\n\t\t\t\t\t\t\t\t\t\t<cite>ecodry DSH<i>\u2605<\/i><i>\u2605<\/i><i>\u2605<\/i><i>\u2605<\/i><i>\u2605<\/i>9.5.2022<\/cite>\t\t\t\t\tRead More<br \/>\n\t\t\t\t\t\tAppareil tr\u00e8s pratique<br \/>\n\t\t\t\t\t\t\t<img data-src=\"https:\/\/ecodry.ch\/wp-content\/plugins\/elementor\/assets\/images\/placeholder.png\" alt=\"ecodry 6256\"><br \/>\n\t\t\t\t\t\t\t\t\t\t<cite>ecodry 6256<i>\u2605<\/i><i>\u2605<\/i><i>\u2605<\/i><i>\u2605<\/i><i>\u2605<\/i>Markus W., 18.2.2021<\/cite>\t\t\t\t\tRead More<br \/>\n\t\t\t\t\t\tmaniable, mobile, et constat\u00e9 en fonctionnement, extr\u00eamement rapide dans le s\u00e9chage du linge<br \/>\n\t\t\t\t\t\t\t<img data-src=\"https:\/\/ecodry.ch\/wp-content\/uploads\/2023\/08\/placeholder-5.png\" alt=\"ecodry 625\"><br \/>\n\t\t\t\t\t\t\t\t\t\t<cite>ecodry 625<i>\u2605<\/i><i>\u2605<\/i><i>\u2605<\/i><i>\u2605<\/i><i>\u2605<\/i>20.12.2020<\/cite>\t\t\t\t\tRead More<br \/>\n\t\t\t\t\t\tL'ecodry 625 est tr\u00e8s universel, tr\u00e8s silencieux et facile \u00e0 r\u00e9gler.<br \/>\n\t\t\t\t\t\t\t<img data-src=\"https:\/\/ecodry.ch\/wp-content\/uploads\/2023\/08\/placeholder-8.png\" alt=\"ecodry 625\"><br \/>\n\t\t\t\t\t\t\t\t\t\t<cite>ecodry 625<i>\u2605<\/i><i>\u2605<\/i><i>\u2605<\/i><i>\u2605<\/i><i>\u2605<\/i>Beat C., 09.11.2020<\/cite>\t\t\t\t\tRead More<br \/>\n\t\t\t\t\t\tAppareil efficace et facile \u00e0 utiliser. Un affichage de l'hygrom\u00e8tre serait tr\u00e8s utile (je vais me procurer un affichage s\u00e9par\u00e9).<br \/>\n\t\t\t\t\t\t\t<img data-src=\"https:\/\/ecodry.ch\/wp-content\/uploads\/2023\/08\/placeholder-6.png\" alt=\"ecodry 925\"><br \/>\n\t\t\t\t\t\t\t\t\t\t<cite>ecodry 925<i>\u2605<\/i><i>\u2605<\/i><i>\u2605<\/i><i>\u2605<\/i><i>\u2605<\/i>28.7.2020<\/cite>\t\t\t\t\tRead More<br \/>\n\t\t\t\t\t\tTrois Ecodry925 d\u00e9shumidifient maintenant les vieux murs de notre maison de vacances (cubage 1500 m3) avec une grande fiabilit\u00e9 et efficacit\u00e9, l'odeur de moisissure a disparu. Quand vous voulez !<br \/>\n\t\t\t\t\t\t\t<img data-src=\"https:\/\/ecodry.ch\/wp-content\/uploads\/2023\/08\/placeholder-7.png\" alt=\"ecodry 925\"><br \/>\n\t\t\t\t\t\t\t\t\t\t<cite>ecodry 925<i>\u2605<\/i><i>\u2605<\/i><i>\u2605<\/i><i>\u2605<\/i><i>\u2605<\/i>Thomas G., 7.3.2019<\/cite>\t\t\t\t\tRead More<br \/>\n\t\t\t\t\t\tUn appareil professionnel. Il remplit parfaitement son r\u00f4le.<br \/>\n\t\t\t\t\t\t\t\t\t\t\t\t\t\tPrevious<br \/>\n\t\t\t\t\t\t\t\t\t\t\t\t\t\tSuivant<br \/>\n\t\t\t<a href=\"https:\/\/ecofort.ch\/de\/696-ecodry\" target=\"_blank\" rel=\"noopener\"><br \/>\n\t\t\t\t\t\tACHETER<br \/>\n\t\t\t\t\t<\/a><br \/>\n\t\t\t\t\t\t\t\t\t\t\t\t\t\t\t\t<a href=\"https:\/\/ecofort.ch\/de\/696-ecodry\" target=\"_blank\" rel=\"noopener\"><br \/>\n\t\t\t\t\t\t\t<img loading=\"lazy\" decoding=\"async\" width=\"800\" height=\"534\" src=\"https:\/\/ecodry.ch\/wp-content\/uploads\/2023\/08\/ecodry_classic_line_family_keller_1500x1000-1024x683.webp\" alt=\"Les d\u00e9shumidificateurs et s\u00e8che-linge ecodry Classic Line dans une cave moderne\" srcset=\"https:\/\/ecodry.ch\/wp-content\/uploads\/2023\/08\/ecodry_classic_line_family_keller_1500x1000-1024x683.webp 1024w, https:\/\/ecodry.ch\/wp-content\/uploads\/2023\/08\/ecodry_classic_line_family_keller_1500x1000-300x200.webp 300w, https:\/\/ecodry.ch\/wp-content\/uploads\/2023\/08\/ecodry_classic_line_family_keller_1500x1000-768x512.webp 768w, https:\/\/ecodry.ch\/wp-content\/uploads\/2023\/08\/ecodry_classic_line_family_keller_1500x1000.webp 1500w\" sizes=\"auto, (max-width: 800px) 100vw, 800px\" \/>\t\t\t\t\t\t\t\t<\/a><br \/>\n\t\t\t<a href=\"https:\/\/support.ecofort.ch\/de\/support\/solutions\/6000140717\" target=\"_blank\" rel=\"noopener\"><br \/>\n\t\t\t\t\t\tSUPPORT<br \/>\n\t\t\t\t\t<\/a><br \/>\n\t\t\t\t\t\t\t\t\t\t\t\t\t\t\t\t<a href=\"https:\/\/support.ecofort.ch\/de\/support\/solutions\/6000140717\" target=\"_blank\" rel=\"noopener\"><br \/>\n\t\t\t\t\t\t\t<img loading=\"lazy\" decoding=\"async\" width=\"800\" height=\"534\" src=\"https:\/\/ecodry.ch\/wp-content\/uploads\/2023\/08\/ecofort_beratung-kundendienst_ken_1_1500x1000-1024x683.webp\" alt=\"Support client ecofort\" srcset=\"https:\/\/ecodry.ch\/wp-content\/uploads\/2023\/08\/ecofort_beratung-kundendienst_ken_1_1500x1000-1024x683.webp 1024w, https:\/\/ecodry.ch\/wp-content\/uploads\/2023\/08\/ecofort_beratung-kundendienst_ken_1_1500x1000-300x200.webp 300w, https:\/\/ecodry.ch\/wp-content\/uploads\/2023\/08\/ecofort_beratung-kundendienst_ken_1_1500x1000-768x512.webp 768w, https:\/\/ecodry.ch\/wp-content\/uploads\/2023\/08\/ecofort_beratung-kundendienst_ken_1_1500x1000.webp 1500w\" sizes=\"auto, (max-width: 800px) 100vw, 800px\" \/>\t\t\t\t\t\t\t\t<\/a><\/p>","protected":false},"excerpt":{"rendered":"<p>ecodry Luft&shy;entfeuchter Kellerentfeuchter, W\u00e4schetrockner &#038; Bautrockner Stark, effizient &#038; langlebig ecodry verk\u00f6rpert die perfekte Symbiose aus Luxus, Leistung und Nachhaltigkeit. Deshalb lautet der ecodry-Slogan:&#171;H\u00f6chste Qualit\u00e4t f\u00fcr h\u00f6chste Anspr\u00fcche&#187;. ecodry Luftentfeuchter steht f\u00fcr herausragende Leistung und niedrigen Energieverbrauch und damit f\u00fcr hohe Effizienz. Alle\u00a0ecodry\u00a0Entfeuchter \u00fcbertreffen die Minimal\u00adanforderung f\u00fcr die beste Energie\u00adeffizienzklasse A um mindestens 45%, so [&hellip;]<\/p>\n","protected":false},"author":4,"featured_media":3120,"parent":0,"menu_order":0,"comment_status":"closed","ping_status":"closed","template":"elementor_header_footer","meta":{"inline_featured_image":false,"footnotes":""},"class_list":["post-2838","page","type-page","status-publish","has-post-thumbnail","hentry"],"_links":{"self":[{"href":"https:\/\/ecodry.ch\/fr\/wp-json\/wp\/v2\/pages\/2838","targetHints":{"allow":["GET"]}}],"collection":[{"href":"https:\/\/ecodry.ch\/fr\/wp-json\/wp\/v2\/pages"}],"about":[{"href":"https:\/\/ecodry.ch\/fr\/wp-json\/wp\/v2\/types\/page"}],"author":[{"embeddable":true,"href":"https:\/\/ecodry.ch\/fr\/wp-json\/wp\/v2\/users\/4"}],"replies":[{"embeddable":true,"href":"https:\/\/ecodry.ch\/fr\/wp-json\/wp\/v2\/comments?post=2838"}],"version-history":[{"count":125,"href":"https:\/\/ecodry.ch\/fr\/wp-json\/wp\/v2\/pages\/2838\/revisions"}],"predecessor-version":[{"id":3436,"href":"https:\/\/ecodry.ch\/fr\/wp-json\/wp\/v2\/pages\/2838\/revisions\/3436"}],"wp:featuredmedia":[{"embeddable":true,"href":"https:\/\/ecodry.ch\/fr\/wp-json\/wp\/v2\/media\/3120"}],"wp:attachment":[{"href":"https:\/\/ecodry.ch\/fr\/wp-json\/wp\/v2\/media?parent=2838"}],"curies":[{"name":"wp","href":"https:\/\/api.w.org\/{rel}","templated":true}]}}