{"id":3225,"date":"2023-08-28T10:37:05","date_gmt":"2023-08-28T09:37:05","guid":{"rendered":"https:\/\/staging.ecodry.ch\/?page_id=3225"},"modified":"2023-09-07T13:33:53","modified_gmt":"2023-09-07T12:33:53","slug":"ecodry-cavemaster-luftentfeuchter","status":"publish","type":"page","link":"https:\/\/ecodry.ch\/en\/ecodry-cavemaster-dehumidifier\/","title":{"rendered":"ecodry CaveMaster dehumidifier"},"content":{"rendered":"<h1>ecodry CaveMaster<\/h1>\n<h2>High end dehumidifier<\/h2>\n<p>The <em>ecodry CaveMaster<\/em> convinces with uncompromising quality for durability paired with unmatched efficiency for economical continuous operation. Best quality is guaranteed by the use of the highest quality components, modern technology and the will to perfection.<\/p>\n<p>The innovative Auto mode enables particularly simple operation. One press of the Auto button is all that is needed and the dehumidifier regulates the optimum humidity in a particularly economical way.<\/p>\n<p>\t\t\t\t\t\t\t\t\t\t\t\t\t\t\t<img decoding=\"async\" width=\"768\" height=\"512\" src=\"https:\/\/ecodry.ch\/wp-content\/uploads\/2023\/08\/ecodry_cavemaster_lifestyle_fam_1500x1000-1-768x512.webp\" alt=\"ecodry CaveMaster dehumidifier in three colors\" loading=\"lazy\" srcset=\"https:\/\/ecodry.ch\/wp-content\/uploads\/2023\/08\/ecodry_cavemaster_lifestyle_fam_1500x1000-1-768x512.webp 768w, https:\/\/ecodry.ch\/wp-content\/uploads\/2023\/08\/ecodry_cavemaster_lifestyle_fam_1500x1000-1-300x200.webp 300w, https:\/\/ecodry.ch\/wp-content\/uploads\/2023\/08\/ecodry_cavemaster_lifestyle_fam_1500x1000-1-1024x683.webp 1024w, https:\/\/ecodry.ch\/wp-content\/uploads\/2023\/08\/ecodry_cavemaster_lifestyle_fam_1500x1000-1.webp 1500w\" sizes=\"auto, (max-width: 768px) 100vw, 768px\" \/>\t\t\t\t\t\t\t\t\t\t\t\t\t\t\t<\/p>\n<ul>\n<li>\n\t\t\t\t\t\t\t\t\t\tAvailable in three colors\n\t\t\t\t\t\t\t\t\t<\/li>\n<li>\n\t\t\t\t\t\t\t\t\t\tWith handles and sturdy rollers\n\t\t\t\t\t\t\t\t\t<\/li>\n<li>\n\t\t\t\t\t\t\t\t\t\tExtra-rugged metal housing\n\t\t\t\t\t\t\t\t\t<\/li>\n<li>\n\t\t\t\t\t\t\t\t\t\tWi-Fi remote control\n\t\t\t\t\t\t\t\t\t<\/li>\n<\/ul>\n<p>\t\t\t\t\t\t\t\t\t\t\t\t\t\t\t<img decoding=\"async\" width=\"1500\" height=\"1000\" src=\"https:\/\/ecodry.ch\/wp-content\/uploads\/2023\/08\/ecodry_cavemaster_lifestyle8_banner_1500x1000.webp\" alt=\"\" loading=\"lazy\" srcset=\"https:\/\/ecodry.ch\/wp-content\/uploads\/2023\/08\/ecodry_cavemaster_lifestyle8_banner_1500x1000.webp 1500w, https:\/\/ecodry.ch\/wp-content\/uploads\/2023\/08\/ecodry_cavemaster_lifestyle8_banner_1500x1000-300x200.webp 300w, https:\/\/ecodry.ch\/wp-content\/uploads\/2023\/08\/ecodry_cavemaster_lifestyle8_banner_1500x1000-1024x683.webp 1024w, https:\/\/ecodry.ch\/wp-content\/uploads\/2023\/08\/ecodry_cavemaster_lifestyle8_banner_1500x1000-768x512.webp 768w\" sizes=\"auto, (max-width: 1500px) 100vw, 1500px\" \/><br \/>\n\t\t\t\t\t\tTechnical data downloads<br \/>\n\t\t\t\t\t\tTechnical data<\/p>\n<table>\n<thead>\n<tr>\n<th>ecodry CaveMaster<\/th>\n<th>\u00a0<\/th>\n<\/tr>\n<\/thead>\n<tbody>\n<tr>\n<td>Dehumidification capacity<\/td>\n<td>25 liters in 24 h at 30 \u00b0C and 80% relative humidity<\/td>\n<\/tr>\n<tr>\n<td>Max. Room size<\/td>\n<td>100 m\u00b2 \/ 250 m\u00b3<\/td>\n<\/tr>\n<tr>\n<td>Color<\/td>\n<td>Sapphire Blue, Grey Anthracite, Oyster White<\/td>\n<\/tr>\n<tr>\n<td>Power consumption<\/td>\n<td>255 W at 30 \u00b0C and 80% r. F.<\/td>\n<\/tr>\n<tr>\n<td>Air circulation<\/td>\n<td>215 m\u00b3 \/ h<\/td>\n<\/tr>\n<tr>\n<td>Operating noise<\/td>\n<td>50 dB(A)<\/td>\n<\/tr>\n<tr>\n<td>Water tank<\/td>\n<td>6 liters<\/td>\n<\/tr>\n<tr>\n<td>Refrigerant<\/td>\n<td>R290<\/td>\n<\/tr>\n<tr>\n<td>Ambient temperature<\/td>\n<td>5 - 35 \u00b0C<\/td>\n<\/tr>\n<tr>\n<td>Mass H x W x D<\/td>\n<td>535 x 390 x 320 mm<\/td>\n<\/tr>\n<tr>\n<td>Weight<\/td>\n<td>20.5 kg<\/td>\n<\/tr>\n<tr>\n<td>Warranty<\/td>\n<td>3 years<\/td>\n<\/tr>\n<\/tbody>\n<\/table>\n<p>\t\t\t\tDownloads<\/p>\n<ul>\n<li>\n\t\t\t\t\t\t\t\t\t\t\t<a href=\"\/wp-content\/uploads\/2023\/08\/ecodry-CaveMaster-Manual_WEB.pdf\"><br \/>\n\t\t\t\t\t\t\t\t\t\tInstruction<br \/>\n\t\t\t\t\t\t\t\t\t\t\t<\/a>\n\t\t\t\t\t\t\t\t\t<\/li>\n<\/ul>\n<ul>\n<li>\n\t\t\t\t\t\t\t\t\t\t\t<a href=\"\/wp-content\/uploads\/2023\/08\/ecodry-CaveMaster-Manual_WEB.pdf\"><br \/>\n\t\t\t\t\t\t\t\t\t\tInstruction<br \/>\n\t\t\t\t\t\t\t\t\t\t\t<\/a>\n\t\t\t\t\t\t\t\t\t<\/li>\n<\/ul>\n<table>\n<thead>\n<tr>\n<th>ecodry CaveMaster<\/th>\n<th>\u00a0<\/th>\n<\/tr>\n<\/thead>\n<tbody>\n<tr>\n<td>Dehumidification capacity<\/td>\n<td>25 liters in 24 h at 30 \u00b0C and 80% relative humidity<\/td>\n<\/tr>\n<tr>\n<td>Max. Room size<\/td>\n<td>100 m\u00b2 \/ 250 m\u00b3<\/td>\n<\/tr>\n<tr>\n<td>Color<\/td>\n<td>Sapphire Blue, Grey Anthracite, Oyster White<\/td>\n<\/tr>\n<tr>\n<td>Power consumption<\/td>\n<td>255 W at 30 \u00b0C and 80% r. F.<\/td>\n<\/tr>\n<tr>\n<td>Air circulation<\/td>\n<td>215 m\u00b3 \/ h<\/td>\n<\/tr>\n<tr>\n<td>Operating noise<\/td>\n<td>50 dB(A)<\/td>\n<\/tr>\n<tr>\n<td>Water tank<\/td>\n<td>6 liters<\/td>\n<\/tr>\n<tr>\n<td>Refrigerant<\/td>\n<td>R290<\/td>\n<\/tr>\n<tr>\n<td>Ambient temperature<\/td>\n<td>5 - 35 \u00b0C<\/td>\n<\/tr>\n<tr>\n<td>Mass H x W x D<\/td>\n<td>535 x 390 x 320 mm<\/td>\n<\/tr>\n<tr>\n<td>Weight<\/td>\n<td>20.5 kg<\/td>\n<\/tr>\n<tr>\n<td>Warranty<\/td>\n<td>3 years<\/td>\n<\/tr>\n<\/tbody>\n<\/table>\n<ul>\n<li>\n\t\t\t\t\t\t\t\t\t\t\t<a href=\"\/wp-content\/uploads\/2023\/08\/ecodry-CaveMaster-Manual_WEB.pdf\"><br \/>\n\t\t\t\t\t\t\t\t\t\tInstruction<br \/>\n\t\t\t\t\t\t\t\t\t\t\t<\/a>\n\t\t\t\t\t\t\t\t\t<\/li>\n<\/ul>\n<ul>\n<li>\n\t\t\t\t\t\t\t\t\t\t\t<a href=\"\/wp-content\/uploads\/2023\/08\/ecodry-CaveMaster-Manual_WEB.pdf\"><br \/>\n\t\t\t\t\t\t\t\t\t\tInstruction<br \/>\n\t\t\t\t\t\t\t\t\t\t\t<\/a>\n\t\t\t\t\t\t\t\t\t<\/li>\n<\/ul>\n<p>\t\t\t<a href=\"https:\/\/ecofort.ch\/de\/luftentfeuchter\/3226-ecodry-cavemaster.html\" target=\"_blank\" rel=\"noopener\"><br \/>\n\t\t\t\t\t\tMore information in the store<br \/>\n\t\t\t\t\t<\/a><br \/>\n\t\t\t<a href=\"https:\/\/ecofort.ch\/de\/luftentfeuchter\/3226-ecodry-cavemaster.html\" target=\"_blank\" rel=\"noopener\"><br \/>\n\t\t\t\t\t\tMore information in the store<br \/>\n\t\t\t\t\t<\/a><\/p>","protected":false},"excerpt":{"rendered":"<p>ecodry CaveMaster High-End Luftentfeuchter Der ecodry CaveMaster \u00fcberzeugt durch kompromisslose Qualit\u00e4t f\u00fcr Langlebigkeit gepaart mit unerreichter Effizienz f\u00fcr den sparsamen Dauerbetrieb. Beste Qualit\u00e4t wird garantiert durch Verwendung hochwertigster Komponenten, moderner Technologie sowie Wille zur Perfektion. Der innovative Auto-Modus erm\u00f6glicht einen besonders einfachen Betrieb. Ein Knopfdruck auf die Auto-Taste reicht aus und der Entfeuchter reguliert die [&hellip;]<\/p>\n","protected":false},"author":4,"featured_media":0,"parent":0,"menu_order":0,"comment_status":"closed","ping_status":"closed","template":"","meta":{"inline_featured_image":false,"footnotes":""},"class_list":["post-3225","page","type-page","status-publish","hentry"],"_links":{"self":[{"href":"https:\/\/ecodry.ch\/en\/wp-json\/wp\/v2\/pages\/3225","targetHints":{"allow":["GET"]}}],"collection":[{"href":"https:\/\/ecodry.ch\/en\/wp-json\/wp\/v2\/pages"}],"about":[{"href":"https:\/\/ecodry.ch\/en\/wp-json\/wp\/v2\/types\/page"}],"author":[{"embeddable":true,"href":"https:\/\/ecodry.ch\/en\/wp-json\/wp\/v2\/users\/4"}],"replies":[{"embeddable":true,"href":"https:\/\/ecodry.ch\/en\/wp-json\/wp\/v2\/comments?post=3225"}],"version-history":[{"count":31,"href":"https:\/\/ecodry.ch\/en\/wp-json\/wp\/v2\/pages\/3225\/revisions"}],"predecessor-version":[{"id":3370,"href":"https:\/\/ecodry.ch\/en\/wp-json\/wp\/v2\/pages\/3225\/revisions\/3370"}],"wp:attachment":[{"href":"https:\/\/ecodry.ch\/en\/wp-json\/wp\/v2\/media?parent=3225"}],"curies":[{"name":"wp","href":"https:\/\/api.w.org\/{rel}","templated":true}]}}