{"id":3047,"date":"2023-08-16T10:42:43","date_gmt":"2023-08-16T09:42:43","guid":{"rendered":"https:\/\/staging.ecodry.ch\/?page_id=3047"},"modified":"2023-08-31T13:33:39","modified_gmt":"2023-08-31T12:33:39","slug":"ecodry-cavemaster-pumpe","status":"publish","type":"page","link":"https:\/\/ecodry.ch\/en\/ecodry-cavemaster-pump\/","title":{"rendered":"ecodry CaveMaster pump"},"content":{"rendered":"<h1>ecodry CaveMaster pump<\/h1>\n<h2>Optionally installable<\/h2>\n<p>With the <em>ecodry CaveMaster pump<\/em> a permanent drainage of the condensation water can be realized even without a slope.<\/p>\n<p>Installation does not require a great deal of handyman experience; it only requires simple screwdrivers and plugging and unplugging.<\/p>\n<p>\t\t\t\t\t\t\t\t\t\t\t\t\t\t\t<img decoding=\"async\" width=\"800\" height=\"800\" src=\"https:\/\/ecodry.ch\/wp-content\/uploads\/2023\/08\/ecodry_cavemaster_pump_side_angle_right_1500x1500-1024x1024.webp\" alt=\"ecodry CaveMaster pump\" loading=\"lazy\" srcset=\"https:\/\/ecodry.ch\/wp-content\/uploads\/2023\/08\/ecodry_cavemaster_pump_side_angle_right_1500x1500-1024x1024.webp 1024w, https:\/\/ecodry.ch\/wp-content\/uploads\/2023\/08\/ecodry_cavemaster_pump_side_angle_right_1500x1500-300x300.webp 300w, https:\/\/ecodry.ch\/wp-content\/uploads\/2023\/08\/ecodry_cavemaster_pump_side_angle_right_1500x1500-150x150.webp 150w, https:\/\/ecodry.ch\/wp-content\/uploads\/2023\/08\/ecodry_cavemaster_pump_side_angle_right_1500x1500-768x768.webp 768w, https:\/\/ecodry.ch\/wp-content\/uploads\/2023\/08\/ecodry_cavemaster_pump_side_angle_right_1500x1500.webp 1500w\" sizes=\"auto, (max-width: 800px) 100vw, 800px\" \/>\t\t\t\t\t\t\t\t\t\t\t\t\t\t\t<\/p>\n<ul>\n<li>\n\t\t\t\t\t\t\t\t\t\tPumps water over a height of 5 meters\n\t\t\t\t\t\t\t\t\t<\/li>\n<li>\n\t\t\t\t\t\t\t\t\t\tOnly for ecodry CaveMaster dehumidifier\n\t\t\t\t\t\t\t\t\t<\/li>\n<li>\n\t\t\t\t\t\t\t\t\t\tEasy installation\n\t\t\t\t\t\t\t\t\t<\/li>\n<\/ul>\n<p>\t\t\t\t\t\tTechnical data downloads<br \/>\n\t\t\t\t\t\tTechnical data<\/p>\n<table>\n<thead>\n<tr>\n<th>ecodry CaveMaster pump<\/th>\n<th>\u00a0<\/th>\n<\/tr>\n<\/thead>\n<tbody>\n<tr>\n<td>Maximum head<\/td>\n<td>5 meters<\/td>\n<\/tr>\n<tr>\n<td>Power connection<\/td>\n<td>100 - 240 V ~ 50\/60 Hz<\/td>\n<\/tr>\n<tr>\n<td>Power<\/td>\n<td>23 Watt<\/td>\n<\/tr>\n<tr>\n<td>Warranty<\/td>\n<td>2 years<\/td>\n<\/tr>\n<\/tbody>\n<\/table>\n<p>\t\t\t\tDownloads<\/p>\n<ul>\n<li>\n\t\t\t\t\t\t\t\t\t\t\t<a href=\"\/wp-content\/uploads\/2023\/08\/ecodry-CaveMaster-Pump-Manual_WEB.pdf\"><br \/>\n\t\t\t\t\t\t\t\t\t\tInstruction<br \/>\n\t\t\t\t\t\t\t\t\t\t\t<\/a>\n\t\t\t\t\t\t\t\t\t<\/li>\n<\/ul>\n<ul>\n<li>\n\t\t\t\t\t\t\t\t\t\t\t<a href=\"\/wp-content\/uploads\/2023\/08\/ecodry-CaveMaster-Pump-Manual_WEB.pdf\"><br \/>\n\t\t\t\t\t\t\t\t\t\tInstruction<br \/>\n\t\t\t\t\t\t\t\t\t\t\t<\/a>\n\t\t\t\t\t\t\t\t\t<\/li>\n<\/ul>\n<table>\n<thead>\n<tr>\n<th>ecodry CaveMaster pump<\/th>\n<th>\u00a0<\/th>\n<\/tr>\n<\/thead>\n<tbody>\n<tr>\n<td>Maximum head<\/td>\n<td>5 meters<\/td>\n<\/tr>\n<tr>\n<td>Power connection<\/td>\n<td>100 - 240 V ~ 50\/60 Hz<\/td>\n<\/tr>\n<tr>\n<td>Power<\/td>\n<td>23 Watt<\/td>\n<\/tr>\n<tr>\n<td>Warranty<\/td>\n<td>2 years<\/td>\n<\/tr>\n<\/tbody>\n<\/table>\n<ul>\n<li>\n\t\t\t\t\t\t\t\t\t\t\t<a href=\"\/wp-content\/uploads\/2023\/08\/ecodry-CaveMaster-Pump-Manual_WEB.pdf\"><br \/>\n\t\t\t\t\t\t\t\t\t\tInstruction<br \/>\n\t\t\t\t\t\t\t\t\t\t\t<\/a>\n\t\t\t\t\t\t\t\t\t<\/li>\n<\/ul>\n<ul>\n<li>\n\t\t\t\t\t\t\t\t\t\t\t<a href=\"\/wp-content\/uploads\/2023\/08\/ecodry-CaveMaster-Pump-Manual_WEB.pdf\"><br \/>\n\t\t\t\t\t\t\t\t\t\tInstruction<br \/>\n\t\t\t\t\t\t\t\t\t\t\t<\/a>\n\t\t\t\t\t\t\t\t\t<\/li>\n<\/ul>\n<p>\t\t\t<a href=\"https:\/\/ecofort.ch\/de\/pumpen\/3228-ecodry-cavemaster-pumpe.html\" target=\"_blank\" rel=\"noopener\"><br \/>\n\t\t\t\t\t\tMore information in the store<br \/>\n\t\t\t\t\t<\/a><br \/>\n\t\t\t<a href=\"https:\/\/ecofort.ch\/de\/pumpen\/3228-ecodry-cavemaster-pumpe.html\" target=\"_blank\" rel=\"noopener\"><br \/>\n\t\t\t\t\t\tMore information in the store<br \/>\n\t\t\t\t\t<\/a><\/p>","protected":false},"excerpt":{"rendered":"<p>ecodry CaveMaster Pumpe Optional einbaubar Mit der ecodry CaveMaster Pumpe kann eine Dauerdrainage des Kondenswassers auch ohne Gef\u00e4lle realisiert werden. Der Einbau erfordert keine grosse Handwerker-Erfahrung; es ben\u00f6tigt nur einfache Schraubenzieher sowie Ein- und Aufsteckarbeiten. Pumpt Wasser \u00fcber eine H\u00f6he von 5 Metern Nur f\u00fcr ecodry CaveMaster Luftentfeuchter Einfacher Einbau Technische Daten Downloads Technische Daten [&hellip;]<\/p>\n","protected":false},"author":4,"featured_media":3048,"parent":0,"menu_order":0,"comment_status":"closed","ping_status":"closed","template":"","meta":{"inline_featured_image":false,"footnotes":""},"class_list":["post-3047","page","type-page","status-publish","has-post-thumbnail","hentry"],"_links":{"self":[{"href":"https:\/\/ecodry.ch\/en\/wp-json\/wp\/v2\/pages\/3047","targetHints":{"allow":["GET"]}}],"collection":[{"href":"https:\/\/ecodry.ch\/en\/wp-json\/wp\/v2\/pages"}],"about":[{"href":"https:\/\/ecodry.ch\/en\/wp-json\/wp\/v2\/types\/page"}],"author":[{"embeddable":true,"href":"https:\/\/ecodry.ch\/en\/wp-json\/wp\/v2\/users\/4"}],"replies":[{"embeddable":true,"href":"https:\/\/ecodry.ch\/en\/wp-json\/wp\/v2\/comments?post=3047"}],"version-history":[{"count":14,"href":"https:\/\/ecodry.ch\/en\/wp-json\/wp\/v2\/pages\/3047\/revisions"}],"predecessor-version":[{"id":3292,"href":"https:\/\/ecodry.ch\/en\/wp-json\/wp\/v2\/pages\/3047\/revisions\/3292"}],"wp:featuredmedia":[{"embeddable":true,"href":"https:\/\/ecodry.ch\/en\/wp-json\/wp\/v2\/media\/3048"}],"wp:attachment":[{"href":"https:\/\/ecodry.ch\/en\/wp-json\/wp\/v2\/media?parent=3047"}],"curies":[{"name":"wp","href":"https:\/\/api.w.org\/{rel}","templated":true}]}}