{"id":2949,"date":"2023-08-15T10:17:18","date_gmt":"2023-08-15T09:17:18","guid":{"rendered":"https:\/\/staging.ecodry.ch\/?page_id=2949"},"modified":"2023-08-22T16:29:41","modified_gmt":"2023-08-22T15:29:41","slug":"ecodry-925-raumluft-waschetrockner","status":"publish","type":"page","link":"https:\/\/ecodry.ch\/en\/ecodry-925-room-air-washer-dryer\/","title":{"rendered":"ecodry 925 dehumidifier"},"content":{"rendered":"<h1>ecodry 925<\/h1>\n<h2>Dehumidifiers &amp; room air dryers<\/h2>\n<p>The use of high-performance quality components, as well as the high-quality workmanship and ecodry engineering make the <em>ecodry 925<\/em>\u00a0to the durable and economical clothes dryer - extra strong and mobile.<\/p>\n<p>Reliability, precision, high-quality workmanship and durability characterize the mobile\u00a0<em>ecodry<\/em> Room air clothes dryer off.<\/p>\n<p>\t\t\t\t\t\t\t\t\t\t\t\t\t\t\t<img decoding=\"async\" width=\"800\" height=\"800\" src=\"https:\/\/ecodry.ch\/wp-content\/uploads\/2023\/08\/ecodry-925-mobiler-waschetrockner_1.jpg\" alt=\"ecodry 925 room air tumble dryer\" loading=\"lazy\" srcset=\"https:\/\/ecodry.ch\/wp-content\/uploads\/2023\/08\/ecodry-925-mobiler-waschetrockner_1.jpg 800w, https:\/\/ecodry.ch\/wp-content\/uploads\/2023\/08\/ecodry-925-mobiler-waschetrockner_1-300x300.jpg 300w, https:\/\/ecodry.ch\/wp-content\/uploads\/2023\/08\/ecodry-925-mobiler-waschetrockner_1-150x150.jpg 150w, https:\/\/ecodry.ch\/wp-content\/uploads\/2023\/08\/ecodry-925-mobiler-waschetrockner_1-768x768.jpg 768w\" sizes=\"auto, (max-width: 800px) 100vw, 800px\" \/>\t\t\t\t\t\t\t\t\t\t\t\t\t\t\t<\/p>\n<ul>\n<li>\n\t\t\t\t\t\t\t\t\t\tFlexible laundry drying\n\t\t\t\t\t\t\t\t\t<\/li>\n<li>\n\t\t\t\t\t\t\t\t\t\tWith handles and sturdy rollers\n\t\t\t\t\t\t\t\t\t<\/li>\n<li>\n\t\t\t\t\t\t\t\t\t\tExtra-rugged metal housing\n\t\t\t\t\t\t\t\t\t<\/li>\n<li>\n\t\t\t\t\t\t\t\t\t\tSimple operation\n\t\t\t\t\t\t\t\t\t<\/li>\n<\/ul>\n<p>\t\t\t\t\t\t\t\t\t\t\t\t\t\t\t<img decoding=\"async\" width=\"1500\" height=\"1000\" src=\"https:\/\/ecodry.ch\/wp-content\/uploads\/2023\/08\/ecodry-925_lifestyle_keller_1500x1000.webp\" alt=\"ecodry 925 in a bicycle cellar\" loading=\"lazy\" srcset=\"https:\/\/ecodry.ch\/wp-content\/uploads\/2023\/08\/ecodry-925_lifestyle_keller_1500x1000.webp 1500w, https:\/\/ecodry.ch\/wp-content\/uploads\/2023\/08\/ecodry-925_lifestyle_keller_1500x1000-300x200.webp 300w, https:\/\/ecodry.ch\/wp-content\/uploads\/2023\/08\/ecodry-925_lifestyle_keller_1500x1000-1024x683.webp 1024w, https:\/\/ecodry.ch\/wp-content\/uploads\/2023\/08\/ecodry-925_lifestyle_keller_1500x1000-768x512.webp 768w\" sizes=\"auto, (max-width: 1500px) 100vw, 1500px\" \/><br \/>\n\t\t\t\t\t\tTechnical data downloads<br \/>\n\t\t\t\t\t\tTechnical data<\/p>\n<table>\n<thead>\n<tr>\n<th>ecodry 925<\/th>\n<th>\u00a0<\/th>\n<\/tr>\n<\/thead>\n<tbody>\n<tr>\n<td>Dehumidification capacity<\/td>\n<td>45.6 liters in 24 h at 30 \u00b0C and 80% relative humidity<\/td>\n<\/tr>\n<tr>\n<td>Max. Room size<\/td>\n<td>200 m\u00b2 \/ 600 m\u00b3<\/td>\n<\/tr>\n<tr>\n<td>Color<\/td>\n<td>Anthracite<\/td>\n<\/tr>\n<tr>\n<td>Power consumption<\/td>\n<td>680 W at 25 \u00b0C and 65% r. F.<br \/>770 W at 30 \u00b0C and 80% r. F.<\/td>\n<\/tr>\n<tr>\n<td>Air circulation<\/td>\n<td>600 m\u00b3 \/ h<\/td>\n<\/tr>\n<tr>\n<td>Operating noise<\/td>\n<td>77 dB(A)<\/td>\n<\/tr>\n<tr>\n<td>Water tank<\/td>\n<td>12 liters<\/td>\n<\/tr>\n<tr>\n<td>Refrigerant<\/td>\n<td>R1234yf<\/td>\n<\/tr>\n<tr>\n<td>Ambient temperature<\/td>\n<td>5 - 35 \u00b0C<\/td>\n<\/tr>\n<tr>\n<td>Protection class<\/td>\n<td>IPX1 (protection against vertically falling dripping water)<\/td>\n<\/tr>\n<tr>\n<td>Mass H x W x D<\/td>\n<td>587 x 617 x 388 mm<\/td>\n<\/tr>\n<tr>\n<td>Weight<\/td>\n<td>32.8 kg<\/td>\n<\/tr>\n<tr>\n<td>Warranty<\/td>\n<td>3 years<\/td>\n<\/tr>\n<\/tbody>\n<\/table>\n<p>\t\t\t\tDownloads<\/p>\n<ul>\n<li>\n\t\t\t\t\t\t\t\t\t\t\t<a href=\"\/wp-content\/uploads\/2023\/08\/ecodry_925_manual-R1234yf.pdf\"><br \/>\n\t\t\t\t\t\t\t\t\t\tInstruction<br \/>\n\t\t\t\t\t\t\t\t\t\t\t<\/a>\n\t\t\t\t\t\t\t\t\t<\/li>\n<\/ul>\n<ul>\n<li>\n\t\t\t\t\t\t\t\t\t\t\t<a href=\"\/wp-content\/uploads\/2023\/08\/ecodry_925_manual-R1234yf.pdf\"><br \/>\n\t\t\t\t\t\t\t\t\t\tInstruction<br \/>\n\t\t\t\t\t\t\t\t\t\t\t<\/a>\n\t\t\t\t\t\t\t\t\t<\/li>\n<\/ul>\n<table>\n<thead>\n<tr>\n<th>ecodry 925<\/th>\n<th>\u00a0<\/th>\n<\/tr>\n<\/thead>\n<tbody>\n<tr>\n<td>Dehumidification capacity<\/td>\n<td>45.6 liters in 24 h at 30 \u00b0C and 80% relative humidity<\/td>\n<\/tr>\n<tr>\n<td>Max. Room size<\/td>\n<td>200 m\u00b2 \/ 600 m\u00b3<\/td>\n<\/tr>\n<tr>\n<td>Color<\/td>\n<td>Anthracite<\/td>\n<\/tr>\n<tr>\n<td>Power consumption<\/td>\n<td>680 W at 25 \u00b0C and 65% r. F.<br \/>770 W at 30 \u00b0C and 80% r. F.<\/td>\n<\/tr>\n<tr>\n<td>Air circulation<\/td>\n<td>600 m\u00b3 \/ h<\/td>\n<\/tr>\n<tr>\n<td>Operating noise<\/td>\n<td>77 dB(A)<\/td>\n<\/tr>\n<tr>\n<td>Water tank<\/td>\n<td>12 liters<\/td>\n<\/tr>\n<tr>\n<td>Refrigerant<\/td>\n<td>R1234yf<\/td>\n<\/tr>\n<tr>\n<td>Ambient temperature<\/td>\n<td>5 - 35 \u00b0C<\/td>\n<\/tr>\n<tr>\n<td>Protection class<\/td>\n<td>IPX1 (protection against vertically falling dripping water)<\/td>\n<\/tr>\n<tr>\n<td>Mass H x W x D<\/td>\n<td>587 x 617 x 388 mm<\/td>\n<\/tr>\n<tr>\n<td>Weight<\/td>\n<td>32.8 kg<\/td>\n<\/tr>\n<tr>\n<td>Warranty<\/td>\n<td>3 years<\/td>\n<\/tr>\n<\/tbody>\n<\/table>\n<ul>\n<li>\n\t\t\t\t\t\t\t\t\t\t\t<a href=\"\/wp-content\/uploads\/2023\/08\/ecodry_925_manual-R1234yf.pdf\"><br \/>\n\t\t\t\t\t\t\t\t\t\tInstruction<br \/>\n\t\t\t\t\t\t\t\t\t\t\t<\/a>\n\t\t\t\t\t\t\t\t\t<\/li>\n<\/ul>\n<ul>\n<li>\n\t\t\t\t\t\t\t\t\t\t\t<a href=\"\/wp-content\/uploads\/2023\/08\/ecodry_925_manual-R1234yf.pdf\"><br \/>\n\t\t\t\t\t\t\t\t\t\tInstruction<br \/>\n\t\t\t\t\t\t\t\t\t\t\t<\/a>\n\t\t\t\t\t\t\t\t\t<\/li>\n<\/ul>\n<p>\t\t\t<a href=\"https:\/\/ecofort.ch\/de\/luftentfeuchter\/377-ecodry-925-mobiler-waschetrockner.html\" target=\"_blank\" rel=\"noopener\"><br \/>\n\t\t\t\t\t\tMore information in the store<br \/>\n\t\t\t\t\t<\/a><br \/>\n\t\t\t<a href=\"https:\/\/ecofort.ch\/de\/luftentfeuchter\/377-ecodry-925-mobiler-waschetrockner.html\" target=\"_blank\" rel=\"noopener\"><br \/>\n\t\t\t\t\t\tMore information in the store<br \/>\n\t\t\t\t\t<\/a><\/p>","protected":false},"excerpt":{"rendered":"<p>ecodry 925 Luftentfeuchter &#038; Raumluft W\u00e4schetrockner Der Einsatz von leistungsf\u00e4higen Qualit\u00e4tskomponenten, sowie die hochwertige Verarbeitung und das ecodry Engineering machen den ecodry 925\u00a0zum langlebigen und sparsamen W\u00e4schetrockner \u2013 extra stark und mobil. Zuverl\u00e4ssigkeit, Pr\u00e4zision, hochwertige Verarbeitung und Langlebigkeit zeichnen den fahrbaren\u00a0ecodry Raumluft W\u00e4schetrockner aus. Flexible W\u00e4schetrocknung Mit Handgriffen und robusten Rollen Extra-robustes Metallgeh\u00e4use Simple Bedienung [&hellip;]<\/p>\n","protected":false},"author":4,"featured_media":2950,"parent":0,"menu_order":0,"comment_status":"closed","ping_status":"closed","template":"","meta":{"inline_featured_image":false,"footnotes":""},"class_list":["post-2949","page","type-page","status-publish","has-post-thumbnail","hentry"],"_links":{"self":[{"href":"https:\/\/ecodry.ch\/en\/wp-json\/wp\/v2\/pages\/2949","targetHints":{"allow":["GET"]}}],"collection":[{"href":"https:\/\/ecodry.ch\/en\/wp-json\/wp\/v2\/pages"}],"about":[{"href":"https:\/\/ecodry.ch\/en\/wp-json\/wp\/v2\/types\/page"}],"author":[{"embeddable":true,"href":"https:\/\/ecodry.ch\/en\/wp-json\/wp\/v2\/users\/4"}],"replies":[{"embeddable":true,"href":"https:\/\/ecodry.ch\/en\/wp-json\/wp\/v2\/comments?post=2949"}],"version-history":[{"count":26,"href":"https:\/\/ecodry.ch\/en\/wp-json\/wp\/v2\/pages\/2949\/revisions"}],"predecessor-version":[{"id":3202,"href":"https:\/\/ecodry.ch\/en\/wp-json\/wp\/v2\/pages\/2949\/revisions\/3202"}],"wp:featuredmedia":[{"embeddable":true,"href":"https:\/\/ecodry.ch\/en\/wp-json\/wp\/v2\/media\/2950"}],"wp:attachment":[{"href":"https:\/\/ecodry.ch\/en\/wp-json\/wp\/v2\/media?parent=2949"}],"curies":[{"name":"wp","href":"https:\/\/api.w.org\/{rel}","templated":true}]}}