{"id":2930,"date":"2023-08-15T08:24:12","date_gmt":"2023-08-15T07:24:12","guid":{"rendered":"https:\/\/staging.ecodry.ch\/?page_id=2930"},"modified":"2023-08-23T09:20:44","modified_gmt":"2023-08-23T08:20:44","slug":"ecodry-625-luftentfeuchter","status":"publish","type":"page","link":"https:\/\/ecodry.ch\/en\/ecodry-625-dehumidifier\/","title":{"rendered":"ecodry 625 dehumidifier"},"content":{"rendered":"<h1>ecodry 625<\/h1>\n<h2>Dehumidifier &amp; tumble dryer<\/h2>\n<p><strong>ecodry 625 - the high-quality dehumidifier for efficient room dehumidification and fast, gentle laundry drying<\/strong><\/p>\n<p>The outstanding feature is the optimized air flow. The moist air is drawn in at the front and expelled at the top when dry. This speeds up the drying process and saves space.<\/p>\n<p>The use of quality components, as well as the high-quality workmanship and the latest technology make the&nbsp;<em>ecodry 625<\/em>&nbsp;to the long-lasting and economical dehumidifier.<\/p>\n<p><img decoding=\"async\" width=\"800\" height=\"784\" src=\"https:\/\/ecodry.ch\/wp-content\/uploads\/2023\/08\/ecodry-625_814x798.webp\" alt=\"ecodry 625 dehumidifier &amp; tumble dryer\" loading=\"lazy\" srcset=\"https:\/\/ecodry.ch\/wp-content\/uploads\/2023\/08\/ecodry-625_814x798.webp 814w, https:\/\/ecodry.ch\/wp-content\/uploads\/2023\/08\/ecodry-625_814x798-300x294.webp 300w, https:\/\/ecodry.ch\/wp-content\/uploads\/2023\/08\/ecodry-625_814x798-768x753.webp 768w\" sizes=\"auto, (max-width: 800px) 100vw, 800px\"><\/p>\n<ul>\n<li>\n\t\t\t\t\t\t\t\t\t\tAcceleration of the drying of laundry<\/li>\n<li>\n\t\t\t\t\t\t\t\t\t\tWith handles and sturdy rollers<\/li>\n<li>\n\t\t\t\t\t\t\t\t\t\tExtra-rugged metal housing<\/li>\n<li>\n\t\t\t\t\t\t\t\t\t\tSimple operation<\/li>\n<\/ul>\n<p><img decoding=\"async\" width=\"800\" height=\"534\" src=\"https:\/\/ecodry.ch\/wp-content\/uploads\/2023\/08\/ecodry-625_lifestyle_keller_1500x1000-1024x683.webp\" alt=\"ecodry 625 in a modern cellar\" loading=\"lazy\" srcset=\"https:\/\/ecodry.ch\/wp-content\/uploads\/2023\/08\/ecodry-625_lifestyle_keller_1500x1000-1024x683.webp 1024w, https:\/\/ecodry.ch\/wp-content\/uploads\/2023\/08\/ecodry-625_lifestyle_keller_1500x1000-300x200.webp 300w, https:\/\/ecodry.ch\/wp-content\/uploads\/2023\/08\/ecodry-625_lifestyle_keller_1500x1000-768x512.webp 768w, https:\/\/ecodry.ch\/wp-content\/uploads\/2023\/08\/ecodry-625_lifestyle_keller_1500x1000.webp 1500w\" sizes=\"auto, (max-width: 800px) 100vw, 800px\"><br \/>\nTechnical data downloads<br \/>\nTechnical data<\/p>\n<table>\n<thead>\n<tr>\n<th>ecodry 625<\/th>\n<th>&nbsp;<\/th>\n<\/tr>\n<\/thead>\n<tbody>\n<tr>\n<td>Dehumidification capacity<\/td>\n<td>27.6 liters in 24 h at 30 \u00b0C and 80% relative humidity<\/td>\n<\/tr>\n<tr>\n<td>Max. Room size<\/td>\n<td>135 m\u00b2 \/ 400 m\u00b3<\/td>\n<\/tr>\n<tr>\n<td>Color<\/td>\n<td>Anthracite<\/td>\n<\/tr>\n<tr>\n<td>Power consumption<\/td>\n<td>292 W at 25 \u00b0C and 65% r. F.<br \/>\n350 W at 30 \u00b0C and 80% r. F.<\/td>\n<\/tr>\n<tr>\n<td>Air circulation<\/td>\n<td>300 m\u00b3 \/ h<\/td>\n<\/tr>\n<tr>\n<td>Operating noise<\/td>\n<td>54 dB(A)<\/td>\n<\/tr>\n<tr>\n<td>Water tank<\/td>\n<td>6 liters<\/td>\n<\/tr>\n<tr>\n<td>Refrigerant<\/td>\n<td>R290<\/td>\n<\/tr>\n<tr>\n<td>Ambient temperature<\/td>\n<td>5 - 35 \u00b0C<\/td>\n<\/tr>\n<tr>\n<td>Protection class<\/td>\n<td>IPX1 (protection against vertically falling dripping water)<\/td>\n<\/tr>\n<tr>\n<td>Mass H x W x D<\/td>\n<td>555 x 382 x 398 mm<\/td>\n<\/tr>\n<tr>\n<td>Weight<\/td>\n<td>28.7 kg<\/td>\n<\/tr>\n<tr>\n<td>Warranty<\/td>\n<td>3 years<\/td>\n<\/tr>\n<\/tbody>\n<\/table>\n<p>Downloads<\/p>\n<ul>\n<li>\n\t\t\t\t\t\t\t\t\t\t\t<a href=\"\/wp-content\/uploads\/2023\/08\/Anleitung_ecodry625_D-E-I-F-R290.pdf\"><br \/>\nInstruction<br \/>\n<\/a><\/li>\n<\/ul>\n<ul>\n<li>\n\t\t\t\t\t\t\t\t\t\t\t<a href=\"\/wp-content\/uploads\/2023\/08\/Anleitung_ecodry625_D-E-I-F-R290.pdf\"><br \/>\nInstruction<br \/>\n<\/a><\/li>\n<\/ul>\n<table>\n<thead>\n<tr>\n<th>ecodry 625<\/th>\n<th>&nbsp;<\/th>\n<\/tr>\n<\/thead>\n<tbody>\n<tr>\n<td>Dehumidification capacity<\/td>\n<td>27.6 liters in 24 h at 30 \u00b0C and 80% relative humidity<\/td>\n<\/tr>\n<tr>\n<td>Max. Room size<\/td>\n<td>135 m\u00b2 \/ 400 m\u00b3<\/td>\n<\/tr>\n<tr>\n<td>Color<\/td>\n<td>Anthracite<\/td>\n<\/tr>\n<tr>\n<td>Power consumption<\/td>\n<td>292 W at 25 \u00b0C and 65% r. F.<br \/>\n350 W at 30 \u00b0C and 80% r. F.<\/td>\n<\/tr>\n<tr>\n<td>Air circulation<\/td>\n<td>300 m\u00b3 \/ h<\/td>\n<\/tr>\n<tr>\n<td>Operating noise<\/td>\n<td>54 dB(A)<\/td>\n<\/tr>\n<tr>\n<td>Water tank<\/td>\n<td>6 liters<\/td>\n<\/tr>\n<tr>\n<td>Refrigerant<\/td>\n<td>R290<\/td>\n<\/tr>\n<tr>\n<td>Ambient temperature<\/td>\n<td>5 - 35 \u00b0C<\/td>\n<\/tr>\n<tr>\n<td>Protection class<\/td>\n<td>IPX1 (protection against vertically falling dripping water)<\/td>\n<\/tr>\n<tr>\n<td>Mass H x W x D<\/td>\n<td>555 x 382 x 398 mm<\/td>\n<\/tr>\n<tr>\n<td>Weight<\/td>\n<td>28.7 kg<\/td>\n<\/tr>\n<tr>\n<td>Warranty<\/td>\n<td>3 years<\/td>\n<\/tr>\n<\/tbody>\n<\/table>\n<ul>\n<li>\n\t\t\t\t\t\t\t\t\t\t\t<a href=\"\/wp-content\/uploads\/2023\/08\/Anleitung_ecodry625_D-E-I-F-R290.pdf\"><br \/>\nInstruction<br \/>\n<\/a><\/li>\n<\/ul>\n<ul>\n<li>\n\t\t\t\t\t\t\t\t\t\t\t<a href=\"\/wp-content\/uploads\/2023\/08\/Anleitung_ecodry625_D-E-I-F-R290.pdf\"><br \/>\nInstruction<br \/>\n<\/a><\/li>\n<\/ul>\n<p><a href=\"https:\/\/ecofort.ch\/de\/luftentfeuchter\/368-ecodry-625.html\" target=\"_blank\" rel=\"noopener\"><br \/>\nMore information in the store<br \/>\n<\/a><br \/>\n<a href=\"https:\/\/ecofort.ch\/de\/luftentfeuchter\/368-ecodry-625.html\" target=\"_blank\" rel=\"noopener\"><br \/>\nMore information in the store<br \/>\n<\/a><\/p>","protected":false},"excerpt":{"rendered":"<p>ecodry 625 Luftentfeuchter &amp; W\u00e4schetrockner ecodry 625 \u2013 der qualitativ hochwertige Luftentfeuchter f\u00fcr effiziente Raumentfeuchtung und schnelle, schonende W\u00e4schetrocknung Herausragendes Merkmal ist die optimierte Luftf\u00fchrung. Die feuchte Luft wird vorne angesaugt und an der Oberseite getrocknet wieder ausgestossen.&nbsp;Dies erm\u00f6glicht eine beschleunigte W\u00e4schetrocknung und Platzeinsparung. Der Einsatz von Qualit\u00e4tskomponenten, sowie die hochwertige Verarbeitung und die neueste [&hellip;]<\/p>\n","protected":false},"author":4,"featured_media":2931,"parent":0,"menu_order":0,"comment_status":"closed","ping_status":"closed","template":"","meta":{"inline_featured_image":false,"footnotes":""},"class_list":["post-2930","page","type-page","status-publish","has-post-thumbnail","hentry"],"_links":{"self":[{"href":"https:\/\/ecodry.ch\/en\/wp-json\/wp\/v2\/pages\/2930","targetHints":{"allow":["GET"]}}],"collection":[{"href":"https:\/\/ecodry.ch\/en\/wp-json\/wp\/v2\/pages"}],"about":[{"href":"https:\/\/ecodry.ch\/en\/wp-json\/wp\/v2\/types\/page"}],"author":[{"embeddable":true,"href":"https:\/\/ecodry.ch\/en\/wp-json\/wp\/v2\/users\/4"}],"replies":[{"embeddable":true,"href":"https:\/\/ecodry.ch\/en\/wp-json\/wp\/v2\/comments?post=2930"}],"version-history":[{"count":11,"href":"https:\/\/ecodry.ch\/en\/wp-json\/wp\/v2\/pages\/2930\/revisions"}],"predecessor-version":[{"id":3214,"href":"https:\/\/ecodry.ch\/en\/wp-json\/wp\/v2\/pages\/2930\/revisions\/3214"}],"wp:featuredmedia":[{"embeddable":true,"href":"https:\/\/ecodry.ch\/en\/wp-json\/wp\/v2\/media\/2931"}],"wp:attachment":[{"href":"https:\/\/ecodry.ch\/en\/wp-json\/wp\/v2\/media?parent=2930"}],"curies":[{"name":"wp","href":"https:\/\/api.w.org\/{rel}","templated":true}]}}