{"id":2913,"date":"2023-08-14T15:55:29","date_gmt":"2023-08-14T14:55:29","guid":{"rendered":"https:\/\/staging.ecodry.ch\/?page_id=2913"},"modified":"2023-08-28T16:43:34","modified_gmt":"2023-08-28T15:43:34","slug":"ecodry-425-luftentfeuchter","status":"publish","type":"page","link":"https:\/\/ecodry.ch\/en\/ecodry-425-dehumidifier\/","title":{"rendered":"ecodry 425 dehumidifier"},"content":{"rendered":"<h1>ecodry 425<\/h1>\n<h2>Dehumidifiers<\/h2>\n<p style=\"text-align: left;\"><em>ecodry 425<\/em>\u00a0is the guaranteed reliable and efficient\u00a0<strong>Dehumidifier for damp cellars<\/strong>,\u00a0<strong>Garages<\/strong>,\u00a0<strong>Bearing<\/strong>\u00a0and\u00a0<strong>Archives<\/strong>. Ideal for protecting inventory from moisture damage, as well as preventing musty odors, mold and rust.<\/p>\n<p style=\"text-align: left;\">The\u00a0<em>ecodry 425<\/em>\u00a0convinces next to the\u00a0<strong>top energy efficiency<\/strong>\u00a0through the\u00a0<strong>compact size<\/strong>,\u00a0<strong>Light weight<\/strong>, the <strong>Mobility<\/strong>\u00a0and the\u00a0<strong>quiet operating noise<\/strong>.<\/p>\n<p style=\"text-align: left;\">The use of quality components, as well as the high-quality workmanship and the use of the latest technology make the\u00a0<em>ecodry 425<\/em>\u00a0to the long-lasting and economical dehumidifier.<\/p>\n<p>\t\t\t\t\t\t\t\t\t\t\t\t\t\t\t<img decoding=\"async\" width=\"800\" height=\"534\" src=\"https:\/\/ecodry.ch\/wp-content\/uploads\/2023\/08\/ecodry_425_all_colors_2_1500x1000-1024x683.webp\" alt=\"ecodry 425 three colors\" loading=\"lazy\" srcset=\"https:\/\/ecodry.ch\/wp-content\/uploads\/2023\/08\/ecodry_425_all_colors_2_1500x1000-1024x683.webp 1024w, https:\/\/ecodry.ch\/wp-content\/uploads\/2023\/08\/ecodry_425_all_colors_2_1500x1000-300x200.webp 300w, https:\/\/ecodry.ch\/wp-content\/uploads\/2023\/08\/ecodry_425_all_colors_2_1500x1000-768x512.webp 768w, https:\/\/ecodry.ch\/wp-content\/uploads\/2023\/08\/ecodry_425_all_colors_2_1500x1000.webp 1500w\" sizes=\"auto, (max-width: 800px) 100vw, 800px\" \/>\t\t\t\t\t\t\t\t\t\t\t\t\t\t\t<\/p>\n<ul>\n<li>\n\t\t\t\t\t\t\t\t\t\tAvailable in three colors\n\t\t\t\t\t\t\t\t\t<\/li>\n<li>\n\t\t\t\t\t\t\t\t\t\tWith handles and sturdy rollers\n\t\t\t\t\t\t\t\t\t<\/li>\n<li>\n\t\t\t\t\t\t\t\t\t\tExtra-rugged metal housing\n\t\t\t\t\t\t\t\t\t<\/li>\n<li>\n\t\t\t\t\t\t\t\t\t\tSimple operation\n\t\t\t\t\t\t\t\t\t<\/li>\n<\/ul>\n<p>\t\t\t\t\t\t\t\t\t\t\t\t\t\t\t<img decoding=\"async\" width=\"1500\" height=\"1000\" src=\"https:\/\/ecodry.ch\/wp-content\/uploads\/2023\/08\/ecodry-425_lifestyle_keller_top-angle_1500x1000.webp\" alt=\"ecodry 425 in a modern cellar\" loading=\"lazy\" srcset=\"https:\/\/ecodry.ch\/wp-content\/uploads\/2023\/08\/ecodry-425_lifestyle_keller_top-angle_1500x1000.webp 1500w, https:\/\/ecodry.ch\/wp-content\/uploads\/2023\/08\/ecodry-425_lifestyle_keller_top-angle_1500x1000-300x200.webp 300w, https:\/\/ecodry.ch\/wp-content\/uploads\/2023\/08\/ecodry-425_lifestyle_keller_top-angle_1500x1000-1024x683.webp 1024w, https:\/\/ecodry.ch\/wp-content\/uploads\/2023\/08\/ecodry-425_lifestyle_keller_top-angle_1500x1000-768x512.webp 768w\" sizes=\"auto, (max-width: 1500px) 100vw, 1500px\" \/><br \/>\n\t\t\t\t\t\tTechnical data downloads<br \/>\n\t\t\t\t\t\tTechnical data<\/p>\n<table>\n<thead>\n<tr>\n<th>ecodry 425<\/th>\n<th>\u00a0<\/th>\n<\/tr>\n<\/thead>\n<tbody>\n<tr>\n<td>Dehumidification capacity<\/td>\n<td>21.8 liters in 24 h at 30 \u00b0C and 80% relative humidity<\/td>\n<\/tr>\n<tr>\n<td>Max. Room size<\/td>\n<td>100 m\u00b2 \/ 250 m\u00b3<\/td>\n<\/tr>\n<tr>\n<td>Color<\/td>\n<td>Original Green, Limited White, Limited Anthracite<\/td>\n<\/tr>\n<tr>\n<td>Power consumption<\/td>\n<td>250 W at 27 \u00b0C and 60% r. F.<br \/>281 W at 30 \u00b0C and 80% r. F.<\/td>\n<\/tr>\n<tr>\n<td>Air circulation<\/td>\n<td>200 m\u00b3 \/ h<\/td>\n<\/tr>\n<tr>\n<td>Operating noise<\/td>\n<td>50 dB(A)<\/td>\n<\/tr>\n<tr>\n<td>Water tank<\/td>\n<td>6 liters<\/td>\n<\/tr>\n<tr>\n<td>Refrigerant<\/td>\n<td>R290<\/td>\n<\/tr>\n<tr>\n<td>Ambient temperature<\/td>\n<td>5 - 35 \u00b0C<\/td>\n<\/tr>\n<tr>\n<td>Protection class<\/td>\n<td>IPX1 (protection against vertically falling dripping water)<\/td>\n<\/tr>\n<tr>\n<td>Mass H x W x D<\/td>\n<td>535 x 400 x 340 mm<\/td>\n<\/tr>\n<tr>\n<td>Weight<\/td>\n<td>17.4 kg<\/td>\n<\/tr>\n<tr>\n<td>Warranty<\/td>\n<td>3 years<\/td>\n<\/tr>\n<\/tbody>\n<\/table>\n<p>\t\t\t\tDownloads<\/p>\n<ul>\n<li>\n\t\t\t\t\t\t\t\t\t\t\t<a href=\"\/wp-content\/uploads\/2023\/08\/ecodry_425_manual_DE_FR_IT_EN.pdf\"><br \/>\n\t\t\t\t\t\t\t\t\t\tInstruction<br \/>\n\t\t\t\t\t\t\t\t\t\t\t<\/a>\n\t\t\t\t\t\t\t\t\t<\/li>\n<\/ul>\n<ul>\n<li>\n\t\t\t\t\t\t\t\t\t\t\t<a href=\"\/wp-content\/uploads\/2023\/08\/ecodry_425_manual_DE_FR_IT_EN.pdf\"><br \/>\n\t\t\t\t\t\t\t\t\t\tInstruction<br \/>\n\t\t\t\t\t\t\t\t\t\t\t<\/a>\n\t\t\t\t\t\t\t\t\t<\/li>\n<\/ul>\n<table>\n<thead>\n<tr>\n<th>ecodry 425<\/th>\n<th>\u00a0<\/th>\n<\/tr>\n<\/thead>\n<tbody>\n<tr>\n<td>Dehumidification capacity<\/td>\n<td>21.8 liters in 24 h at 30 \u00b0C and 80% relative humidity<\/td>\n<\/tr>\n<tr>\n<td>Max. Room size<\/td>\n<td>100 m\u00b2 \/ 250 m\u00b3<\/td>\n<\/tr>\n<tr>\n<td>Color<\/td>\n<td>Original Green, Limited White, Limited Anthracite<\/td>\n<\/tr>\n<tr>\n<td>Power consumption<\/td>\n<td>250 W at 27 \u00b0C and 60% r. F.<br \/>281 W at 30 \u00b0C and 80% r. F.<\/td>\n<\/tr>\n<tr>\n<td>Air circulation<\/td>\n<td>200 m\u00b3 \/ h<\/td>\n<\/tr>\n<tr>\n<td>Operating noise<\/td>\n<td>50 dB(A)<\/td>\n<\/tr>\n<tr>\n<td>Water tank<\/td>\n<td>6 liters<\/td>\n<\/tr>\n<tr>\n<td>Refrigerant<\/td>\n<td>R290<\/td>\n<\/tr>\n<tr>\n<td>Ambient temperature<\/td>\n<td>5 - 35 \u00b0C<\/td>\n<\/tr>\n<tr>\n<td>Protection class<\/td>\n<td>IPX1 (protection against vertically falling dripping water)<\/td>\n<\/tr>\n<tr>\n<td>Mass H x W x D<\/td>\n<td>535 x 400 x 340 mm<\/td>\n<\/tr>\n<tr>\n<td>Weight<\/td>\n<td>17.4 kg<\/td>\n<\/tr>\n<tr>\n<td>Warranty<\/td>\n<td>3 years<\/td>\n<\/tr>\n<\/tbody>\n<\/table>\n<ul>\n<li>\n\t\t\t\t\t\t\t\t\t\t\t<a href=\"\/wp-content\/uploads\/2023\/08\/ecodry_425_manual_DE_FR_IT_EN.pdf\"><br \/>\n\t\t\t\t\t\t\t\t\t\tInstruction<br \/>\n\t\t\t\t\t\t\t\t\t\t\t<\/a>\n\t\t\t\t\t\t\t\t\t<\/li>\n<\/ul>\n<ul>\n<li>\n\t\t\t\t\t\t\t\t\t\t\t<a href=\"\/wp-content\/uploads\/2023\/08\/ecodry_425_manual_DE_FR_IT_EN.pdf\"><br \/>\n\t\t\t\t\t\t\t\t\t\tInstruction<br \/>\n\t\t\t\t\t\t\t\t\t\t\t<\/a>\n\t\t\t\t\t\t\t\t\t<\/li>\n<\/ul>\n<p>\t\t\t<a href=\"https:\/\/ecofort.ch\/de\/luftentfeuchter\/311-ecodry-425.html\" target=\"_blank\" rel=\"noopener\"><br \/>\n\t\t\t\t\t\tMore information in the store<br \/>\n\t\t\t\t\t<\/a><br \/>\n\t\t\t<a href=\"https:\/\/ecofort.ch\/de\/luftentfeuchter\/311-ecodry-425.html\" target=\"_blank\" rel=\"noopener\"><br \/>\n\t\t\t\t\t\tMore information in the store<br \/>\n\t\t\t\t\t<\/a><\/p>","protected":false},"excerpt":{"rendered":"<p>ecodry 425 Luftentfeuchter ecodry 425\u00a0ist der garantiert zuverl\u00e4ssige und effiziente\u00a0Luftentfeuchter f\u00fcr feuchte Keller,\u00a0Garagen,\u00a0Lager\u00a0und\u00a0Archive. Ideal f\u00fcr zum Schutz des Inventars vor Feuchtigkeitssch\u00e4den, sowie zur Pr\u00e4vention von Muffgeruch, Schimmelpilz und Rost. Der\u00a0ecodry 425\u00a0\u00fcberzeugt neben der\u00a0top Energieeffizienz\u00a0durch die\u00a0kompakte Gr\u00f6sse,\u00a0leichtes Gewicht, der Mobilit\u00e4t\u00a0und dem\u00a0leisen Betriebsger\u00e4usch. Der Einsatz von Qualit\u00e4tskomponenten, sowie die hochwertige Verarbeitung und der Einsatz der neuesten Technologie [&hellip;]<\/p>\n","protected":false},"author":4,"featured_media":2914,"parent":0,"menu_order":0,"comment_status":"closed","ping_status":"closed","template":"","meta":{"inline_featured_image":false,"footnotes":""},"class_list":["post-2913","page","type-page","status-publish","has-post-thumbnail","hentry"],"_links":{"self":[{"href":"https:\/\/ecodry.ch\/en\/wp-json\/wp\/v2\/pages\/2913","targetHints":{"allow":["GET"]}}],"collection":[{"href":"https:\/\/ecodry.ch\/en\/wp-json\/wp\/v2\/pages"}],"about":[{"href":"https:\/\/ecodry.ch\/en\/wp-json\/wp\/v2\/types\/page"}],"author":[{"embeddable":true,"href":"https:\/\/ecodry.ch\/en\/wp-json\/wp\/v2\/users\/4"}],"replies":[{"embeddable":true,"href":"https:\/\/ecodry.ch\/en\/wp-json\/wp\/v2\/comments?post=2913"}],"version-history":[{"count":23,"href":"https:\/\/ecodry.ch\/en\/wp-json\/wp\/v2\/pages\/2913\/revisions"}],"predecessor-version":[{"id":3250,"href":"https:\/\/ecodry.ch\/en\/wp-json\/wp\/v2\/pages\/2913\/revisions\/3250"}],"wp:featuredmedia":[{"embeddable":true,"href":"https:\/\/ecodry.ch\/en\/wp-json\/wp\/v2\/media\/2914"}],"wp:attachment":[{"href":"https:\/\/ecodry.ch\/en\/wp-json\/wp\/v2\/media?parent=2913"}],"curies":[{"name":"wp","href":"https:\/\/api.w.org\/{rel}","templated":true}]}}