{"id":2838,"date":"2023-08-14T09:26:25","date_gmt":"2023-08-14T08:26:25","guid":{"rendered":"https:\/\/staging.ecodry.ch\/?page_id=2838"},"modified":"2024-01-19T16:29:21","modified_gmt":"2024-01-19T15:29:21","slug":"ecodry-luftentfeuchter","status":"publish","type":"page","link":"https:\/\/ecodry.ch\/en\/","title":{"rendered":"ecodry dehumidifier"},"content":{"rendered":"<h1>ecodry Dehumidifiers<\/h1>\n<h2>Cellar dehumidifiers, tumble dryers &amp; construction dryers<\/h2>\n<h2>Strong, efficient &amp; durable<\/h2>\n<p><em>ecodry<\/em> embodies the perfect symbiosis of luxury, performance and sustainability. That's why the ecodry slogan is:<br \/>\"Highest quality for highest demands\".<\/p>\n<p><em>ecodry dehumidifier<\/em> stands for outstanding performance and low energy consumption and thus for high efficiency.<\/p>\n<p>\t\t\t\t\t\t\t\t\t\t\t\t\t\t\t<img loading=\"lazy\" decoding=\"async\" width=\"1500\" height=\"1000\" src=\"https:\/\/ecodry.ch\/wp-content\/uploads\/2023\/08\/ecodry-425_lifestyle_keller_1500x1000.webp\" alt=\"ecodry 425 dehumidifier in a cellar\" srcset=\"https:\/\/ecodry.ch\/wp-content\/uploads\/2023\/08\/ecodry-425_lifestyle_keller_1500x1000.webp 1500w, https:\/\/ecodry.ch\/wp-content\/uploads\/2023\/08\/ecodry-425_lifestyle_keller_1500x1000-300x200.webp 300w, https:\/\/ecodry.ch\/wp-content\/uploads\/2023\/08\/ecodry-425_lifestyle_keller_1500x1000-1024x683.webp 1024w, https:\/\/ecodry.ch\/wp-content\/uploads\/2023\/08\/ecodry-425_lifestyle_keller_1500x1000-768x512.webp 768w\" sizes=\"auto, (max-width: 1500px) 100vw, 1500px\" \/>\t\t\t\t\t\t\t\t\t\t\t\t\t\t\t<\/p>\n<p style=\"text-align: left;\">All\u00a0<strong><em>ecodry<\/em>\u00a0Dehumidifiers exceed the minimum requirement for the best energy efficiency class A by at least 45%<\/strong>, so very economical and efficient operation is guaranteed.<\/p>\n<p style=\"text-align: left;\" class=\"translation-block\">At the same time, the <em>ecodry<\/em> dehumidifiers provide strong dehumidification performance in continuous operation, laundry drying and construction drying.<\/p>\n<p>\t\t\t\t\t\t\t\t\t\t\t\t\t\t\t<img loading=\"lazy\" decoding=\"async\" width=\"800\" height=\"800\" src=\"https:\/\/ecodry.ch\/wp-content\/uploads\/2023\/08\/ecodry_energy_efficiency-1024x1024.jpg\" alt=\"\" srcset=\"https:\/\/ecodry.ch\/wp-content\/uploads\/2023\/08\/ecodry_energy_efficiency-1024x1024.jpg 1024w, https:\/\/ecodry.ch\/wp-content\/uploads\/2023\/08\/ecodry_energy_efficiency-300x300.jpg 300w, https:\/\/ecodry.ch\/wp-content\/uploads\/2023\/08\/ecodry_energy_efficiency-150x150.jpg 150w, https:\/\/ecodry.ch\/wp-content\/uploads\/2023\/08\/ecodry_energy_efficiency-768x768.jpg 768w, https:\/\/ecodry.ch\/wp-content\/uploads\/2023\/08\/ecodry_energy_efficiency.jpg 1500w\" sizes=\"auto, (max-width: 800px) 100vw, 800px\" \/>\t\t\t\t\t\t\t\t\t\t\t\t\t\t\t<\/p>\n<h2>Dehumidifiers<\/h2>\n<h2>Dehumidifiers<\/h2>\n<h4>Basement dehumidifier<\/h4>\n<figure>\n\t\t\t\t\t\t\t\t\t\t\t<a href=\"https:\/\/ecodry.ch\/en\/ecodry-425-dehumidifier\/\"><br \/>\n\t\t\t\t\t\t\t<img loading=\"lazy\" decoding=\"async\" width=\"300\" height=\"300\" src=\"https:\/\/ecodry.ch\/wp-content\/uploads\/2023\/08\/ecodry-425-300x300.jpg\" alt=\"ecodry 425, ideal for combating mold in the basement\" srcset=\"https:\/\/ecodry.ch\/wp-content\/uploads\/2023\/08\/ecodry-425-300x300.jpg 300w, https:\/\/ecodry.ch\/wp-content\/uploads\/2023\/08\/ecodry-425-150x150.jpg 150w, https:\/\/ecodry.ch\/wp-content\/uploads\/2023\/08\/ecodry-425-768x768.jpg 768w, https:\/\/ecodry.ch\/wp-content\/uploads\/2023\/08\/ecodry-425.jpg 800w\" sizes=\"auto, (max-width: 300px) 100vw, 300px\" \/>\t\t\t\t\t\t\t\t<\/a><figcaption>425<\/figcaption><\/figure>\n<figure>\n\t\t\t\t\t\t\t\t\t\t\t<a href=\"https:\/\/ecodry.ch\/en\/ecodry-cavemaster-dehumidifier\/\"><br \/>\n\t\t\t\t\t\t\t<img loading=\"lazy\" decoding=\"async\" width=\"300\" height=\"300\" src=\"https:\/\/ecodry.ch\/wp-content\/uploads\/2023\/08\/ecodry_cavemaster_granite-grey_front_1500x1500-300x300.webp\" alt=\"ecodry CaveMaster dehumidifier\" srcset=\"https:\/\/ecodry.ch\/wp-content\/uploads\/2023\/08\/ecodry_cavemaster_granite-grey_front_1500x1500-300x300.webp 300w, https:\/\/ecodry.ch\/wp-content\/uploads\/2023\/08\/ecodry_cavemaster_granite-grey_front_1500x1500-1024x1024.webp 1024w, https:\/\/ecodry.ch\/wp-content\/uploads\/2023\/08\/ecodry_cavemaster_granite-grey_front_1500x1500-150x150.webp 150w, https:\/\/ecodry.ch\/wp-content\/uploads\/2023\/08\/ecodry_cavemaster_granite-grey_front_1500x1500-768x768.webp 768w, https:\/\/ecodry.ch\/wp-content\/uploads\/2023\/08\/ecodry_cavemaster_granite-grey_front_1500x1500.webp 1500w\" sizes=\"auto, (max-width: 300px) 100vw, 300px\" \/>\t\t\t\t\t\t\t\t<\/a><figcaption>CaveMaster<\/figcaption><\/figure>\n<h4>Tumble dryer<\/h4>\n<figure>\n\t\t\t\t\t\t\t\t\t\t\t<a href=\"https:\/\/ecodry.ch\/en\/ecodry-neptun-washer-dryer\/\"><br \/>\n\t\t\t\t\t\t\t<img loading=\"lazy\" decoding=\"async\" width=\"300\" height=\"300\" src=\"https:\/\/ecodry.ch\/wp-content\/uploads\/2023\/08\/ecodry_neptun_angle_1500x1500-300x300.webp\" alt=\"ecodry Neptune dehumidifier and clothes dryer\" srcset=\"https:\/\/ecodry.ch\/wp-content\/uploads\/2023\/08\/ecodry_neptun_angle_1500x1500-300x300.webp 300w, https:\/\/ecodry.ch\/wp-content\/uploads\/2023\/08\/ecodry_neptun_angle_1500x1500-1024x1024.webp 1024w, https:\/\/ecodry.ch\/wp-content\/uploads\/2023\/08\/ecodry_neptun_angle_1500x1500-150x150.webp 150w, https:\/\/ecodry.ch\/wp-content\/uploads\/2023\/08\/ecodry_neptun_angle_1500x1500-768x769.webp 768w, https:\/\/ecodry.ch\/wp-content\/uploads\/2023\/08\/ecodry_neptun_angle_1500x1500.webp 1500w\" sizes=\"auto, (max-width: 300px) 100vw, 300px\" \/>\t\t\t\t\t\t\t\t<\/a><figcaption>Neptun<\/figcaption><\/figure>\n<figure>\n\t\t\t\t\t\t\t\t\t\t\t<a href=\"https:\/\/ecodry.ch\/en\/ecodry-625-dehumidifier\/\"><br \/>\n\t\t\t\t\t\t\t<img loading=\"lazy\" decoding=\"async\" width=\"300\" height=\"294\" src=\"https:\/\/ecodry.ch\/wp-content\/uploads\/2023\/08\/ecodry-625_814x798-300x294.webp\" alt=\"ecodry 625 dehumidifier &amp; tumble dryer\" srcset=\"https:\/\/ecodry.ch\/wp-content\/uploads\/2023\/08\/ecodry-625_814x798-300x294.webp 300w, https:\/\/ecodry.ch\/wp-content\/uploads\/2023\/08\/ecodry-625_814x798-768x753.webp 768w, https:\/\/ecodry.ch\/wp-content\/uploads\/2023\/08\/ecodry-625_814x798.webp 814w\" sizes=\"auto, (max-width: 300px) 100vw, 300px\" \/>\t\t\t\t\t\t\t\t<\/a><figcaption>625<\/figcaption><\/figure>\n<figure>\n\t\t\t\t\t\t\t\t\t\t\t<a href=\"https:\/\/ecodry.ch\/en\/ecodry-925-room-air-washer-dryer\/\"><br \/>\n\t\t\t\t\t\t\t<img loading=\"lazy\" decoding=\"async\" width=\"300\" height=\"300\" src=\"https:\/\/ecodry.ch\/wp-content\/uploads\/2023\/08\/ecodry-925-mobiler-waschetrockner_1-300x300.jpg\" alt=\"ecodry 925 room air tumble dryer\" srcset=\"https:\/\/ecodry.ch\/wp-content\/uploads\/2023\/08\/ecodry-925-mobiler-waschetrockner_1-300x300.jpg 300w, https:\/\/ecodry.ch\/wp-content\/uploads\/2023\/08\/ecodry-925-mobiler-waschetrockner_1-150x150.jpg 150w, https:\/\/ecodry.ch\/wp-content\/uploads\/2023\/08\/ecodry-925-mobiler-waschetrockner_1-768x768.jpg 768w, https:\/\/ecodry.ch\/wp-content\/uploads\/2023\/08\/ecodry-925-mobiler-waschetrockner_1.jpg 800w\" sizes=\"auto, (max-width: 300px) 100vw, 300px\" \/>\t\t\t\t\t\t\t\t<\/a><figcaption>925<\/figcaption><\/figure>\n<h4>Building dryer<\/h4>\n<figure>\n\t\t\t\t\t\t\t\t\t\t\t<a href=\"https:\/\/ecodry.ch\/en\/ecodry-pro-construction-dryer\/\"><br \/>\n\t\t\t\t\t\t\t<img loading=\"lazy\" decoding=\"async\" width=\"300\" height=\"300\" src=\"https:\/\/ecodry.ch\/wp-content\/uploads\/2023\/08\/ecodry_pro_55c_angle_1500x1500-300x300.webp\" alt=\"ecodry Pro 55C Building Dryer\" srcset=\"https:\/\/ecodry.ch\/wp-content\/uploads\/2023\/08\/ecodry_pro_55c_angle_1500x1500-300x300.webp 300w, https:\/\/ecodry.ch\/wp-content\/uploads\/2023\/08\/ecodry_pro_55c_angle_1500x1500-1024x1024.webp 1024w, https:\/\/ecodry.ch\/wp-content\/uploads\/2023\/08\/ecodry_pro_55c_angle_1500x1500-150x150.webp 150w, https:\/\/ecodry.ch\/wp-content\/uploads\/2023\/08\/ecodry_pro_55c_angle_1500x1500-768x768.webp 768w, https:\/\/ecodry.ch\/wp-content\/uploads\/2023\/08\/ecodry_pro_55c_angle_1500x1500.webp 1500w\" sizes=\"auto, (max-width: 300px) 100vw, 300px\" \/>\t\t\t\t\t\t\t\t<\/a><figcaption>Pro<\/figcaption><\/figure>\n<p>\t\t\t\t\t\t\t\t\t\t\t\t\t\t\t<img loading=\"lazy\" decoding=\"async\" width=\"1500\" height=\"1000\" src=\"https:\/\/ecodry.ch\/wp-content\/uploads\/2023\/08\/ecodry_cavemaster_lifestyle_fam_1500x1000-1.webp\" alt=\"ecodry CaveMaster dehumidifier in three colors\" srcset=\"https:\/\/ecodry.ch\/wp-content\/uploads\/2023\/08\/ecodry_cavemaster_lifestyle_fam_1500x1000-1.webp 1500w, https:\/\/ecodry.ch\/wp-content\/uploads\/2023\/08\/ecodry_cavemaster_lifestyle_fam_1500x1000-1-300x200.webp 300w, https:\/\/ecodry.ch\/wp-content\/uploads\/2023\/08\/ecodry_cavemaster_lifestyle_fam_1500x1000-1-1024x683.webp 1024w, https:\/\/ecodry.ch\/wp-content\/uploads\/2023\/08\/ecodry_cavemaster_lifestyle_fam_1500x1000-1-768x512.webp 768w\" sizes=\"auto, (max-width: 1500px) 100vw, 1500px\" \/>\t\t\t\t\t\t\t\t\t\t\t\t\t\t\t<\/p>\n<h2>Accessories<\/h2>\n<h4><a href=\"https:\/\/ecodry.ch\/en\/ecodry-dsh-socket-hygrostat\/\">Hygrostat<\/a><\/h4>\n<figure>\n\t\t\t\t\t\t\t\t\t\t\t<a href=\"https:\/\/ecodry.ch\/en\/ecodry-dsh-socket-hygrostat\/\"><br \/>\n\t\t\t\t\t\t\t<img loading=\"lazy\" decoding=\"async\" width=\"698\" height=\"698\" src=\"https:\/\/ecodry.ch\/wp-content\/uploads\/2023\/08\/ecodry-dsh-front-1_698x698.webp\" alt=\"ecodry DSH hygrostat for the wall socket\" srcset=\"https:\/\/ecodry.ch\/wp-content\/uploads\/2023\/08\/ecodry-dsh-front-1_698x698.webp 698w, https:\/\/ecodry.ch\/wp-content\/uploads\/2023\/08\/ecodry-dsh-front-1_698x698-300x300.webp 300w, https:\/\/ecodry.ch\/wp-content\/uploads\/2023\/08\/ecodry-dsh-front-1_698x698-150x150.webp 150w\" sizes=\"auto, (max-width: 698px) 100vw, 698px\" \/>\t\t\t\t\t\t\t\t<\/a><figcaption>External humidity monitoring<\/figcaption><\/figure>\n<h4><a href=\"https:\/\/ecofort.ch\/de\/766-wasserschlauche\" target=\"_blank\" rel=\"noopener\">Water hoses<\/a><\/h4>\n<figure>\n\t\t\t\t\t\t\t\t\t\t\t<a href=\"https:\/\/ecofort.ch\/de\/766-wasserschlauche\" target=\"_blank\" rel=\"noopener\"><br \/>\n\t\t\t\t\t\t\t<img loading=\"lazy\" decoding=\"async\" width=\"800\" height=\"800\" src=\"https:\/\/ecodry.ch\/wp-content\/uploads\/2023\/08\/pvc-kondenswasserschlauch-10mm_white-bg_72dpi_800x800.jpg\" alt=\"\" srcset=\"https:\/\/ecodry.ch\/wp-content\/uploads\/2023\/08\/pvc-kondenswasserschlauch-10mm_white-bg_72dpi_800x800.jpg 800w, https:\/\/ecodry.ch\/wp-content\/uploads\/2023\/08\/pvc-kondenswasserschlauch-10mm_white-bg_72dpi_800x800-300x300.jpg 300w, https:\/\/ecodry.ch\/wp-content\/uploads\/2023\/08\/pvc-kondenswasserschlauch-10mm_white-bg_72dpi_800x800-150x150.jpg 150w, https:\/\/ecodry.ch\/wp-content\/uploads\/2023\/08\/pvc-kondenswasserschlauch-10mm_white-bg_72dpi_800x800-768x768.jpg 768w\" sizes=\"auto, (max-width: 800px) 100vw, 800px\" \/>\t\t\t\t\t\t\t\t<\/a><figcaption>Permanent discharge<\/figcaption><\/figure>\n<h4><a href=\"https:\/\/ecodry.ch\/en\/ecodry-cavemaster-pump\/\">Water pump<\/a><\/h4>\n<figure>\n\t\t\t\t\t\t\t\t\t\t\t<a href=\"https:\/\/ecodry.ch\/en\/ecodry-cavemaster-pump\/\"><br \/>\n\t\t\t\t\t\t\t<img loading=\"lazy\" decoding=\"async\" width=\"800\" height=\"800\" src=\"https:\/\/ecodry.ch\/wp-content\/uploads\/2023\/08\/ecodry_cavemaster_pump_side_angle_right_1500x1500-1024x1024.webp\" alt=\"ecodry CaveMaster pump\" srcset=\"https:\/\/ecodry.ch\/wp-content\/uploads\/2023\/08\/ecodry_cavemaster_pump_side_angle_right_1500x1500-1024x1024.webp 1024w, https:\/\/ecodry.ch\/wp-content\/uploads\/2023\/08\/ecodry_cavemaster_pump_side_angle_right_1500x1500-300x300.webp 300w, https:\/\/ecodry.ch\/wp-content\/uploads\/2023\/08\/ecodry_cavemaster_pump_side_angle_right_1500x1500-150x150.webp 150w, https:\/\/ecodry.ch\/wp-content\/uploads\/2023\/08\/ecodry_cavemaster_pump_side_angle_right_1500x1500-768x768.webp 768w, https:\/\/ecodry.ch\/wp-content\/uploads\/2023\/08\/ecodry_cavemaster_pump_side_angle_right_1500x1500.webp 1500w\" sizes=\"auto, (max-width: 800px) 100vw, 800px\" \/>\t\t\t\t\t\t\t\t<\/a><figcaption>Only for CaveMaster<\/figcaption><\/figure>\n<h4><a href=\"https:\/\/ecofort.ch\/de\/796-wandhalterungen\" target=\"_blank\" rel=\"noopener\">Wall mounts<\/a><\/h4>\n<figure>\n\t\t\t\t\t\t\t\t\t\t\t<a href=\"https:\/\/ecofort.ch\/de\/796-wandhalterungen\" target=\"_blank\" rel=\"noopener\"><br \/>\n\t\t\t\t\t\t\t<img loading=\"lazy\" decoding=\"async\" width=\"800\" height=\"800\" src=\"https:\/\/ecodry.ch\/wp-content\/uploads\/2023\/08\/ecodry-625-wandhalterung.jpg\" alt=\"\" srcset=\"https:\/\/ecodry.ch\/wp-content\/uploads\/2023\/08\/ecodry-625-wandhalterung.jpg 800w, https:\/\/ecodry.ch\/wp-content\/uploads\/2023\/08\/ecodry-625-wandhalterung-300x300.jpg 300w, https:\/\/ecodry.ch\/wp-content\/uploads\/2023\/08\/ecodry-625-wandhalterung-150x150.jpg 150w, https:\/\/ecodry.ch\/wp-content\/uploads\/2023\/08\/ecodry-625-wandhalterung-768x768.jpg 768w\" sizes=\"auto, (max-width: 800px) 100vw, 800px\" \/>\t\t\t\t\t\t\t\t<\/a><figcaption>Space-saving<\/figcaption><\/figure>\n<p>\t\t\t\t\t\t\t<img data-src=\"https:\/\/ecodry.ch\/wp-content\/uploads\/2023\/08\/placeholder-9.png\" alt=\"ecodry Neptun\"><br \/>\n\t\t\t\t\t\t\t\t\t\t<cite>ecodry Neptun<i>\u2605<\/i><i>\u2605<\/i><i>\u2605<\/i><i>\u2605<\/i><i>\u2605<\/i>11.12.2023<\/cite>\t\t\t\t\tRead More<br \/>\n\t\t\t\t\t\tOur Ecofort Neptun is in our garage and works perfectly. Simple and uncomplicated operation.<br \/>\n\t\t\t\t\t\t\t<img data-src=\"https:\/\/ecodry.ch\/wp-content\/uploads\/2023\/08\/placeholder-9.png\" alt=\"ecodry Neptun\"><br \/>\n\t\t\t\t\t\t\t\t\t\t<cite>ecodry Neptun<i>\u2605<\/i><i>\u2605<\/i><i>\u2605<\/i><i>\u2605<\/i><i>\u2605<\/i>5.12.2023<\/cite>\t\t\t\t\tRead More<br \/>\n\t\t\t\t\t\tDoes what it promises (performance). Clear design and good workmanship<br \/>\n\t\t\t\t\t\t\t<img data-src=\"https:\/\/ecodry.ch\/wp-content\/uploads\/2023\/08\/placeholder-9.png\" alt=\"ecodry DSH\"><br \/>\n\t\t\t\t\t\t\t\t\t\t<cite>ecodry DSH<i>\u2605<\/i><i>\u2605<\/i><i>\u2605<\/i><i>\u2605<\/i><i>\u2605<\/i>8.10.2023<\/cite>\t\t\t\t\tRead More<br \/>\n\t\t\t\t\t\tEasy to use, the device is very efficient. The rollers make mobile use very easy.<br \/>\n\t\t\t\t\t\t\t<img data-src=\"https:\/\/ecodry.ch\/wp-content\/uploads\/2023\/08\/placeholder-9.png\" alt=\"ecodry Neptun\"><br \/>\n\t\t\t\t\t\t\t\t\t\t<cite>ecodry Neptun<i>\u2605<\/i><i>\u2605<\/i><i>\u2605<\/i><i>\u2605<\/i><i>\u2605<\/i>29.9.2023<\/cite>\t\t\t\t\tRead More<br \/>\n\t\t\t\t\t\tStands in the laundry room and dries laundry efficiently.<br \/>\n\t\t\t\t\t\t\t<img data-src=\"https:\/\/ecodry.ch\/wp-content\/uploads\/2023\/08\/placeholder-9.png\" alt=\"ecodry 425\"><br \/>\n\t\t\t\t\t\t\t\t\t\t<cite>ecodry 425<i>\u2605<\/i><i>\u2605<\/i><i>\u2605<\/i><i>\u2605<\/i><i>\u2605<\/i>24.7.2023<\/cite>\t\t\t\t\tRead More<br \/>\n\t\t\t\t\t\tProduct is louder than my other competitor product. Therefore, one star deduction. But the performance, operation and quality is top! Ideal for basements, garages, laundry rooms. Clear recommendation!<br \/>\n\t\t\t\t\t\t\t<img data-src=\"https:\/\/ecodry.ch\/wp-content\/uploads\/2023\/08\/placeholder-3.png\" alt=\"ecodry 625\"><br \/>\n\t\t\t\t\t\t\t\t\t\t<cite>ecodry 625<i>\u2605<\/i><i>\u2605<\/i><i>\u2605<\/i><i>\u2605<\/i><i>\u2605<\/i>1.7.2023<\/cite>\t\t\t\t\tRead More<br \/>\n\t\t\t\t\t\tEasy to use, the device is very efficient. The rollers make mobile use very easy.<br \/>\n\t\t\t\t\t\t\t<img data-src=\"https:\/\/ecodry.ch\/wp-content\/uploads\/2023\/08\/placeholder.png\" alt=\"ecodry 425\"><br \/>\n\t\t\t\t\t\t\t\t\t\t<cite>ecodry 425<i>\u2605<\/i><i>\u2605<\/i><i>\u2605<\/i><i>\u2605<\/i><i>\u2605<\/i>31.5.2023<\/cite>\t\t\t\t\tRead More<br \/>\n\t\t\t\t\t\tWorks flawlessly, as it should!<br \/>\n\t\t\t\t\t\t\t<img data-src=\"https:\/\/ecodry.ch\/wp-content\/uploads\/2023\/08\/placeholder-1.png\" alt=\"ecodry 425\"><br \/>\n\t\t\t\t\t\t\t\t\t\t<cite>ecodry 425<i>\u2605<\/i><i>\u2605<\/i><i>\u2605<\/i><i>\u2605<\/i><i>\u2605<\/i>4.1.2023<\/cite>\t\t\t\t\tRead More<br \/>\n\t\t\t\t\t\tVery good<br \/>\n\t\t\t\t\t\t\t<img data-src=\"https:\/\/ecodry.ch\/wp-content\/uploads\/2023\/08\/placeholder-2.png\" alt=\"ecodry 425\"><br \/>\n\t\t\t\t\t\t\t\t\t\t<cite>ecodry 425<i>\u2605<\/i><i>\u2605<\/i><i>\u2605<\/i><i>\u2605<\/i><i>\u2605<\/i>29.12.2022<\/cite>\t\t\t\t\tRead More<br \/>\n\t\t\t\t\t\t???????? top<br \/>\n\t\t\t\t\t\t\t<img data-src=\"https:\/\/ecodry.ch\/wp-content\/plugins\/elementor\/assets\/images\/placeholder.png\" alt=\"ecodry DSH\"><br \/>\n\t\t\t\t\t\t\t\t\t\t<cite>ecodry DSH<i>\u2605<\/i><i>\u2605<\/i><i>\u2605<\/i><i>\u2605<\/i><i>\u2605<\/i>9.5.2022<\/cite>\t\t\t\t\tRead More<br \/>\n\t\t\t\t\t\tVery practical device<br \/>\n\t\t\t\t\t\t\t<img data-src=\"https:\/\/ecodry.ch\/wp-content\/plugins\/elementor\/assets\/images\/placeholder.png\" alt=\"ecodry 6256\"><br \/>\n\t\t\t\t\t\t\t\t\t\t<cite>ecodry 6256<i>\u2605<\/i><i>\u2605<\/i><i>\u2605<\/i><i>\u2605<\/i><i>\u2605<\/i>Markus W., 18.2.2021<\/cite>\t\t\t\t\tRead More<br \/>\n\t\t\t\t\t\thandy, mobile, and noted in operation, extremely fast in drying clothes<br \/>\n\t\t\t\t\t\t\t<img data-src=\"https:\/\/ecodry.ch\/wp-content\/uploads\/2023\/08\/placeholder-5.png\" alt=\"ecodry 625\"><br \/>\n\t\t\t\t\t\t\t\t\t\t<cite>ecodry 625<i>\u2605<\/i><i>\u2605<\/i><i>\u2605<\/i><i>\u2605<\/i><i>\u2605<\/i>20.12.2020<\/cite>\t\t\t\t\tRead More<br \/>\n\t\t\t\t\t\tThe ecodry 625 is very universal, very quiet and easy to adjust.<br \/>\n\t\t\t\t\t\t\t<img data-src=\"https:\/\/ecodry.ch\/wp-content\/uploads\/2023\/08\/placeholder-8.png\" alt=\"ecodry 625\"><br \/>\n\t\t\t\t\t\t\t\t\t\t<cite>ecodry 625<i>\u2605<\/i><i>\u2605<\/i><i>\u2605<\/i><i>\u2605<\/i><i>\u2605<\/i>Beat C., 09.11.2020<\/cite>\t\t\t\t\tRead More<br \/>\n\t\t\t\t\t\tEfficient, easy to use device. A hygrometer display would be very helpful (I will procure as a separate display).<br \/>\n\t\t\t\t\t\t\t<img data-src=\"https:\/\/ecodry.ch\/wp-content\/uploads\/2023\/08\/placeholder-6.png\" alt=\"ecodry 925\"><br \/>\n\t\t\t\t\t\t\t\t\t\t<cite>ecodry 925<i>\u2605<\/i><i>\u2605<\/i><i>\u2605<\/i><i>\u2605<\/i><i>\u2605<\/i>28.7.2020<\/cite>\t\t\t\t\tRead More<br \/>\n\t\t\t\t\t\tThree Ecodry925 now dehumidify the ancient masonry of our vacation home (cubature 1500 m3) with high reliability and efficiency, mold smell is gone. Anytime again!<br \/>\n\t\t\t\t\t\t\t<img data-src=\"https:\/\/ecodry.ch\/wp-content\/uploads\/2023\/08\/placeholder-7.png\" alt=\"ecodry 925\"><br \/>\n\t\t\t\t\t\t\t\t\t\t<cite>ecodry 925<i>\u2605<\/i><i>\u2605<\/i><i>\u2605<\/i><i>\u2605<\/i><i>\u2605<\/i>Thomas G., 7.3.2019<\/cite>\t\t\t\t\tRead More<br \/>\n\t\t\t\t\t\tProfessional device. Fulfills its purpose perfectly.<br \/>\n\t\t\t\t\t\t\t\t\t\t\t\t\t\tPrevious<br \/>\n\t\t\t\t\t\t\t\t\t\t\t\t\t\tNext<br \/>\n\t\t\t<a href=\"https:\/\/ecofort.ch\/de\/696-ecodry\" target=\"_blank\" rel=\"noopener\"><br \/>\n\t\t\t\t\t\tBUY<br \/>\n\t\t\t\t\t<\/a><br \/>\n\t\t\t\t\t\t\t\t\t\t\t\t\t\t\t\t<a href=\"https:\/\/ecofort.ch\/de\/696-ecodry\" target=\"_blank\" rel=\"noopener\"><br \/>\n\t\t\t\t\t\t\t<img loading=\"lazy\" decoding=\"async\" width=\"800\" height=\"534\" src=\"https:\/\/ecodry.ch\/wp-content\/uploads\/2023\/08\/ecodry_classic_line_family_keller_1500x1000-1024x683.webp\" alt=\"The ecodry Classic Line dehumidifier &amp; tumble dryer in a modern basement\" srcset=\"https:\/\/ecodry.ch\/wp-content\/uploads\/2023\/08\/ecodry_classic_line_family_keller_1500x1000-1024x683.webp 1024w, https:\/\/ecodry.ch\/wp-content\/uploads\/2023\/08\/ecodry_classic_line_family_keller_1500x1000-300x200.webp 300w, https:\/\/ecodry.ch\/wp-content\/uploads\/2023\/08\/ecodry_classic_line_family_keller_1500x1000-768x512.webp 768w, https:\/\/ecodry.ch\/wp-content\/uploads\/2023\/08\/ecodry_classic_line_family_keller_1500x1000.webp 1500w\" sizes=\"auto, (max-width: 800px) 100vw, 800px\" \/>\t\t\t\t\t\t\t\t<\/a><br \/>\n\t\t\t<a href=\"https:\/\/support.ecofort.ch\/de\/support\/solutions\/6000140717\" target=\"_blank\" rel=\"noopener\"><br \/>\n\t\t\t\t\t\tSUPPORT<br \/>\n\t\t\t\t\t<\/a><br \/>\n\t\t\t\t\t\t\t\t\t\t\t\t\t\t\t\t<a href=\"https:\/\/support.ecofort.ch\/de\/support\/solutions\/6000140717\" target=\"_blank\" rel=\"noopener\"><br \/>\n\t\t\t\t\t\t\t<img loading=\"lazy\" decoding=\"async\" width=\"800\" height=\"534\" src=\"https:\/\/ecodry.ch\/wp-content\/uploads\/2023\/08\/ecofort_beratung-kundendienst_ken_1_1500x1000-1024x683.webp\" alt=\"ecofort Customer Support\" srcset=\"https:\/\/ecodry.ch\/wp-content\/uploads\/2023\/08\/ecofort_beratung-kundendienst_ken_1_1500x1000-1024x683.webp 1024w, https:\/\/ecodry.ch\/wp-content\/uploads\/2023\/08\/ecofort_beratung-kundendienst_ken_1_1500x1000-300x200.webp 300w, https:\/\/ecodry.ch\/wp-content\/uploads\/2023\/08\/ecofort_beratung-kundendienst_ken_1_1500x1000-768x512.webp 768w, https:\/\/ecodry.ch\/wp-content\/uploads\/2023\/08\/ecofort_beratung-kundendienst_ken_1_1500x1000.webp 1500w\" sizes=\"auto, (max-width: 800px) 100vw, 800px\" \/>\t\t\t\t\t\t\t\t<\/a><\/p>","protected":false},"excerpt":{"rendered":"<p>ecodry Luft&shy;entfeuchter Kellerentfeuchter, W\u00e4schetrockner &#038; Bautrockner Stark, effizient &#038; langlebig ecodry verk\u00f6rpert die perfekte Symbiose aus Luxus, Leistung und Nachhaltigkeit. Deshalb lautet der ecodry-Slogan:&#171;H\u00f6chste Qualit\u00e4t f\u00fcr h\u00f6chste Anspr\u00fcche&#187;. ecodry Luftentfeuchter steht f\u00fcr herausragende Leistung und niedrigen Energieverbrauch und damit f\u00fcr hohe Effizienz. Alle\u00a0ecodry\u00a0Entfeuchter \u00fcbertreffen die Minimal\u00adanforderung f\u00fcr die beste Energie\u00adeffizienzklasse A um mindestens 45%, so [&hellip;]<\/p>\n","protected":false},"author":4,"featured_media":3120,"parent":0,"menu_order":0,"comment_status":"closed","ping_status":"closed","template":"elementor_header_footer","meta":{"inline_featured_image":false,"footnotes":""},"class_list":["post-2838","page","type-page","status-publish","has-post-thumbnail","hentry"],"_links":{"self":[{"href":"https:\/\/ecodry.ch\/en\/wp-json\/wp\/v2\/pages\/2838","targetHints":{"allow":["GET"]}}],"collection":[{"href":"https:\/\/ecodry.ch\/en\/wp-json\/wp\/v2\/pages"}],"about":[{"href":"https:\/\/ecodry.ch\/en\/wp-json\/wp\/v2\/types\/page"}],"author":[{"embeddable":true,"href":"https:\/\/ecodry.ch\/en\/wp-json\/wp\/v2\/users\/4"}],"replies":[{"embeddable":true,"href":"https:\/\/ecodry.ch\/en\/wp-json\/wp\/v2\/comments?post=2838"}],"version-history":[{"count":125,"href":"https:\/\/ecodry.ch\/en\/wp-json\/wp\/v2\/pages\/2838\/revisions"}],"predecessor-version":[{"id":3436,"href":"https:\/\/ecodry.ch\/en\/wp-json\/wp\/v2\/pages\/2838\/revisions\/3436"}],"wp:featuredmedia":[{"embeddable":true,"href":"https:\/\/ecodry.ch\/en\/wp-json\/wp\/v2\/media\/3120"}],"wp:attachment":[{"href":"https:\/\/ecodry.ch\/en\/wp-json\/wp\/v2\/media?parent=2838"}],"curies":[{"name":"wp","href":"https:\/\/api.w.org\/{rel}","templated":true}]}}