{"id":3325,"date":"2023-09-04T11:49:15","date_gmt":"2023-09-04T10:49:15","guid":{"rendered":"https:\/\/ecodry.ch\/?page_id=3325"},"modified":"2023-09-04T13:44:33","modified_gmt":"2023-09-04T12:44:33","slug":"feuchtigkeit-im-keller","status":"publish","type":"page","link":"https:\/\/ecodry.ch\/de\/feuchtigkeit-im-keller\/","title":{"rendered":"Feuchtigkeit im Keller"},"content":{"rendered":"<h1>Feuchtigkeit im Keller<\/h1>\n<h3>Feuchter Keller &#8211; was tun?<\/h3>\n<h5>Ursache der Feuchtigkeit in Kellerr\u00e4umen<\/h5>\n<p>Untergeschosse und Kellerr\u00e4ume sind besonders stark von der Feuchtigkeit betroffen, da sich diese R\u00e4ume unter dem (feuchten) Boden befinden. Die Mauern ziehen das Grundwasser von unten nach oben. Das Wasser wird entgegen der Schwerkraft in den Hausmauern nach oben gezogen, dies ist die sogenannte Kapillarwirkung.<\/p>\n<h5>Ursache des Schimmelpilzes im Keller<\/h5>\n<p>Hohe Feuchtigkeit, also relative Feuchte von \u00fcber 60 Prozent, f\u00fchrt zwangsl\u00e4ufig zu Muffgeruch und zu Schimmelbefall. Die hohe Feuchtigkeit ist der N\u00e4hrboden des Schimmelpilzes. Umgekehrt gilt: wenn die relative Feuchtigkeit unter 60 Prozent bleibt, so hat der Schimmel keine Chance sich auszubreiten und geht ein.\u00a0<\/p>\n<h5>Negative Auswirkungen erh\u00f6hter Feuchtigkeit<\/h5>\n<p>\u00dcberh\u00f6hte Feuchtigkeit (\u00fcber 60 Prozent relative Feuchte) f\u00fchrt zu folgenden Feuchtigkeitssch\u00e4den:<\/p>\n<ul>\n<li>Muffgeruch<\/li>\n<li>Schimmelflecken<\/li>\n<li>Korrosion, Rost<\/li>\n<li>Fl\u00e4chendeckender Schimmelbefall<\/li>\n<li>Mauerzerfall, Betonabplatzungen<\/li>\n<li>Wertverlust der Immobilie<\/li>\n<\/ul>\n<p>\u00a0<\/p>\n<p>Mehr erfahren zum Thema <a href=\"\/schimmel-im-keller\/\">Schimmel im Keller<\/a><\/p>\n<h3>Feuchtigkeit im Keller messen<\/h3>\n<p>\t\t\t\t\t\t\t\t\t\t\t\t\t\t\t\t<a href=\"https:\/\/ecofort.ch\/de\/hygrometer-hygrostate\/366-ecofort-hygrometer-thermometer.html\" target=\"_blank\" rel=\"noopener\"><br \/>\n\t\t\t\t\t\t\t<img decoding=\"async\" width=\"395\" height=\"438\" src=\"https:\/\/ecodry.ch\/wp-content\/uploads\/2023\/09\/croco-hygrometer-feuchtigkeitsmessgeraet.jpg\" alt=\"ecofort Croco Hygrometer zur Messung der Feuchtigkeit im Keller\" loading=\"lazy\" srcset=\"https:\/\/ecodry.ch\/wp-content\/uploads\/2023\/09\/croco-hygrometer-feuchtigkeitsmessgeraet.jpg 395w, https:\/\/ecodry.ch\/wp-content\/uploads\/2023\/09\/croco-hygrometer-feuchtigkeitsmessgeraet-271x300.jpg 271w, https:\/\/ecodry.ch\/wp-content\/uploads\/2023\/09\/croco-hygrometer-feuchtigkeitsmessgeraet-11x12.jpg 11w\" sizes=\"auto, (max-width: 395px) 100vw, 395px\" \/>\t\t\t\t\t\t\t\t<\/a><\/p>\n<p>Um zu erfahren, ob der Keller zu feucht ist oder nicht, muss die relative Feuchtigkeit mittels eines Hygrometers (Feuchtigkeitsmessger\u00e4t) gemessen werden. Betr\u00e4gt die relative Feuchte \u00fcber 60% sollte rasch gehandelt werden, um Feuchtigkeitssch\u00e4den zu minimieren.<\/p>\n<p>Analoge (Synthetik-Haar) Hygrometer sind pr\u00e4ziser und zuverl\u00e4ssige als digitale Hygrometer. Wir empfehlen den <a href=\"https:\/\/ecofort.ch\/de\/hygrometer-hygrostate\/366-ecofort-hygrometer-thermometer.html\" target=\"_blank\" rel=\"noopener\">Croco Hygrometer<\/a> mit pr\u00e4ziser Feuchtigkeits- und Temperaturanzeige.<\/p>\n<h4>Feuchtigkeitsbek\u00e4mpfung im Keller<\/h4>\n<p>Im folgenden Video erfahren Sie, worauf Sie bei einem feuchten Keller achten m\u00fcssen:<\/p>\n<p>https:\/\/www.youtube.com\/watch?v=Ji2c5qFEBng&#038;list=PLUjjyLEtgLJsSpRoiJEfGAnrE4Dw5AQTN&#038;index=8&#038;pp=iAQB\t\t<\/p>\n<h4>Unbewachte Luftentfeuchtung mit Direktabfluss f\u00fcr Dauerbetrieb<\/h4>\n<p>Schauen Sie sich das kurze Video zur dauerhaften unbewachten Kellerentfeuchtung mit Direktabfluss an:<\/p>\n<p>https:\/\/www.youtube.com\/watch?v=M60h-qG1tNw&#038;list=PLUjjyLEtgLJsSpRoiJEfGAnrE4Dw5AQTN&#038;index=5&#038;pp=iAQB\t\t<\/p>\n<h4>ecodry Vorteile im \u00dcberblick<\/h4>\n<ul>\n<li>\n\t\t\t\t\t\t\t\t\t\tSch\u00fctzt M\u00f6bel und Inventar vor Feuchtigkeitssch\u00e4den\n\t\t\t\t\t\t\t\t\t<\/li>\n<li>\n\t\t\t\t\t\t\t\t\t\tVerhindert \u00fcble Ger\u00fcche (Muff)\n\t\t\t\t\t\t\t\t\t<\/li>\n<li>\n\t\t\t\t\t\t\t\t\t\tBeugt Schimmelpilz vor\n\t\t\t\t\t\t\t\t\t<\/li>\n<li>\n\t\t\t\t\t\t\t\t\t\tErhalt der Bausubstanz\n\t\t\t\t\t\t\t\t\t<\/li>\n<li>\n\t\t\t\t\t\t\t\t\t\tWerterhalt der Immobilie\n\t\t\t\t\t\t\t\t\t<\/li>\n<\/ul>\n<h4>ecodry, die bew\u00e4hrte L\u00f6sung f\u00fcr feuchte Keller<\/h4>\n<p>Die ecodry Luftentfeuchter sind in Tausenden von Schweizer Kellern t\u00e4glich im Einsatz. Diese sch\u00fctzen Inventar, wie M\u00f6bel, Kleider und Ausr\u00fcstungsgegenst\u00e4nde vor Feuchtigkeitssch\u00e4den. Zudem verhindern sie Muffgeruch und Schimmelbildung an den Mauern. So tr\u00e4gt ecodry aktiv am Erhalt der Bausubstanz und somit am Erhalt der Immobilie bei.<\/p>\n<p>\t\t\t<a href=\"https:\/\/ecofort.ch\/de\/765-luftentfeuchter\" target=\"_blank\" rel=\"noopener\"><br \/>\n\t\t\t\t\t\tecodry Luftentfeuchter im Shop<br \/>\n\t\t\t\t\t<\/a><\/p>\n","protected":false},"excerpt":{"rendered":"<p>Feuchtigkeit im Keller Feuchter Keller &#8211; was tun? Ursache der Feuchtigkeit in Kellerr\u00e4umen Untergeschosse und Kellerr\u00e4ume sind besonders stark von der Feuchtigkeit betroffen, da sich diese R\u00e4ume unter dem (feuchten) Boden befinden. Die Mauern ziehen das Grundwasser von unten nach oben. Das Wasser wird entgegen der Schwerkraft in den Hausmauern nach oben gezogen, dies ist [&hellip;]<\/p>\n","protected":false},"author":4,"featured_media":0,"parent":0,"menu_order":0,"comment_status":"closed","ping_status":"closed","template":"","meta":{"inline_featured_image":false,"footnotes":""},"class_list":["post-3325","page","type-page","status-publish","hentry"],"_links":{"self":[{"href":"https:\/\/ecodry.ch\/de\/wp-json\/wp\/v2\/pages\/3325","targetHints":{"allow":["GET"]}}],"collection":[{"href":"https:\/\/ecodry.ch\/de\/wp-json\/wp\/v2\/pages"}],"about":[{"href":"https:\/\/ecodry.ch\/de\/wp-json\/wp\/v2\/types\/page"}],"author":[{"embeddable":true,"href":"https:\/\/ecodry.ch\/de\/wp-json\/wp\/v2\/users\/4"}],"replies":[{"embeddable":true,"href":"https:\/\/ecodry.ch\/de\/wp-json\/wp\/v2\/comments?post=3325"}],"version-history":[{"count":25,"href":"https:\/\/ecodry.ch\/de\/wp-json\/wp\/v2\/pages\/3325\/revisions"}],"predecessor-version":[{"id":3360,"href":"https:\/\/ecodry.ch\/de\/wp-json\/wp\/v2\/pages\/3325\/revisions\/3360"}],"wp:attachment":[{"href":"https:\/\/ecodry.ch\/de\/wp-json\/wp\/v2\/media?parent=3325"}],"curies":[{"name":"wp","href":"https:\/\/api.w.org\/{rel}","templated":true}]}}