{"id":3311,"date":"2023-09-04T09:54:08","date_gmt":"2023-09-04T08:54:08","guid":{"rendered":"https:\/\/ecodry.ch\/?page_id=3311"},"modified":"2023-09-04T13:18:26","modified_gmt":"2023-09-04T12:18:26","slug":"schimmel-im-keller","status":"publish","type":"page","link":"https:\/\/ecodry.ch\/de\/schimmel-im-keller\/","title":{"rendered":"Schimmel im Keller"},"content":{"rendered":"<h1>Schimmel im Keller<\/h1>\n<h4>Schimmelbefall im Keller: Ursache, Symptome, Pr\u00e4vention und Beseitigung<\/h4>\n<p>Alte, aber auch neue Keller weisen oft Spuren von Schimmel auf, die in verschiedensten Belastungsstufen zutage treten. Bez\u00fcglich des Schimmelpilzes gibt es verschiedene Arten. Das Farbspektrum ist breit gef\u00e4chert. Sehr h\u00e4ufig ist der weisse Schimmel, aber auch gr\u00fcner, gelber und schwarzer Schimmelpilz wird oft in Kellern beobachtet.<\/p>\n<p>Ursachen von Schimmel und die Problematik in Kellerr\u00e4umen<br \/>Drei Hauptursachen k\u00f6nnen an dieser Stelle hervorgehoben werden, beide gr\u00fcnden auf Feuchtigkeitsproblemen bzw. zu hoher Feuchtigkeit. In den Keller eindringendes Wasser ist der eine Grund, der andere eine zu hohe relative Luftfeuchtigkeit, und schlussendlich Restfeuchtigkeit in den W\u00e4nden wegen ungen\u00fcgender Bautrocknung.<\/p>\n<p>Bereits eine dieser oben genannten Feuchtigkeitsursachen, kann zu Feuchtigkeitssch\u00e4den wie Modergeruch und Schimmelbildung f\u00fchren. Alle Ursachen kombiniert sind besonders gef\u00e4hrlich und schwierig in den Griff zu bekommen. Wird Modergeruch und Schimmelpilz ignoriert, so kann dies langfristig zum Zerfall der Bausubstanz (Mauerzerfall) f\u00fchren. Der Fakt, dass die meisten Kellerr\u00e4ume luftdicht sind und weder \u00fcber ein Fenster noch \u00fcber eine L\u00fcftung verf\u00fcgen, versch\u00e4rft diese Feuchtigkeitsproblematik.<\/p>\n<p>Kommt wegen ungen\u00fcgender oder besch\u00e4digter Bausubstanz Feuchtigkeit durch die W\u00e4nde oder durch den Boden in den Kellerraum, so entsteht durch die N\u00e4sse der ideale N\u00e4hrboden f\u00fcr Schimmelpilze. Bei fehlender Feuchtigkeitssperre (bei H\u00e4usern, die vor 1970 erbaut wurden) f\u00fchrt der sogenannte Kapillareffekt dazu, dass die Hausmauern vom Boden her Wasser aufsaugen. Tauchen Sie einen Zuckerw\u00fcrfel zu einem Viertel in Ihren Kaffee, so wird der Kaffee gegen die Gravitationskraft nach oben steigen \u2013 dies nennt man Kapillarwirkung, welche oft die Ursache f\u00fcr Feuchtigkeitsprobleme im Keller ist.<\/p>\n<p>Handelt es sich um einen Wasserschaden im Keller, der beispielsweise aufgrund eines Rohrbruchs entstanden ist, sollte sofort richtig reagiert werden. Zur Trockenlegung m\u00fcssen Bautrockner oder Bauentfeuchter gemietet werden, diese sind besonders leistungsf\u00e4hige und robuste Luftentfeuchtungsger\u00e4te, um Wasserschaden schneller auszutrocknen und weitere Feuchtigkeitssch\u00e4den vorzubeugen.<\/p>\n<h2>Preiswerte Schimmelpr\u00e4vention<\/h2>\n<p>Die langfristig preiswerteste L\u00f6sung f\u00fcr Feuchtigkeitsprobleme im Keller ist der Einsatz eines zuverl\u00e4ssigen Kellerentfeuchters, wie dem <a href=\"\/ecodry-425-luftentfeuchter\/\">ecodry 425 <\/a>oder dem <a href=\"\/ecodry-cavemaster-luftentfeuchter\/\">ecodry CaveMaster<\/a>. Dieser verf\u00fcgt \u00fcber die notwendige Auto-Start-Funktion, ist hochwertig verarbeitet (Langlebigkeit), verf\u00fcgt \u00fcber 10 Betriebsstufen und \u00fcberzeugt durch den \u00e4usserst energieeffizienten und leisen Betrieb.<\/p>\n<p><em>Tipp:<\/em> Stellen Sie den ecodry 425 auf die Betriebsstufe Nr. 6, sobald die relative Feuchtigkeit \u00fcber 60% ansteigt, nimmt der Entfeuchter den Betrieb auf, um die Feuchtigkeit wieder auf 60% zu senken. 60% relative Feuchte entspricht der optimalen Kellerfeuchtigkeit, in diesen Konditionen kann weder Muffgeruch noch Schimmel entstehen.<\/p>\n<figure>\n\t\t\t\t\t\t\t\t\t\t\t<a href=\"\/ecodry-425-luftentfeuchter\/\"><br \/>\n\t\t\t\t\t\t\t<img decoding=\"async\" width=\"800\" height=\"800\" src=\"https:\/\/ecodry.ch\/wp-content\/uploads\/2023\/08\/ecodry-425.jpg\" alt=\"ecodry 425, ideal zur Bek\u00e4mpfung von Schimmel im Keller\" loading=\"lazy\" srcset=\"https:\/\/ecodry.ch\/wp-content\/uploads\/2023\/08\/ecodry-425.jpg 800w, https:\/\/ecodry.ch\/wp-content\/uploads\/2023\/08\/ecodry-425-300x300.jpg 300w, https:\/\/ecodry.ch\/wp-content\/uploads\/2023\/08\/ecodry-425-150x150.jpg 150w, https:\/\/ecodry.ch\/wp-content\/uploads\/2023\/08\/ecodry-425-768x768.jpg 768w\" sizes=\"auto, (max-width: 800px) 100vw, 800px\" \/>\t\t\t\t\t\t\t\t<\/a><figcaption>ecodry 425<\/figcaption><\/figure>\n<h4>Wie erkennt man Schimmel im Keller?<\/h4>\n<p>Oft ist Schimmel der Ausl\u00f6ser f\u00fcr einen modrigen Geruch, der sich vom Keller aus im Haus verteilt. Auch optisch k\u00f6nnen Flecken an Kellerw\u00e4nden wahrgenommen werden. Diese k\u00f6nnen verschiedenste Farben und Gr\u00f6ssen haben, je nach Art und Intensit\u00e4t des Befalls. Schimmelpilze k\u00f6nnen aber neben Kellerw\u00e4nden auch Gegenst\u00e4nde und M\u00f6bel befallen. Anzumerken bleibt, dass sich Schimmelsporen in der Luft befinden k\u00f6nnen, die man optisch noch nicht wahrnimmt.<\/p>\n<h4>Schimmel im Keller beseitigen<\/h4>\n<p>Um Schimmel im Keller zu entfernen, kann bei leichtem Befall ein Schimmelentferner eingesetzt werden. Nach Beseitigung des Schimmelbefalls, sollte die relative Luftfeuchtigkeit auf unter 60% gehalten werden, damit dem Schimmel der N\u00e4hrboden entzogen wird.<\/p>\n<h4>Feuchte, warme Luft k\u00fchlt sich an Kellerw\u00e4nden ab<\/h4>\n<p>Achtung: L\u00fcften kann kontraproduktiv sein. Das gr\u00f6sste Problem und die Gefahr beim L\u00fcften im Sommer und Herbst ist, dass man dadurch noch mehr Feuchtigkeit ins Innere des Hauses f\u00fchren kann, da die Luft draussen w\u00e4rmer ist und mehr Feuchtigkeit aufnehmen kann, k\u00fchlt sie sich im Innenraum des Kellers ab und kann weniger Wasser tragen als zuvor.<\/p>\n<p>Es wird also kein Wasser heraus, sondern in den Keller hineingef\u00fchrt. Dies f\u00fchrt zu einer erh\u00f6hten Schimmelgefahr, vor allem auch deshalb, weil man denkt, etwas gegen die zu hohe Feuchtigkeit zu tun und weniger mit Schimmelbefall rechnet. Es sollte deshalb darauf geachtete werden, im Sommer wenn \u00fcberhaupt nur morgens oder nachts zu l\u00fcften, wenn es draussen k\u00fchler ist. Ansonsten Fenster geschlossen halten und die relative Luftfeuchtigkeit kontrollieren, damit diese 60% nicht \u00fcbersteigt. Sollte dies der Fall sein, muss ein Entfeuchter eingesetzt werden.<\/p>\n<p>\t\t\t<a href=\"https:\/\/ecofort.ch\/de\/luftentfeuchter\/311-ecodry-425.html\" target=\"_blank\" rel=\"noopener\"><br \/>\n\t\t\t\t\t\tecodry 425 im Shop<br \/>\n\t\t\t\t\t<\/a><br \/>\n\t\t\t<a href=\"https:\/\/ecofort.ch\/de\/luftentfeuchter\/3226-ecodry-cavemaster.html\" target=\"_blank\" rel=\"noopener\"><br \/>\n\t\t\t\t\t\tecodry CaveMaster im Shop<br \/>\n\t\t\t\t\t<\/a><\/p>\n","protected":false},"excerpt":{"rendered":"<p>Schimmel im Keller Schimmelbefall im Keller: Ursache, Symptome, Pr\u00e4vention und Beseitigung Alte, aber auch neue Keller weisen oft Spuren von Schimmel auf, die in verschiedensten Belastungsstufen zutage treten. Bez\u00fcglich des Schimmelpilzes gibt es verschiedene Arten. Das Farbspektrum ist breit gef\u00e4chert. Sehr h\u00e4ufig ist der weisse Schimmel, aber auch gr\u00fcner, gelber und schwarzer Schimmelpilz wird oft [&hellip;]<\/p>\n","protected":false},"author":4,"featured_media":0,"parent":0,"menu_order":0,"comment_status":"closed","ping_status":"closed","template":"","meta":{"inline_featured_image":false,"footnotes":""},"class_list":["post-3311","page","type-page","status-publish","hentry"],"_links":{"self":[{"href":"https:\/\/ecodry.ch\/de\/wp-json\/wp\/v2\/pages\/3311","targetHints":{"allow":["GET"]}}],"collection":[{"href":"https:\/\/ecodry.ch\/de\/wp-json\/wp\/v2\/pages"}],"about":[{"href":"https:\/\/ecodry.ch\/de\/wp-json\/wp\/v2\/types\/page"}],"author":[{"embeddable":true,"href":"https:\/\/ecodry.ch\/de\/wp-json\/wp\/v2\/users\/4"}],"replies":[{"embeddable":true,"href":"https:\/\/ecodry.ch\/de\/wp-json\/wp\/v2\/comments?post=3311"}],"version-history":[{"count":19,"href":"https:\/\/ecodry.ch\/de\/wp-json\/wp\/v2\/pages\/3311\/revisions"}],"predecessor-version":[{"id":3354,"href":"https:\/\/ecodry.ch\/de\/wp-json\/wp\/v2\/pages\/3311\/revisions\/3354"}],"wp:attachment":[{"href":"https:\/\/ecodry.ch\/de\/wp-json\/wp\/v2\/media?parent=3311"}],"curies":[{"name":"wp","href":"https:\/\/api.w.org\/{rel}","templated":true}]}}