{"id":3175,"date":"2023-08-17T13:50:26","date_gmt":"2023-08-17T12:50:26","guid":{"rendered":"https:\/\/staging.ecodry.ch\/?page_id=3175"},"modified":"2023-08-17T13:50:59","modified_gmt":"2023-08-17T12:50:59","slug":"datenschutzerklaerung","status":"publish","type":"page","link":"https:\/\/ecodry.ch\/de\/datenschutzerklaerung\/","title":{"rendered":"Datenschutzerkl\u00e4rung"},"content":{"rendered":"<style>\/*! elementor - v3.15.0 - 09-08-2023 *\/\n.elementor-column .elementor-spacer-inner{height:var(--spacer-size)}.e-con{--container-widget-width:100%}.e-con-inner>.elementor-widget-spacer,.e-con>.elementor-widget-spacer{width:var(--container-widget-width,var(--spacer-size));--align-self:var(--container-widget-align-self,initial);--flex-shrink:0}.e-con-inner>.elementor-widget-spacer>.elementor-widget-container,.e-con-inner>.elementor-widget-spacer>.elementor-widget-container>.elementor-spacer,.e-con>.elementor-widget-spacer>.elementor-widget-container,.e-con>.elementor-widget-spacer>.elementor-widget-container>.elementor-spacer{height:100%}.e-con-inner>.elementor-widget-spacer>.elementor-widget-container>.elementor-spacer>.elementor-spacer-inner,.e-con>.elementor-widget-spacer>.elementor-widget-container>.elementor-spacer>.elementor-spacer-inner{height:var(--container-widget-height,var(--spacer-size))}<\/style>\n<h1>Datenschutz&shy;erkl\u00e4rung<\/h1>\n<p>Wir nehmen den Schutz Ihrer pers\u00f6nlichen Daten sehr ernst und halten uns strikt an die Regeln der Datenschutzgesetze. Personenbezogene Daten werden auf dieser Webseite nur im technisch notwendigen Umfang erhoben. In keinem Fall werden die erhobenen Daten verkauft oder aus anderen Gr\u00fcnden an Dritte weitergegeben.<br \/>\nDie nachfolgende Erkl\u00e4rung gibt Ihnen einen \u00dcberblick dar\u00fcber, wie wir diesen Schutz gew\u00e4hrleisten und welche Art von Daten zu welchem Zweck erhoben werden.<\/p>\n<h4>Datenverarbeitung auf dieser Seite<\/h4>\n<p>In den Server Log Files werden folgende Informationen, die Ihr Browser an uns \u00fcbermittelt gespeichert:<\/p>\n<ul>\n<li>Browsertyp\/ -version<\/li>\n<li>Verwendetes Betriebssystem<\/li>\n<li>Referrer URL (die zuvor besuchte Seite)<\/li>\n<li>Hostname des zugreifenden Rechners (IP Adresse)<\/li>\n<li>Uhrzeit der Serveranfrage<\/li>\n<\/ul>\n<h4>Welche Daten werden gesammelt?<\/h4>\n<p>Wenn Sie diese Webseite besuchen, geben Sie uns gegebenenfalls zwei Arten von Informationen: Pers\u00f6nliche Information, die wir zur Verarbeitung von Bestellungen oder Informationsanfragen benutzen und die Webseiten-Informationen (z.B. Dauer und H\u00e4ufigkeit der Besuche, Sprach- und Landesvoreinstellungen, Art des Browsers usw.) auf anonymer Basis. Wir verwenden Google Analytics, um anonymisierte Websitestatistiken zu erstellen.<br \/>\nWie die meisten Webseiten benutzen auch wir eine standard Technologie, die so genannten \u201eCookies\u201c (Siehe weiter unten \u201eWas sind Cookies?\u201c) und Server Log Daten, um Informationen \u00fcber das anonyme Besucherverhalten auf unseren Webseiten zu ermitteln. Via Server gesammelte Daten k\u00f6nnen folgende sein: Datum und Zeit der Besuche, besuchte Webseiten, verbrachte Zeit auf unseren Webseiten, sowie Zugriffsquellen und Absprungraten.<\/p>\n<h4>Was sind Cookies?<\/h4>\n<p>Ein Cookie ist ein sehr kleines Textdokument, dass eine eindeutige, aber anonyme Identifikation tr\u00e4gt. Cookies sind heute Voraussetzung f\u00fcr das korrekte Funktionieren von vielen Webseiten und Onlineshops. Ein Cookie kann KEINE anderen Daten von Ihrer Festplatte weitergeben (auch keine Viren).<\/p>\n<h4>Webanalyse mit Google (Universal) Analytics<\/h4>\n<p>Diese Website benutzt Google (Universal) Analytics, einen Webanalysedienst der Google Inc. (www.google.ch). Google (Universal) Analytics verwendet Methoden, die eine Analyse der Benutzung der Website durch Sie erm\u00f6glichen, wie zum Beispiel sog. \u201eCookies\u201c, Textdateien, die auf Ihrem Computer gespeichert werden. Die erzeugten Informationen \u00fcber Ihre Benutzung dieser Website werden in der Regel an einen Server von Google in den USA \u00fcbertragen und dort gespeichert. Durch die Aktivierung der IP-Anonymisierung auf dieser Webseite wird dabei die IP- Adresse vor der \u00dcbermittlung innerhalb der Mitgliedstaaten der Europ\u00e4ischen Union oder in anderen Vertragsstaaten des Abkommens \u00fcber den Europ\u00e4ischen Wirtschaftsraum gek\u00fcrzt. Nur in Ausnahmef\u00e4llen wird die volle IP-Adresse an einen Server von Google in den USA \u00fcbertragen und dort gek\u00fcrzt. Die im Rahmen von Google Analytics von Ihrem Browser \u00fcbermittelte anonymisierte IP-Adresse wird nicht mit anderen Daten von Google zusammengef\u00fchrt. Sie k\u00f6nnen die Erfassung der durch das Cookie erzeugten und auf Ihre Nutzung der Website bezogenen Daten (inkl. Ihrer IP-Adresse) an Google sowie die Verarbeitung dieser Daten durch Google verhindern, indem Sie das unter dem folgenden Link verf\u00fcgbare Browser-Plugin herunterladen und installieren: Browser-Add-on zur\u00a0<a href=\"https:\/\/tools.google.com\/dlpage\/gaoptout?hl=de\" target=\"_blank\" rel=\"noopener\">Deaktivierung von Google Analytics<\/a><\/p>\n","protected":false},"excerpt":{"rendered":"<p>Datenschutz&shy;erkl\u00e4rung Wir nehmen den Schutz Ihrer pers\u00f6nlichen Daten sehr ernst und halten uns strikt an die Regeln der Datenschutzgesetze. Personenbezogene Daten werden auf dieser Webseite nur im technisch notwendigen Umfang erhoben. In keinem Fall werden die erhobenen Daten verkauft oder aus anderen Gr\u00fcnden an Dritte weitergegeben. Die nachfolgende Erkl\u00e4rung gibt Ihnen einen \u00dcberblick dar\u00fcber, wie [&hellip;]<\/p>\n","protected":false},"author":4,"featured_media":0,"parent":0,"menu_order":0,"comment_status":"closed","ping_status":"closed","template":"","meta":{"inline_featured_image":false,"footnotes":""},"class_list":["post-3175","page","type-page","status-publish","hentry"],"_links":{"self":[{"href":"https:\/\/ecodry.ch\/de\/wp-json\/wp\/v2\/pages\/3175","targetHints":{"allow":["GET"]}}],"collection":[{"href":"https:\/\/ecodry.ch\/de\/wp-json\/wp\/v2\/pages"}],"about":[{"href":"https:\/\/ecodry.ch\/de\/wp-json\/wp\/v2\/types\/page"}],"author":[{"embeddable":true,"href":"https:\/\/ecodry.ch\/de\/wp-json\/wp\/v2\/users\/4"}],"replies":[{"embeddable":true,"href":"https:\/\/ecodry.ch\/de\/wp-json\/wp\/v2\/comments?post=3175"}],"version-history":[{"count":4,"href":"https:\/\/ecodry.ch\/de\/wp-json\/wp\/v2\/pages\/3175\/revisions"}],"predecessor-version":[{"id":3179,"href":"https:\/\/ecodry.ch\/de\/wp-json\/wp\/v2\/pages\/3175\/revisions\/3179"}],"wp:attachment":[{"href":"https:\/\/ecodry.ch\/de\/wp-json\/wp\/v2\/media?parent=3175"}],"curies":[{"name":"wp","href":"https:\/\/api.w.org\/{rel}","templated":true}]}}