{"id":3025,"date":"2023-08-16T08:34:29","date_gmt":"2023-08-16T07:34:29","guid":{"rendered":"https:\/\/staging.ecodry.ch\/?page_id=3025"},"modified":"2023-08-22T16:45:20","modified_gmt":"2023-08-22T15:45:20","slug":"ecodry-dsh-steckdosenhygrostat","status":"publish","type":"page","link":"https:\/\/ecodry.ch\/de\/ecodry-dsh-steckdosenhygrostat\/","title":{"rendered":"ecodry DSH Steckdosenhygrostat"},"content":{"rendered":"<h1>ecodry DSH<\/h1>\n<h2>Steckdosen-Hygrostat<\/h2>\n<p>Alle <em>ecodry <\/em>Luftentfeuchter verf\u00fcgen schon \u00fcber einen integrierten Hygrostat. Falls n\u00f6tig, kann die gew\u00fcnschte relative Soll-Feuchtigkeit mit dem <em>ecodry DSH<\/em> genauer in 1%-Schritten eingegeben werden.<\/p>\n<p>Ein anderer sinnvoller Verwendungszweck ist, wenn die Messung der Raumfeuchtigkeit nicht beim Entfeuchtungsger\u00e4t selbst, sondern via Verl\u00e4ngerungskabel an einem anderen Ort erfolgen sollte.<\/p>\n<p>Der&nbsp;<em>ecodry DSH<\/em>&nbsp;verf\u00fcgt \u00fcber eine St\u00fctzbatterie, damit bleiben die Einstellungen auch nach einem Stromausfall oder Nichtgebrauch erhalten.<\/p>\n<p><img decoding=\"async\" width=\"698\" height=\"698\" src=\"https:\/\/ecodry.ch\/wp-content\/uploads\/2023\/08\/ecodry-dsh-front-1_698x698.webp\" alt=\"ecodry DSH Hygrostat f\u00fcr die Steckdose\" loading=\"lazy\" srcset=\"https:\/\/ecodry.ch\/wp-content\/uploads\/2023\/08\/ecodry-dsh-front-1_698x698.webp 698w, https:\/\/ecodry.ch\/wp-content\/uploads\/2023\/08\/ecodry-dsh-front-1_698x698-300x300.webp 300w, https:\/\/ecodry.ch\/wp-content\/uploads\/2023\/08\/ecodry-dsh-front-1_698x698-150x150.webp 150w\" sizes=\"auto, (max-width: 698px) 100vw, 698px\"><\/p>\n<ul>\n<li>\n\t\t\t\t\t\t\t\t\t\tDigitale Regulierung der Luftfeuchtigkeit<\/li>\n<li>\n\t\t\t\t\t\t\t\t\t\tF\u00fcr Luftentfeuchter und Luftbefeuchter<\/li>\n<li>\n\t\t\t\t\t\t\t\t\t\tSimple Bedienung<\/li>\n<\/ul>\n<p>Technische Daten\t\tDownloads<br \/>\nTechnische Daten<\/p>\n<table>\n<thead>\n<tr>\n<th>ecodry DSH<\/th>\n<th>&nbsp;<\/th>\n<\/tr>\n<\/thead>\n<tbody>\n<tr>\n<td>Messbereich<\/td>\n<td>30% bis 90% relative Feuchtigkeit<\/td>\n<\/tr>\n<tr>\n<td>Abstufung<\/td>\n<td>1%<\/td>\n<\/tr>\n<tr>\n<td>Messgenauigkeit<\/td>\n<td>+\/- 5%<\/td>\n<\/tr>\n<tr>\n<td>Messinterval<\/td>\n<td>alle 10 Sekunden<\/td>\n<\/tr>\n<tr>\n<td>Betriebstemperatur<\/td>\n<td>5 \u00b0C bis 40 \u00b0C<\/td>\n<\/tr>\n<tr>\n<td>Stromanschluss<\/td>\n<td>230 V \/ 50 Hz<\/td>\n<\/tr>\n<tr>\n<td>Max. Leistung<\/td>\n<td>16 A \/ 3680 Watt<\/td>\n<\/tr>\n<tr>\n<td>Garantie<\/td>\n<td>2 Jahre<\/td>\n<\/tr>\n<\/tbody>\n<\/table>\n<p>Downloads<\/p>\n<ul>\n<li>\n\t\t\t\t\t\t\t\t\t\t\t<a href=\"\/wp-content\/uploads\/2023\/08\/ecodry-dsh-manual-d-f-i_3-update-19.07.2018.pdf\"><br \/>\nAnleitung<br \/>\n<\/a><\/li>\n<\/ul>\n<ul>\n<li>\n\t\t\t\t\t\t\t\t\t\t\t<a href=\"\/wp-content\/uploads\/2023\/08\/ecodry-dsh-manual-d-f-i_3-update-19.07.2018.pdf\"><br \/>\nAnleitung<br \/>\n<\/a><\/li>\n<\/ul>\n<table>\n<thead>\n<tr>\n<th>ecodry DSH<\/th>\n<th>&nbsp;<\/th>\n<\/tr>\n<\/thead>\n<tbody>\n<tr>\n<td>Messbereich<\/td>\n<td>30% bis 90% relative Feuchtigkeit<\/td>\n<\/tr>\n<tr>\n<td>Abstufung<\/td>\n<td>1%<\/td>\n<\/tr>\n<tr>\n<td>Messgenauigkeit<\/td>\n<td>+\/- 5%<\/td>\n<\/tr>\n<tr>\n<td>Messinterval<\/td>\n<td>alle 10 Sekunden<\/td>\n<\/tr>\n<tr>\n<td>Betriebstemperatur<\/td>\n<td>5 \u00b0C bis 40 \u00b0C<\/td>\n<\/tr>\n<tr>\n<td>Stromanschluss<\/td>\n<td>230 V \/ 50 Hz<\/td>\n<\/tr>\n<tr>\n<td>Max. Leistung<\/td>\n<td>16 A \/ 3680 Watt<\/td>\n<\/tr>\n<tr>\n<td>Garantie<\/td>\n<td>2 Jahre<\/td>\n<\/tr>\n<\/tbody>\n<\/table>\n<ul>\n<li>\n\t\t\t\t\t\t\t\t\t\t\t<a href=\"\/wp-content\/uploads\/2023\/08\/ecodry-dsh-manual-d-f-i_3-update-19.07.2018.pdf\"><br \/>\nAnleitung<br \/>\n<\/a><\/li>\n<\/ul>\n<ul>\n<li>\n\t\t\t\t\t\t\t\t\t\t\t<a href=\"\/wp-content\/uploads\/2023\/08\/ecodry-dsh-manual-d-f-i_3-update-19.07.2018.pdf\"><br \/>\nAnleitung<br \/>\n<\/a><\/li>\n<\/ul>\n<p><a href=\"https:\/\/ecofort.ch\/de\/hygrometer-hygrostate\/314-ecodry-dsh-hygrostat.html\" target=\"_blank\" rel=\"noopener\"><br \/>\nMehr Informationen im Shop<br \/>\n<\/a><br \/>\n<a href=\"https:\/\/ecofort.ch\/de\/hygrometer-hygrostate\/314-ecodry-dsh-hygrostat.html\" target=\"_blank\" rel=\"noopener\"><br \/>\nMehr Informationen im Shop<br \/>\n<\/a><\/p>\n","protected":false},"excerpt":{"rendered":"<p>ecodry DSH Steckdosen-Hygrostat Alle ecodry Luftentfeuchter verf\u00fcgen schon \u00fcber einen integrierten Hygrostat. Falls n\u00f6tig, kann die gew\u00fcnschte relative Soll-Feuchtigkeit mit dem ecodry DSH genauer in 1%-Schritten eingegeben werden. Ein anderer sinnvoller Verwendungszweck ist, wenn die Messung der Raumfeuchtigkeit nicht beim Entfeuchtungsger\u00e4t selbst, sondern via Verl\u00e4ngerungskabel an einem anderen Ort erfolgen sollte. Der&nbsp;ecodry DSH&nbsp;verf\u00fcgt \u00fcber eine [&hellip;]<\/p>\n","protected":false},"author":4,"featured_media":2867,"parent":0,"menu_order":0,"comment_status":"closed","ping_status":"closed","template":"","meta":{"inline_featured_image":false,"footnotes":""},"class_list":["post-3025","page","type-page","status-publish","has-post-thumbnail","hentry"],"_links":{"self":[{"href":"https:\/\/ecodry.ch\/de\/wp-json\/wp\/v2\/pages\/3025","targetHints":{"allow":["GET"]}}],"collection":[{"href":"https:\/\/ecodry.ch\/de\/wp-json\/wp\/v2\/pages"}],"about":[{"href":"https:\/\/ecodry.ch\/de\/wp-json\/wp\/v2\/types\/page"}],"author":[{"embeddable":true,"href":"https:\/\/ecodry.ch\/de\/wp-json\/wp\/v2\/users\/4"}],"replies":[{"embeddable":true,"href":"https:\/\/ecodry.ch\/de\/wp-json\/wp\/v2\/comments?post=3025"}],"version-history":[{"count":14,"href":"https:\/\/ecodry.ch\/de\/wp-json\/wp\/v2\/pages\/3025\/revisions"}],"predecessor-version":[{"id":3212,"href":"https:\/\/ecodry.ch\/de\/wp-json\/wp\/v2\/pages\/3025\/revisions\/3212"}],"wp:featuredmedia":[{"embeddable":true,"href":"https:\/\/ecodry.ch\/de\/wp-json\/wp\/v2\/media\/2867"}],"wp:attachment":[{"href":"https:\/\/ecodry.ch\/de\/wp-json\/wp\/v2\/media?parent=3025"}],"curies":[{"name":"wp","href":"https:\/\/api.w.org\/{rel}","templated":true}]}}