{"id":2985,"date":"2023-08-15T13:37:13","date_gmt":"2023-08-15T12:37:13","guid":{"rendered":"https:\/\/staging.ecodry.ch\/?page_id=2985"},"modified":"2023-11-08T10:40:06","modified_gmt":"2023-11-08T09:40:06","slug":"ecodry-pro-bautrockner","status":"publish","type":"page","link":"https:\/\/ecodry.ch\/de\/ecodry-pro-bautrockner\/","title":{"rendered":"ecodry Pro Bautrockner"},"content":{"rendered":"<h1>ecodry Pro Bautrockner<\/h1>\n<h2>Innovation &#038; Qualit\u00e4t bis ins kleinste Detail<\/h2>\n<p>Die\u00a0<em>ecodry Pro 35C &amp; 55C\u00a0<\/em>sind Bautrockner, die jegliche Anforderungen eines professionellen Betriebs erf\u00fcllen: Sie sind kompakt und stapelbar, was im Lager sowie im Lieferwagen enorm viel Platz spart. Ein Angestellter reicht aus, um den Trockner ohne M\u00fche zu installieren, wonach der Betrieb dank integrierter Pumpe 100 % autonom l\u00e4uft und mit dem integrierten Betriebsstundenz\u00e4hler, sind die Betriebskosten ganz einfach per Knopfdruck ablesbar.<\/p>\n<figure>\n\t\t\t\t\t\t\t\t\t\t\t<a href=\"https:\/\/www.hornbach.ch\/de\/s\/ecodry\" target=\"_blank\" rel=\"noopener\"><br \/>\n\t\t\t\t\t\t\t<img decoding=\"async\" width=\"800\" height=\"134\" src=\"https:\/\/ecodry.ch\/wp-content\/uploads\/2023\/11\/2560px-Hornbach_Logo_black.svg-1024x171.png\" alt=\"ecodry Pro bei Hornbach, \u00fcberpr\u00fcfen Sie die Verf\u00fcgbarkeit\" loading=\"lazy\" srcset=\"https:\/\/ecodry.ch\/wp-content\/uploads\/2023\/11\/2560px-Hornbach_Logo_black.svg-1024x171.png 1024w, https:\/\/ecodry.ch\/wp-content\/uploads\/2023\/11\/2560px-Hornbach_Logo_black.svg-300x50.png 300w, https:\/\/ecodry.ch\/wp-content\/uploads\/2023\/11\/2560px-Hornbach_Logo_black.svg-768x128.png 768w, https:\/\/ecodry.ch\/wp-content\/uploads\/2023\/11\/2560px-Hornbach_Logo_black.svg-1536x256.png 1536w, https:\/\/ecodry.ch\/wp-content\/uploads\/2023\/11\/2560px-Hornbach_Logo_black.svg-2048x342.png 2048w, https:\/\/ecodry.ch\/wp-content\/uploads\/2023\/11\/2560px-Hornbach_Logo_black.svg-18x3.png 18w\" sizes=\"auto, (max-width: 800px) 100vw, 800px\" \/>\t\t\t\t\t\t\t\t<\/a><figcaption>Jetzt bei Hornbach online und in den L\u00e4den<\/figcaption><\/figure>\n<p>\t\t\t<a href=\"https:\/\/www.hornbach.ch\/de\/s\/ecodry\" target=\"_blank\" rel=\"noopener\"><br \/>\n\t\t\t\t\t\tVerf\u00fcgbarkeit jetzt pr\u00fcfen<br \/>\n\t\t\t\t\t<\/a><br \/>\n\t\t\t\t\t\t\t\t\t\t\t\t\t\t\t<img decoding=\"async\" width=\"800\" height=\"800\" src=\"https:\/\/ecodry.ch\/wp-content\/uploads\/2023\/08\/ecodry-pro_35-55c_stapelbar_2_1000x1000.webp\" alt=\"ecodry Pro 35C &amp; 55C gestapelt\" loading=\"lazy\" srcset=\"https:\/\/ecodry.ch\/wp-content\/uploads\/2023\/08\/ecodry-pro_35-55c_stapelbar_2_1000x1000.webp 1000w, https:\/\/ecodry.ch\/wp-content\/uploads\/2023\/08\/ecodry-pro_35-55c_stapelbar_2_1000x1000-300x300.webp 300w, https:\/\/ecodry.ch\/wp-content\/uploads\/2023\/08\/ecodry-pro_35-55c_stapelbar_2_1000x1000-150x150.webp 150w, https:\/\/ecodry.ch\/wp-content\/uploads\/2023\/08\/ecodry-pro_35-55c_stapelbar_2_1000x1000-768x768.webp 768w\" sizes=\"auto, (max-width: 800px) 100vw, 800px\" \/>\t\t\t\t\t\t\t\t\t\t\t\t\t\t\t<\/p>\n<ul>\n<li>\n\t\t\t\t\t\t\t\t\t\tUltra-kompakt &#038; robust\n\t\t\t\t\t\t\t\t\t<\/li>\n<li>\n\t\t\t\t\t\t\t\t\t\tPlatzsparend bei Lagerung &#038; Transport\n\t\t\t\t\t\t\t\t\t<\/li>\n<li>\n\t\t\t\t\t\t\t\t\t\tDirektabfluss mit integrierter Pumpe\n\t\t\t\t\t\t\t\t\t<\/li>\n<li>\n\t\t\t\t\t\t\t\t\t\tHightech-Steuerung mit Betriebsstundenz\u00e4hler\n\t\t\t\t\t\t\t\t\t<\/li>\n<li>\n\t\t\t\t\t\t\t\t\t\tHeissgas-Abtauung\n\t\t\t\t\t\t\t\t\t<\/li>\n<\/ul>\n<p>Auch f\u00fcr den privaten Gebrauch sind die\u00a0<em>ecodry Pro\u00a0<\/em>interessant. Hauseigent\u00fcmer k\u00f6nnen so zum Beispiel grosse Keller oder Garagen auf stets idealem Feuchtigkeitsniveau halten, ohne jemals einen Wassertank leeren zu m\u00fcssen. Platzieren, den im Lieferumfang enthaltenen Schlauch nach draussen f\u00fchren und einschalten \u2013 danach macht der Luftentfeuchter den Rest, v\u00f6llig autonom.<\/p>\n<p>\t\t\t\t\t\t\t\t\t\t\t\t\t\t\t<img decoding=\"async\" width=\"1500\" height=\"1000\" src=\"https:\/\/ecodry.ch\/wp-content\/uploads\/2023\/08\/ecodry-pro-35-55c_front_1500x1000.webp\" alt=\"\" loading=\"lazy\" srcset=\"https:\/\/ecodry.ch\/wp-content\/uploads\/2023\/08\/ecodry-pro-35-55c_front_1500x1000.webp 1500w, https:\/\/ecodry.ch\/wp-content\/uploads\/2023\/08\/ecodry-pro-35-55c_front_1500x1000-300x200.webp 300w, https:\/\/ecodry.ch\/wp-content\/uploads\/2023\/08\/ecodry-pro-35-55c_front_1500x1000-1024x683.webp 1024w, https:\/\/ecodry.ch\/wp-content\/uploads\/2023\/08\/ecodry-pro-35-55c_front_1500x1000-768x512.webp 768w\" sizes=\"auto, (max-width: 1500px) 100vw, 1500px\" \/><br \/>\n\t\t\t\t\t\t\t<button id=\"e-n-tabs-title-2071\" aria-selected=\"true\" data-tab-index=\"1\" role=\"tab\" tabindex=\"0\" aria-controls=\"e-n-tab-content-2071\" style=\"--n-tabs-title-order: 1;\"><br \/>\n\t\t\t\t\tTechnische Daten<br \/>\n\t\t\t<\/button><br \/>\n\t\t\t\t\t<button id=\"e-n-tabs-title-2072\" aria-selected=\"false\" data-tab-index=\"2\" role=\"tab\" tabindex=\"-1\" aria-controls=\"e-n-tab-content-2072\" style=\"--n-tabs-title-order: 2;\"><br \/>\n\t\t\t\t\tDownloads<br \/>\n\t\t\t<\/button><\/p>\n<table>\n<thead>\n<tr>\n<th><\/th>\n<th>ecodry Pro 35C<\/th>\n<th>ecodry Pro 55C<\/th>\n<\/tr>\n<\/thead>\n<tbody>\n<tr>\n<td>Entfeuchtungsleistung<\/td>\n<td>35 Liter in 24 h bei 30 \u00b0C und 80% relativer Feuchtigkeit<\/td>\n<td>55 Liter in 24 h bei 30 \u00b0C und 80% relativer Feuchtigkeit<\/td>\n<\/tr>\n<tr>\n<td>Nennstrom<\/td>\n<td>2.1 A<\/td>\n<td>2.6 A<\/td>\n<\/tr>\n<tr>\n<td>Leistungsaufnahme<\/td>\n<td>475 Watt<\/td>\n<td>580 Watt<\/td>\n<\/tr>\n<tr>\n<td>Luftumw\u00e4lzung<\/td>\n<td>330 m\u00b3 \/ h<\/td>\n<td>420 m\u00b3 \/ h<\/td>\n<\/tr>\n<tr>\n<td>Betriebsger\u00e4usch<\/td>\n<td>50 dB(A)<\/td>\n<td>55 dB(A)<\/td>\n<\/tr>\n<tr>\n<td>K\u00e4ltemittel<\/td>\n<td>R290 \/ 0.135 kg<\/td>\n<td>R290 \/ 0.2 kg<\/td>\n<\/tr>\n<tr>\n<td>Umgebungstemperatur<\/td>\n<td>1 &#8211; 38 \u00b0C<\/td>\n<td>1 &#8211; 38 \u00b0C<\/td>\n<\/tr>\n<tr>\n<td>Schutzart<\/td>\n<td>IPX4 (spritzwassergesch\u00fctzt)<\/td>\n<td>IPX4 (spritzwassergesch\u00fctzt)<\/td>\n<\/tr>\n<tr>\n<td>Masse H x B x T<\/td>\n<td>310 x 370 x 500 mm<\/td>\n<td>345 x 450 x 560 mm<\/td>\n<\/tr>\n<tr>\n<td>Gewicht<\/td>\n<td>22 kg<\/td>\n<td>29.2 kg<\/td>\n<\/tr>\n<tr>\n<td>Garantie<\/td>\n<td>3 Jahre<\/td>\n<td>3 Jahre<\/td>\n<\/tr>\n<\/tbody>\n<\/table>\n<ul>\n<li>\n\t\t\t\t\t\t\t\t\t\t\t<a href=\"\/wp-content\/uploads\/2023\/08\/ecodry-Pro-35C-55C-Manual-CH.pdf\"><br \/>\n\t\t\t\t\t\t\t\t\t\tAnleitung<br \/>\n\t\t\t\t\t\t\t\t\t\t\t<\/a>\n\t\t\t\t\t\t\t\t\t<\/li>\n<\/ul>\n<ul>\n<li>\n\t\t\t\t\t\t\t\t\t\t\t<a href=\"\/wp-content\/uploads\/2023\/08\/ecodry-Pro-35C-55C-Manual-CH.pdf\"><br \/>\n\t\t\t\t\t\t\t\t\t\tAnleitung<br \/>\n\t\t\t\t\t\t\t\t\t\t\t<\/a>\n\t\t\t\t\t\t\t\t\t<\/li>\n<\/ul>\n<table>\n<thead>\n<tr>\n<th><\/th>\n<th>ecodry Pro 35C<\/th>\n<th>ecodry Pro 55C<\/th>\n<\/tr>\n<\/thead>\n<tbody>\n<tr>\n<td>Entfeuchtungsleistung<\/td>\n<td>35 Liter in 24 h bei 30 \u00b0C und 80% relativer Feuchtigkeit<\/td>\n<td>55 Liter in 24 h bei 30 \u00b0C und 80% relativer Feuchtigkeit<\/td>\n<\/tr>\n<tr>\n<td>Nennstrom<\/td>\n<td>2.1 A<\/td>\n<td>2.6 A<\/td>\n<\/tr>\n<tr>\n<td>Leistungsaufnahme<\/td>\n<td>475 Watt<\/td>\n<td>580 Watt<\/td>\n<\/tr>\n<tr>\n<td>Luftumw\u00e4lzung<\/td>\n<td>330 m\u00b3 \/ h<\/td>\n<td>420 m\u00b3 \/ h<\/td>\n<\/tr>\n<tr>\n<td>Betriebsger\u00e4usch<\/td>\n<td>50 dB(A)<\/td>\n<td>55 dB(A)<\/td>\n<\/tr>\n<tr>\n<td>K\u00e4ltemittel<\/td>\n<td>R290 \/ 0.135 kg<\/td>\n<td>R290 \/ 0.2 kg<\/td>\n<\/tr>\n<tr>\n<td>Umgebungstemperatur<\/td>\n<td>1 &#8211; 38 \u00b0C<\/td>\n<td>1 &#8211; 38 \u00b0C<\/td>\n<\/tr>\n<tr>\n<td>Schutzart<\/td>\n<td>IPX4 (spritzwassergesch\u00fctzt)<\/td>\n<td>IPX4 (spritzwassergesch\u00fctzt)<\/td>\n<\/tr>\n<tr>\n<td>Masse H x B x T<\/td>\n<td>310 x 370 x 500 mm<\/td>\n<td>345 x 450 x 560 mm<\/td>\n<\/tr>\n<tr>\n<td>Gewicht<\/td>\n<td>22 kg<\/td>\n<td>29.2 kg<\/td>\n<\/tr>\n<tr>\n<td>Garantie<\/td>\n<td>3 Jahre<\/td>\n<td>3 Jahre<\/td>\n<\/tr>\n<\/tbody>\n<\/table>\n<ul>\n<li>\n\t\t\t\t\t\t\t\t\t\t\t<a href=\"\/wp-content\/uploads\/2023\/08\/ecodry-Pro-35C-55C-Manual-CH.pdf\"><br \/>\n\t\t\t\t\t\t\t\t\t\tAnleitung<br \/>\n\t\t\t\t\t\t\t\t\t\t\t<\/a>\n\t\t\t\t\t\t\t\t\t<\/li>\n<\/ul>\n<ul>\n<li>\n\t\t\t\t\t\t\t\t\t\t\t<a href=\"\/wp-content\/uploads\/2023\/08\/ecodry-Pro-35C-55C-Manual-CH.pdf\"><br \/>\n\t\t\t\t\t\t\t\t\t\tAnleitung<br \/>\n\t\t\t\t\t\t\t\t\t\t\t<\/a>\n\t\t\t\t\t\t\t\t\t<\/li>\n<\/ul>\n<p>\t\t\t<a href=\"https:\/\/ecofort.ch\/de\/bautrockner\/2862-ecodry-pro-35c.html\" target=\"_blank\" rel=\"noopener\"><br \/>\n\t\t\t\t\t\tecodry Pro 35C im Shop<br \/>\n\t\t\t\t\t<\/a><br \/>\n\t\t\t<a href=\"https:\/\/ecofort.ch\/de\/bautrockner\/2863-ecodry-pro-55c.html\" target=\"_blank\" rel=\"noopener\"><br \/>\n\t\t\t\t\t\tecodry Pro 55C im Shop<br \/>\n\t\t\t\t\t<\/a><br \/>\n\t\t\t<a href=\"https:\/\/ecofort.ch\/de\/bautrockner\/2862-ecodry-pro-35c.html\" target=\"_blank\" rel=\"noopener\"><br \/>\n\t\t\t\t\t\tecodry 35C im Shop<br \/>\n\t\t\t\t\t<\/a><br \/>\n\t\t\t<a href=\"https:\/\/ecofort.ch\/de\/bautrockner\/2863-ecodry-pro-55c.html\" target=\"_blank\" rel=\"noopener\"><br \/>\n\t\t\t\t\t\tecodry 55C im Shop<br \/>\n\t\t\t\t\t<\/a><\/p>\n","protected":false},"excerpt":{"rendered":"<p>ecodry Pro Bautrockner Innovation &#038; Qualit\u00e4t bis ins kleinste Detail Die\u00a0ecodry Pro 35C &amp; 55C\u00a0sind Bautrockner, die jegliche Anforderungen eines professionellen Betriebs erf\u00fcllen: Sie sind kompakt und stapelbar, was im Lager sowie im Lieferwagen enorm viel Platz spart. Ein Angestellter reicht aus, um den Trockner ohne M\u00fche zu installieren, wonach der Betrieb dank integrierter Pumpe [&hellip;]<\/p>\n","protected":false},"author":4,"featured_media":2882,"parent":0,"menu_order":0,"comment_status":"closed","ping_status":"closed","template":"","meta":{"inline_featured_image":false,"footnotes":""},"class_list":["post-2985","page","type-page","status-publish","has-post-thumbnail","hentry"],"_links":{"self":[{"href":"https:\/\/ecodry.ch\/de\/wp-json\/wp\/v2\/pages\/2985","targetHints":{"allow":["GET"]}}],"collection":[{"href":"https:\/\/ecodry.ch\/de\/wp-json\/wp\/v2\/pages"}],"about":[{"href":"https:\/\/ecodry.ch\/de\/wp-json\/wp\/v2\/types\/page"}],"author":[{"embeddable":true,"href":"https:\/\/ecodry.ch\/de\/wp-json\/wp\/v2\/users\/4"}],"replies":[{"embeddable":true,"href":"https:\/\/ecodry.ch\/de\/wp-json\/wp\/v2\/comments?post=2985"}],"version-history":[{"count":50,"href":"https:\/\/ecodry.ch\/de\/wp-json\/wp\/v2\/pages\/2985\/revisions"}],"predecessor-version":[{"id":3397,"href":"https:\/\/ecodry.ch\/de\/wp-json\/wp\/v2\/pages\/2985\/revisions\/3397"}],"wp:featuredmedia":[{"embeddable":true,"href":"https:\/\/ecodry.ch\/de\/wp-json\/wp\/v2\/media\/2882"}],"wp:attachment":[{"href":"https:\/\/ecodry.ch\/de\/wp-json\/wp\/v2\/media?parent=2985"}],"curies":[{"name":"wp","href":"https:\/\/api.w.org\/{rel}","templated":true}]}}