{"id":2966,"date":"2023-08-15T11:22:50","date_gmt":"2023-08-15T10:22:50","guid":{"rendered":"https:\/\/staging.ecodry.ch\/?page_id=2966"},"modified":"2023-11-30T12:29:53","modified_gmt":"2023-11-30T11:29:53","slug":"ecodry-neptun-waschetrockner","status":"publish","type":"page","link":"https:\/\/ecodry.ch\/de\/ecodry-neptun-waschetrockner\/","title":{"rendered":"ecodry Neptun Luftentfeuchter"},"content":{"rendered":"<h1>ecodry Neptun<\/h1>\n<h2>Luftentfeuchter &#038; W\u00e4schetrockner<\/h2>\n<p><em>ecodry Neptun<\/em> eignet sich f\u00fcr die Entfeuchtung und die W\u00e4schetrocknung in Einfamilienhaushalten. Im ganzen Untergeschoss (mehrere, offene Kellerr\u00e4ume) verhindert er Muffgeruch und sch\u00fctzt gleichzeitig Inventar, M\u00f6bel und Mauern vor Feuchtigkeitssch\u00e4den. F\u00fcr die Entfeuchtung von Einstellpl\u00e4tzen, um Ihre Old- und Youngtimer zu sch\u00fctzen, ist er ebenfalls optimal.<\/p>\n<p>Wegen seiner starken Leistung, der optimierten Luftf\u00fchrung und der cleveren W\u00e4schetrockner-Funktion, eignet sich der Neptun auch ideal als schonender, sparsamer W\u00e4schetrockner in Einfamilienhaushalten.<\/p>\n<p>\t\t\t\t\t\t\t\t\t\t\t\t\t\t\t<img decoding=\"async\" width=\"800\" height=\"800\" src=\"https:\/\/ecodry.ch\/wp-content\/uploads\/2023\/08\/ecodry_neptun_angle_1500x1500-1024x1024.webp\" alt=\"ecodry Neptun Luftentfeuchter und W\u00e4schetrockner\" loading=\"lazy\" srcset=\"https:\/\/ecodry.ch\/wp-content\/uploads\/2023\/08\/ecodry_neptun_angle_1500x1500-1024x1024.webp 1024w, https:\/\/ecodry.ch\/wp-content\/uploads\/2023\/08\/ecodry_neptun_angle_1500x1500-300x300.webp 300w, https:\/\/ecodry.ch\/wp-content\/uploads\/2023\/08\/ecodry_neptun_angle_1500x1500-150x150.webp 150w, https:\/\/ecodry.ch\/wp-content\/uploads\/2023\/08\/ecodry_neptun_angle_1500x1500-768x769.webp 768w, https:\/\/ecodry.ch\/wp-content\/uploads\/2023\/08\/ecodry_neptun_angle_1500x1500.webp 1500w\" sizes=\"auto, (max-width: 800px) 100vw, 800px\" \/>\t\t\t\t\t\t\t\t\t\t\t\t\t\t\t<\/p>\n<ul>\n<li>\n\t\t\t\t\t\t\t\t\t\tecodry SMART Control mit LED Anzeige\n\t\t\t\t\t\t\t\t\t<\/li>\n<li>\n\t\t\t\t\t\t\t\t\t\tEffiziente, schonende W\u00e4schetrockner-Funktion\n\t\t\t\t\t\t\t\t\t<\/li>\n<li>\n\t\t\t\t\t\t\t\t\t\tMit Handgriffen und robusten Rollen\n\t\t\t\t\t\t\t\t\t<\/li>\n<li>\n\t\t\t\t\t\t\t\t\t\tSimple Bedienung\n\t\t\t\t\t\t\t\t\t<\/li>\n<\/ul>\n<figure><img decoding=\"async\" src=\"https:\/\/ecodry.ch\/wp-content\/uploads\/2023\/08\/ecodry-neptun_laundry7_1500x1000.webp\" alt=\"ecodry Neptun in einer Waschk\u00fcche\" \/><\/figure>\n<figure><img decoding=\"async\" src=\"https:\/\/ecodry.ch\/wp-content\/uploads\/2023\/11\/ecodry-neptun_laundry1_1500x1000.webp\" alt=\"ecodry-neptun_laundry1_1500x1000\" \/><\/figure>\n<figure><img decoding=\"async\" src=\"https:\/\/ecodry.ch\/wp-content\/uploads\/2023\/11\/ecodry-neptun_panel-close-up_1500x1000.webp\" alt=\"ecodry-neptun_panel-close-up_1500x1000\" \/><\/figure>\n<figure><img decoding=\"async\" src=\"https:\/\/ecodry.ch\/wp-content\/uploads\/2023\/11\/ecodry-neptun-ruby-red_luxury-cars1_1500x1000.webp\" alt=\"ecodry Neptun mit Ferrari &amp; Porsche\" \/><\/figure>\n<figure><img decoding=\"async\" src=\"https:\/\/ecodry.ch\/wp-content\/uploads\/2023\/11\/ecodry-neptun-ruby-red-healed_luxury-cars8_1500x1000.webp\" alt=\"ecodry Neptun mit rotem Porsche\" \/><\/figure>\n<p>\t\t\t\t\t\t\t<button id=\"e-n-tabs-title-1571\" aria-selected=\"true\" data-tab-index=\"1\" role=\"tab\" tabindex=\"0\" aria-controls=\"e-n-tab-content-1571\" style=\"--n-tabs-title-order: 1;\"><br \/>\n\t\t\t\t\tTechnische Daten<br \/>\n\t\t\t<\/button><br \/>\n\t\t\t\t\t<button id=\"e-n-tabs-title-1572\" aria-selected=\"false\" data-tab-index=\"2\" role=\"tab\" tabindex=\"-1\" aria-controls=\"e-n-tab-content-1572\" style=\"--n-tabs-title-order: 2;\"><br \/>\n\t\t\t\t\tDownloads<br \/>\n\t\t\t<\/button><\/p>\n<table>\n<thead>\n<tr>\n<th>ecodry Neptun<\/th>\n<th>\u00a0<\/th>\n<\/tr>\n<\/thead>\n<tbody>\n<tr>\n<td>Entfeuchtungsleistung<\/td>\n<td>30 Liter in 24 h bei 30 \u00b0C und 80% relativer Feuchtigkeit<\/td>\n<\/tr>\n<tr>\n<td>Max. Raumgr\u00f6sse<\/td>\n<td>135 m\u00b2 \/ 400 m\u00b3<\/td>\n<\/tr>\n<tr>\n<td>Farbe<\/td>\n<td>Creamy White \/ Ruby Red<\/td>\n<\/tr>\n<tr>\n<td>Leistungsaufnahme<\/td>\n<td>315 &#8211; 480 Watt<\/td>\n<\/tr>\n<tr>\n<td>Luftumw\u00e4lzung<\/td>\n<td>180 &#8211; 260 m\u00b3 \/ h<\/td>\n<\/tr>\n<tr>\n<td>Betriebsger\u00e4usch<\/td>\n<td>44 &#8211; 48 dB(A)<\/td>\n<\/tr>\n<tr>\n<td>Wasserbeh\u00e4lter<\/td>\n<td>6 Liter<\/td>\n<\/tr>\n<tr>\n<td>K\u00e4ltemittel<\/td>\n<td>R290<\/td>\n<\/tr>\n<tr>\n<td>Umgebungstemperatur<\/td>\n<td>5 &#8211; 35 \u00b0C<\/td>\n<\/tr>\n<tr>\n<td>Schutzart<\/td>\n<td>IPX1 (Schutz gegen senkrecht fallendes Tropfwasser)<\/td>\n<\/tr>\n<tr>\n<td>Masse H x B x T<\/td>\n<td>600 x 387 x 342 mm<\/td>\n<\/tr>\n<tr>\n<td>Gewicht<\/td>\n<td>26.8 kg<\/td>\n<\/tr>\n<tr>\n<td>Garantie<\/td>\n<td>3 Jahre<\/td>\n<\/tr>\n<\/tbody>\n<\/table>\n<ul>\n<li>\n\t\t\t\t\t\t\t\t\t\t\t<a href=\"\/wp-content\/uploads\/2023\/08\/ecodry-Neptun-Manual_WEB.pdf\"><br \/>\n\t\t\t\t\t\t\t\t\t\tAnleitung<br \/>\n\t\t\t\t\t\t\t\t\t\t\t<\/a>\n\t\t\t\t\t\t\t\t\t<\/li>\n<\/ul>\n<ul>\n<li>\n\t\t\t\t\t\t\t\t\t\t\t<a href=\"\/wp-content\/uploads\/2023\/08\/ecodry-Neptun-Manual_WEB.pdf\"><br \/>\n\t\t\t\t\t\t\t\t\t\tAnleitung<br \/>\n\t\t\t\t\t\t\t\t\t\t\t<\/a>\n\t\t\t\t\t\t\t\t\t<\/li>\n<\/ul>\n<table>\n<thead>\n<tr>\n<th>ecodry Neptun<\/th>\n<th>\u00a0<\/th>\n<\/tr>\n<\/thead>\n<tbody>\n<tr>\n<td>Entfeuchtungsleistung<\/td>\n<td>30 Liter in 24 h bei 30 \u00b0C und 80% relativer Feuchtigkeit<\/td>\n<\/tr>\n<tr>\n<td>Max. Raumgr\u00f6sse<\/td>\n<td>135 m\u00b2 \/ 400 m\u00b3<\/td>\n<\/tr>\n<tr>\n<td>Farbe<\/td>\n<td>Creamy White \/ Ruby Red<\/td>\n<\/tr>\n<tr>\n<td>Leistungsaufnahme<\/td>\n<td>315 &#8211; 480 Watt<\/td>\n<\/tr>\n<tr>\n<td>Luftumw\u00e4lzung<\/td>\n<td>180 &#8211; 260 m\u00b3 \/ h<\/td>\n<\/tr>\n<tr>\n<td>Betriebsger\u00e4usch<\/td>\n<td>44 &#8211; 48 dB(A)<\/td>\n<\/tr>\n<tr>\n<td>Wasserbeh\u00e4lter<\/td>\n<td>6 Liter<\/td>\n<\/tr>\n<tr>\n<td>K\u00e4ltemittel<\/td>\n<td>R290<\/td>\n<\/tr>\n<tr>\n<td>Umgebungstemperatur<\/td>\n<td>5 &#8211; 35 \u00b0C<\/td>\n<\/tr>\n<tr>\n<td>Schutzart<\/td>\n<td>IPX1 (Schutz gegen senkrecht fallendes Tropfwasser)<\/td>\n<\/tr>\n<tr>\n<td>Masse H x B x T<\/td>\n<td>600 x 387 x 342 mm<\/td>\n<\/tr>\n<tr>\n<td>Gewicht<\/td>\n<td>26.8 kg<\/td>\n<\/tr>\n<tr>\n<td>Garantie<\/td>\n<td>3 Jahre<\/td>\n<\/tr>\n<\/tbody>\n<\/table>\n<ul>\n<li>\n\t\t\t\t\t\t\t\t\t\t\t<a href=\"\/wp-content\/uploads\/2023\/08\/ecodry-Neptun-Manual_WEB.pdf\"><br \/>\n\t\t\t\t\t\t\t\t\t\tAnleitung<br \/>\n\t\t\t\t\t\t\t\t\t\t\t<\/a>\n\t\t\t\t\t\t\t\t\t<\/li>\n<\/ul>\n<ul>\n<li>\n\t\t\t\t\t\t\t\t\t\t\t<a href=\"\/wp-content\/uploads\/2023\/08\/ecodry-Neptun-Manual_WEB.pdf\"><br \/>\n\t\t\t\t\t\t\t\t\t\tAnleitung<br \/>\n\t\t\t\t\t\t\t\t\t\t\t<\/a>\n\t\t\t\t\t\t\t\t\t<\/li>\n<\/ul>\n<p>\t\t\t<a href=\"https:\/\/ecofort.ch\/de\/luftentfeuchter\/2988-ecodry-neptun.html\" target=\"_blank\" rel=\"noopener\"><br \/>\n\t\t\t\t\t\tMehr Informationen im Shop<br \/>\n\t\t\t\t\t<\/a><br \/>\n\t\t\t<a href=\"https:\/\/ecofort.ch\/de\/luftentfeuchter\/2988-ecodry-neptun.html\" target=\"_blank\" rel=\"noopener\"><br \/>\n\t\t\t\t\t\tMehr Informationen im Shop<br \/>\n\t\t\t\t\t<\/a><\/p>\n","protected":false},"excerpt":{"rendered":"<p>ecodry Neptun Luftentfeuchter &#038; W\u00e4schetrockner ecodry Neptun eignet sich f\u00fcr die Entfeuchtung und die W\u00e4schetrocknung in Einfamilienhaushalten. Im ganzen Untergeschoss (mehrere, offene Kellerr\u00e4ume) verhindert er Muffgeruch und sch\u00fctzt gleichzeitig Inventar, M\u00f6bel und Mauern vor Feuchtigkeitssch\u00e4den. F\u00fcr die Entfeuchtung von Einstellpl\u00e4tzen, um Ihre Old- und Youngtimer zu sch\u00fctzen, ist er ebenfalls optimal. Wegen seiner starken Leistung, [&hellip;]<\/p>\n","protected":false},"author":4,"featured_media":2881,"parent":0,"menu_order":0,"comment_status":"closed","ping_status":"closed","template":"","meta":{"inline_featured_image":false,"footnotes":""},"class_list":["post-2966","page","type-page","status-publish","has-post-thumbnail","hentry"],"_links":{"self":[{"href":"https:\/\/ecodry.ch\/de\/wp-json\/wp\/v2\/pages\/2966","targetHints":{"allow":["GET"]}}],"collection":[{"href":"https:\/\/ecodry.ch\/de\/wp-json\/wp\/v2\/pages"}],"about":[{"href":"https:\/\/ecodry.ch\/de\/wp-json\/wp\/v2\/types\/page"}],"author":[{"embeddable":true,"href":"https:\/\/ecodry.ch\/de\/wp-json\/wp\/v2\/users\/4"}],"replies":[{"embeddable":true,"href":"https:\/\/ecodry.ch\/de\/wp-json\/wp\/v2\/comments?post=2966"}],"version-history":[{"count":30,"href":"https:\/\/ecodry.ch\/de\/wp-json\/wp\/v2\/pages\/2966\/revisions"}],"predecessor-version":[{"id":3410,"href":"https:\/\/ecodry.ch\/de\/wp-json\/wp\/v2\/pages\/2966\/revisions\/3410"}],"wp:featuredmedia":[{"embeddable":true,"href":"https:\/\/ecodry.ch\/de\/wp-json\/wp\/v2\/media\/2881"}],"wp:attachment":[{"href":"https:\/\/ecodry.ch\/de\/wp-json\/wp\/v2\/media?parent=2966"}],"curies":[{"name":"wp","href":"https:\/\/api.w.org\/{rel}","templated":true}]}}