{"id":2930,"date":"2023-08-15T08:24:12","date_gmt":"2023-08-15T07:24:12","guid":{"rendered":"https:\/\/staging.ecodry.ch\/?page_id=2930"},"modified":"2023-08-23T09:20:44","modified_gmt":"2023-08-23T08:20:44","slug":"ecodry-625-luftentfeuchter","status":"publish","type":"page","link":"https:\/\/ecodry.ch\/de\/ecodry-625-luftentfeuchter\/","title":{"rendered":"ecodry 625 Luftentfeuchter"},"content":{"rendered":"<h1>ecodry 625<\/h1>\n<h2>Luftentfeuchter &amp; W\u00e4schetrockner<\/h2>\n<p><strong>ecodry 625 \u2013 der qualitativ hochwertige Luftentfeuchter f\u00fcr effiziente Raumentfeuchtung und schnelle, schonende W\u00e4schetrocknung<\/strong><\/p>\n<p>Herausragendes Merkmal ist die optimierte Luftf\u00fchrung. Die feuchte Luft wird vorne angesaugt und an der Oberseite getrocknet wieder ausgestossen.&nbsp;Dies erm\u00f6glicht eine beschleunigte W\u00e4schetrocknung und Platzeinsparung.<\/p>\n<p>Der Einsatz von Qualit\u00e4tskomponenten, sowie die hochwertige Verarbeitung und die neueste Technologie machen den&nbsp;<em>ecodry 625<\/em>&nbsp;zum langlebigen und sparsamen Luftentfeuchter.<\/p>\n<p><img decoding=\"async\" width=\"800\" height=\"784\" src=\"https:\/\/ecodry.ch\/wp-content\/uploads\/2023\/08\/ecodry-625_814x798.webp\" alt=\"ecodry 625 Luftentfeuchter &amp; W\u00e4schetrockner\" loading=\"lazy\" srcset=\"https:\/\/ecodry.ch\/wp-content\/uploads\/2023\/08\/ecodry-625_814x798.webp 814w, https:\/\/ecodry.ch\/wp-content\/uploads\/2023\/08\/ecodry-625_814x798-300x294.webp 300w, https:\/\/ecodry.ch\/wp-content\/uploads\/2023\/08\/ecodry-625_814x798-768x753.webp 768w\" sizes=\"auto, (max-width: 800px) 100vw, 800px\"><\/p>\n<ul>\n<li>\n\t\t\t\t\t\t\t\t\t\tBeschleunigung der W\u00e4schetrocknung<\/li>\n<li>\n\t\t\t\t\t\t\t\t\t\tMit Handgriffen und robusten Rollen<\/li>\n<li>\n\t\t\t\t\t\t\t\t\t\tExtra-robustes Metallgeh\u00e4use<\/li>\n<li>\n\t\t\t\t\t\t\t\t\t\tSimple Bedienung<\/li>\n<\/ul>\n<p><img decoding=\"async\" width=\"800\" height=\"534\" src=\"https:\/\/ecodry.ch\/wp-content\/uploads\/2023\/08\/ecodry-625_lifestyle_keller_1500x1000-1024x683.webp\" alt=\"ecodry 625 in einem modernen Keller\" loading=\"lazy\" srcset=\"https:\/\/ecodry.ch\/wp-content\/uploads\/2023\/08\/ecodry-625_lifestyle_keller_1500x1000-1024x683.webp 1024w, https:\/\/ecodry.ch\/wp-content\/uploads\/2023\/08\/ecodry-625_lifestyle_keller_1500x1000-300x200.webp 300w, https:\/\/ecodry.ch\/wp-content\/uploads\/2023\/08\/ecodry-625_lifestyle_keller_1500x1000-768x512.webp 768w, https:\/\/ecodry.ch\/wp-content\/uploads\/2023\/08\/ecodry-625_lifestyle_keller_1500x1000.webp 1500w\" sizes=\"auto, (max-width: 800px) 100vw, 800px\"><br \/>\nTechnische Daten\t\tDownloads<br \/>\nTechnische Daten<\/p>\n<table>\n<thead>\n<tr>\n<th>ecodry 625<\/th>\n<th>&nbsp;<\/th>\n<\/tr>\n<\/thead>\n<tbody>\n<tr>\n<td>Entfeuchtungsleistung<\/td>\n<td>27.6 Liter in 24 h bei 30 \u00b0C und 80% relativer Feuchtigkeit<\/td>\n<\/tr>\n<tr>\n<td>Max. Raumgr\u00f6sse<\/td>\n<td>135 m\u00b2 \/ 400 m\u00b3<\/td>\n<\/tr>\n<tr>\n<td>Farbe<\/td>\n<td>Anthrazit<\/td>\n<\/tr>\n<tr>\n<td>Leistungsaufnahme<\/td>\n<td>292 W bei 25 \u00b0C und 65% r. F.<br \/>\n350 W bei 30 \u00b0C und 80% r. F.<\/td>\n<\/tr>\n<tr>\n<td>Luftumw\u00e4lzung<\/td>\n<td>300 m\u00b3 \/ h<\/td>\n<\/tr>\n<tr>\n<td>Betriebsger\u00e4usch<\/td>\n<td>54 dB(A)<\/td>\n<\/tr>\n<tr>\n<td>Wasserbeh\u00e4lter<\/td>\n<td>6 Liter<\/td>\n<\/tr>\n<tr>\n<td>K\u00e4ltemittel<\/td>\n<td>R290<\/td>\n<\/tr>\n<tr>\n<td>Umgebungstemperatur<\/td>\n<td>5 &#8211; 35 \u00b0C<\/td>\n<\/tr>\n<tr>\n<td>Schutzart<\/td>\n<td>IPX1 (Schutz gegen senkrecht fallendes Tropfwasser)<\/td>\n<\/tr>\n<tr>\n<td>Masse H x B x T<\/td>\n<td>555 x 382 x 398 mm<\/td>\n<\/tr>\n<tr>\n<td>Gewicht<\/td>\n<td>28.7 kg<\/td>\n<\/tr>\n<tr>\n<td>Garantie<\/td>\n<td>3 Jahre<\/td>\n<\/tr>\n<\/tbody>\n<\/table>\n<p>Downloads<\/p>\n<ul>\n<li>\n\t\t\t\t\t\t\t\t\t\t\t<a href=\"\/wp-content\/uploads\/2023\/08\/Anleitung_ecodry625_D-E-I-F-R290.pdf\"><br \/>\nAnleitung<br \/>\n<\/a><\/li>\n<\/ul>\n<ul>\n<li>\n\t\t\t\t\t\t\t\t\t\t\t<a href=\"\/wp-content\/uploads\/2023\/08\/Anleitung_ecodry625_D-E-I-F-R290.pdf\"><br \/>\nAnleitung<br \/>\n<\/a><\/li>\n<\/ul>\n<table>\n<thead>\n<tr>\n<th>ecodry 625<\/th>\n<th>&nbsp;<\/th>\n<\/tr>\n<\/thead>\n<tbody>\n<tr>\n<td>Entfeuchtungsleistung<\/td>\n<td>27.6 Liter in 24 h bei 30 \u00b0C und 80% relativer Feuchtigkeit<\/td>\n<\/tr>\n<tr>\n<td>Max. Raumgr\u00f6sse<\/td>\n<td>135 m\u00b2 \/ 400 m\u00b3<\/td>\n<\/tr>\n<tr>\n<td>Farbe<\/td>\n<td>Anthrazit<\/td>\n<\/tr>\n<tr>\n<td>Leistungsaufnahme<\/td>\n<td>292 W bei 25 \u00b0C und 65% r. F.<br \/>\n350 W bei 30 \u00b0C und 80% r. F.<\/td>\n<\/tr>\n<tr>\n<td>Luftumw\u00e4lzung<\/td>\n<td>300 m\u00b3 \/ h<\/td>\n<\/tr>\n<tr>\n<td>Betriebsger\u00e4usch<\/td>\n<td>54 dB(A)<\/td>\n<\/tr>\n<tr>\n<td>Wasserbeh\u00e4lter<\/td>\n<td>6 Liter<\/td>\n<\/tr>\n<tr>\n<td>K\u00e4ltemittel<\/td>\n<td>R290<\/td>\n<\/tr>\n<tr>\n<td>Umgebungstemperatur<\/td>\n<td>5 &#8211; 35 \u00b0C<\/td>\n<\/tr>\n<tr>\n<td>Schutzart<\/td>\n<td>IPX1 (Schutz gegen senkrecht fallendes Tropfwasser)<\/td>\n<\/tr>\n<tr>\n<td>Masse H x B x T<\/td>\n<td>555 x 382 x 398 mm<\/td>\n<\/tr>\n<tr>\n<td>Gewicht<\/td>\n<td>28.7 kg<\/td>\n<\/tr>\n<tr>\n<td>Garantie<\/td>\n<td>3 Jahre<\/td>\n<\/tr>\n<\/tbody>\n<\/table>\n<ul>\n<li>\n\t\t\t\t\t\t\t\t\t\t\t<a href=\"\/wp-content\/uploads\/2023\/08\/Anleitung_ecodry625_D-E-I-F-R290.pdf\"><br \/>\nAnleitung<br \/>\n<\/a><\/li>\n<\/ul>\n<ul>\n<li>\n\t\t\t\t\t\t\t\t\t\t\t<a href=\"\/wp-content\/uploads\/2023\/08\/Anleitung_ecodry625_D-E-I-F-R290.pdf\"><br \/>\nAnleitung<br \/>\n<\/a><\/li>\n<\/ul>\n<p><a href=\"https:\/\/ecofort.ch\/de\/luftentfeuchter\/368-ecodry-625.html\" target=\"_blank\" rel=\"noopener\"><br \/>\nMehr Informationen im Shop<br \/>\n<\/a><br \/>\n<a href=\"https:\/\/ecofort.ch\/de\/luftentfeuchter\/368-ecodry-625.html\" target=\"_blank\" rel=\"noopener\"><br \/>\nMehr Informationen im Shop<br \/>\n<\/a><\/p>\n","protected":false},"excerpt":{"rendered":"<p>ecodry 625 Luftentfeuchter &amp; W\u00e4schetrockner ecodry 625 \u2013 der qualitativ hochwertige Luftentfeuchter f\u00fcr effiziente Raumentfeuchtung und schnelle, schonende W\u00e4schetrocknung Herausragendes Merkmal ist die optimierte Luftf\u00fchrung. Die feuchte Luft wird vorne angesaugt und an der Oberseite getrocknet wieder ausgestossen.&nbsp;Dies erm\u00f6glicht eine beschleunigte W\u00e4schetrocknung und Platzeinsparung. Der Einsatz von Qualit\u00e4tskomponenten, sowie die hochwertige Verarbeitung und die neueste [&hellip;]<\/p>\n","protected":false},"author":4,"featured_media":2931,"parent":0,"menu_order":0,"comment_status":"closed","ping_status":"closed","template":"","meta":{"inline_featured_image":false,"footnotes":""},"class_list":["post-2930","page","type-page","status-publish","has-post-thumbnail","hentry"],"_links":{"self":[{"href":"https:\/\/ecodry.ch\/de\/wp-json\/wp\/v2\/pages\/2930","targetHints":{"allow":["GET"]}}],"collection":[{"href":"https:\/\/ecodry.ch\/de\/wp-json\/wp\/v2\/pages"}],"about":[{"href":"https:\/\/ecodry.ch\/de\/wp-json\/wp\/v2\/types\/page"}],"author":[{"embeddable":true,"href":"https:\/\/ecodry.ch\/de\/wp-json\/wp\/v2\/users\/4"}],"replies":[{"embeddable":true,"href":"https:\/\/ecodry.ch\/de\/wp-json\/wp\/v2\/comments?post=2930"}],"version-history":[{"count":11,"href":"https:\/\/ecodry.ch\/de\/wp-json\/wp\/v2\/pages\/2930\/revisions"}],"predecessor-version":[{"id":3214,"href":"https:\/\/ecodry.ch\/de\/wp-json\/wp\/v2\/pages\/2930\/revisions\/3214"}],"wp:featuredmedia":[{"embeddable":true,"href":"https:\/\/ecodry.ch\/de\/wp-json\/wp\/v2\/media\/2931"}],"wp:attachment":[{"href":"https:\/\/ecodry.ch\/de\/wp-json\/wp\/v2\/media?parent=2930"}],"curies":[{"name":"wp","href":"https:\/\/api.w.org\/{rel}","templated":true}]}}