{"id":2913,"date":"2023-08-14T15:55:29","date_gmt":"2023-08-14T14:55:29","guid":{"rendered":"https:\/\/staging.ecodry.ch\/?page_id=2913"},"modified":"2023-08-28T16:43:34","modified_gmt":"2023-08-28T15:43:34","slug":"ecodry-425-luftentfeuchter","status":"publish","type":"page","link":"https:\/\/ecodry.ch\/de\/ecodry-425-luftentfeuchter\/","title":{"rendered":"ecodry 425 Luftentfeuchter"},"content":{"rendered":"<h1>ecodry 425<\/h1>\n<h2>Luftentfeuchter<\/h2>\n<p style=\"text-align: left;\"><em>ecodry 425<\/em>\u00a0ist der garantiert zuverl\u00e4ssige und effiziente\u00a0<strong>Luftentfeuchter f\u00fcr feuchte Keller<\/strong>,\u00a0<strong>Garagen<\/strong>,\u00a0<strong>Lager<\/strong>\u00a0und\u00a0<strong>Archive<\/strong>. Ideal f\u00fcr zum Schutz des Inventars vor Feuchtigkeitssch\u00e4den, sowie zur Pr\u00e4vention von Muffgeruch, Schimmelpilz und Rost.<\/p>\n<p style=\"text-align: left;\">Der\u00a0<em>ecodry 425<\/em>\u00a0\u00fcberzeugt neben der\u00a0<strong>top Energieeffizienz<\/strong>\u00a0durch die\u00a0<strong>kompakte Gr\u00f6sse<\/strong>,\u00a0<strong>leichtes Gewicht<\/strong>, der <strong>Mobilit\u00e4t<\/strong>\u00a0und dem\u00a0<strong>leisen Betriebsger\u00e4usch<\/strong>.<\/p>\n<p style=\"text-align: left;\">Der Einsatz von Qualit\u00e4tskomponenten, sowie die hochwertige Verarbeitung und der Einsatz der neuesten Technologie machen den\u00a0<em>ecodry 425<\/em>\u00a0zum langlebigen und sparsamen Luftentfeuchter.<\/p>\n<p>\t\t\t\t\t\t\t\t\t\t\t\t\t\t\t<img decoding=\"async\" width=\"800\" height=\"534\" src=\"https:\/\/ecodry.ch\/wp-content\/uploads\/2023\/08\/ecodry_425_all_colors_2_1500x1000-1024x683.webp\" alt=\"ecodry 425 drei Farben\" loading=\"lazy\" srcset=\"https:\/\/ecodry.ch\/wp-content\/uploads\/2023\/08\/ecodry_425_all_colors_2_1500x1000-1024x683.webp 1024w, https:\/\/ecodry.ch\/wp-content\/uploads\/2023\/08\/ecodry_425_all_colors_2_1500x1000-300x200.webp 300w, https:\/\/ecodry.ch\/wp-content\/uploads\/2023\/08\/ecodry_425_all_colors_2_1500x1000-768x512.webp 768w, https:\/\/ecodry.ch\/wp-content\/uploads\/2023\/08\/ecodry_425_all_colors_2_1500x1000.webp 1500w\" sizes=\"auto, (max-width: 800px) 100vw, 800px\" \/>\t\t\t\t\t\t\t\t\t\t\t\t\t\t\t<\/p>\n<ul>\n<li>\n\t\t\t\t\t\t\t\t\t\tIn drei Farben erh\u00e4ltlich\n\t\t\t\t\t\t\t\t\t<\/li>\n<li>\n\t\t\t\t\t\t\t\t\t\tMit Handgriffen und robusten Rollen\n\t\t\t\t\t\t\t\t\t<\/li>\n<li>\n\t\t\t\t\t\t\t\t\t\tExtra-robustes Metallgeh\u00e4use\n\t\t\t\t\t\t\t\t\t<\/li>\n<li>\n\t\t\t\t\t\t\t\t\t\tSimple Bedienung\n\t\t\t\t\t\t\t\t\t<\/li>\n<\/ul>\n<p>\t\t\t\t\t\t\t\t\t\t\t\t\t\t\t<img decoding=\"async\" width=\"1500\" height=\"1000\" src=\"https:\/\/ecodry.ch\/wp-content\/uploads\/2023\/08\/ecodry-425_lifestyle_keller_top-angle_1500x1000.webp\" alt=\"ecodry 425 in einem modernen Keller\" loading=\"lazy\" srcset=\"https:\/\/ecodry.ch\/wp-content\/uploads\/2023\/08\/ecodry-425_lifestyle_keller_top-angle_1500x1000.webp 1500w, https:\/\/ecodry.ch\/wp-content\/uploads\/2023\/08\/ecodry-425_lifestyle_keller_top-angle_1500x1000-300x200.webp 300w, https:\/\/ecodry.ch\/wp-content\/uploads\/2023\/08\/ecodry-425_lifestyle_keller_top-angle_1500x1000-1024x683.webp 1024w, https:\/\/ecodry.ch\/wp-content\/uploads\/2023\/08\/ecodry-425_lifestyle_keller_top-angle_1500x1000-768x512.webp 768w\" sizes=\"auto, (max-width: 1500px) 100vw, 1500px\" \/><br \/>\n\t\t\t\t\t\tTechnische Daten\t\tDownloads<br \/>\n\t\t\t\t\t\tTechnische Daten<\/p>\n<table>\n<thead>\n<tr>\n<th>ecodry 425<\/th>\n<th>\u00a0<\/th>\n<\/tr>\n<\/thead>\n<tbody>\n<tr>\n<td>Entfeuchtungsleistung<\/td>\n<td>21.8 Liter in 24 h bei 30 \u00b0C und 80% relativer Feuchtigkeit<\/td>\n<\/tr>\n<tr>\n<td>Max. Raumgr\u00f6sse<\/td>\n<td>100 m\u00b2 \/ 250 m\u00b3<\/td>\n<\/tr>\n<tr>\n<td>Farbe<\/td>\n<td>Original Green, Limited White, Limited Anthrazit<\/td>\n<\/tr>\n<tr>\n<td>Leistungsaufnahme<\/td>\n<td>250 W bei 27 \u00b0C und 60% r. F.<br \/>281 W bei 30 \u00b0C und 80% r. F.<\/td>\n<\/tr>\n<tr>\n<td>Luftumw\u00e4lzung<\/td>\n<td>200 m\u00b3 \/ h<\/td>\n<\/tr>\n<tr>\n<td>Betriebsger\u00e4usch<\/td>\n<td>50 dB(A)<\/td>\n<\/tr>\n<tr>\n<td>Wasserbeh\u00e4lter<\/td>\n<td>6 Liter<\/td>\n<\/tr>\n<tr>\n<td>K\u00e4ltemittel<\/td>\n<td>R290<\/td>\n<\/tr>\n<tr>\n<td>Umgebungstemperatur<\/td>\n<td>5 &#8211; 35 \u00b0C<\/td>\n<\/tr>\n<tr>\n<td>Schutzart<\/td>\n<td>IPX1 (Schutz gegen senkrecht fallendes Tropfwasser)<\/td>\n<\/tr>\n<tr>\n<td>Masse H x B x T<\/td>\n<td>535 x 400 x 340 mm<\/td>\n<\/tr>\n<tr>\n<td>Gewicht<\/td>\n<td>17.4 kg<\/td>\n<\/tr>\n<tr>\n<td>Garantie<\/td>\n<td>3 Jahre<\/td>\n<\/tr>\n<\/tbody>\n<\/table>\n<p>\t\t\t\tDownloads<\/p>\n<ul>\n<li>\n\t\t\t\t\t\t\t\t\t\t\t<a href=\"\/wp-content\/uploads\/2023\/08\/ecodry_425_manual_DE_FR_IT_EN.pdf\"><br \/>\n\t\t\t\t\t\t\t\t\t\tAnleitung<br \/>\n\t\t\t\t\t\t\t\t\t\t\t<\/a>\n\t\t\t\t\t\t\t\t\t<\/li>\n<\/ul>\n<ul>\n<li>\n\t\t\t\t\t\t\t\t\t\t\t<a href=\"\/wp-content\/uploads\/2023\/08\/ecodry_425_manual_DE_FR_IT_EN.pdf\"><br \/>\n\t\t\t\t\t\t\t\t\t\tAnleitung<br \/>\n\t\t\t\t\t\t\t\t\t\t\t<\/a>\n\t\t\t\t\t\t\t\t\t<\/li>\n<\/ul>\n<table>\n<thead>\n<tr>\n<th>ecodry 425<\/th>\n<th>\u00a0<\/th>\n<\/tr>\n<\/thead>\n<tbody>\n<tr>\n<td>Entfeuchtungsleistung<\/td>\n<td>21.8 Liter in 24 h bei 30 \u00b0C und 80% relativer Feuchtigkeit<\/td>\n<\/tr>\n<tr>\n<td>Max. Raumgr\u00f6sse<\/td>\n<td>100 m\u00b2 \/ 250 m\u00b3<\/td>\n<\/tr>\n<tr>\n<td>Farbe<\/td>\n<td>Original Green, Limited White, Limited Anthrazit<\/td>\n<\/tr>\n<tr>\n<td>Leistungsaufnahme<\/td>\n<td>250 W bei 27 \u00b0C und 60% r. F.<br \/>281 W bei 30 \u00b0C und 80% r. F.<\/td>\n<\/tr>\n<tr>\n<td>Luftumw\u00e4lzung<\/td>\n<td>200 m\u00b3 \/ h<\/td>\n<\/tr>\n<tr>\n<td>Betriebsger\u00e4usch<\/td>\n<td>50 dB(A)<\/td>\n<\/tr>\n<tr>\n<td>Wasserbeh\u00e4lter<\/td>\n<td>6 Liter<\/td>\n<\/tr>\n<tr>\n<td>K\u00e4ltemittel<\/td>\n<td>R290<\/td>\n<\/tr>\n<tr>\n<td>Umgebungstemperatur<\/td>\n<td>5 &#8211; 35 \u00b0C<\/td>\n<\/tr>\n<tr>\n<td>Schutzart<\/td>\n<td>IPX1 (Schutz gegen senkrecht fallendes Tropfwasser)<\/td>\n<\/tr>\n<tr>\n<td>Masse H x B x T<\/td>\n<td>535 x 400 x 340 mm<\/td>\n<\/tr>\n<tr>\n<td>Gewicht<\/td>\n<td>17.4 kg<\/td>\n<\/tr>\n<tr>\n<td>Garantie<\/td>\n<td>3 Jahre<\/td>\n<\/tr>\n<\/tbody>\n<\/table>\n<ul>\n<li>\n\t\t\t\t\t\t\t\t\t\t\t<a href=\"\/wp-content\/uploads\/2023\/08\/ecodry_425_manual_DE_FR_IT_EN.pdf\"><br \/>\n\t\t\t\t\t\t\t\t\t\tAnleitung<br \/>\n\t\t\t\t\t\t\t\t\t\t\t<\/a>\n\t\t\t\t\t\t\t\t\t<\/li>\n<\/ul>\n<ul>\n<li>\n\t\t\t\t\t\t\t\t\t\t\t<a href=\"\/wp-content\/uploads\/2023\/08\/ecodry_425_manual_DE_FR_IT_EN.pdf\"><br \/>\n\t\t\t\t\t\t\t\t\t\tAnleitung<br \/>\n\t\t\t\t\t\t\t\t\t\t\t<\/a>\n\t\t\t\t\t\t\t\t\t<\/li>\n<\/ul>\n<p>\t\t\t<a href=\"https:\/\/ecofort.ch\/de\/luftentfeuchter\/311-ecodry-425.html\" target=\"_blank\" rel=\"noopener\"><br \/>\n\t\t\t\t\t\tMehr Informationen im Shop<br \/>\n\t\t\t\t\t<\/a><br \/>\n\t\t\t<a href=\"https:\/\/ecofort.ch\/de\/luftentfeuchter\/311-ecodry-425.html\" target=\"_blank\" rel=\"noopener\"><br \/>\n\t\t\t\t\t\tMehr Informationen im Shop<br \/>\n\t\t\t\t\t<\/a><\/p>\n","protected":false},"excerpt":{"rendered":"<p>ecodry 425 Luftentfeuchter ecodry 425\u00a0ist der garantiert zuverl\u00e4ssige und effiziente\u00a0Luftentfeuchter f\u00fcr feuchte Keller,\u00a0Garagen,\u00a0Lager\u00a0und\u00a0Archive. Ideal f\u00fcr zum Schutz des Inventars vor Feuchtigkeitssch\u00e4den, sowie zur Pr\u00e4vention von Muffgeruch, Schimmelpilz und Rost. Der\u00a0ecodry 425\u00a0\u00fcberzeugt neben der\u00a0top Energieeffizienz\u00a0durch die\u00a0kompakte Gr\u00f6sse,\u00a0leichtes Gewicht, der Mobilit\u00e4t\u00a0und dem\u00a0leisen Betriebsger\u00e4usch. Der Einsatz von Qualit\u00e4tskomponenten, sowie die hochwertige Verarbeitung und der Einsatz der neuesten Technologie [&hellip;]<\/p>\n","protected":false},"author":4,"featured_media":2914,"parent":0,"menu_order":0,"comment_status":"closed","ping_status":"closed","template":"","meta":{"inline_featured_image":false,"footnotes":""},"class_list":["post-2913","page","type-page","status-publish","has-post-thumbnail","hentry"],"_links":{"self":[{"href":"https:\/\/ecodry.ch\/de\/wp-json\/wp\/v2\/pages\/2913","targetHints":{"allow":["GET"]}}],"collection":[{"href":"https:\/\/ecodry.ch\/de\/wp-json\/wp\/v2\/pages"}],"about":[{"href":"https:\/\/ecodry.ch\/de\/wp-json\/wp\/v2\/types\/page"}],"author":[{"embeddable":true,"href":"https:\/\/ecodry.ch\/de\/wp-json\/wp\/v2\/users\/4"}],"replies":[{"embeddable":true,"href":"https:\/\/ecodry.ch\/de\/wp-json\/wp\/v2\/comments?post=2913"}],"version-history":[{"count":23,"href":"https:\/\/ecodry.ch\/de\/wp-json\/wp\/v2\/pages\/2913\/revisions"}],"predecessor-version":[{"id":3250,"href":"https:\/\/ecodry.ch\/de\/wp-json\/wp\/v2\/pages\/2913\/revisions\/3250"}],"wp:featuredmedia":[{"embeddable":true,"href":"https:\/\/ecodry.ch\/de\/wp-json\/wp\/v2\/media\/2914"}],"wp:attachment":[{"href":"https:\/\/ecodry.ch\/de\/wp-json\/wp\/v2\/media?parent=2913"}],"curies":[{"name":"wp","href":"https:\/\/api.w.org\/{rel}","templated":true}]}}