{"id":2838,"date":"2023-08-14T09:26:25","date_gmt":"2023-08-14T08:26:25","guid":{"rendered":"https:\/\/staging.ecodry.ch\/?page_id=2838"},"modified":"2024-01-19T16:29:21","modified_gmt":"2024-01-19T15:29:21","slug":"ecodry-luftentfeuchter","status":"publish","type":"page","link":"https:\/\/ecodry.ch\/de\/","title":{"rendered":"ecodry Luftentfeuchter"},"content":{"rendered":"<h1>ecodry Luft&shy;entfeuchter<\/h1>\n<h2>Kellerentfeuchter, W\u00e4schetrockner &#038; Bautrockner<\/h2>\n<h2>Stark, effizient &#038; langlebig<\/h2>\n<p><em>ecodry<\/em> verk\u00f6rpert die perfekte Symbiose aus Luxus, Leistung und Nachhaltigkeit. Deshalb lautet der ecodry-Slogan:<br \/>&#171;H\u00f6chste Qualit\u00e4t f\u00fcr h\u00f6chste Anspr\u00fcche&#187;.<\/p>\n<p><em>ecodry Luftentfeuchter<\/em> steht f\u00fcr herausragende Leistung und niedrigen Energieverbrauch und damit f\u00fcr hohe Effizienz.<\/p>\n<p>\t\t\t\t\t\t\t\t\t\t\t\t\t\t\t<img loading=\"lazy\" decoding=\"async\" width=\"1500\" height=\"1000\" src=\"https:\/\/ecodry.ch\/wp-content\/uploads\/2023\/08\/ecodry-425_lifestyle_keller_1500x1000.webp\" alt=\"ecodry 425 Luftentfeuchter in einem Keller\" srcset=\"https:\/\/ecodry.ch\/wp-content\/uploads\/2023\/08\/ecodry-425_lifestyle_keller_1500x1000.webp 1500w, https:\/\/ecodry.ch\/wp-content\/uploads\/2023\/08\/ecodry-425_lifestyle_keller_1500x1000-300x200.webp 300w, https:\/\/ecodry.ch\/wp-content\/uploads\/2023\/08\/ecodry-425_lifestyle_keller_1500x1000-1024x683.webp 1024w, https:\/\/ecodry.ch\/wp-content\/uploads\/2023\/08\/ecodry-425_lifestyle_keller_1500x1000-768x512.webp 768w\" sizes=\"auto, (max-width: 1500px) 100vw, 1500px\" \/>\t\t\t\t\t\t\t\t\t\t\t\t\t\t\t<\/p>\n<p style=\"text-align: left;\">Alle\u00a0<strong><em>ecodry<\/em>\u00a0Entfeuchter \u00fcbertreffen die Minimal\u00adanforderung f\u00fcr die beste Energie\u00adeffizienzklasse A um mindestens 45%<\/strong>, so ist ein sehr sparsamer und effizienter Betrieb garantiert.<\/p>\n<p style=\"text-align: left;\">Gleichzeitig bieten die <em>ecodry<\/em> Luftentfeuchter starke Entfeuchtungs\u00adleistung im Dauerbetrieb, bei der W\u00e4schetrocknung und in der Bautrocknung.<\/p>\n<p>\t\t\t\t\t\t\t\t\t\t\t\t\t\t\t<img loading=\"lazy\" decoding=\"async\" width=\"800\" height=\"800\" src=\"https:\/\/ecodry.ch\/wp-content\/uploads\/2023\/08\/ecodry_energy_efficiency-1024x1024.jpg\" alt=\"\" srcset=\"https:\/\/ecodry.ch\/wp-content\/uploads\/2023\/08\/ecodry_energy_efficiency-1024x1024.jpg 1024w, https:\/\/ecodry.ch\/wp-content\/uploads\/2023\/08\/ecodry_energy_efficiency-300x300.jpg 300w, https:\/\/ecodry.ch\/wp-content\/uploads\/2023\/08\/ecodry_energy_efficiency-150x150.jpg 150w, https:\/\/ecodry.ch\/wp-content\/uploads\/2023\/08\/ecodry_energy_efficiency-768x768.jpg 768w, https:\/\/ecodry.ch\/wp-content\/uploads\/2023\/08\/ecodry_energy_efficiency.jpg 1500w\" sizes=\"auto, (max-width: 800px) 100vw, 800px\" \/>\t\t\t\t\t\t\t\t\t\t\t\t\t\t\t<\/p>\n<h2>Luftentfeuchter<\/h2>\n<h2>Luftentfeuchter<\/h2>\n<h4>Kellerentfeuchter<\/h4>\n<figure>\n\t\t\t\t\t\t\t\t\t\t\t<a href=\"\/ecodry-425-luftentfeuchter\/\"><br \/>\n\t\t\t\t\t\t\t<img loading=\"lazy\" decoding=\"async\" width=\"300\" height=\"300\" src=\"https:\/\/ecodry.ch\/wp-content\/uploads\/2023\/08\/ecodry-425-300x300.jpg\" alt=\"ecodry 425, ideal zur Bek\u00e4mpfung von Schimmel im Keller\" srcset=\"https:\/\/ecodry.ch\/wp-content\/uploads\/2023\/08\/ecodry-425-300x300.jpg 300w, https:\/\/ecodry.ch\/wp-content\/uploads\/2023\/08\/ecodry-425-150x150.jpg 150w, https:\/\/ecodry.ch\/wp-content\/uploads\/2023\/08\/ecodry-425-768x768.jpg 768w, https:\/\/ecodry.ch\/wp-content\/uploads\/2023\/08\/ecodry-425.jpg 800w\" sizes=\"auto, (max-width: 300px) 100vw, 300px\" \/>\t\t\t\t\t\t\t\t<\/a><figcaption>425<\/figcaption><\/figure>\n<figure>\n\t\t\t\t\t\t\t\t\t\t\t<a href=\"\/ecodry-cavemaster-luftentfeuchter\/\"><br \/>\n\t\t\t\t\t\t\t<img loading=\"lazy\" decoding=\"async\" width=\"300\" height=\"300\" src=\"https:\/\/ecodry.ch\/wp-content\/uploads\/2023\/08\/ecodry_cavemaster_granite-grey_front_1500x1500-300x300.webp\" alt=\"ecodry CaveMaster Luftentfeuchter\" srcset=\"https:\/\/ecodry.ch\/wp-content\/uploads\/2023\/08\/ecodry_cavemaster_granite-grey_front_1500x1500-300x300.webp 300w, https:\/\/ecodry.ch\/wp-content\/uploads\/2023\/08\/ecodry_cavemaster_granite-grey_front_1500x1500-1024x1024.webp 1024w, https:\/\/ecodry.ch\/wp-content\/uploads\/2023\/08\/ecodry_cavemaster_granite-grey_front_1500x1500-150x150.webp 150w, https:\/\/ecodry.ch\/wp-content\/uploads\/2023\/08\/ecodry_cavemaster_granite-grey_front_1500x1500-768x768.webp 768w, https:\/\/ecodry.ch\/wp-content\/uploads\/2023\/08\/ecodry_cavemaster_granite-grey_front_1500x1500.webp 1500w\" sizes=\"auto, (max-width: 300px) 100vw, 300px\" \/>\t\t\t\t\t\t\t\t<\/a><figcaption>CaveMaster<\/figcaption><\/figure>\n<h4>W\u00e4schetrockner<\/h4>\n<figure>\n\t\t\t\t\t\t\t\t\t\t\t<a href=\"\/ecodry-neptun-waschetrockner\/\"><br \/>\n\t\t\t\t\t\t\t<img loading=\"lazy\" decoding=\"async\" width=\"300\" height=\"300\" src=\"https:\/\/ecodry.ch\/wp-content\/uploads\/2023\/08\/ecodry_neptun_angle_1500x1500-300x300.webp\" alt=\"ecodry Neptun Luftentfeuchter und W\u00e4schetrockner\" srcset=\"https:\/\/ecodry.ch\/wp-content\/uploads\/2023\/08\/ecodry_neptun_angle_1500x1500-300x300.webp 300w, https:\/\/ecodry.ch\/wp-content\/uploads\/2023\/08\/ecodry_neptun_angle_1500x1500-1024x1024.webp 1024w, https:\/\/ecodry.ch\/wp-content\/uploads\/2023\/08\/ecodry_neptun_angle_1500x1500-150x150.webp 150w, https:\/\/ecodry.ch\/wp-content\/uploads\/2023\/08\/ecodry_neptun_angle_1500x1500-768x769.webp 768w, https:\/\/ecodry.ch\/wp-content\/uploads\/2023\/08\/ecodry_neptun_angle_1500x1500.webp 1500w\" sizes=\"auto, (max-width: 300px) 100vw, 300px\" \/>\t\t\t\t\t\t\t\t<\/a><figcaption>Neptun<\/figcaption><\/figure>\n<figure>\n\t\t\t\t\t\t\t\t\t\t\t<a href=\"\/ecodry-625-luftentfeuchter\/\"><br \/>\n\t\t\t\t\t\t\t<img loading=\"lazy\" decoding=\"async\" width=\"300\" height=\"294\" src=\"https:\/\/ecodry.ch\/wp-content\/uploads\/2023\/08\/ecodry-625_814x798-300x294.webp\" alt=\"ecodry 625 Luftentfeuchter &amp; W\u00e4schetrockner\" srcset=\"https:\/\/ecodry.ch\/wp-content\/uploads\/2023\/08\/ecodry-625_814x798-300x294.webp 300w, https:\/\/ecodry.ch\/wp-content\/uploads\/2023\/08\/ecodry-625_814x798-768x753.webp 768w, https:\/\/ecodry.ch\/wp-content\/uploads\/2023\/08\/ecodry-625_814x798.webp 814w\" sizes=\"auto, (max-width: 300px) 100vw, 300px\" \/>\t\t\t\t\t\t\t\t<\/a><figcaption>625<\/figcaption><\/figure>\n<figure>\n\t\t\t\t\t\t\t\t\t\t\t<a href=\"\/ecodry-925-raumluft-waschetrockner\/\"><br \/>\n\t\t\t\t\t\t\t<img loading=\"lazy\" decoding=\"async\" width=\"300\" height=\"300\" src=\"https:\/\/ecodry.ch\/wp-content\/uploads\/2023\/08\/ecodry-925-mobiler-waschetrockner_1-300x300.jpg\" alt=\"ecodry 925 Raumluft W\u00e4schetrockner\" srcset=\"https:\/\/ecodry.ch\/wp-content\/uploads\/2023\/08\/ecodry-925-mobiler-waschetrockner_1-300x300.jpg 300w, https:\/\/ecodry.ch\/wp-content\/uploads\/2023\/08\/ecodry-925-mobiler-waschetrockner_1-150x150.jpg 150w, https:\/\/ecodry.ch\/wp-content\/uploads\/2023\/08\/ecodry-925-mobiler-waschetrockner_1-768x768.jpg 768w, https:\/\/ecodry.ch\/wp-content\/uploads\/2023\/08\/ecodry-925-mobiler-waschetrockner_1.jpg 800w\" sizes=\"auto, (max-width: 300px) 100vw, 300px\" \/>\t\t\t\t\t\t\t\t<\/a><figcaption>925<\/figcaption><\/figure>\n<h4>Bautrockner<\/h4>\n<figure>\n\t\t\t\t\t\t\t\t\t\t\t<a href=\"\/ecodry-pro-bautrockner\/\"><br \/>\n\t\t\t\t\t\t\t<img loading=\"lazy\" decoding=\"async\" width=\"300\" height=\"300\" src=\"https:\/\/ecodry.ch\/wp-content\/uploads\/2023\/08\/ecodry_pro_55c_angle_1500x1500-300x300.webp\" alt=\"ecodry Pro 55C Bautrockner\" srcset=\"https:\/\/ecodry.ch\/wp-content\/uploads\/2023\/08\/ecodry_pro_55c_angle_1500x1500-300x300.webp 300w, https:\/\/ecodry.ch\/wp-content\/uploads\/2023\/08\/ecodry_pro_55c_angle_1500x1500-1024x1024.webp 1024w, https:\/\/ecodry.ch\/wp-content\/uploads\/2023\/08\/ecodry_pro_55c_angle_1500x1500-150x150.webp 150w, https:\/\/ecodry.ch\/wp-content\/uploads\/2023\/08\/ecodry_pro_55c_angle_1500x1500-768x768.webp 768w, https:\/\/ecodry.ch\/wp-content\/uploads\/2023\/08\/ecodry_pro_55c_angle_1500x1500.webp 1500w\" sizes=\"auto, (max-width: 300px) 100vw, 300px\" \/>\t\t\t\t\t\t\t\t<\/a><figcaption>Pro<\/figcaption><\/figure>\n<p>\t\t\t\t\t\t\t\t\t\t\t\t\t\t\t<img loading=\"lazy\" decoding=\"async\" width=\"1500\" height=\"1000\" src=\"https:\/\/ecodry.ch\/wp-content\/uploads\/2023\/08\/ecodry_cavemaster_lifestyle_fam_1500x1000-1.webp\" alt=\"ecodry CaveMaster Luftentfeuchter in drei Farben\" srcset=\"https:\/\/ecodry.ch\/wp-content\/uploads\/2023\/08\/ecodry_cavemaster_lifestyle_fam_1500x1000-1.webp 1500w, https:\/\/ecodry.ch\/wp-content\/uploads\/2023\/08\/ecodry_cavemaster_lifestyle_fam_1500x1000-1-300x200.webp 300w, https:\/\/ecodry.ch\/wp-content\/uploads\/2023\/08\/ecodry_cavemaster_lifestyle_fam_1500x1000-1-1024x683.webp 1024w, https:\/\/ecodry.ch\/wp-content\/uploads\/2023\/08\/ecodry_cavemaster_lifestyle_fam_1500x1000-1-768x512.webp 768w\" sizes=\"auto, (max-width: 1500px) 100vw, 1500px\" \/>\t\t\t\t\t\t\t\t\t\t\t\t\t\t\t<\/p>\n<h2>Zubeh\u00f6r<\/h2>\n<h4><a href=\"\/ecodry-dsh-steckdosenhygrostat\/\">Hygrostat<\/a><\/h4>\n<figure>\n\t\t\t\t\t\t\t\t\t\t\t<a href=\"\/ecodry-dsh-steckdosenhygrostat\/\"><br \/>\n\t\t\t\t\t\t\t<img loading=\"lazy\" decoding=\"async\" width=\"698\" height=\"698\" src=\"https:\/\/ecodry.ch\/wp-content\/uploads\/2023\/08\/ecodry-dsh-front-1_698x698.webp\" alt=\"ecodry DSH Hygrostat f\u00fcr die Steckdose\" srcset=\"https:\/\/ecodry.ch\/wp-content\/uploads\/2023\/08\/ecodry-dsh-front-1_698x698.webp 698w, https:\/\/ecodry.ch\/wp-content\/uploads\/2023\/08\/ecodry-dsh-front-1_698x698-300x300.webp 300w, https:\/\/ecodry.ch\/wp-content\/uploads\/2023\/08\/ecodry-dsh-front-1_698x698-150x150.webp 150w\" sizes=\"auto, (max-width: 698px) 100vw, 698px\" \/>\t\t\t\t\t\t\t\t<\/a><figcaption>Externe Feuchtigkeits-\u00dcberwachung<\/figcaption><\/figure>\n<h4><a href=\"https:\/\/ecofort.ch\/de\/766-wasserschlauche\" target=\"_blank\" rel=\"noopener\">Wasserschl\u00e4uche<\/a><\/h4>\n<figure>\n\t\t\t\t\t\t\t\t\t\t\t<a href=\"https:\/\/ecofort.ch\/de\/766-wasserschlauche\" target=\"_blank\" rel=\"noopener\"><br \/>\n\t\t\t\t\t\t\t<img loading=\"lazy\" decoding=\"async\" width=\"800\" height=\"800\" src=\"https:\/\/ecodry.ch\/wp-content\/uploads\/2023\/08\/pvc-kondenswasserschlauch-10mm_white-bg_72dpi_800x800.jpg\" alt=\"\" srcset=\"https:\/\/ecodry.ch\/wp-content\/uploads\/2023\/08\/pvc-kondenswasserschlauch-10mm_white-bg_72dpi_800x800.jpg 800w, https:\/\/ecodry.ch\/wp-content\/uploads\/2023\/08\/pvc-kondenswasserschlauch-10mm_white-bg_72dpi_800x800-300x300.jpg 300w, https:\/\/ecodry.ch\/wp-content\/uploads\/2023\/08\/pvc-kondenswasserschlauch-10mm_white-bg_72dpi_800x800-150x150.jpg 150w, https:\/\/ecodry.ch\/wp-content\/uploads\/2023\/08\/pvc-kondenswasserschlauch-10mm_white-bg_72dpi_800x800-768x768.jpg 768w\" sizes=\"auto, (max-width: 800px) 100vw, 800px\" \/>\t\t\t\t\t\t\t\t<\/a><figcaption>Dauerabfluss<\/figcaption><\/figure>\n<h4><a href=\"\/ecodry-cavemaster-pumpe\/\">Wasserpumpe<\/a><\/h4>\n<figure>\n\t\t\t\t\t\t\t\t\t\t\t<a href=\"\/ecodry-cavemaster-pumpe\/\"><br \/>\n\t\t\t\t\t\t\t<img loading=\"lazy\" decoding=\"async\" width=\"800\" height=\"800\" src=\"https:\/\/ecodry.ch\/wp-content\/uploads\/2023\/08\/ecodry_cavemaster_pump_side_angle_right_1500x1500-1024x1024.webp\" alt=\"ecodry CaveMaster Pumpe\" srcset=\"https:\/\/ecodry.ch\/wp-content\/uploads\/2023\/08\/ecodry_cavemaster_pump_side_angle_right_1500x1500-1024x1024.webp 1024w, https:\/\/ecodry.ch\/wp-content\/uploads\/2023\/08\/ecodry_cavemaster_pump_side_angle_right_1500x1500-300x300.webp 300w, https:\/\/ecodry.ch\/wp-content\/uploads\/2023\/08\/ecodry_cavemaster_pump_side_angle_right_1500x1500-150x150.webp 150w, https:\/\/ecodry.ch\/wp-content\/uploads\/2023\/08\/ecodry_cavemaster_pump_side_angle_right_1500x1500-768x768.webp 768w, https:\/\/ecodry.ch\/wp-content\/uploads\/2023\/08\/ecodry_cavemaster_pump_side_angle_right_1500x1500.webp 1500w\" sizes=\"auto, (max-width: 800px) 100vw, 800px\" \/>\t\t\t\t\t\t\t\t<\/a><figcaption>Nur f\u00fcr CaveMaster<\/figcaption><\/figure>\n<h4><a href=\"https:\/\/ecofort.ch\/de\/796-wandhalterungen\" target=\"_blank\" rel=\"noopener\">Wandhalterungen<\/a><\/h4>\n<figure>\n\t\t\t\t\t\t\t\t\t\t\t<a href=\"https:\/\/ecofort.ch\/de\/796-wandhalterungen\" target=\"_blank\" rel=\"noopener\"><br \/>\n\t\t\t\t\t\t\t<img loading=\"lazy\" decoding=\"async\" width=\"800\" height=\"800\" src=\"https:\/\/ecodry.ch\/wp-content\/uploads\/2023\/08\/ecodry-625-wandhalterung.jpg\" alt=\"\" srcset=\"https:\/\/ecodry.ch\/wp-content\/uploads\/2023\/08\/ecodry-625-wandhalterung.jpg 800w, https:\/\/ecodry.ch\/wp-content\/uploads\/2023\/08\/ecodry-625-wandhalterung-300x300.jpg 300w, https:\/\/ecodry.ch\/wp-content\/uploads\/2023\/08\/ecodry-625-wandhalterung-150x150.jpg 150w, https:\/\/ecodry.ch\/wp-content\/uploads\/2023\/08\/ecodry-625-wandhalterung-768x768.jpg 768w\" sizes=\"auto, (max-width: 800px) 100vw, 800px\" \/>\t\t\t\t\t\t\t\t<\/a><figcaption>Platzsparend<\/figcaption><\/figure>\n<p>\t\t\t\t\t\t\t<img data-src=\"https:\/\/ecodry.ch\/wp-content\/uploads\/2023\/08\/placeholder-9.png\" alt=\"ecodry Neptun\"><br \/>\n\t\t\t\t\t\t\t\t\t\t<cite>ecodry Neptun<i>&#9733;<\/i><i>&#9733;<\/i><i>&#9733;<\/i><i>&#9733;<\/i><i>&#9733;<\/i>11.12.2023<\/cite>\t\t\t\t\tRead More<br \/>\n\t\t\t\t\t\tUnser Ecofort Neptun steht bei uns in der Garage und funktioniert einwandfrei. Einfache und unkomplizierte Bedienung.<br \/>\n\t\t\t\t\t\t\t<img data-src=\"https:\/\/ecodry.ch\/wp-content\/uploads\/2023\/08\/placeholder-9.png\" alt=\"ecodry Neptun\"><br \/>\n\t\t\t\t\t\t\t\t\t\t<cite>ecodry Neptun<i>&#9733;<\/i><i>&#9733;<\/i><i>&#9733;<\/i><i>&#9733;<\/i><i>&#9733;<\/i>5.12.2023<\/cite>\t\t\t\t\tRead More<br \/>\n\t\t\t\t\t\tH\u00e4lt was es verspricht (Leistung). Klares Design und gute Verarbeitung<br \/>\n\t\t\t\t\t\t\t<img data-src=\"https:\/\/ecodry.ch\/wp-content\/uploads\/2023\/08\/placeholder-9.png\" alt=\"ecodry DSH\"><br \/>\n\t\t\t\t\t\t\t\t\t\t<cite>ecodry DSH<i>&#9733;<\/i><i>&#9733;<\/i><i>&#9733;<\/i><i>&#9733;<\/i><i>&#9733;<\/i>8.10.2023<\/cite>\t\t\t\t\tRead More<br \/>\n\t\t\t\t\t\tEinfach in der Handhabung, das Ger\u00e4t ist sehr effizient. Durch die Rollen ist der mobile Einsatz sehr einfach.<br \/>\n\t\t\t\t\t\t\t<img data-src=\"https:\/\/ecodry.ch\/wp-content\/uploads\/2023\/08\/placeholder-9.png\" alt=\"ecodry Neptun\"><br \/>\n\t\t\t\t\t\t\t\t\t\t<cite>ecodry Neptun<i>&#9733;<\/i><i>&#9733;<\/i><i>&#9733;<\/i><i>&#9733;<\/i><i>&#9733;<\/i>29.9.2023<\/cite>\t\t\t\t\tRead More<br \/>\n\t\t\t\t\t\tSteht in der Waschk\u00fcche und trocknet die W\u00e4sche effizient.<br \/>\n\t\t\t\t\t\t\t<img data-src=\"https:\/\/ecodry.ch\/wp-content\/uploads\/2023\/08\/placeholder-9.png\" alt=\"ecodry 425\"><br \/>\n\t\t\t\t\t\t\t\t\t\t<cite>ecodry 425<i>&#9733;<\/i><i>&#9733;<\/i><i>&#9733;<\/i><i>&#9733;<\/i><i>&#9733;<\/i>24.7.2023<\/cite>\t\t\t\t\tRead More<br \/>\n\t\t\t\t\t\tProdukt ist lauter als mein anderes Konkurrenzprodukt. Darum ein Stern Abzug. Die Leistung, Bedienung und Qualit\u00e4t ist aber top! Ideal f\u00fcr Keller, Garagen, Waschk\u00fcchen. Klare Empfehlung!<br \/>\n\t\t\t\t\t\t\t<img data-src=\"https:\/\/ecodry.ch\/wp-content\/uploads\/2023\/08\/placeholder-3.png\" alt=\"ecodry 625\"><br \/>\n\t\t\t\t\t\t\t\t\t\t<cite>ecodry 625<i>&#9733;<\/i><i>&#9733;<\/i><i>&#9733;<\/i><i>&#9733;<\/i><i>&#9733;<\/i>1.7.2023<\/cite>\t\t\t\t\tRead More<br \/>\n\t\t\t\t\t\tEinfach in der Handhabung, das Ger\u00e4t ist sehr effizient. Durch die Rollen ist der mobile Einsatz sehr einfach.<br \/>\n\t\t\t\t\t\t\t<img data-src=\"https:\/\/ecodry.ch\/wp-content\/uploads\/2023\/08\/placeholder.png\" alt=\"ecodry 425\"><br \/>\n\t\t\t\t\t\t\t\t\t\t<cite>ecodry 425<i>&#9733;<\/i><i>&#9733;<\/i><i>&#9733;<\/i><i>&#9733;<\/i><i>&#9733;<\/i>31.5.2023<\/cite>\t\t\t\t\tRead More<br \/>\n\t\t\t\t\t\tFunktioniert einwandrei, wie er soll!<br \/>\n\t\t\t\t\t\t\t<img data-src=\"https:\/\/ecodry.ch\/wp-content\/uploads\/2023\/08\/placeholder-1.png\" alt=\"ecodry 425\"><br \/>\n\t\t\t\t\t\t\t\t\t\t<cite>ecodry 425<i>&#9733;<\/i><i>&#9733;<\/i><i>&#9733;<\/i><i>&#9733;<\/i><i>&#9733;<\/i>4.1.2023<\/cite>\t\t\t\t\tRead More<br \/>\n\t\t\t\t\t\tSehr gut<br \/>\n\t\t\t\t\t\t\t<img data-src=\"https:\/\/ecodry.ch\/wp-content\/uploads\/2023\/08\/placeholder-2.png\" alt=\"ecodry 425\"><br \/>\n\t\t\t\t\t\t\t\t\t\t<cite>ecodry 425<i>&#9733;<\/i><i>&#9733;<\/i><i>&#9733;<\/i><i>&#9733;<\/i><i>&#9733;<\/i>29.12.2022<\/cite>\t\t\t\t\tRead More<br \/>\n\t\t\t\t\t\t???????? top<br \/>\n\t\t\t\t\t\t\t<img data-src=\"https:\/\/ecodry.ch\/wp-content\/plugins\/elementor\/assets\/images\/placeholder.png\" alt=\"ecodry DSH\"><br \/>\n\t\t\t\t\t\t\t\t\t\t<cite>ecodry DSH<i>&#9733;<\/i><i>&#9733;<\/i><i>&#9733;<\/i><i>&#9733;<\/i><i>&#9733;<\/i>9.5.2022<\/cite>\t\t\t\t\tRead More<br \/>\n\t\t\t\t\t\tSehr praktisches Ger\u00e4t<br \/>\n\t\t\t\t\t\t\t<img data-src=\"https:\/\/ecodry.ch\/wp-content\/plugins\/elementor\/assets\/images\/placeholder.png\" alt=\"ecodry 6256\"><br \/>\n\t\t\t\t\t\t\t\t\t\t<cite>ecodry 6256<i>&#9733;<\/i><i>&#9733;<\/i><i>&#9733;<\/i><i>&#9733;<\/i><i>&#9733;<\/i>Markus W., 18.2.2021<\/cite>\t\t\t\t\tRead More<br \/>\n\t\t\t\t\t\thandlich, mobil, und im Betrieb festgestellt, extrem schnell im W\u00e4schetrocknen<br \/>\n\t\t\t\t\t\t\t<img data-src=\"https:\/\/ecodry.ch\/wp-content\/uploads\/2023\/08\/placeholder-5.png\" alt=\"ecodry 625\"><br \/>\n\t\t\t\t\t\t\t\t\t\t<cite>ecodry 625<i>&#9733;<\/i><i>&#9733;<\/i><i>&#9733;<\/i><i>&#9733;<\/i><i>&#9733;<\/i>20.12.2020<\/cite>\t\t\t\t\tRead More<br \/>\n\t\t\t\t\t\tDer ecodry 625 ist sehr universell einsetzbar, sehr leise und einfach zum einstellen.<br \/>\n\t\t\t\t\t\t\t<img data-src=\"https:\/\/ecodry.ch\/wp-content\/uploads\/2023\/08\/placeholder-8.png\" alt=\"ecodry 625\"><br \/>\n\t\t\t\t\t\t\t\t\t\t<cite>ecodry 625<i>&#9733;<\/i><i>&#9733;<\/i><i>&#9733;<\/i><i>&#9733;<\/i><i>&#9733;<\/i>Beat C., 09.11.2020<\/cite>\t\t\t\t\tRead More<br \/>\n\t\t\t\t\t\tEffizientes, einfach zu bedienendes Ger\u00e4t. Eine Hygrometer-Anzeige w\u00e4re sehr hilfreich (werde ich als separate Anzeige beschaffen).<br \/>\n\t\t\t\t\t\t\t<img data-src=\"https:\/\/ecodry.ch\/wp-content\/uploads\/2023\/08\/placeholder-6.png\" alt=\"ecodry 925\"><br \/>\n\t\t\t\t\t\t\t\t\t\t<cite>ecodry 925<i>&#9733;<\/i><i>&#9733;<\/i><i>&#9733;<\/i><i>&#9733;<\/i><i>&#9733;<\/i>28.7.2020<\/cite>\t\t\t\t\tRead More<br \/>\n\t\t\t\t\t\tDrei Ecodry925 entfeuchten nun das uralte Gem\u00e4uer unseres Ferienhauses (Kubatur 1500 m3) mit hoher Zuverl\u00e4ssigkeit und Effizienz, Schimmelgeruch ist weg. Jederzeit wieder!<br \/>\n\t\t\t\t\t\t\t<img data-src=\"https:\/\/ecodry.ch\/wp-content\/uploads\/2023\/08\/placeholder-7.png\" alt=\"ecodry 925\"><br \/>\n\t\t\t\t\t\t\t\t\t\t<cite>ecodry 925<i>&#9733;<\/i><i>&#9733;<\/i><i>&#9733;<\/i><i>&#9733;<\/i><i>&#9733;<\/i>Thomas G., 7.3.2019<\/cite>\t\t\t\t\tRead More<br \/>\n\t\t\t\t\t\tProfiger\u00e4t. Erf\u00fcllt seinen Zweck bestens.<br \/>\n\t\t\t\t\t\t\t\t\t\t\t\t\t\tPrevious<br \/>\n\t\t\t\t\t\t\t\t\t\t\t\t\t\tNext<br \/>\n\t\t\t<a href=\"https:\/\/ecofort.ch\/de\/696-ecodry\" target=\"_blank\" rel=\"noopener\"><br \/>\n\t\t\t\t\t\tKAUFEN<br \/>\n\t\t\t\t\t<\/a><br \/>\n\t\t\t\t\t\t\t\t\t\t\t\t\t\t\t\t<a href=\"https:\/\/ecofort.ch\/de\/696-ecodry\" target=\"_blank\" rel=\"noopener\"><br \/>\n\t\t\t\t\t\t\t<img loading=\"lazy\" decoding=\"async\" width=\"800\" height=\"534\" src=\"https:\/\/ecodry.ch\/wp-content\/uploads\/2023\/08\/ecodry_classic_line_family_keller_1500x1000-1024x683.webp\" alt=\"Die ecodry Classic Line Luftentfeuchter &amp; W\u00e4schetrockner in einem modernen Keller\" srcset=\"https:\/\/ecodry.ch\/wp-content\/uploads\/2023\/08\/ecodry_classic_line_family_keller_1500x1000-1024x683.webp 1024w, https:\/\/ecodry.ch\/wp-content\/uploads\/2023\/08\/ecodry_classic_line_family_keller_1500x1000-300x200.webp 300w, https:\/\/ecodry.ch\/wp-content\/uploads\/2023\/08\/ecodry_classic_line_family_keller_1500x1000-768x512.webp 768w, https:\/\/ecodry.ch\/wp-content\/uploads\/2023\/08\/ecodry_classic_line_family_keller_1500x1000.webp 1500w\" sizes=\"auto, (max-width: 800px) 100vw, 800px\" \/>\t\t\t\t\t\t\t\t<\/a><br \/>\n\t\t\t<a href=\"https:\/\/support.ecofort.ch\/de\/support\/solutions\/6000140717\" target=\"_blank\" rel=\"noopener\"><br \/>\n\t\t\t\t\t\tSUPPORT<br \/>\n\t\t\t\t\t<\/a><br \/>\n\t\t\t\t\t\t\t\t\t\t\t\t\t\t\t\t<a href=\"https:\/\/support.ecofort.ch\/de\/support\/solutions\/6000140717\" target=\"_blank\" rel=\"noopener\"><br \/>\n\t\t\t\t\t\t\t<img loading=\"lazy\" decoding=\"async\" width=\"800\" height=\"534\" src=\"https:\/\/ecodry.ch\/wp-content\/uploads\/2023\/08\/ecofort_beratung-kundendienst_ken_1_1500x1000-1024x683.webp\" alt=\"ecofort Customer Support\" srcset=\"https:\/\/ecodry.ch\/wp-content\/uploads\/2023\/08\/ecofort_beratung-kundendienst_ken_1_1500x1000-1024x683.webp 1024w, https:\/\/ecodry.ch\/wp-content\/uploads\/2023\/08\/ecofort_beratung-kundendienst_ken_1_1500x1000-300x200.webp 300w, https:\/\/ecodry.ch\/wp-content\/uploads\/2023\/08\/ecofort_beratung-kundendienst_ken_1_1500x1000-768x512.webp 768w, https:\/\/ecodry.ch\/wp-content\/uploads\/2023\/08\/ecofort_beratung-kundendienst_ken_1_1500x1000.webp 1500w\" sizes=\"auto, (max-width: 800px) 100vw, 800px\" \/>\t\t\t\t\t\t\t\t<\/a><\/p>\n","protected":false},"excerpt":{"rendered":"<p>ecodry Luft&shy;entfeuchter Kellerentfeuchter, W\u00e4schetrockner &#038; Bautrockner Stark, effizient &#038; langlebig ecodry verk\u00f6rpert die perfekte Symbiose aus Luxus, Leistung und Nachhaltigkeit. Deshalb lautet der ecodry-Slogan:&#171;H\u00f6chste Qualit\u00e4t f\u00fcr h\u00f6chste Anspr\u00fcche&#187;. ecodry Luftentfeuchter steht f\u00fcr herausragende Leistung und niedrigen Energieverbrauch und damit f\u00fcr hohe Effizienz. Alle\u00a0ecodry\u00a0Entfeuchter \u00fcbertreffen die Minimal\u00adanforderung f\u00fcr die beste Energie\u00adeffizienzklasse A um mindestens 45%, so [&hellip;]<\/p>\n","protected":false},"author":4,"featured_media":3120,"parent":0,"menu_order":0,"comment_status":"closed","ping_status":"closed","template":"elementor_header_footer","meta":{"inline_featured_image":false,"footnotes":""},"class_list":["post-2838","page","type-page","status-publish","has-post-thumbnail","hentry"],"_links":{"self":[{"href":"https:\/\/ecodry.ch\/de\/wp-json\/wp\/v2\/pages\/2838","targetHints":{"allow":["GET"]}}],"collection":[{"href":"https:\/\/ecodry.ch\/de\/wp-json\/wp\/v2\/pages"}],"about":[{"href":"https:\/\/ecodry.ch\/de\/wp-json\/wp\/v2\/types\/page"}],"author":[{"embeddable":true,"href":"https:\/\/ecodry.ch\/de\/wp-json\/wp\/v2\/users\/4"}],"replies":[{"embeddable":true,"href":"https:\/\/ecodry.ch\/de\/wp-json\/wp\/v2\/comments?post=2838"}],"version-history":[{"count":125,"href":"https:\/\/ecodry.ch\/de\/wp-json\/wp\/v2\/pages\/2838\/revisions"}],"predecessor-version":[{"id":3436,"href":"https:\/\/ecodry.ch\/de\/wp-json\/wp\/v2\/pages\/2838\/revisions\/3436"}],"wp:featuredmedia":[{"embeddable":true,"href":"https:\/\/ecodry.ch\/de\/wp-json\/wp\/v2\/media\/3120"}],"wp:attachment":[{"href":"https:\/\/ecodry.ch\/de\/wp-json\/wp\/v2\/media?parent=2838"}],"curies":[{"name":"wp","href":"https:\/\/api.w.org\/{rel}","templated":true}]}}